{"id":9150,"date":"2020-03-06T10:07:28","date_gmt":"2020-03-06T10:07:28","guid":{"rendered":"https:\/\/www.pitturiamo.shop\/promozione-artista\/sin categor\u00eda\/coeficiente-del-artista\/"},"modified":"2020-03-06T10:07:28","modified_gmt":"2020-03-06T09:07:28","slug":"coeficiente-del-artista","status":"publish","type":"product","link":"https:\/\/www.pitturiamo.shop\/es\/promozione-artista\/exposiciones-ferias-eventos\/coeficiente-del-artista\/","title":{"rendered":"Coeficiente del artista"},"content":{"rendered":"<h2>C\u00f3mo se identifica el coeficiente del artista<\/h2>\n<p>El experto asignar\u00e1 los <strong>coeficientes del artista para cada tipo de obra<\/strong>. Por ejemplo, seg\u00fan la t\u00e9cnica (\u00f3leo, acr\u00edlico, acuarela, temple, etc.) o el soporte (lienzo, cart\u00f3n de lona, panel, etc.). El artista podr\u00e1 aplicar el Coeficiente de Artista dado a todas las obras de ese g\u00e9nero, calculando el valor de cada obra. El \u00e9xito en ventas de un tipo frente a otro, los premios recibidos, las ventas en subastas, el \u00e9xito de un ciclo en relaci\u00f3n con las tendencias del mercado, la originalidad de la obra y su potencial en perspectiva, exposiciones significativas en las que el artista ha participado y muchos otros factores.   <\/p>\n<p><strong>Por tanto, los coeficientes del artista pueden variar.<\/strong>  La certificaci\u00f3n estar\u00e1 motivada caso por caso, por grupos tipol\u00f3gicos de obras, que el experto identificar\u00e1 discutiendo con el artista antes de emitir la certificaci\u00f3n.<\/p>\n<h3>Ejemplo de c\u00e1lculo del coeficiente del artista<\/h3>\n<p><strong>Precio base = (Base m\u00e1s alta + Altura m\u00e1s alta) x Coeficiente del artista<\/strong><strong> x 10<\/strong><\/p>\n<p><strong>Ejemplo<\/strong><\/p>\n<ul>\n<li>Artista con coeficiente de artista = 2<strong><br \/>\n<\/strong><\/li>\n<li>Obras con medidas: Altura = 70 cm; Anchura = 50 cm;<\/li>\n<li>C\u00e1lculo = (70+50) X 2 X 10 = 120 x 2 x 10= 2,400,00\u20ac<\/li>\n<\/ul>\n<p>&nbsp;<\/p>\n<h3>Aqu\u00ed tienes las 4 principales razones para comprarlo<\/h3>\n<p>&nbsp;<\/p>\n<ol>\n<li>Necesitas <strong>atribuir un valor uniforme<\/strong> a tus obras para presentarte m\u00e1s claramente ante galeristas y coleccionistas, ofreciendo <strong>un arte reconocido en el circuito<\/strong>;<\/li>\n<li>Debes dar fe sobre el <strong>valor econ\u00f3mico de una obra<\/strong> que se ha perdido durante una mudanza o durante el env\u00edo a una galer\u00eda de arte.<\/li>\n<li>Quieres que tus obras <strong>no pierdan valor con el tiempo<\/strong>, sino que siempre puedan ir acompa\u00f1adas de un documento oficial que declare su calidad;<\/li>\n<li>Has creado varias obras de arte y cada una de ellas forma parte de ti. Te gustar\u00eda poder venderlas a quienes <strong>realmente las aprecian<\/strong> , pero no eres capaz de identificar el <strong>valor econ\u00f3mico correcto<\/strong>. Temes que el precio que pides sea demasiado alto o, peor a\u00fan, demasiado bajo.  <\/li>\n<\/ol>\n<p>&nbsp;<\/p>\n<h3>\u00bfQu\u00e9 proponemos?<\/h3>\n<p>&nbsp;<\/p>\n<ul>\n<li><strong>Entrevista telef\u00f3nica<\/strong> con el experto en arte Franco Bulfarini, para conocernos y entender vuestra carrera art\u00edstica;<\/li>\n<li>Leer tu <strong>curr\u00edculum<\/strong> y analizar los principales eventos en los que has participado (exposiciones individuales y colectivas, premios recibidos, asistencia a museos y colecciones de inter\u00e9s nacional e internacional, etc.);<\/li>\n<li>Estudiar y analizar tu <strong>biograf\u00eda<\/strong>, para entender tu trayectoria art\u00edstica, tu crecimiento y el desarrollo de cualquier etapa de producci\u00f3n;<\/li>\n<li><strong>Atribuci\u00f3n del Coeficiente de Artista<\/strong> , que te permitir\u00e1 obtener un par\u00e1metro de referencia para presentarte de forma m\u00e1s seriosa ante galeristas y coleccionistas, y para identificar el valor econ\u00f3mico correcto de tus obras (tras la entrevista telef\u00f3nica puede ser necesario identificar <strong>coeficientes adicionales de artista<\/strong>);<\/li>\n<li><strong>Experiencia anal\u00edtica detallada<\/strong>. Te entregaremos el documento completo elaborado por el experto en arte, con el texto explicativo del an\u00e1lisis realizado, detallado con todo el estudio e indicaciones; <\/li>\n<li>Publicaci\u00f3n de un <strong>documento oficial en<\/strong> formato PDF de alta resoluci\u00f3n, con el sello y firma del experto en arte<em> F. Bulfarini<\/em> y del \u00fanico director de PitturiAmo, <em>el Dr. A. Argentati<\/em>. As\u00ed podr\u00e1s imprimir y distribuir a tus admiradores un documento que atestigue tus habilidades art\u00edsticas; <\/li>\n<\/ul>\n<p><!-- <strong>+ tre BONUS:<\/strong>\n\n\n<ul>\n \t\n\n<li><strong>Redazionale<\/strong>, con <strong>appendice motivazionale<\/strong>, su PitturiAmo Magazine (www.pitturiamo.eu), il portale dedicato agli artisti, per conoscere e farsi conoscere;<\/li>\n\n\n \t\n\n<li><strong>5 quadri In Evidenza<\/strong> su PitturiAmo, il portale dei pittori contemporanei. Per aumentare ulteriormente la tua visibilit\u00e0;<\/li>\n\n\n \t\n\n<li><em><strong>Soltanto se sei Maestro di PitturiAmo\u00a9 ottieni un ulteriore Bonus<\/strong>: un <\/em>Banner promozionale <strong>Slider in Home Page di PitturiAmo per 1 settimana <\/strong>per comunicare a tutti i visitatori di PitturiAmo che hai ottenuto il Coefficiente d'Artista;<\/li>\n\n\n<\/ul>\n\n\n--><br \/>\nReserva tu Coeficiente de Artista ahora para garantizar un <strong>servicio puntual<\/strong> a costa <strong>de lanzar la oferta<\/strong>.<\/p>\n<hr>\n<p>\u00bfYa tienes un coeficiente de artista y te gustar\u00eda mejorarlo?  <strong><a href=\"https:\/\/www.pitturiamo.shop\/promozione-artista\/mostre-fiere-eventi\/rinnovo-del-coefficiente-dartista\/\">Renueva ahora<\/a><\/strong><\/p>\n","protected":false},"excerpt":{"rendered":"<p>Un precio fluctuante, sin una raz\u00f3n real, es una primera se\u00f1al de <strong>falta de profesionalidad<\/strong> y podr\u00eda llevar a tus admiradores a dejar de comprar.<\/p>\n<p>Un an\u00e1lisis cuidadoso de tu trabajo es esencial para identificar tu <strong>Coeficiente de Artista<\/strong>, a trav\u00e9s del cual puedes obtener f\u00e1cilmente el valor correcto de tus obras. Sin embargo, el an\u00e1lisis debe realizarse exclusivamente por <strong>operadores atentos, capaces y cualificados<\/strong>, que puedan analizar tu curr\u00edculo profesional, tu biograf\u00eda y tus obras principales. <\/p>\n<p><strong>PitturiAmo<\/strong>, en colaboraci\u00f3n con el experto en arte Franco Bulfarini, te ofrece un servicio de an\u00e1lisis t\u00e9cnico-art\u00edstico de tu arte y la emisi\u00f3n del <strong>Certificado Aut\u00e9ntico de Atribuci\u00f3n del Coeficiente de Evaluaci\u00f3n Art\u00edstica.<\/strong><\/p>\n<p>Atribuye un valor correcto a tus obras, pide el Coeficiente del Artista: una herramienta \u00fatil para comunicar el Valor Real de TU arte.<\/p>\n","protected":false},"featured_media":7597,"comment_status":"open","ping_status":"closed","template":"","meta":[],"product_brand":[],"product_cat":[140],"product_tag":[],"class_list":{"0":"post-9150","1":"product","2":"type-product","3":"status-publish","4":"has-post-thumbnail","6":"product_cat-exposiciones-ferias-eventos","8":"first","9":"instock","10":"sale","11":"virtual","12":"purchasable","13":"product-type-simple"},"_links":{"self":[{"href":"https:\/\/www.pitturiamo.shop\/es\/wp-json\/wp\/v2\/product\/9150","targetHints":{"allow":["GET"]}}],"collection":[{"href":"https:\/\/www.pitturiamo.shop\/es\/wp-json\/wp\/v2\/product"}],"about":[{"href":"https:\/\/www.pitturiamo.shop\/es\/wp-json\/wp\/v2\/types\/product"}],"replies":[{"embeddable":true,"href":"https:\/\/www.pitturiamo.shop\/es\/wp-json\/wp\/v2\/comments?post=9150"}],"wp:featuredmedia":[{"embeddable":true,"href":"https:\/\/www.pitturiamo.shop\/es\/wp-json\/wp\/v2\/media\/7597"}],"wp:attachment":[{"href":"https:\/\/www.pitturiamo.shop\/es\/wp-json\/wp\/v2\/media?parent=9150"}],"wp:term":[{"taxonomy":"product_brand","embeddable":true,"href":"https:\/\/www.pitturiamo.shop\/es\/wp-json\/wp\/v2\/product_brand?post=9150"},{"taxonomy":"product_cat","embeddable":true,"href":"https:\/\/www.pitturiamo.shop\/es\/wp-json\/wp\/v2\/product_cat?post=9150"},{"taxonomy":"product_tag","embeddable":true,"href":"https:\/\/www.pitturiamo.shop\/es\/wp-json\/wp\/v2\/product_tag?post=9150"}],"curies":[{"name":"wp","href":"https:\/\/api.w.org\/{rel}","templated":true}]}}