{"id":9138,"date":"2017-01-10T17:43:07","date_gmt":"2017-01-10T17:43:07","guid":{"rendered":"https:\/\/www.pitturiamo.shop\/promozione-artista\/sin categor\u00eda\/creacion-de-videos-artisticos\/"},"modified":"2017-01-10T17:43:07","modified_gmt":"2017-01-10T16:43:07","slug":"creacion-de-videos-artisticos","status":"publish","type":"product","link":"https:\/\/www.pitturiamo.shop\/es\/promozione-artista\/internet\/creacion-de-videos-artisticos\/","title":{"rendered":"Creaci\u00f3n de v\u00eddeos art\u00edsticos"},"content":{"rendered":"<h2><strong>Servicio de creaci\u00f3n de v\u00eddeo con tu obra<\/strong><\/h2>\n<p>PitturiAmo puede hacer una breve presentaci\u00f3n en v\u00eddeo de tus obras, que puede durar hasta 3-4 minutos (m\u00e1s tiempo no es conveniente porque podr\u00eda aburrir a tu audiencia). Aprovecha el servicio de creaci\u00f3n de v\u00eddeo con PitturiAmo. <\/p>\n<p>Estas son las caracter\u00edsticas del servicio de creaci\u00f3n de v\u00eddeo:<\/p>\n<ol>\n<li><strong>Duraci\u00f3n m\u00e1xima<\/strong> <strong>3-4 min<\/strong><\/li>\n<li>N\u00famero de obras presentadas: <strong>de 15 a 20<\/strong> de tu elecci\u00f3n<\/li>\n<li>Hasta 3 <strong>frases<\/strong> descriptivas del artista, a tu elecci\u00f3n;<\/li>\n<li>Una o dos <strong>pistas de audio<\/strong> libres de derechos, de tu elecci\u00f3n<\/li>\n<li>Tiempo de realizaci\u00f3n: <strong>2 semanas (desde la recepci\u00f3n del material necesario)<\/strong><\/li>\n<\/ol>\n<p>Una vez hecho el v\u00eddeo, es tu propiedad exclusiva y <strong>puedes hacer con \u00e9l lo que quieras<\/strong>, para siempre. Puedes insertarlo GRATIS en PitturiAmo, en la p\u00e1gina de presentaci\u00f3n de tu perfil, en tu web personal, en YouTube y donde consideres oportuno. El v\u00eddeo se publicar\u00e1 en <strong><a href=\"https:\/\/www.youtube.com\/channel\/UCRUb97qPevFgn1K3yBBwUBA\">el canal de Youtube PitturiAmo<\/a><\/strong>.  <\/p>\n<p>Despu\u00e9s de la compra, env\u00eda un correo electr\u00f3nico <strong>a info@pitturiamo.com<\/strong> para acordar c\u00f3mo hacer el v\u00eddeo.<\/p>\n<p>Consulta algunos <a title=\"Creaci\u00f3n y edici\u00f3n de v\u00eddeo para artistas\" href=\"http:\/\/www.pitturiamo.eu\/realizzazione-video-pittore\/\">ejemplos de v\u00eddeos de artistas <\/a>ya realizados por PitturiAmo.<\/p>\n","protected":false},"excerpt":{"rendered":"<p>\u00bfQuieres tener una herramienta <strong>sencilla<\/strong>, <strong>inmediata<\/strong> y <strong>econ\u00f3mica<\/strong> para presentar tus obras a cr\u00edticos, propietarios de galer\u00edas y profesionales del arte?<\/p>\n<p>Haz un v\u00eddeo promocional que dure unos minutos (3-4 minutos como m\u00e1ximo).<\/p>\n<p>PitturiAmo te ayuda a crearla y difundirla.<\/p>\n","protected":false},"featured_media":571,"comment_status":"open","ping_status":"closed","template":"","meta":[],"product_brand":[],"product_cat":[138],"product_tag":[],"class_list":{"0":"post-9138","1":"product","2":"type-product","3":"status-publish","4":"has-post-thumbnail","6":"product_cat-internet","8":"first","9":"instock","10":"featured","11":"virtual","12":"sold-individually","13":"purchasable","14":"product-type-simple"},"_links":{"self":[{"href":"https:\/\/www.pitturiamo.shop\/es\/wp-json\/wp\/v2\/product\/9138","targetHints":{"allow":["GET"]}}],"collection":[{"href":"https:\/\/www.pitturiamo.shop\/es\/wp-json\/wp\/v2\/product"}],"about":[{"href":"https:\/\/www.pitturiamo.shop\/es\/wp-json\/wp\/v2\/types\/product"}],"replies":[{"embeddable":true,"href":"https:\/\/www.pitturiamo.shop\/es\/wp-json\/wp\/v2\/comments?post=9138"}],"wp:featuredmedia":[{"embeddable":true,"href":"https:\/\/www.pitturiamo.shop\/es\/wp-json\/wp\/v2\/media\/571"}],"wp:attachment":[{"href":"https:\/\/www.pitturiamo.shop\/es\/wp-json\/wp\/v2\/media?parent=9138"}],"wp:term":[{"taxonomy":"product_brand","embeddable":true,"href":"https:\/\/www.pitturiamo.shop\/es\/wp-json\/wp\/v2\/product_brand?post=9138"},{"taxonomy":"product_cat","embeddable":true,"href":"https:\/\/www.pitturiamo.shop\/es\/wp-json\/wp\/v2\/product_cat?post=9138"},{"taxonomy":"product_tag","embeddable":true,"href":"https:\/\/www.pitturiamo.shop\/es\/wp-json\/wp\/v2\/product_tag?post=9138"}],"curies":[{"name":"wp","href":"https:\/\/api.w.org\/{rel}","templated":true}]}}