{"id":9071,"date":"2017-01-10T17:20:34","date_gmt":"2017-01-10T17:20:34","guid":{"rendered":"https:\/\/www.pitturiamo.shop\/promozione-artista\/sin categor\u00eda\/gestion-de-perfiles-en-pitturiamo\/"},"modified":"2017-01-10T17:20:34","modified_gmt":"2017-01-10T16:20:34","slug":"gestion-de-perfiles-en-pitturiamo","status":"publish","type":"product","link":"https:\/\/www.pitturiamo.shop\/es\/promozione-artista\/pitturiamo\/gestion-de-perfiles-en-pitturiamo\/","title":{"rendered":"Gesti\u00f3n de perfiles en PitturiAmo"},"content":{"rendered":"<h2>Caracter\u00edsticas del servicio<\/h2>\n<p><!--\n\n\n\n<p class=\"strillo\">Sfrutta l'offerta lancio del servizio. Usa il codice di promozione <strong>PROMOASSISTENZA30 e ottieni lo sconto del 30% sull'abbonamento annuale.\n<\/strong>Offerta valida fino al 31 luglio 2017.\n\n--><br \/>\nSi <strong>tienes dificultades para gestionar tu perfil en PitturiAmo<\/strong> \u2014el portal de pintores contempor\u00e1neos\u2014 o, en cualquier caso, quieres soporte t\u00e9cnico para la inserci\u00f3n de las obras y toda la informaci\u00f3n (cr\u00edticas, noticias, v\u00eddeos, etc.), puedes solicitar un servicio de asistencia para gestionar tu perfil en PitturiAmo.<\/p>\n<p>Puedes contratar una \u00fanica intervenci\u00f3n, que te da derecho a asistencia por <strong>un m\u00e1ximo de 1 hora<\/strong> o a una <strong>suscripci\u00f3n anual,<\/strong> mucho m\u00e1s econ\u00f3mica:<\/p>\n<ul>\n<li><strong>Intervenci\u00f3n \u00fanica<\/strong> &#8211; 80,00\u20ac (IVA incluido). Para <strong>una sola intervenci\u00f3n<\/strong> que dure hasta<strong> 1 hora o una fracci\u00f3n de hora<\/strong>. Puedes adquirir este servicio siempre que quieras hacer cambios en tu perfil en PitturiAmo. Si es necesario, puedes contratar el mismo servicio varias veces (para intervenciones especialmente complejas).   <\/li>\n<li><strong>Abono anual<\/strong> &#8211; 400,00 \u20ac (IVA incluido) con un 50% de descuento. Para <strong>intervenciones repetidas<\/strong> con una duraci\u00f3n m\u00e1xima total de <strong>10 horas<\/strong> <b>acumuladas, <\/b>es decir, no se calculan las fracciones de una hora, sino la cantidad real de minutos trabajados (<strong>total de 600 minutos<\/strong>). La gesti\u00f3n anual implica la optimizaci\u00f3n del perfil del artista en PitturiAmo con la inserci\u00f3n de todos los datos necesarios (biograf\u00eda, curr\u00edculo, datos personales), la <strong>inserci\u00f3n de las obras y su posible optimizaci\u00f3n con programas de edici\u00f3n fotogr\u00e1fica,<\/strong> as\u00ed como cualquier cr\u00edtica, v\u00eddeos y noticias durante un <strong>total de 10<\/strong> horas. Cualquier hora extra tendr\u00e1 que comprarse adicionalmente. El artista est\u00e1 constantemente informado del n\u00famero de horas consumidas y, por tanto, de las que quedan.    <\/li>\n<\/ul>\n<p>Al comprar Gesti\u00f3n de Perfiles en PitturiAmo, puedes solicitar ayuda en:<\/p>\n<ul>\n<li>Inserci\u00f3n de curr\u00edculos, biograf\u00edas, pinturas, v\u00eddeos, noticias;<\/li>\n<li>Optimizaci\u00f3n de im\u00e1genes;<\/li>\n<li><strong>Optimizaci\u00f3n de tu perfil en PitturiAmo<\/strong>;<\/li>\n<li>Recibir <strong>consejos<\/strong> de nuestro personal sobre c\u00f3mo operar de la mejor manera;<\/li>\n<li>El servicio NO incluye edici\u00f3n de v\u00eddeo.<\/li>\n<\/ul>\n<p>Nota: Para la inserci\u00f3n de <a href=\"https:\/\/www.pitturiamo.shop\/promozione-artista\/pitturiamo\/quadri-in-evidenza\/\">Pinturas Destacadas<\/a> o <a href=\"https:\/\/www.pitturiamo.shop\/promozione-artista\/pitturiamo\/quadri-in-vendita-diretta\/\">Venta Directa<\/a>, la promoci\u00f3n de <a href=\"https:\/\/www.pitturiamo.shop\/promozione-artista\/pitturiamo\/banner-pubblicitari\/\">banners publicitarios<\/a>, la edici\u00f3n de <a href=\"https:\/\/www.pitturiamo.shop\/promozione-artista\/internet\/realizzazione-video\/\">v\u00eddeos promocionales<\/a> o el uso de otros servicios de pago, es necesario adquirir el servicio correspondiente con antelaci\u00f3n.<\/p>\n<p>Compra el servicio y luego env\u00eda un correo electr\u00f3nico <a href=\"mailto:ordini@pitturiamo.com\">a ordini@pitturiamo.com<\/a> para acordar c\u00f3mo enviar las im\u00e1genes que se incluir\u00e1n y toda la informaci\u00f3n dem\u00e1s.<br \/>\n<!--\n\n\n\n<p class=\"strillo\">Sfrutta l'offerta lancio del servizio. Usa il codice di promozione <strong>PROMOASSISTENZA30 e ottieni lo sconto del 30%.\n<\/strong>Offerta valida fino al 31 luglio 2017.\n\n--><\/p>\n","protected":false},"excerpt":{"rendered":"<h2>\u00bfTe gustar\u00eda tener<strong> una presencia m\u00e1s activa<\/strong> en <a href=\"http:\/\/www.pitturiAmo.com\">PitturiAmo<\/a> pero tienes dificultades <strong>t\u00e9cnicas para gestionar tu perfil<\/strong>?<\/h2>\n<p>Compra nuestro servicio anual de gesti\u00f3n de perfiles, env\u00edanos los datos que quieras subir y&#8230; nosotros en PitturiAmo nos encargamos de todo lo dem\u00e1s.<\/p>\n","protected":false},"featured_media":565,"comment_status":"open","ping_status":"closed","template":"","meta":[],"product_brand":[],"product_cat":[122],"product_tag":[124,123],"class_list":{"0":"post-9071","1":"product","2":"type-product","3":"status-publish","4":"has-post-thumbnail","6":"product_cat-pitturiamo","7":"product_tag-pitturiamo","8":"product_tag-promocion-de-artistas","10":"first","11":"instock","12":"sale","13":"featured","14":"sold-individually","15":"purchasable","16":"product-type-variable"},"_links":{"self":[{"href":"https:\/\/www.pitturiamo.shop\/es\/wp-json\/wp\/v2\/product\/9071","targetHints":{"allow":["GET"]}}],"collection":[{"href":"https:\/\/www.pitturiamo.shop\/es\/wp-json\/wp\/v2\/product"}],"about":[{"href":"https:\/\/www.pitturiamo.shop\/es\/wp-json\/wp\/v2\/types\/product"}],"replies":[{"embeddable":true,"href":"https:\/\/www.pitturiamo.shop\/es\/wp-json\/wp\/v2\/comments?post=9071"}],"wp:featuredmedia":[{"embeddable":true,"href":"https:\/\/www.pitturiamo.shop\/es\/wp-json\/wp\/v2\/media\/565"}],"wp:attachment":[{"href":"https:\/\/www.pitturiamo.shop\/es\/wp-json\/wp\/v2\/media?parent=9071"}],"wp:term":[{"taxonomy":"product_brand","embeddable":true,"href":"https:\/\/www.pitturiamo.shop\/es\/wp-json\/wp\/v2\/product_brand?post=9071"},{"taxonomy":"product_cat","embeddable":true,"href":"https:\/\/www.pitturiamo.shop\/es\/wp-json\/wp\/v2\/product_cat?post=9071"},{"taxonomy":"product_tag","embeddable":true,"href":"https:\/\/www.pitturiamo.shop\/es\/wp-json\/wp\/v2\/product_tag?post=9071"}],"curies":[{"name":"wp","href":"https:\/\/api.w.org\/{rel}","templated":true}]}}