{"id":10961,"date":"2026-05-05T19:55:16","date_gmt":"2026-05-05T17:55:16","guid":{"rendered":"https:\/\/www.pitturiamo.shop\/?post_type=product&#038;p=10961"},"modified":"2026-05-05T20:07:48","modified_gmt":"2026-05-05T18:07:48","slug":"proyecto-del-autor-en-maxxi-copia","status":"publish","type":"product","link":"https:\/\/www.pitturiamo.shop\/es\/promozione-artista\/exposiciones-ferias-eventos\/proyecto-del-autor-en-maxxi-copia\/","title":{"rendered":"Arte Internacional de Puertas"},"content":{"rendered":"<p><strong>PitturiAmo International Gate Art<\/strong> ofrece a los artistas una visibilidad internacional concreta dentro de la <strong>Terminal de Salidas, zona de Steelbloom del aeropuerto de Mil\u00e1n B\u00e9rgamo<\/strong>, uno de <strong>los centros m\u00e1s concurridos de Europa<\/strong> (el tercer aeropuerto m\u00e1s concurrido de Italia).<\/p>\n<p>Las obras se exhiben en formato digital ante un p\u00fablico numeroso y cualificado, transformando el aeropuerto en <strong>un espacio estrat\u00e9gico de encuentro entre el arte y el mercado<\/strong>.<\/p>\n<p>No es una exposici\u00f3n sencilla: las obras tambi\u00e9n est\u00e1n <strong>disponibles para la venta a trav\u00e9s de PitturiAmo<\/strong>, que gestiona el contacto con posibles compradores a trav\u00e9s <strong>de consultores dedicados<\/strong>, creando oportunidades reales de mejora y marketing.<\/p>\n<p><img loading=\"lazy\" decoding=\"async\" class=\"wp-image-457 aligncenter size-full\" src=\"https:\/\/www.pitturiamo.it\/wp-content\/uploads\/frecce_2.png\" sizes=\"auto, (max-width: 216px) 100vw, 216px\" srcset=\"https:\/\/www.pitturiamo.it\/wp-content\/uploads\/frecce_2.png 400w, https:\/\/www.pitturiamo.it\/wp-content\/uploads\/frecce_2-300x150.png 300w\" alt=\"\" width=\"216\" height=\"108\"><\/p>\n<h3>Tu obra no solo se expone: se <strong>ofrece a 17 millones de posibles compradores<\/strong><\/h3>\n","protected":false},"excerpt":{"rendered":"<h1>Arte en el aeropuerto<\/h1>\n<h3>Sacamos tu obra de las galer\u00edas y la llevamos a un aut\u00e9ntico flujo internacional, donde puede ser vista, valorada y comprada.<\/h3>\n<h4>17.400.000 compradores potenciales al a\u00f1o<\/h4>\n<p>Con PitturiAmo International Gate Art puedes exponer tus obras en v\u00eddeo dentro de la <strong>Terminal de Salidas del Aeropuerto de Mil\u00e1n B\u00e9rgamo<\/strong>, uno de los aeropuertos m\u00e1s concurridos de Italia, con visibilidad internacional y <strong>oportunidades concretas de venta<\/strong>.<\/p>\n","protected":false},"featured_media":11024,"comment_status":"open","ping_status":"closed","template":"","meta":[],"product_brand":[],"product_cat":[140],"product_tag":[],"class_list":{"0":"post-10961","1":"product","2":"type-product","3":"status-publish","4":"has-post-thumbnail","6":"product_cat-exposiciones-ferias-eventos","8":"first","9":"instock","10":"sold-individually","11":"taxable","12":"shipping-taxable","13":"purchasable","14":"product-type-variable","15":"has-default-attributes"},"_links":{"self":[{"href":"https:\/\/www.pitturiamo.shop\/es\/wp-json\/wp\/v2\/product\/10961","targetHints":{"allow":["GET"]}}],"collection":[{"href":"https:\/\/www.pitturiamo.shop\/es\/wp-json\/wp\/v2\/product"}],"about":[{"href":"https:\/\/www.pitturiamo.shop\/es\/wp-json\/wp\/v2\/types\/product"}],"replies":[{"embeddable":true,"href":"https:\/\/www.pitturiamo.shop\/es\/wp-json\/wp\/v2\/comments?post=10961"}],"wp:featuredmedia":[{"embeddable":true,"href":"https:\/\/www.pitturiamo.shop\/es\/wp-json\/wp\/v2\/media\/11024"}],"wp:attachment":[{"href":"https:\/\/www.pitturiamo.shop\/es\/wp-json\/wp\/v2\/media?parent=10961"}],"wp:term":[{"taxonomy":"product_brand","embeddable":true,"href":"https:\/\/www.pitturiamo.shop\/es\/wp-json\/wp\/v2\/product_brand?post=10961"},{"taxonomy":"product_cat","embeddable":true,"href":"https:\/\/www.pitturiamo.shop\/es\/wp-json\/wp\/v2\/product_cat?post=10961"},{"taxonomy":"product_tag","embeddable":true,"href":"https:\/\/www.pitturiamo.shop\/es\/wp-json\/wp\/v2\/product_tag?post=10961"}],"curies":[{"name":"wp","href":"https:\/\/api.w.org\/{rel}","templated":true}]}}