{"id":10894,"date":"2026-03-20T13:01:21","date_gmt":"2026-03-20T12:01:21","guid":{"rendered":"https:\/\/www.pitturiamo.shop\/promozione-artista\/sin%20categor\u00eda\/seminarios-web\/"},"modified":"2026-03-20T13:16:06","modified_gmt":"2026-03-20T12:16:06","slug":"seminarios-web","status":"publish","type":"product","link":"https:\/\/www.pitturiamo.shop\/es\/promozione-artista\/internet\/seminarios-web\/","title":{"rendered":"Seminarios web"},"content":{"rendered":"<p data-start=\"0\" data-end=\"150\">Seminario web de formaci\u00f3n dise\u00f1ado para artistas que desean estructurar su camino de forma m\u00e1s consciente, evitando la dispersi\u00f3n y elecciones aleatorias.<\/p>\n<p data-start=\"152\" data-end=\"450\">La reuni\u00f3n proporciona herramientas concretas para analizar el posicionamiento, comprender la din\u00e1mica del sistema art\u00edstico y mejorar la capacidad de presentarse eficazmente ante los profesionales del sector. No son contenidos te\u00f3ricos, sino indicaciones operativas que pueden aplicarse de inmediato. <\/p>\n<p data-start=\"452\" data-end=\"643\">El objetivo es ayudarte a pasar de una gesti\u00f3n instintiva de tu actividad art\u00edstica a un enfoque m\u00e1s estrat\u00e9gico, en el que cada acci\u00f3n tenga una funci\u00f3n precisa dentro de tu camino.<\/p>\n<p data-start=\"645\" data-end=\"677\">Durante el seminario web, trabajar\u00e1s en:<\/p>\n<ul>\n<li data-start=\"680\" data-end=\"738\">claridad de tu camino y tu identidad art\u00edstica;<\/li>\n<li data-start=\"741\" data-end=\"792\">coherencia entre producci\u00f3n, comunicaci\u00f3n y objetivos;<\/li>\n<li data-start=\"795\" data-end=\"841\">la capacidad de presentarte profesionalmente;<\/li>\n<li data-start=\"844\" data-end=\"888\">selecci\u00f3n m\u00e1s informada de oportunidades;<\/li>\n<li data-start=\"891\" data-end=\"953\">Construcci\u00f3n de elementos \u00fatiles y prescindibles en tu curr\u00edculum.<\/li>\n<\/ul>\n<p data-start=\"955\" data-end=\"1068\">El contenido es adecuado tanto para quienes est\u00e1n empezando como para quienes ya tienen experiencia pero a\u00fan no tienen una direcci\u00f3n definida.<\/p>\n<p data-start=\"1070\" data-end=\"1092\">C\u00f3mo usar:<\/p>\n<ul>\n<li data-start=\"1095\" data-end=\"1109\">Acceso en l\u00ednea<\/li>\n<li data-start=\"1112\" data-end=\"1144\">Vista desde cualquier dispositivo<\/li>\n<li data-start=\"1147\" data-end=\"1186\">Registro disponible (si procede)<\/li>\n<\/ul>\n<p data-start=\"1188\" data-end=\"1388\" data-is-last-node=\"\" data-is-only-node=\"\">El seminario web forma parte del proyecto &#8220;El Viaje del Artista&#8221; y representa una herramienta operativa para mejorar la calidad de tus elecciones y la legibilidad de tu camino en el sistema art\u00edstico.<\/p>\n","protected":false},"excerpt":{"rendered":"<section class=\"text-token-text-primary w-full focus:outline-none [--shadow-height:45px] has-data-writing-block:pointer-events-none has-data-writing-block:-mt-(--shadow-height) has-data-writing-block:pt-(--shadow-height) [&amp;:has([data-writing-block])&gt;*]:pointer-events-auto scroll-mt-(--header-height)\" dir=\"auto\" data-turn-id=\"8102c143-a427-4abc-8d3c-c5b71c5cfa20\" data-testid=\"conversation-turn-7\" data-scroll-anchor=\"false\" data-turn=\"user\"><\/section>\n<section class=\"text-token-text-primary w-full focus:outline-none [--shadow-height:45px] has-data-writing-block:pointer-events-none has-data-writing-block:-mt-(--shadow-height) has-data-writing-block:pt-(--shadow-height) [&amp;:has([data-writing-block])&gt;*]:pointer-events-auto scroll-mt-[calc(var(--header-height)+min(200px,max(70px,20svh)))]\" dir=\"auto\" data-turn-id=\"request-WEB:80750ef4-b135-4cce-ae3c-e68488001e73-3\" data-testid=\"conversation-turn-8\" data-scroll-anchor=\"true\" data-turn=\"assistant\">\n<div class=\"text-base my-auto mx-auto pb-10 [--thread-content-margin:var(--thread-content-margin-xs,calc(var(--spacing)*4))] @w-sm\/main:[--thread-content-margin:var(--thread-content-margin-sm,calc(var(--spacing)*6))] @w-lg\/main:[--thread-content-margin:var(--thread-content-margin-lg,calc(var(--spacing)*16))] px-(--thread-content-margin)\">\n<div class=\"[--thread-content-max-width:40rem] @w-lg\/main:[--thread-content-max-width:48rem] mx-auto max-w-(--thread-content-max-width) flex-1 group\/turn-messages focus-visible:outline-hidden relative flex w-full min-w-0 flex-col agent-turn\">\n<div class=\"flex max-w-full flex-col gap-4 grow\">\n<div class=\"min-h-8 text-message relative flex w-full flex-col items-end gap-2 text-start break-words whitespace-normal outline-none keyboard-focused:focus-ring [.text-message+&amp;]:mt-1\" dir=\"auto\" tabindex=\"0\" data-message-author-role=\"assistant\" data-message-id=\"b7cec722-009c-4569-b213-6d27da069464\" data-message-model-slug=\"gpt-5-3\" data-turn-start-message=\"true\">\n<div class=\"flex w-full flex-col gap-1 empty:hidden\">\n<div class=\"markdown prose dark:prose-invert w-full wrap-break-word light markdown-new-styling\">\n<p data-start=\"0\" data-end=\"305\" data-is-last-node=\"\" data-is-only-node=\"\">Seminario web de formaci\u00f3n online dedicado a artistas que quieren hacer que su trayectoria profesional sea m\u00e1s eficaz y estructurada. Proporciona herramientas pr\u00e1cticas para mejorar el posicionamiento, la comunicaci\u00f3n y la toma de decisiones en el sistema art\u00edstico. Acceso digital con posibilidad de revisar contenido.  <\/p>\n<\/div>\n<\/div>\n<\/div>\n<\/div>\n<\/div>\n<\/div>\n<\/section>\n","protected":false},"featured_media":10912,"comment_status":"open","ping_status":"closed","template":"","meta":[],"product_brand":[],"product_cat":[138],"product_tag":[],"class_list":{"0":"post-10894","1":"product","2":"type-product","3":"status-publish","4":"has-post-thumbnail","6":"product_cat-internet","8":"first","9":"instock","10":"taxable","11":"shipping-taxable","12":"purchasable","13":"product-type-variable"},"_links":{"self":[{"href":"https:\/\/www.pitturiamo.shop\/es\/wp-json\/wp\/v2\/product\/10894","targetHints":{"allow":["GET"]}}],"collection":[{"href":"https:\/\/www.pitturiamo.shop\/es\/wp-json\/wp\/v2\/product"}],"about":[{"href":"https:\/\/www.pitturiamo.shop\/es\/wp-json\/wp\/v2\/types\/product"}],"replies":[{"embeddable":true,"href":"https:\/\/www.pitturiamo.shop\/es\/wp-json\/wp\/v2\/comments?post=10894"}],"wp:featuredmedia":[{"embeddable":true,"href":"https:\/\/www.pitturiamo.shop\/es\/wp-json\/wp\/v2\/media\/10912"}],"wp:attachment":[{"href":"https:\/\/www.pitturiamo.shop\/es\/wp-json\/wp\/v2\/media?parent=10894"}],"wp:term":[{"taxonomy":"product_brand","embeddable":true,"href":"https:\/\/www.pitturiamo.shop\/es\/wp-json\/wp\/v2\/product_brand?post=10894"},{"taxonomy":"product_cat","embeddable":true,"href":"https:\/\/www.pitturiamo.shop\/es\/wp-json\/wp\/v2\/product_cat?post=10894"},{"taxonomy":"product_tag","embeddable":true,"href":"https:\/\/www.pitturiamo.shop\/es\/wp-json\/wp\/v2\/product_tag?post=10894"}],"curies":[{"name":"wp","href":"https:\/\/api.w.org\/{rel}","templated":true}]}}