{"id":10828,"date":"2026-03-10T13:11:47","date_gmt":"2026-03-10T12:11:47","guid":{"rendered":"https:\/\/www.pitturiamo.shop\/?post_type=product&#038;p=10828"},"modified":"2026-03-13T10:18:17","modified_gmt":"2026-03-13T09:18:17","slug":"proyecto-autor-26","status":"publish","type":"product","link":"https:\/\/www.pitturiamo.shop\/es\/promozione-artista\/exposiciones-ferias-eventos\/proyecto-autor-26\/","title":{"rendered":"Proyecto del autor en MAXXI"},"content":{"rendered":"<h2>Premio Internacional de Arte Contempor\u00e1neo Progetto d&#8217;Autore 2026<\/h2>\n<p>Ceremonia de reconocimiento p\u00fablico y producci\u00f3n editorial en el sal\u00f3n Carlo Scarpa de la<br \/>\nMuseo Nacional MAXXI de las Artes del Siglo XXI<\/p>\n<p>ROMA, 29 de mayo de 2026<\/p>\n<div class=\"et_pb_text_inner\">\n<p>Un d\u00eda institucional entero dedicado a <strong>la investigaci\u00f3n art\u00edstica contempor\u00e1nea<\/strong>.<\/p>\n<p>Presenta tu proyecto autoral (<strong>hasta 5 obras<\/strong>), accede a la exposici\u00f3n oficial de v\u00eddeo, entra en <strong>el cat\u00e1logo con ISBN<\/strong> y obt\u00e9n <strong>reconocimiento p\u00fablico<\/strong> documentado y permanente.<\/p>\n<\/div>\n<div class=\"et_pb_text_inner\">\n<p><strong>Tambi\u00e9n puedes participar con 5 obras<\/strong> en las categor\u00edas: Pintura \u2013 Escultura \u2013 Gr\u00e1ficos \u2013 Fotograf\u00eda \u2013 Arte<\/p>\n<p>Digital No es una simple exposici\u00f3n.<br data-start=\"444\" data-end=\"447\" \/><strong>Una transici\u00f3n formal en un contexto muse\u00edstico.<\/strong><\/p>\n<\/div>\n<div class=\"et_pb_text_inner\">\n<p>Los premios est\u00e1n en juego<\/p>\n<ul>\n<li>1\u00ba Premio \u2013 2.500 \u20ac<\/li>\n<li>2\u00ba Premio \u2013 1.500 \u20ac<\/li>\n<li>3\u00ba Premio \u2013 1000 \u20ac<\/li>\n<\/ul>\n<p><strong>Premio Editorial Especial<\/strong><\/p>\n<p><strong>Una obra del mejor proyecto autoral<\/strong> ser\u00e1 publicada en el pr\u00f3ximo n\u00famero del Atlas de Arte Contempor\u00e1neo publicado por Giunti Editore. <strong>Premio Dossier D&#8217;Autore<\/strong><\/p>\n<p><strong>5 Proyectos Autorales<\/strong> recibir\u00e1n un an\u00e1lisis cr\u00edtico ampliado en el Cat\u00e1logo oficial del evento. <strong>Texto cr\u00edtico<\/strong><\/p>\n<p>Atribuido por <strong>Roberto Litta<\/strong> a <strong>un<\/strong> proyecto considerado particularmente coherente y significativo (1 carpeta). Las nuevas caras del arte contempor\u00e1neo<\/p>\n<p>Las fotograf\u00edas de otros 16 artistas se publicar\u00e1n en una p\u00e1gina del <strong>Atlas de Arte Contempor\u00e1neo<\/strong> publicado por <strong>Giunti Editori<\/strong> con la afirmaci\u00f3n &#8220;<strong>Las nuevas caras del arte contempor\u00e1neo<\/strong>&#8221;<\/p>\n<\/div>\n<div class=\"et_pb_module et_pb_text et_pb_text_9 et_pb_text_align_left et_pb_bg_layout_light\">\n<div class=\"et_pb_text_inner\">\n<p>Qui\u00e9n participa en el Proyecto Autoral<\/p>\n<ul>\n<li><strong>Presentaci\u00f3n<\/strong> de tu proyecto en el <strong>escenario<\/strong> del Carlo Scarpa Hall<\/li>\n<\/ul>\n<p><strong>A todos los artistas admitidos en la fase final<\/strong><\/p>\n<ul>\n<li><strong>Exposici\u00f3n en v\u00eddeo<\/strong> de las obras presentadas durante la entrega del Premio, el <strong>29 de mayo de 2026<\/strong>.<\/li>\n<li><strong>Cat\u00e1logo oficial con ISBN.<\/strong><\/li>\n<li><strong>Certificado nominal<\/strong> entregado en el escenario con <strong>sesi\u00f3n de fotos<\/strong> profesional.<\/li>\n<li>Inclusi\u00f3n en el <strong>Archivo Permanente en l\u00ednea.<\/strong><\/li>\n<li>Art\u00edculo dedicado en la revista PitturiAmo para todos los artistas del <strong>Trayecto del Artista<\/strong><\/li>\n<li><strong>Entrada con descuento al<\/strong> museo, v\u00e1lida durante los siguientes 15 d\u00edas.<\/li>\n<\/ul>\n<\/div>\n<\/div>\n","protected":false},"excerpt":{"rendered":"<p><strong>Precauci\u00f3n:<\/strong> En este momento, el <strong>descuento del 25%<\/strong> est\u00e1 activo para los primeros <strong>100 artistas<\/strong> admitidos. Date prisa.<\/p>\n<p>Elige si participar como <strong>miembro<\/strong> (y ahorrar IVA) o como <strong>no miembro<\/strong> (al precio completo)<\/p>\n","protected":false},"featured_media":10881,"comment_status":"open","ping_status":"closed","template":"","meta":[],"product_brand":[],"product_cat":[140],"product_tag":[],"class_list":{"0":"post-10828","1":"product","2":"type-product","3":"status-publish","4":"has-post-thumbnail","6":"product_cat-exposiciones-ferias-eventos","8":"first","9":"instock","10":"sale","11":"sold-individually","12":"taxable","13":"shipping-taxable","14":"purchasable","15":"product-type-variable","16":"has-default-attributes"},"_links":{"self":[{"href":"https:\/\/www.pitturiamo.shop\/es\/wp-json\/wp\/v2\/product\/10828","targetHints":{"allow":["GET"]}}],"collection":[{"href":"https:\/\/www.pitturiamo.shop\/es\/wp-json\/wp\/v2\/product"}],"about":[{"href":"https:\/\/www.pitturiamo.shop\/es\/wp-json\/wp\/v2\/types\/product"}],"replies":[{"embeddable":true,"href":"https:\/\/www.pitturiamo.shop\/es\/wp-json\/wp\/v2\/comments?post=10828"}],"wp:featuredmedia":[{"embeddable":true,"href":"https:\/\/www.pitturiamo.shop\/es\/wp-json\/wp\/v2\/media\/10881"}],"wp:attachment":[{"href":"https:\/\/www.pitturiamo.shop\/es\/wp-json\/wp\/v2\/media?parent=10828"}],"wp:term":[{"taxonomy":"product_brand","embeddable":true,"href":"https:\/\/www.pitturiamo.shop\/es\/wp-json\/wp\/v2\/product_brand?post=10828"},{"taxonomy":"product_cat","embeddable":true,"href":"https:\/\/www.pitturiamo.shop\/es\/wp-json\/wp\/v2\/product_cat?post=10828"},{"taxonomy":"product_tag","embeddable":true,"href":"https:\/\/www.pitturiamo.shop\/es\/wp-json\/wp\/v2\/product_tag?post=10828"}],"curies":[{"name":"wp","href":"https:\/\/api.w.org\/{rel}","templated":true}]}}