{"id":10129,"date":"2017-01-10T17:56:22","date_gmt":"2017-01-10T17:56:22","guid":{"rendered":"https:\/\/www.pitturiamo.shop\/promozione-artista\/sin categor\u00eda\/pinturas-destacadas\/"},"modified":"2017-01-10T17:56:22","modified_gmt":"2017-01-10T16:56:22","slug":"pinturas-destacadas","status":"publish","type":"product","link":"https:\/\/www.pitturiamo.shop\/es\/promozione-artista\/pitturiamo\/pinturas-destacadas\/","title":{"rendered":"Pinturas destacadas"},"content":{"rendered":"<h2><strong>A\u00f1ade tus pinturas destacadas<\/strong><\/h2>\n<p>Si quieres tener m\u00e1s visibilidad y aumentar considerablemente las posibilidades de vender tus cuadros, puedes contratar el servicio <strong>de &#8220;Cuadros destacados&#8221;.<\/strong><\/p>\n<p>Tus pinturas tendr\u00e1n prioridad sobre las dem\u00e1s obras del portal y ser\u00e1n m\u00e1s propensas a ser vistas y elegidas.  <strong>Duraci\u00f3n del servicio: 60 d\u00edas.<\/strong><\/p>\n<p>Una vez que hayas comprado el servicio, el equipo editorial de PitturiAmo se pondr\u00e1 en contacto contigo para elegir las pinturas que quieres incluir en el punto de mira.<\/p>\n<h3><strong>Mis obras &#8220;In Evidence&#8221; en PitturiAmo, \u00bfcu\u00e1nto cuesta?<\/strong><\/h3>\n<p>Estos son los costes en detalle por la inclusi\u00f3n de tus pinturas entre los &#8220;Destacados&#8221; (duraci\u00f3n x <strong>60 d\u00edas<\/strong>): <\/p>\n<ul>\n<li>1 cuadro 12,00\u20ac<\/li>\n<li>2 cuadros 23,00\u20ac (en lugar de <del>24,00\u20ac<\/del>)<\/li>\n<li>3 cuadros 33,00\u20ac (en lugar de <del>36,00\u20ac<\/del>)<\/li>\n<li>4 cuadros 40.000\u20ac (en lugar de <del>48.00\u20ac<\/del>)<\/li>\n<li>5 cuadros 45,00\u20ac (en lugar de <del>60,00\u20ac<\/del>)<\/li>\n<li>Cada pintura adicional sobre la quinta cuesta solo 9,00 \u20ac<\/li>\n<\/ul>\n<p>Tambi\u00e9n puedes adquirir el servicio de Pinturas Destacadas accediendo a tu \u00c1rea Reservada en <a title=\"Acceso gratuito a PitturiAmo - El portal de los pintores contempor\u00e1neos\" href=\"http:\/\/www.pitturiamo.com\" target=\"_blank\" rel=\"noopener noreferrer\">www.pitturiamo.com<\/a><\/p>\n","protected":false},"excerpt":{"rendered":"<h3>\u00bfQuieres <strong>vender tus cuadros?<\/strong><\/h3>\n<p>Con el servicio &#8220;<strong><em>Pinturas destacadas<\/em><\/strong>&#8220;, tus pinturas tendr\u00e1n muchas m\u00e1s visualizaciones en PitturiAmo y tendr\u00e1n m\u00e1s posibilidades de ser notadas entre las m\u00e1s de 200.000 obras del portal.<\/p>\n<p><strong>Hasta la fecha, se han vendido m\u00e1s de 1700 pinturas.  <\/strong><\/p>\n<p>Selecciona en el men\u00fa desplegable el n\u00famero de pinturas que quieres mostrar como prueba en PitturiAmo y procede con el pedido. Paga por PayPal, tarjeta de cr\u00e9dito o transferencia bancaria. Una vez que hayas comprado el servicio, el equipo editorial de PitturiAmo se pondr\u00e1 en contacto contigo para elegir las pinturas que quieres incluir en el punto de mira. Compra m\u00ednima de 3 cuadros.   <\/p>\n","protected":false},"featured_media":564,"comment_status":"open","ping_status":"closed","template":"","meta":[],"product_brand":[],"product_cat":[122],"product_tag":[187],"class_list":{"0":"post-10129","1":"product","2":"type-product","3":"status-publish","4":"has-post-thumbnail","6":"product_cat-pitturiamo","7":"product_tag-pinturas-destacadas","9":"first","10":"outofstock","11":"sale","12":"featured","13":"sold-individually","14":"purchasable","15":"product-type-variable"},"_links":{"self":[{"href":"https:\/\/www.pitturiamo.shop\/es\/wp-json\/wp\/v2\/product\/10129","targetHints":{"allow":["GET"]}}],"collection":[{"href":"https:\/\/www.pitturiamo.shop\/es\/wp-json\/wp\/v2\/product"}],"about":[{"href":"https:\/\/www.pitturiamo.shop\/es\/wp-json\/wp\/v2\/types\/product"}],"replies":[{"embeddable":true,"href":"https:\/\/www.pitturiamo.shop\/es\/wp-json\/wp\/v2\/comments?post=10129"}],"wp:featuredmedia":[{"embeddable":true,"href":"https:\/\/www.pitturiamo.shop\/es\/wp-json\/wp\/v2\/media\/564"}],"wp:attachment":[{"href":"https:\/\/www.pitturiamo.shop\/es\/wp-json\/wp\/v2\/media?parent=10129"}],"wp:term":[{"taxonomy":"product_brand","embeddable":true,"href":"https:\/\/www.pitturiamo.shop\/es\/wp-json\/wp\/v2\/product_brand?post=10129"},{"taxonomy":"product_cat","embeddable":true,"href":"https:\/\/www.pitturiamo.shop\/es\/wp-json\/wp\/v2\/product_cat?post=10129"},{"taxonomy":"product_tag","embeddable":true,"href":"https:\/\/www.pitturiamo.shop\/es\/wp-json\/wp\/v2\/product_tag?post=10129"}],"curies":[{"name":"wp","href":"https:\/\/api.w.org\/{rel}","templated":true}]}}