{"id":10089,"date":"2017-01-10T17:59:52","date_gmt":"2017-01-10T17:59:52","guid":{"rendered":"https:\/\/www.pitturiamo.shop\/promozione-artista\/sin categor\u00eda\/pinturas-para-venta-directa\/"},"modified":"2017-01-10T17:59:52","modified_gmt":"2017-01-10T16:59:52","slug":"pinturas-para-venta-directa","status":"publish","type":"product","link":"https:\/\/www.pitturiamo.shop\/es\/promozione-artista\/pitturiamo\/pinturas-para-venta-directa\/","title":{"rendered":"Pinturas para venta directa"},"content":{"rendered":"<h3>AS\u00cd ES COMO FUNCIONA<\/h3>\n<p><strong>PitturiAmo actuar\u00e1 como intermediario, promocionando<\/strong> tus obras online e intentando venderlas utilizando todos los circuitos disponibles en l\u00ednea. Cuando se realiza una venta, los ingresos se acreditar\u00e1n temporalmente en <strong>una cuenta propiedad de PitturiAmo<\/strong>. <\/p>\n<p>El artista que haya vendido la pintura ser\u00e1 responsable de la entrega y tendr\u00e1 la tarea de enviar la obra al destinatario, debidamente empaquetada.<\/p>\n<p>Tras 14 d\u00edas (plazo m\u00e1ximo en el que es posible iniciar una reclamaci\u00f3n por compras online) desde la recepci\u00f3n de la obra por parte del comprador, sin ninguna queja, la suma se transferir\u00e1 a la cuenta bancaria del artista. <strong>En este caso, PitturiAmo retendr\u00e1 un encargo igual al 20% del valor de la obra<\/strong>.<\/p>\n<p>En caso de que el comprador presente una queja (por cualquier motivo), ser\u00e1 responsabilidad del comprador devolver la obra al artista. <strong>En este caso, PitturiAmo reembolsar\u00e1 al comprador<\/strong>.<\/p>\n<p><strong>Para presentar las pinturas para la venta directa<\/strong> , primero deben cumplirse tres condiciones:<\/p>\n<ol>\n<li>Debes estar registrado en <a href=\"http:\/\/www.pitturiamo.com\">PitturiAmo, el portal de pintores contempor\u00e1neos<\/a> , y ya haber inscrito las pinturas que quieres incluir en la Venta Directa (te recuerdo que el registro en el portal es <strong>gratuito<\/strong>)<\/li>\n<li>La disponibilidad de la pintura debe estar configurada en <strong>&#8220;Disponible&#8221;<\/strong> (no es posible poner pinturas que tengan el campo de disponibilidad en &#8220;Vendido&#8221;, &#8220;Vendido en PitturiAmo&#8221; o &#8220;Colecci\u00f3n privada&#8221; para venta directa);<\/li>\n<li>El valor econ\u00f3mico al que pretendes vender la obra debe indicarse en el campo <strong>&#8220;Presupuesto<\/strong>&#8220;, incluyendo un 20% de intermediaci\u00f3n para PitturiAmo, comisiones de PayPal (<strong>alrededor del 5%)<\/strong> y costes de env\u00edo (variables seg\u00fan el peso y la distancia).<\/li>\n<\/ol>\n<p>Si se cumplen estas condiciones, ser\u00e1 posible inscribir tus pinturas para la Venta <strong>Directa a un coste de 1,50 \u20ac por cada pintura, durante un periodo de un a\u00f1o<\/strong>.<\/p>\n<p>En caso de que haya m\u00e1s de diez cuadros en venta directa, el coste ser\u00e1 de 1,00 \u20ac por cada cuadro superior al d\u00e9cimo.<\/p>\n<ul>\n<li>Hasta 10 cuadros &#8211; 1,50 \u20ac por cuadro<\/li>\n<li>A partir de la und\u00e9cima pintura \u2013 1,00 \u20ac por cada cuadro.<\/li>\n<\/ul>\n<p>Tras un a\u00f1o sin que se haya realizado la venta, el panel ser\u00e1 <strong>retirado<\/strong> autom\u00e1ticamente del servicio de Venta Directa.<\/p>\n","protected":false},"excerpt":{"rendered":"<p>Inserta <strong>pinturas para venta directa<\/strong> en <a href=\"http:\/\/www.pitturiamo.com\">www.pitturiamo.com<\/a>, que los usuarios pueden comprar como en un comercio electr\u00f3nico normal, por PayPal o con tarjeta de cr\u00e9dito en el circuito PayPal.<\/p>\n<p><strong>Paga 1,50 \u20ac por cada cuadro durante 365 d\u00edas; a partir del und\u00e9cimo cuadro el precio baja a 1,00 \u20ac por cada cuadro.<\/strong><\/p>\n<p>La venta solo puede realizarse mediante el m\u00e9todo <strong>de dropshipping<\/strong>.<\/p>\n<p>Compra directamente en la Zona Reservada.<\/p>\n<p>&nbsp;<\/p>\n","protected":false},"featured_media":570,"comment_status":"open","ping_status":"closed","template":"","meta":[],"product_brand":[],"product_cat":[122],"product_tag":[174,173,172,175],"class_list":{"0":"post-10089","1":"product","2":"type-product","3":"status-publish","4":"has-post-thumbnail","6":"product_cat-pitturiamo","7":"product_tag-insertar-pinturas-en-venta","8":"product_tag-pintura-en-venta-paypal","9":"product_tag-pinturas-para-venta-directa","10":"product_tag-venta-de-obras-de-arte-en-linea","12":"first","13":"instock","14":"featured","15":"product-type-external"},"_links":{"self":[{"href":"https:\/\/www.pitturiamo.shop\/es\/wp-json\/wp\/v2\/product\/10089","targetHints":{"allow":["GET"]}}],"collection":[{"href":"https:\/\/www.pitturiamo.shop\/es\/wp-json\/wp\/v2\/product"}],"about":[{"href":"https:\/\/www.pitturiamo.shop\/es\/wp-json\/wp\/v2\/types\/product"}],"replies":[{"embeddable":true,"href":"https:\/\/www.pitturiamo.shop\/es\/wp-json\/wp\/v2\/comments?post=10089"}],"wp:featuredmedia":[{"embeddable":true,"href":"https:\/\/www.pitturiamo.shop\/es\/wp-json\/wp\/v2\/media\/570"}],"wp:attachment":[{"href":"https:\/\/www.pitturiamo.shop\/es\/wp-json\/wp\/v2\/media?parent=10089"}],"wp:term":[{"taxonomy":"product_brand","embeddable":true,"href":"https:\/\/www.pitturiamo.shop\/es\/wp-json\/wp\/v2\/product_brand?post=10089"},{"taxonomy":"product_cat","embeddable":true,"href":"https:\/\/www.pitturiamo.shop\/es\/wp-json\/wp\/v2\/product_cat?post=10089"},{"taxonomy":"product_tag","embeddable":true,"href":"https:\/\/www.pitturiamo.shop\/es\/wp-json\/wp\/v2\/product_tag?post=10089"}],"curies":[{"name":"wp","href":"https:\/\/api.w.org\/{rel}","templated":true}]}}