{"id":10088,"date":"2017-04-01T15:46:50","date_gmt":"2017-04-01T15:46:50","guid":{"rendered":"https:\/\/www.pitturiamo.shop\/promozione-artista\/sin categor\u00eda\/campana-de-me-gusta-en-facebook\/"},"modified":"2017-04-01T15:46:50","modified_gmt":"2017-04-01T13:46:50","slug":"campana-de-me-gusta-en-facebook","status":"publish","type":"product","link":"https:\/\/www.pitturiamo.shop\/es\/promozione-artista\/internet\/campana-de-me-gusta-en-facebook\/","title":{"rendered":"Campa\u00f1a de &#8216;Me gusta&#8217; en Facebook"},"content":{"rendered":"<h2><strong>Promociona tu vida en Facebook con la campa\u00f1a de &#8216;Me gusta&#8217; de Facebook<\/strong><\/h2>\n<p>La campa\u00f1a de &#8216;Me gusta&#8217; en Facebook est\u00e1 dirigida a conseguir <strong>&#8216;me gusta<\/strong> &#8216; o <strong>&#8216;me gusta&#8217;<\/strong> en la p\u00e1gina de tu empresa:  <\/p>\n<ul>\n<li><strong>500 Me gusta<\/strong> &#8211; 429,00\u20ac<\/li>\n<li><strong>750 Me gusta<\/strong> &#8211; 650,00\u20ac<\/li>\n<li><strong>1000 Me gusta<\/strong> &#8211; 858,00\u20ac<\/li>\n<\/ul>\n<p>Recibir\u00e1s &#8216;me gusta&#8217; de usuarios en el objetivo de tu audiencia: <strong>amantes del arte, cr\u00edticos, propietarios de galer\u00edas, coleccionistas, comisarios.<\/strong><\/p>\n<p>La campa\u00f1a de &#8216;Me gusta&#8217; de Facebook est\u00e1 dirigida a <strong>artistas, comisarios, cr\u00edticos, propietarios de galer\u00edas, coleccionistas de arte, etc.<\/strong><\/p>\n","protected":false},"excerpt":{"rendered":"<p>Consigue <strong>&#8216;Me gusta&#8217;<\/strong> en tu <strong>p\u00e1gina de Facebook<\/strong> de usuarios que se dirigen a tu negocio (amantes del arte, cr\u00edticos, comisarios, galeristas, periodistas, etc.).<\/p>\n<p>Promociona tu vida en la red social principal de la web con la campa\u00f1a de &#8216;me gusta&#8217; de Facebook y encuentra los usuarios que mejor se adapten a tus necesidades.<\/p>\n","protected":false},"featured_media":566,"comment_status":"open","ping_status":"closed","template":"","meta":[],"product_brand":[],"product_cat":[138],"product_tag":[170,171],"class_list":{"0":"post-10088","1":"product","2":"type-product","3":"status-publish","4":"has-post-thumbnail","6":"product_cat-internet","7":"product_tag-artista","8":"product_tag-compania","10":"first","11":"instock","12":"purchasable","13":"product-type-variable"},"_links":{"self":[{"href":"https:\/\/www.pitturiamo.shop\/es\/wp-json\/wp\/v2\/product\/10088","targetHints":{"allow":["GET"]}}],"collection":[{"href":"https:\/\/www.pitturiamo.shop\/es\/wp-json\/wp\/v2\/product"}],"about":[{"href":"https:\/\/www.pitturiamo.shop\/es\/wp-json\/wp\/v2\/types\/product"}],"replies":[{"embeddable":true,"href":"https:\/\/www.pitturiamo.shop\/es\/wp-json\/wp\/v2\/comments?post=10088"}],"wp:featuredmedia":[{"embeddable":true,"href":"https:\/\/www.pitturiamo.shop\/es\/wp-json\/wp\/v2\/media\/566"}],"wp:attachment":[{"href":"https:\/\/www.pitturiamo.shop\/es\/wp-json\/wp\/v2\/media?parent=10088"}],"wp:term":[{"taxonomy":"product_brand","embeddable":true,"href":"https:\/\/www.pitturiamo.shop\/es\/wp-json\/wp\/v2\/product_brand?post=10088"},{"taxonomy":"product_cat","embeddable":true,"href":"https:\/\/www.pitturiamo.shop\/es\/wp-json\/wp\/v2\/product_cat?post=10088"},{"taxonomy":"product_tag","embeddable":true,"href":"https:\/\/www.pitturiamo.shop\/es\/wp-json\/wp\/v2\/product_tag?post=10088"}],"curies":[{"name":"wp","href":"https:\/\/api.w.org\/{rel}","templated":true}]}}