{"id":10057,"date":"2017-04-02T17:38:34","date_gmt":"2017-04-02T17:38:34","guid":{"rendered":"https:\/\/www.pitturiamo.shop\/promozione-artista\/sin categor\u00eda\/visualizaciones-de-campanas-en-facebook\/"},"modified":"2017-04-02T17:38:34","modified_gmt":"2017-04-02T15:38:34","slug":"visualizaciones-de-campanas-en-facebook","status":"publish","type":"product","link":"https:\/\/www.pitturiamo.shop\/es\/promozione-artista\/internet\/visualizaciones-de-campanas-en-facebook\/","title":{"rendered":"Visualizaciones de campa\u00f1as en Facebook"},"content":{"rendered":"<h2><strong>Promociona tu vida en Facebook y aumenta tus visualizaciones con la campa\u00f1a Facebook Views<\/strong><\/h2>\n<p>Compra campa\u00f1as promocionales destinadas a mostrar tus anuncios promocionales para <strong>aumentar las visitas a tu web o a tu perfil en PitturiAmo<\/strong>. Promueve eventos art\u00edsticos en los que participes directamente o en los que quieras que participen los artistas con una campa\u00f1a de visualizaciones en Facebook. <\/p>\n<p>La campa\u00f1a estar\u00e1 dirigida a tu p\u00fablico objetivo. Podr\u00e1s elegir <strong>la edad, g\u00e9nero, residencia geogr\u00e1fica e intereses<\/strong> de las personas a las que pretendes mostrar tu anuncio promocional. <\/p>\n<p>La campa\u00f1a Facebook Views es una herramienta <strong>promocional adecuada para artistas, cr\u00edticos, comisarios y propietarios de galer\u00edas.<\/strong><\/p>\n<p>Elige el perfil m\u00e1s adecuado seg\u00fan el n\u00famero de visualizaciones que quieras conseguir:<\/p>\n<ul>\n<li>10.000 visualizaciones = 117.000\u20ac<\/li>\n<li>20.000 visualizaciones = 221.00\u20ac<\/li>\n<li>30.000 visualizaciones = 312.00\u20ac<\/li>\n<li>40.000 visualizaciones = 390.000\u20ac<\/li>\n<li>50.000 visualizaciones = 468.000\u20ac<\/li>\n<\/ul>\n","protected":false},"excerpt":{"rendered":"<p>Crea una campa\u00f1a de visualizaciones en Facebook para promocionar tu web o eventos art\u00edsticos. Paga seg\u00fan los resultados obtenidos. <\/p>\n","protected":false},"featured_media":572,"comment_status":"open","ping_status":"closed","template":"","meta":[],"product_brand":[],"product_cat":[138],"product_tag":[161,160],"class_list":{"0":"post-10057","1":"product","2":"type-product","3":"status-publish","4":"has-post-thumbnail","6":"product_cat-internet","7":"product_tag-promocion-artistica","8":"product_tag-publicidad-en-facebook","10":"first","11":"instock","12":"purchasable","13":"product-type-variable"},"_links":{"self":[{"href":"https:\/\/www.pitturiamo.shop\/es\/wp-json\/wp\/v2\/product\/10057","targetHints":{"allow":["GET"]}}],"collection":[{"href":"https:\/\/www.pitturiamo.shop\/es\/wp-json\/wp\/v2\/product"}],"about":[{"href":"https:\/\/www.pitturiamo.shop\/es\/wp-json\/wp\/v2\/types\/product"}],"replies":[{"embeddable":true,"href":"https:\/\/www.pitturiamo.shop\/es\/wp-json\/wp\/v2\/comments?post=10057"}],"wp:featuredmedia":[{"embeddable":true,"href":"https:\/\/www.pitturiamo.shop\/es\/wp-json\/wp\/v2\/media\/572"}],"wp:attachment":[{"href":"https:\/\/www.pitturiamo.shop\/es\/wp-json\/wp\/v2\/media?parent=10057"}],"wp:term":[{"taxonomy":"product_brand","embeddable":true,"href":"https:\/\/www.pitturiamo.shop\/es\/wp-json\/wp\/v2\/product_brand?post=10057"},{"taxonomy":"product_cat","embeddable":true,"href":"https:\/\/www.pitturiamo.shop\/es\/wp-json\/wp\/v2\/product_cat?post=10057"},{"taxonomy":"product_tag","embeddable":true,"href":"https:\/\/www.pitturiamo.shop\/es\/wp-json\/wp\/v2\/product_tag?post=10057"}],"curies":[{"name":"wp","href":"https:\/\/api.w.org\/{rel}","templated":true}]}}