{"id":10042,"date":"2017-01-10T18:01:28","date_gmt":"2017-01-10T17:01:28","guid":{"rendered":"https:\/\/www.pitturiamo.shop\/promozione-artista\/sin categor\u00eda\/anuncios-en-banner\/"},"modified":"2017-01-10T18:01:28","modified_gmt":"2017-01-10T17:01:28","slug":"anuncios-en-banner","status":"publish","type":"product","link":"https:\/\/www.pitturiamo.shop\/es\/promozione-artista\/pitturiamo\/anuncios-en-banner\/","title":{"rendered":"Anuncios en banner"},"content":{"rendered":"<h3>Banners publicitarios en PitturiAmo<\/h3>\n<table class=\"table table-hover kv-grid-table table-striped kv-table-wrap\">\n<tbody>\n<tr data-key=\"1\">\n<td class=\"kv-align-middle\" data-col-seq=\"2\"><strong>Deslizador en la p\u00e1gina principal.<\/strong>  Espacio rotativo dedicado exclusivamente a artistas para la exposici\u00f3n de una o m\u00e1s de sus pinturas.<\/td>\n<td class=\"skip-export kv-align-center kv-align-middle\" data-col-seq=\"5\"> <select class=\"sel-prezzo\" name=\"banner[periodo][1]\"><option value=\"1\" data-prezzo=\"35.00\">7 d\u00edas &#8211; 35,00 \u20ac<\/option><option value=\"2\" data-prezzo=\"60.00\">14 d\u00edas &#8211; 60,00 \u20ac<\/option><option value=\"3\" data-prezzo=\"87.00\">21 d\u00edas &#8211; 87,00 \u20ac<\/option><option value=\"4\" data-prezzo=\"106.00\">28 d\u00edas &#8211; 106,00 \u20ac<\/option><option value=\"34\" data-prezzo=\"279.00\">90 d\u00edas &#8211; 279,00 \u20ac<\/option><option value=\"35\" data-prezzo=\"374.00\">180 d\u00edas &#8211; 374,00 \u20ac<\/option><option value=\"36\" data-prezzo=\"499.00\">365 d\u00edas &#8211; 499,00 \u20ac<\/option><\/select><\/td>\n<\/tr>\n<tr data-key=\"2\">\n<td class=\"kv-align-middle\" data-col-seq=\"1\"><strong>Banner de cuadr\u00edcula responsiva 1.<\/strong>  Banner giratorio presente en todas las p\u00e1ginas donde se listan las pinturas, en la parte superior de la lista.<\/td>\n<td class=\"kv-align-middle\" data-col-seq=\"4\"><select class=\"sel-prezzo\" name=\"banner[periodo][2]\"><option value=\"5\" data-prezzo=\"28.00\">7 d\u00edas &#8211; 28,00 \u20ac<\/option><option value=\"6\" data-prezzo=\"49.00\">14 d\u00edas &#8211; 49,00 \u20ac<\/option><option value=\"7\" data-prezzo=\"70.00\">21 d\u00edas &#8211; 70,00 \u20ac<\/option><option value=\"8\" data-prezzo=\"85.00\">28 d\u00edas &#8211; 85,00 \u20ac<\/option><option value=\"28\" data-prezzo=\"223.00\">90 d\u00edas &#8211; 223,00 \u20ac<\/option><option value=\"29\" data-prezzo=\"299.00\">180 d\u00edas &#8211; 299,00 \u20ac<\/option><option value=\"30\" data-prezzo=\"399.00\">365 d\u00edas &#8211; 399,00 \u20ac<\/option><\/select><\/td>\n<\/tr>\n<tr data-key=\"3\">\n<td class=\"kv-align-middle\" data-col-seq=\"1\"><strong>Banner de cuadr\u00edcula responsiva 2.<\/strong>  Una pancarta giratoria presente en todas las p\u00e1ginas donde se listan las pinturas, al final de la lista de pinturas.<\/td>\n<td class=\"kv-align-middle\" data-col-seq=\"4\"><select class=\"sel-prezzo\" name=\"banner[periodo][3]\"><option value=\"9\" data-prezzo=\"21.00\">7 d\u00edas &#8211; 21,00 \u20ac<\/option><option value=\"10\" data-prezzo=\"37.00\">14 d\u00edas &#8211; 37,00 \u20ac<\/option><option value=\"11\" data-prezzo=\"52.00\">21 d\u00edas &#8211; 52,00 \u20ac<\/option><option value=\"12\" data-prezzo=\"63.00\">28 d\u00edas &#8211; 63,00 \u20ac<\/option><option value=\"31\" data-prezzo=\"167.00\">90 d\u00edas &#8211; 167,00 \u20ac<\/option><option value=\"32\" data-prezzo=\"224.00\">180 d\u00edas &#8211; 224,00 \u20ac<\/option><option value=\"33\" data-prezzo=\"299.00\">365 d\u00edas &#8211; 299,00 \u20ac<\/option><\/select><\/td>\n<\/tr>\n<tr data-key=\"4\">\n<td class=\"kv-align-middle\" data-col-seq=\"1\"><strong>Banda ancha ARRIBA.<\/strong>  Un banner giratorio muy grande, visible a lo largo de toda la p\u00e1gina, presente en la parte superior de todas las p\u00e1ginas donde est\u00e1n listados los artistas.<\/td>\n<td class=\"kv-align-middle\" data-col-seq=\"4\"><select class=\"sel-prezzo\" name=\"banner[periodo][4]\"><option value=\"20\" data-prezzo=\"56.00\">7 d\u00edas &#8211; 56,00 \u20ac<\/option><option value=\"21\" data-prezzo=\"99.00\">14 d\u00edas &#8211; 99,00 \u20ac<\/option><option value=\"22\" data-prezzo=\"140.00\">21 d\u00edas &#8211; 140,00 \u20ac<\/option><option value=\"23\" data-prezzo=\"170.00\">28 d\u00edas &#8211; 170,00 \u20ac<\/option><option value=\"40\" data-prezzo=\"447.00\">90 d\u00edas &#8211; 447,00 \u20ac<\/option><option value=\"41\" data-prezzo=\"599.00\">180 d\u00edas &#8211; 599,00 \u20ac<\/option><option value=\"42\" data-prezzo=\"799.00\">365 d\u00edas &#8211; 799,00 \u20ac<\/option><\/select><\/td>\n<\/tr>\n<tr data-key=\"5\">\n<td class=\"kv-align-middle\" data-col-seq=\"1\"><strong>Banner ancho ABAJO.<\/strong>  Un gran banner giratorio, visible a lo largo de toda la p\u00e1gina, en la parte inferior de todas las p\u00e1ginas donde aparecen los artistas.<\/td>\n<td class=\"kv-align-middle\" data-col-seq=\"4\"><select class=\"sel-prezzo\" name=\"banner[periodo][5]\"><option value=\"13\" data-prezzo=\"63.00\">7 d\u00edas &#8211; 63,00 \u20ac<\/option><option value=\"14\" data-prezzo=\"111.00\">14 d\u00edas &#8211; 111,00 \u20ac<\/option><option value=\"15\" data-prezzo=\"157.00\">21 d\u00edas &#8211; 157,00 \u20ac<\/option><option value=\"16\" data-prezzo=\"191.00\">28 d\u00edas &#8211; 191,00 \u20ac<\/option><option value=\"37\" data-prezzo=\"502.00\">90 d\u00edas &#8211; 502,00 \u20ac<\/option><option value=\"38\" data-prezzo=\"673.00\">180 d\u00edas &#8211; 673,00 \u20ac<\/option><option value=\"39\" data-prezzo=\"898.00\">365 d\u00edas &#8211; 898,00 \u20ac<\/option><\/select><\/td>\n<\/tr>\n<tr data-key=\"6\">\n<td class=\"skip-export kv-align-center kv-align-middle kv-row-select\" data-col-seq=\"0\"><strong>Buz\u00f3n de bandera.<\/strong>  Banner en la p\u00e1gina de detalle de la pintura (m\u00e1s de 50.000 p\u00e1ginas) visible en el centro de la p\u00e1gina a la derecha, siempre que un usuario est\u00e9 viendo una pintura espec\u00edfica.<\/td>\n<td class=\"kv-align-middle\" data-col-seq=\"1\"><select class=\"sel-prezzo\" name=\"banner[periodo][4]\"><option value=\"20\" data-prezzo=\"56.00\">7 d\u00edas &#8211; 56,00 \u20ac<\/option><option value=\"21\" data-prezzo=\"99.00\">14 d\u00edas &#8211; 99,00 \u20ac<\/option><option value=\"22\" data-prezzo=\"140.00\">21 d\u00edas &#8211; 140,00 \u20ac<\/option><option value=\"23\" data-prezzo=\"170.00\">28 d\u00edas &#8211; 170,00 \u20ac<\/option><option value=\"40\" data-prezzo=\"447.00\">90 d\u00edas &#8211; 447,00 \u20ac<\/option><option value=\"41\" data-prezzo=\"599.00\">180 d\u00edas &#8211; 599,00 \u20ac<\/option><option value=\"42\" data-prezzo=\"799.00\">365 d\u00edas &#8211; 799,00 \u20ac<\/option><\/select><\/td>\n<\/tr>\n<\/tbody>\n<\/table>\n<p class=\"posted_in\">Compra pancartas publicitarias <a href=\"http:\/\/www.pitturiamo.com\/area-riservata\/pubblicita\/acquista\">directamente en el \u00c1rea Reservada<\/a>. Es necesario <a href=\"http:\/\/www.pitturiamo.com\/it\/registrati.html\"><strong>estar ya registrado en PitturiAmo<\/strong><\/a>. Si a\u00fan no est\u00e1s registrado, <a href=\"http:\/\/www.pitturiamo.com\/it\/registrati.html\">puedes hacerlo ahora<\/a>. La inscripci\u00f3n es gratuita.   <\/p>\n","protected":false},"excerpt":{"rendered":"<h2>Promociona tus anuncios en banner en PitturiAmo.<\/h2>\n<p>Si quieres <strong>promocionar tu visibilidad en PitturiAmo<\/strong> , puedes comprar banners promocionales en varios formatos que se mostrar\u00e1n en <a href=\"http:\/\/www.pitturiamo.com\">www.pitturiamo.com<\/a>, donde cada d\u00eda m\u00e1s de <strong>2500 usuarios ven decenas de miles de p\u00e1ginas<\/strong>.<\/p>\n<p><strong>Tus pinturas se exhiben cada d\u00eda para m\u00e1s de 2500 amantes del arte, coleccionistas, comisarios, propietarios de galer\u00edas y cr\u00edticos de arte.  <\/strong><\/p>\n<p>A continuaci\u00f3n puedes leer la descripci\u00f3n y los costes de las diferentes soluciones. Completa la compra directamente en el \u00c1rea Reservada de <a href=\"http:\/\/www.pitturimo.com\">PitturiAmo, el portal de pintores contempor\u00e1neos<\/a>. <\/p>\n<p>Si compras cualquiera de los banners en oferta durante al menos 3 semanas consecutivas (en una sola compra), <strong>PitturiAmo tambi\u00e9n te da visibilidad en miles de sitios tem\u00e1ticos de la red Google Display.<\/strong><\/p>\n","protected":false},"featured_media":559,"comment_status":"open","ping_status":"closed","template":"","meta":[],"product_brand":[],"product_cat":[122],"product_tag":[154,123,155],"class_list":{"0":"post-10042","1":"product","2":"type-product","3":"status-publish","4":"has-post-thumbnail","6":"product_cat-pitturiamo","7":"product_tag-estandartes-de-pintor","8":"product_tag-promocion-de-artistas","9":"product_tag-venta-de-banners","11":"first","12":"instock","13":"featured","14":"product-type-external"},"_links":{"self":[{"href":"https:\/\/www.pitturiamo.shop\/es\/wp-json\/wp\/v2\/product\/10042","targetHints":{"allow":["GET"]}}],"collection":[{"href":"https:\/\/www.pitturiamo.shop\/es\/wp-json\/wp\/v2\/product"}],"about":[{"href":"https:\/\/www.pitturiamo.shop\/es\/wp-json\/wp\/v2\/types\/product"}],"replies":[{"embeddable":true,"href":"https:\/\/www.pitturiamo.shop\/es\/wp-json\/wp\/v2\/comments?post=10042"}],"wp:featuredmedia":[{"embeddable":true,"href":"https:\/\/www.pitturiamo.shop\/es\/wp-json\/wp\/v2\/media\/559"}],"wp:attachment":[{"href":"https:\/\/www.pitturiamo.shop\/es\/wp-json\/wp\/v2\/media?parent=10042"}],"wp:term":[{"taxonomy":"product_brand","embeddable":true,"href":"https:\/\/www.pitturiamo.shop\/es\/wp-json\/wp\/v2\/product_brand?post=10042"},{"taxonomy":"product_cat","embeddable":true,"href":"https:\/\/www.pitturiamo.shop\/es\/wp-json\/wp\/v2\/product_cat?post=10042"},{"taxonomy":"product_tag","embeddable":true,"href":"https:\/\/www.pitturiamo.shop\/es\/wp-json\/wp\/v2\/product_tag?post=10042"}],"curies":[{"name":"wp","href":"https:\/\/api.w.org\/{rel}","templated":true}]}}