{"id":10006,"date":"2023-04-13T10:29:10","date_gmt":"2023-04-13T08:29:10","guid":{"rendered":"https:\/\/www.pitturiamo.shop\/promozione-artista\/sin categor\u00eda\/espostiamo\/"},"modified":"2023-04-13T10:29:10","modified_gmt":"2023-04-13T08:29:10","slug":"espostiamo","status":"publish","type":"product","link":"https:\/\/www.pitturiamo.shop\/es\/promozione-artista\/internet\/espostiamo\/","title":{"rendered":"EspostiAmo"},"content":{"rendered":"<p>Expone tus obras en la <strong>galer\u00eda<\/strong>, en el centro de las ciudades italianas m\u00e1s importantes y en la web, en la parte superior de <strong>Google<\/strong>.<\/p>\n<p><strong>Esto es lo que ofrece EspostiAmo:<\/strong><\/p>\n<ul>\n<li>Tu arte en exhibici\u00f3n real en <strong>UNA<\/strong> galer\u00eda (de acuerdo):<\/li>\n<li><strong>Todas tus obras, en la cima de Google<\/strong>, durante todo un a\u00f1o. Tener visibilidad en el motor de b\u00fasqueda m\u00e1s importante del mundo; <\/li>\n<li> <strong> 5 de tus obras han sido presentadas<\/strong> en PitturiAmo, durante todo un a\u00f1o. Para ganar visibilidad en la mayor red dedicada a pintores contempor\u00e1neos; <\/li>\n<li><strong>5 pinturas para venta directa<\/strong> (comprables con un clic) en PitturiAmo durante 365 d\u00edas con <strong>asistencia en ventas<\/strong>. Tener m\u00e1s posibilidades concretas de venta; <\/li>\n<li><strong>Certificado de asistencia<\/strong> en archivo pdf de alta resoluci\u00f3n, con nota cr\u00edtica. Para que un premio se imprima y exhiba en tu taller; <\/li>\n<li>Tu nombre en el <strong>cartel online<\/strong> que se publicar\u00e1 durante una semana en la p\u00e1gina principal de PitturiAmo, que recibe m\u00e1s de 2500 visitantes al d\u00eda. Para una oportunidad adicional de visibilidad internacional; <\/li>\n<li>El <strong>editorial<\/strong>, dedicado a la exposici\u00f3n, con tu nombre y enlace a tu galer\u00eda online (p\u00e1gina web personal, perfil en PitturiAmo, p\u00e1gina de Facebook, etc.). Para una acci\u00f3n de marketing incisiva en la web; <\/li>\n<li>La promoci\u00f3n en la p\u00e1gina <strong>y<\/strong> <strong>grupo de Facebook e Instagram de PitturiAmo<\/strong> (m\u00e1s de 30.000 fans). Para ganar gran visibilidad en las principales redes sociales. <\/li>\n<\/ul>\n","protected":false},"excerpt":{"rendered":"<p><strong>\u00bfQuieres dar a conocer tu arte a 360\u00b0?<\/strong><\/p>\n<p>\u00danete al programa de <strong>exposiciones reales<\/strong> y <strong>virtuales para<\/strong> <strong>vender tus pinturas, <\/strong>lo que te lleva a exponer en las galer\u00edas de las <strong>ciudades italianas m\u00e1s importantes.<\/strong><\/p>\n","protected":false},"featured_media":7783,"comment_status":"open","ping_status":"closed","template":"","meta":[],"product_brand":[],"product_cat":[138],"product_tag":[],"class_list":{"0":"post-10006","1":"product","2":"type-product","3":"status-publish","4":"has-post-thumbnail","6":"product_cat-internet","8":"first","9":"instock","10":"featured","11":"virtual","12":"sold-individually","13":"purchasable","14":"product-type-simple"},"_links":{"self":[{"href":"https:\/\/www.pitturiamo.shop\/es\/wp-json\/wp\/v2\/product\/10006","targetHints":{"allow":["GET"]}}],"collection":[{"href":"https:\/\/www.pitturiamo.shop\/es\/wp-json\/wp\/v2\/product"}],"about":[{"href":"https:\/\/www.pitturiamo.shop\/es\/wp-json\/wp\/v2\/types\/product"}],"replies":[{"embeddable":true,"href":"https:\/\/www.pitturiamo.shop\/es\/wp-json\/wp\/v2\/comments?post=10006"}],"wp:featuredmedia":[{"embeddable":true,"href":"https:\/\/www.pitturiamo.shop\/es\/wp-json\/wp\/v2\/media\/7783"}],"wp:attachment":[{"href":"https:\/\/www.pitturiamo.shop\/es\/wp-json\/wp\/v2\/media?parent=10006"}],"wp:term":[{"taxonomy":"product_brand","embeddable":true,"href":"https:\/\/www.pitturiamo.shop\/es\/wp-json\/wp\/v2\/product_brand?post=10006"},{"taxonomy":"product_cat","embeddable":true,"href":"https:\/\/www.pitturiamo.shop\/es\/wp-json\/wp\/v2\/product_cat?post=10006"},{"taxonomy":"product_tag","embeddable":true,"href":"https:\/\/www.pitturiamo.shop\/es\/wp-json\/wp\/v2\/product_tag?post=10006"}],"curies":[{"name":"wp","href":"https:\/\/api.w.org\/{rel}","templated":true}]}}