{"id":9410,"date":"2017-01-05T18:07:02","date_gmt":"2017-01-05T17:07:02","guid":{"rendered":"https:\/\/www.pitturiamo.shop\/descubre-como-promocionarte-y-hacerte-notar-tanto-online-como-en-persona-inicio\/"},"modified":"2026-03-05T15:08:28","modified_gmt":"2026-03-05T14:08:28","slug":"descubre-como-promocionarte-y-hacerte-notar-tanto-online-como-en-persona-inicio","status":"publish","type":"page","link":"https:\/\/www.pitturiamo.shop\/es\/","title":{"rendered":"Descubre c\u00f3mo promocionarte y hacerte notar tanto online como en persona &#8211; Inicio"},"content":{"rendered":"<p>[et_pb_section admin_label=&#8221;section&#8221; fullwidth=&#8221;on&#8221; specialty=&#8221;off&#8221; background_color=&#8221;#b2ede0&#8243; inner_shadow=&#8221;off&#8221; parallax=&#8221;off&#8221;][et_pb_fullwidth_slider admin_label=&#8221;Fullwidth Slider&#8221; show_arrows=&#8221;on&#8221; show_pagination=&#8221;off&#8221; auto=&#8221;on&#8221; parallax=&#8221;off&#8221; auto_speed=&#8221;10000&#8243; auto_ignore_hover=&#8221;off&#8221; parallax_method=&#8221;off&#8221; remove_inner_shadow=&#8221;off&#8221; background_position=&#8221;default&#8221; background_size=&#8221;default&#8221; hide_content_on_mobile=&#8221;off&#8221; hide_cta_on_mobile=&#8221;off&#8221; show_image_video_mobile=&#8221;on&#8221; custom_button=&#8221;off&#8221; button_letter_spacing=&#8221;0&#8243; button_use_icon=&#8221;default&#8221; button_icon_placement=&#8221;right&#8221; button_on_hover=&#8221;on&#8221; button_letter_spacing_hover=&#8221;0&#8243; body_font_size=&#8221;14&#8243; body_line_height=&#8221;1.3em&#8221; header_line_height=&#8221;1.3em&#8221;]<\/p>\n<p>[et_pb_slide background_position=&#8221;center&#8221; background_size=&#8221;default&#8221; background_color=&#8221;#ffffff&#8221; use_bg_overlay=&#8221;off&#8221; use_text_overlay=&#8221;on&#8221; alignment=&#8221;center&#8221; background_layout=&#8221;dark&#8221; allow_player_pause=&#8221;off&#8221; text_border_radius=&#8221;3&#8243; header_font_select=&#8221;default&#8221; header_font=&#8221;||||&#8221; body_font_select=&#8221;default&#8221; body_font=&#8221;||||&#8221; custom_button=&#8221;off&#8221; button_font_select=&#8221;default&#8221; button_font=&#8221;||||&#8221; button_use_icon=&#8221;default&#8221; button_icon_placement=&#8221;right&#8221; button_on_hover=&#8221;on&#8221; background_image=&#8221;https:\/\/www.pitturiamo.shop\/wp-content\/uploads\/laghetto-di-montagna-mario-salvo.jpg&#8221; button_text=&#8221;Reserva ahora&#8221; button_link=&#8221;https:\/\/www.pitturiamo.shop\/promozione-artista\/mostre-fiere-eventi\/le-interviste-di-pitturiamo\/&#8221; heading=&#8221;Entrevistas a PitturiAmo&#8221; image=&#8221;https:\/\/www.pitturiamo.shop\/wp-content\/uploads\/Slider-Intervista-ragazza-small.jpg&#8221; body_font_size=&#8221;22&#8243; body_font_size_tablet=&#8221;22&#8243; body_font_size_phone=&#8221;22&#8243;]<\/p>\n<p><strong>\u00bfTienes dificultades para comunicar el valor de tu arte?<\/strong><\/p>\n<p>Transmite tu arte contando qui\u00e9n eres y c\u00f3mo te expresas.<\/p>\n<p>[\/et_pb_slide][et_pb_slide background_position=&#8221;center&#8221; background_size=&#8221;default&#8221; background_color=&#8221;#ffffff&#8221; use_bg_overlay=&#8221;off&#8221; use_text_overlay=&#8221;on&#8221; alignment=&#8221;center&#8221; background_layout=&#8221;dark&#8221; allow_player_pause=&#8221;off&#8221; text_border_radius=&#8221;3&#8243; header_font_select=&#8221;default&#8221; header_font=&#8221;||||&#8221; body_font_select=&#8221;default&#8221; body_font=&#8221;||||&#8221; custom_button=&#8221;off&#8221; button_font_select=&#8221;default&#8221; button_font=&#8221;||||&#8221; button_use_icon=&#8221;default&#8221; button_icon_placement=&#8221;right&#8221; button_on_hover=&#8221;on&#8221; background_image=&#8221;https:\/\/www.pitturiamo.shop\/wp-content\/uploads\/laghetto-di-montagna-mario-salvo.jpg&#8221; button_text=&#8221;Solicita ahora&#8221; button_link=&#8221;https:\/\/www.pitturiamo.shop\/promozione-artista\/internet\/sito-web-dartista\/&#8221; heading=&#8221;P\u00e1gina web del artista&#8221; image=&#8221;https:\/\/www.pitturiamo.shop\/wp-content\/uploads\/artista-sito-web-creare.jpg&#8221; body_font_size=&#8221;22&#8243; body_font_size_tablet=&#8221;22&#8243; body_font_size_phone=&#8221;22&#8243;]<\/p>\n<p>Promociona tu arte <strong>con una web completamente dedicada a ti<\/strong>, siempre accesible, en contacto cercano con <strong>los canales web de PitturiAmo<\/strong>, para aprovechar toda su fortaleza.<\/p>\n<p>[\/et_pb_slide][et_pb_slide heading=&#8221;Gesti\u00f3n anual de tu perfil&#8221; button_text=&#8221;Descubre m\u00e1s&#8221; button_link=&#8221;https:\/\/www.pitturiamo.shop\/es\/promozione-artista\/pitturiamo\/gestion-de-perfiles-en-pitturiamo\/&#8221; background_position=&#8221;default&#8221; background_size=&#8221;default&#8221; background_color=&#8221;#ffffff&#8221; image=&#8221;https:\/\/www.pitturiamo.shop\/wp-content\/uploads\/gestione_profilo_artisti.jpg&#8221; use_bg_overlay=&#8221;off&#8221; use_text_overlay=&#8221;on&#8221; alignment=&#8221;center&#8221; image_alt=&#8221;PitturiAmo te ayuda a gestionar tu perfil&#8221; background_layout=&#8221;dark&#8221; allow_player_pause=&#8221;off&#8221; text_border_radius=&#8221;3&#8243; header_font_select=&#8221;default&#8221; header_font=&#8221;||||&#8221; body_font_select=&#8221;default&#8221; body_font=&#8221;||||&#8221; custom_button=&#8221;off&#8221; button_font_select=&#8221;default&#8221; button_font=&#8221;||||&#8221; button_use_icon=&#8221;default&#8221; button_icon_placement=&#8221;right&#8221; button_on_hover=&#8221;on&#8221; background_image=&#8221;https:\/\/www.pitturiamo.shop\/wp-content\/uploads\/inquietudini-72213.jpg&#8221; body_font_size=&#8221;22&#8243; body_font_size_tablet=&#8221;22&#8243; body_font_size_phone=&#8221;22&#8243;]<\/p>\n<p>Con una <strong>peque\u00f1a suscripci\u00f3n anual<\/strong> puedes delegar todos tus problemas t\u00e9cnicos relacionados con tu presencia en PitturiAmo a nuestro equipo editorial.<\/p>\n<p>[\/et_pb_slide][et_pb_slide heading=&#8221;Folleto&#8221; button_text=&#8221;Dise\u00f1o e impresi\u00f3n&#8221; button_link=&#8221;https:\/\/www.pitturiamo.shop\/promozione-artista\/mostre-fiere-eventi\/brochure\/&#8221; background_image=&#8221;https:\/\/www.pitturiamo.shop\/wp-content\/uploads\/laranceto.jpg&#8221; background_position=&#8221;default&#8221; background_size=&#8221;default&#8221; background_color=&#8221;#ffffff&#8221; image=&#8221;https:\/\/www.pitturiamo.shop\/wp-content\/uploads\/brochure-3-ante-1.png&#8221; use_bg_overlay=&#8221;off&#8221; use_text_overlay=&#8221;on&#8221; alignment=&#8221;center&#8221; background_layout=&#8221;dark&#8221; allow_player_pause=&#8221;off&#8221; text_border_radius=&#8221;3&#8243; header_font_select=&#8221;default&#8221; header_font=&#8221;||||&#8221; body_font_select=&#8221;default&#8221; body_font=&#8221;||||&#8221; custom_button=&#8221;off&#8221; button_font_select=&#8221;default&#8221; button_font=&#8221;||||&#8221; button_use_icon=&#8221;default&#8221; button_icon_placement=&#8221;right&#8221; button_on_hover=&#8221;on&#8221; image_alt=&#8221;Dise\u00f1o e impresi\u00f3n de folletos de 3 puertas para artistas&#8221; body_font_size=&#8221;22&#8243; body_font_size_tablet=&#8221;22&#8243; body_font_size_phone=&#8221;22&#8243; body_font_size_last_edited=&#8221;on|desktop&#8221;]<\/p>\n<p>Promociona tu arte durante exposiciones, ferias, eventos art\u00edsticos y deja un recuerdo de tus obras a tus admiradores. Folleto triple, formato A4, totalmente personalizable. Compras el servicio y PitturiAmo lo hace para ti.<\/p>\n<p>[\/et_pb_slide]<\/p>\n<p>[\/et_pb_fullwidth_slider][\/et_pb_section][et_pb_section admin_label=&#8221;section&#8221; fullwidth=&#8221;off&#8221; specialty=&#8221;off&#8221; background_color=&#8221;#9e2362&#8243; inner_shadow=&#8221;off&#8221; parallax=&#8221;off&#8221; transparent_background=&#8221;off&#8221; allow_player_pause=&#8221;off&#8221; parallax_method=&#8221;off&#8221; make_fullwidth=&#8221;off&#8221; use_custom_width=&#8221;off&#8221; width_unit=&#8221;on&#8221; make_equal=&#8221;off&#8221; use_custom_gutter=&#8221;off&#8221; custom_padding=&#8221;0px||0px|&#8221;][et_pb_row admin_label=&#8221;Fila&#8221;][et_pb_column type=&#8221;4_4&#8243;][et_pb_cta admin_label=&#8221;Llamada a la acci\u00f3n&#8221; background_color=&#8221;#2caaca&#8221; use_background_color=&#8221;off&#8221; background_layout=&#8221;dark&#8221; text_orientation=&#8221;center&#8221; url_new_window=&#8221;off&#8221; use_border_color=&#8221;off&#8221; border_color=&#8221;#ffffff&#8221; border_style=&#8221;solid&#8221; custom_button=&#8221;off&#8221; button_letter_spacing=&#8221;0&#8243; button_use_icon=&#8221;default&#8221; button_icon_placement=&#8221;right&#8221; button_on_hover=&#8221;on&#8221; button_letter_spacing_hover=&#8221;0&#8243;]<\/p>\n<h1 style=\"text-align: center;\">Promociona <strong>tu arte<\/strong> y tus eventos <strong>art\u00edsticos<\/strong><br \/>\nen PitturiAmo, en la web y en directo<\/h1>\n<p style=\"text-align: center;\">Descubre todas las herramientas para promocionarte y tener visibilidad tanto en PitturiAmo como en todos los dem\u00e1s canales online y offline.<\/p>\n<p>[\/et_pb_cta][\/et_pb_column][\/et_pb_row][\/et_pb_section][et_pb_section admin_label=&#8221;Sezione&#8221; fullwidth=&#8221;off&#8221; specialty=&#8221;off&#8221; transparent_background=&#8221;off&#8221; allow_player_pause=&#8221;off&#8221; inner_shadow=&#8221;off&#8221; parallax=&#8221;off&#8221; parallax_method=&#8221;off&#8221; custom_padding=&#8221;0px||0px|&#8221; make_fullwidth=&#8221;off&#8221; use_custom_width=&#8221;off&#8221; width_unit=&#8221;on&#8221; make_equal=&#8221;off&#8221; use_custom_gutter=&#8221;off&#8221;][et_pb_row admin_label=&#8221;Riga&#8221; make_fullwidth=&#8221;off&#8221; use_custom_width=&#8221;off&#8221; width_unit=&#8221;on&#8221; use_custom_gutter=&#8221;off&#8221; allow_player_pause=&#8221;off&#8221; parallax=&#8221;off&#8221; parallax_method=&#8221;off&#8221; make_equal=&#8221;off&#8221; parallax_1=&#8221;off&#8221; parallax_method_1=&#8221;off&#8221; custom_padding=&#8221;||0px|&#8221;][et_pb_column type=&#8221;4_4&#8243;][et_pb_text admin_label=&#8221;Testo&#8221; background_layout=&#8221;light&#8221; text_orientation=&#8221;left&#8221; use_border_color=&#8221;off&#8221; border_color=&#8221;#ffffff&#8221; border_style=&#8221;solid&#8221;]<\/p>\n<h2 style=\"text-align: center;\">Servicios destacados de PitturiAmo<\/h2>\n<p>[\/et_pb_text][et_pb_shop admin_label=&#8221;Prodotti in Evidenza&#8221; type=&#8221;featured&#8221; posts_number=&#8221;5&#8243; columns_number=&#8221;5&#8243; orderby=&#8221;date&#8221; title_font_size=&#8221;14&#8243;]<\/p>\n<p>[\/et_pb_shop][\/et_pb_column][\/et_pb_row][\/et_pb_section][et_pb_section admin_label=&#8221;Sezione&#8221; fullwidth=&#8221;on&#8221; specialty=&#8221;off&#8221; transparent_background=&#8221;off&#8221; allow_player_pause=&#8221;off&#8221; inner_shadow=&#8221;off&#8221; parallax=&#8221;off&#8221; parallax_method=&#8221;off&#8221; disabled=&#8221;on&#8221; disabled_on=&#8221;on|on|on&#8221; make_fullwidth=&#8221;off&#8221; use_custom_width=&#8221;off&#8221; width_unit=&#8221;on&#8221; make_equal=&#8221;off&#8221; use_custom_gutter=&#8221;off&#8221;][et_pb_fullwidth_image admin_label=&#8221;Promo&#8221; src=&#8221;https:\/\/www.pitturiamo.shop\/wp-content\/uploads\/promo-profilo-pitturiamo-shop.jpg&#8221; alt=&#8221;Aprovecha la promoci\u00f3n de lanzamiento. 30% de descuento en el servicio anual de gesti\u00f3n de perfiles en PitturiAmo con el c\u00f3digo promocional promoassistenza30 &#8221; title_text=&#8221;Perfil anual de Promo Management &#8211; 30%&#8221; show_in_lightbox=&#8221;off&#8221; url=&#8221;http:\/\/www.pitturiamo.shop\/promozione-artista\/pitturiamo\/gestione-profilo-artista\/&#8221; url_new_window=&#8221;off&#8221; use_overlay=&#8221;off&#8221; animation=&#8221;top&#8221; use_border_color=&#8221;off&#8221; border_color=&#8221;#ffffff&#8221; border_style=&#8221;solid&#8221;]<\/p>\n<p>[\/et_pb_fullwidth_image][\/et_pb_section][et_pb_section admin_label=&#8221;Sezione&#8221; fullwidth=&#8221;off&#8221; specialty=&#8221;off&#8221; transparent_background=&#8221;off&#8221; allow_player_pause=&#8221;off&#8221; inner_shadow=&#8221;off&#8221; parallax=&#8221;off&#8221; parallax_method=&#8221;off&#8221; custom_padding=&#8221;||0px|&#8221; make_fullwidth=&#8221;off&#8221; use_custom_width=&#8221;off&#8221; width_unit=&#8221;on&#8221; make_equal=&#8221;off&#8221; use_custom_gutter=&#8221;off&#8221;][et_pb_row admin_label=&#8221;Riga&#8221; make_fullwidth=&#8221;off&#8221; use_custom_width=&#8221;off&#8221; width_unit=&#8221;on&#8221; use_custom_gutter=&#8221;off&#8221; allow_player_pause=&#8221;off&#8221; parallax=&#8221;off&#8221; parallax_method=&#8221;off&#8221; make_equal=&#8221;off&#8221; parallax_1=&#8221;off&#8221; parallax_method_1=&#8221;off&#8221;][et_pb_column type=&#8221;4_4&#8243;][et_pb_text admin_label=&#8221;Testo&#8221; background_layout=&#8221;light&#8221; text_orientation=&#8221;left&#8221; use_border_color=&#8221;off&#8221; border_color=&#8221;#ffffff&#8221; border_style=&#8221;solid&#8221;]<\/p>\n<h2 style=\"text-align: center;\">Descubre todos los servicios que puedes utilizar para promocionarte<\/h2>\n<p style=\"text-align: center;\">Mejora tu presencia en PitturiAmo, crea campa\u00f1as promocionales online, haz folletos y cat\u00e1logos<br \/>\n<strong>para hacerte conocer y apreciarte, \u00a1por todos!<\/strong><\/p>\n<p>[\/et_pb_text][\/et_pb_column][\/et_pb_row][et_pb_row admin_label=&#8221;Riga&#8221; make_fullwidth=&#8221;off&#8221; use_custom_width=&#8221;off&#8221; width_unit=&#8221;on&#8221; use_custom_gutter=&#8221;off&#8221; custom_padding=&#8221;0px||0px|&#8221; allow_player_pause=&#8221;off&#8221; parallax=&#8221;off&#8221; parallax_method=&#8221;off&#8221; make_equal=&#8221;off&#8221; parallax_1=&#8221;off&#8221; parallax_method_1=&#8221;off&#8221; parallax_2=&#8221;off&#8221; parallax_method_2=&#8221;off&#8221;][et_pb_column type=&#8221;1_3&#8243;][et_pb_cta admin_label=&#8221;Visibilidad en PitturiAmo&#8221; title=&#8221;Promociona tu vida en PitturiAmo&#8221; button_url=&#8221;https:\/\/www.pitturiamo.shop\/es\/strumenti\/pitturiamo\/&#8221; background_color=&#8221;#dedede&#8221; use_background_color=&#8221;on&#8221; background_layout=&#8221;light&#8221; text_orientation=&#8221;center&#8221; url_new_window=&#8221;off&#8221; use_border_color=&#8221;off&#8221; border_color=&#8221;#ffffff&#8221; border_style=&#8221;solid&#8221; custom_button=&#8221;on&#8221; button_letter_spacing=&#8221;0&#8243; button_use_icon=&#8221;default&#8221; button_icon_placement=&#8221;right&#8221; button_on_hover=&#8221;on&#8221; button_letter_spacing_hover=&#8221;0&#8243; body_font_size=&#8221;15&#8243; button_text=&#8221;Lee nuestras propuestas&#8221; custom_css_main_element=&#8221;min-height:500px;||height:auto !important;||height:500px;||border-radius:10px;||&#8221; button_text_color_hover=&#8221;#ffffff&#8221;]<\/p>\n<p>Mejora tu presencia en <a href=\"https:\/\/www.pitturiamo.com\">PitturiAmo, el portal de pintores contempor\u00e1neos, adquiriendo<\/a> nuestros servicios para aumentar la visibilidad en el portal. Subes tu ranking y obtienes m\u00e1s <strong>visualizaciones<\/strong> y <strong>contactos<\/strong>. Compra en <strong>la tienda PitturiAmo<\/strong> o directamente <strong>en la Zona Reservada. <\/strong>Servicios relacionados con<strong><a href=\"https:\/\/www.pitturiamo.com\"> PitturiAmo<\/a>.<\/strong>  <\/p>\n<p><a href=\"https:\/\/www.pitturiamo.com\"><img loading=\"lazy\" decoding=\"async\" class=\"size-full wp-image-406\" src=\"https:\/\/www.pitturiamo.shop\/wp-content\/uploads\/PitturiAmo-rotondo-1.png\" alt=\"Ventas de pintura online\" width=\"100\" height=\"100\"><\/a><\/p>\n<p>[\/et_pb_cta][\/et_pb_column][et_pb_column type=&#8221;1_3&#8243;][et_pb_cta admin_label=&#8221;Visibilidad online&#8221; title=&#8221;Promociona tu vida en Internet&#8221; button_url=&#8221;https:\/\/www.pitturiamo.shop\/es\/strumenti\/internet\/&#8221; background_color=&#8221;#dedede&#8221; use_background_color=&#8221;on&#8221; background_layout=&#8221;light&#8221; text_orientation=&#8221;center&#8221; url_new_window=&#8221;off&#8221; use_border_color=&#8221;off&#8221; border_color=&#8221;#ffffff&#8221; border_style=&#8221;solid&#8221; custom_button=&#8221;on&#8221; button_letter_spacing=&#8221;0&#8243; button_use_icon=&#8221;default&#8221; button_icon_placement=&#8221;right&#8221; button_on_hover=&#8221;on&#8221; button_letter_spacing_hover=&#8221;0&#8243; body_font_size=&#8221;15&#8243; button_text=&#8221;Lee nuestras propuestas&#8221; custom_css_main_element=&#8221;min-height:500px;||height:auto !important;||height:500px;||border-radius:10px;&#8221; button_text_color_hover=&#8221;#ffffff&#8221;]<\/p>\n<p>Aumenta tu <strong>visibilidad online<\/strong> aprovechando los canales que ofrecen <strong>Google<\/strong>, <strong>Facebook<\/strong> y otras herramientas promocionales. Crea <strong>campa\u00f1as promocionales<\/strong> en <strong>motores de b\u00fasqueda<\/strong> y <strong>redes sociales<\/strong> totalmente independientes y libres de PitturiAmo. Hazte notar en <strong>todos los dem\u00e1s sitios de arte<\/strong> tambi\u00e9n.  <\/p>\n<p><img loading=\"lazy\" decoding=\"async\" class=\"aligncenter size-full wp-image-410\" src=\"https:\/\/www.pitturiamo.shop\/wp-content\/uploads\/FB-GG-1.png\" alt=\"\" width=\"200\" height=\"100\" srcset=\"https:\/\/www.pitturiamo.shop\/wp-content\/uploads\/FB-GG-1.png 200w, https:\/\/www.pitturiamo.shop\/wp-content\/uploads\/FB-GG-1-150x75.png 150w\" sizes=\"auto, (max-width: 200px) 100vw, 200px\" \/><\/p>\n<p>[\/et_pb_cta][\/et_pb_column][et_pb_column type=&#8221;1_3&#8243;][et_pb_cta admin_label=&#8221;Herramientas de promoci\u00f3n&#8221; title=&#8221;Promociona tu vida en eventos en directo&#8221; button_url=&#8221;https:\/\/www.pitturiamo.shop\/es\/strumenti\/exposiciones-ferias-eventos\/&#8221; background_color=&#8221;#dedede&#8221; use_background_color=&#8221;on&#8221; background_layout=&#8221;light&#8221; text_orientation=&#8221;center&#8221; url_new_window=&#8221;off&#8221; use_border_color=&#8221;off&#8221; border_color=&#8221;#ffffff&#8221; border_style=&#8221;solid&#8221; custom_button=&#8221;on&#8221; button_letter_spacing=&#8221;0&#8243; button_use_icon=&#8221;default&#8221; button_icon_placement=&#8221;right&#8221; button_on_hover=&#8221;on&#8221; button_letter_spacing_hover=&#8221;0&#8243; body_font_size=&#8221;15&#8243; button_text=&#8221;Lee nuestras propuestas&#8221; custom_css_main_element=&#8221;min-height:500px;||height:auto !important;||height:500px;||border-radius:10px;&#8221; button_text_color_hover=&#8221;#ffffff&#8221;]<\/p>\n<p>Crea <strong>herramientas de promoci\u00f3n<\/strong> que te ayuden a hacerte m\u00e1s conocido en <strong>el mundo real<\/strong>. Tu arte debe comunicarse por todos los medios, incluso los <strong>de papel<\/strong>. Crea <strong>folletos<\/strong>, <strong>cat\u00e1logos<\/strong>, <strong>tarjetas de visita<\/strong> y <strong>cr\u00edticas<\/strong> para difundir durante tus eventos.  <\/p>\n<p><img loading=\"lazy\" decoding=\"async\" class=\"aligncenter size-full wp-image-420\" src=\"https:\/\/www.pitturiamo.shop\/wp-content\/uploads\/Eventi-arte.png\" alt=\"\" width=\"100\" height=\"100\"><\/p>\n<p>[\/et_pb_cta][\/et_pb_column][\/et_pb_row][\/et_pb_section][et_pb_section admin_label=&#8221;Sezione&#8221; fullwidth=&#8221;off&#8221; specialty=&#8221;off&#8221;][et_pb_row admin_label=&#8221;Riga&#8221;][et_pb_column type=&#8221;4_4&#8243;][et_pb_text admin_label=&#8221;Testo&#8221; background_layout=&#8221;light&#8221; text_orientation=&#8221;left&#8221; use_border_color=&#8221;off&#8221; border_color=&#8221;#ffffff&#8221; border_style=&#8221;solid&#8221;]<\/p>\n<h2 style=\"text-align: center;\"><strong>\u00bfNo conoces PitturiAmo?<\/strong><\/h2>\n<h3 style=\"text-align: center;\">Mira nuestros buenos v\u00eddeos de presentaciones.<\/h3>\n<p>[\/et_pb_text][\/et_pb_column][\/et_pb_row][et_pb_row admin_label=&#8221;Riga&#8221;][et_pb_column type=&#8221;1_3&#8243;][et_pb_video admin_label=&#8221;Video&#8221; src=&#8221;https:\/\/www.youtube.com\/watch?v=R3alSTrm1jA&#8221; image_src=&#8221;https:\/\/www.pitturiamo.shop\/wp-content\/uploads\/video-pitturiamo-1-1.jpg&#8221; src_webm=&#8221;https:\/\/www.youtube.com\/watch?v=R3alSTrm1jA&#8221;]<\/p>\n<p>[\/et_pb_video][\/et_pb_column][et_pb_column type=&#8221;1_3&#8243;][et_pb_video admin_label=&#8221;Video&#8221; src=&#8221;https:\/\/www.youtube.com\/watch?v=WVDomjuT-So&#8221; image_src=&#8221;https:\/\/www.pitturiamo.shop\/wp-content\/uploads\/video-pitturiamo-2.jpg&#8221; src_webm=&#8221;https:\/\/www.youtube.com\/watch?v=WVDomjuT-So&#8221;]<\/p>\n<p>[\/et_pb_video][\/et_pb_column][et_pb_column type=&#8221;1_3&#8243;][et_pb_code admin_label=&#8221;C\u00f3digo&#8221;]&lt;iframe src=&#8221;https:\/\/www.facebook.com\/plugins\/video.php?href=https%3A%2F%2Fwww.facebook.com%2FPitturiAmo%2Fvideos%2F1521091561332925%2F&amp;show_text=0&amp;width=560&#8243; ancho=&#8221;560&#8243; altura=&#8221;315&#8243; estilo=&#8221;borde:ninguno; overflow:hidden&#8221; scrolling=&#8221;no&#8221; frameborder=&#8221;0&#8243; allowTransparency=&#8221;true&#8221; allowFullScreen=&#8221;true&#8221;&gt;&lt;\/iframe&gt;[\/et_pb_code][\/et_pb_column][\/et_pb_row][\/et_pb_section][et_pb_section admin_label=&#8221;Sezione&#8221; fullwidth=&#8221;off&#8221; specialty=&#8221;off&#8221; transparent_background=&#8221;off&#8221; allow_player_pause=&#8221;off&#8221; inner_shadow=&#8221;off&#8221; parallax=&#8221;off&#8221; parallax_method=&#8221;off&#8221; custom_padding=&#8221;0px||0px|&#8221; make_fullwidth=&#8221;off&#8221; use_custom_width=&#8221;off&#8221; width_unit=&#8221;on&#8221; make_equal=&#8221;off&#8221; use_custom_gutter=&#8221;off&#8221;][et_pb_row admin_label=&#8221;Riga&#8221; make_fullwidth=&#8221;off&#8221; use_custom_width=&#8221;off&#8221; width_unit=&#8221;on&#8221; use_custom_gutter=&#8221;off&#8221; allow_player_pause=&#8221;off&#8221; parallax=&#8221;off&#8221; parallax_method=&#8221;off&#8221; make_equal=&#8221;off&#8221; parallax_1=&#8221;off&#8221; parallax_method_1=&#8221;off&#8221; custom_padding=&#8221;||0px|&#8221;][et_pb_column type=&#8221;4_4&#8243;][et_pb_text admin_label=&#8221;Testo&#8221; background_layout=&#8221;light&#8221; text_orientation=&#8221;left&#8221; use_border_color=&#8221;off&#8221; border_color=&#8221;#ffffff&#8221; border_style=&#8221;solid&#8221;]<\/p>\n<h3>Nuestros art\u00edculos m\u00e1s populares<\/h3>\n<p>[\/et_pb_text][et_pb_shop admin_label=&#8221;Prodotti pi\u00f9 popolari&#8221; type=&#8221;best_selling&#8221; posts_number=&#8221;8&#8243; columns=&#8221;3&#8243; orderby=&#8221;popularity&#8221; columns_number=&#8221;0&#8243; price_line_height=&#8221;20px&#8221; price_font_size=&#8221;15&#8243; title_font_size=&#8221;18&#8243;]<\/p>\n<p>[\/et_pb_shop][\/et_pb_column][\/et_pb_row][\/et_pb_section]<\/p>\n","protected":false},"excerpt":{"rendered":"<p>[et_pb_section admin_label=&#8221;section&#8221; fullwidth=&#8221;on&#8221; specialty=&#8221;off&#8221; background_color=&#8221;#b2ede0&#8243; inner_shadow=&#8221;off&#8221; parallax=&#8221;off&#8221;][et_pb_fullwidth_slider admin_label=&#8221;Fullwidth Slider&#8221; show_arrows=&#8221;on&#8221; show_pagination=&#8221;off&#8221; auto=&#8221;on&#8221; parallax=&#8221;off&#8221; auto_speed=&#8221;10000&#8243; auto_ignore_hover=&#8221;off&#8221; parallax_method=&#8221;off&#8221; remove_inner_shadow=&#8221;off&#8221; background_position=&#8221;default&#8221; background_size=&#8221;default&#8221; hide_content_on_mobile=&#8221;off&#8221; hide_cta_on_mobile=&#8221;off&#8221; show_image_video_mobile=&#8221;on&#8221; custom_button=&#8221;off&#8221; button_letter_spacing=&#8221;0&#8243; button_use_icon=&#8221;default&#8221; button_icon_placement=&#8221;right&#8221; button_on_hover=&#8221;on&#8221; button_letter_spacing_hover=&#8221;0&#8243; body_font_size=&#8221;14&#8243; body_line_height=&#8221;1.3em&#8221; header_line_height=&#8221;1.3em&#8221;] [et_pb_slide background_position=&#8221;center&#8221; background_size=&#8221;default&#8221; background_color=&#8221;#ffffff&#8221; use_bg_overlay=&#8221;off&#8221; use_text_overlay=&#8221;on&#8221; alignment=&#8221;center&#8221; background_layout=&#8221;dark&#8221; allow_player_pause=&#8221;off&#8221; text_border_radius=&#8221;3&#8243; header_font_select=&#8221;default&#8221; header_font=&#8221;||||&#8221; body_font_select=&#8221;default&#8221; body_font=&#8221;||||&#8221; custom_button=&#8221;off&#8221; button_font_select=&#8221;default&#8221; button_font=&#8221;||||&#8221; button_use_icon=&#8221;default&#8221; button_icon_placement=&#8221;right&#8221; button_on_hover=&#8221;on&#8221; background_image=&#8221;https:\/\/www.pitturiamo.shop\/wp-content\/uploads\/laghetto-di-montagna-mario-salvo.jpg&#8221; button_text=&#8221;Reserva ahora&#8221; button_link=&#8221;https:\/\/www.pitturiamo.shop\/promozione-artista\/mostre-fiere-eventi\/le-interviste-di-pitturiamo\/&#8221; [&hellip;]<\/p>\n","protected":false},"author":1,"featured_media":0,"parent":0,"menu_order":1,"comment_status":"closed","ping_status":"closed","template":"","meta":{"footnotes":""},"class_list":["post-9410","page","type-page","status-publish","hentry"],"_links":{"self":[{"href":"https:\/\/www.pitturiamo.shop\/es\/wp-json\/wp\/v2\/pages\/9410","targetHints":{"allow":["GET"]}}],"collection":[{"href":"https:\/\/www.pitturiamo.shop\/es\/wp-json\/wp\/v2\/pages"}],"about":[{"href":"https:\/\/www.pitturiamo.shop\/es\/wp-json\/wp\/v2\/types\/page"}],"author":[{"embeddable":true,"href":"https:\/\/www.pitturiamo.shop\/es\/wp-json\/wp\/v2\/users\/1"}],"replies":[{"embeddable":true,"href":"https:\/\/www.pitturiamo.shop\/es\/wp-json\/wp\/v2\/comments?post=9410"}],"version-history":[{"count":5,"href":"https:\/\/www.pitturiamo.shop\/es\/wp-json\/wp\/v2\/pages\/9410\/revisions"}],"predecessor-version":[{"id":9455,"href":"https:\/\/www.pitturiamo.shop\/es\/wp-json\/wp\/v2\/pages\/9410\/revisions\/9455"}],"wp:attachment":[{"href":"https:\/\/www.pitturiamo.shop\/es\/wp-json\/wp\/v2\/media?parent=9410"}],"curies":[{"name":"wp","href":"https:\/\/api.w.org\/{rel}","templated":true}]}}