{"id":9381,"date":"2017-01-10T10:48:47","date_gmt":"2017-01-10T09:48:47","guid":{"rendered":"https:\/\/www.pitturiamo.shop\/contactanos\/"},"modified":"2017-01-10T10:48:47","modified_gmt":"2017-01-10T09:48:47","slug":"contactanos","status":"publish","type":"page","link":"https:\/\/www.pitturiamo.shop\/es\/contactanos\/","title":{"rendered":"Cont\u00e1ctanos"},"content":{"rendered":"<p><strong>Para cualquier informaci\u00f3n o para solicitar un presupuesto gratuito, contacta con PitturiAmo Shop. Rellena los campos de abajo y recibir\u00e1s la respuesta lo antes posible.<\/strong><\/p>\n<p>Los datos introducidos no ser\u00e1n transferidos a terceros ni se utilizar\u00e1n para ning\u00fan otro prop\u00f3sito distinto al que fueron solicitados. Solo puedes rellenar los campos que consideres apropiados, pero si deseas una respuesta, perm\u00edtenos contactar contigo dejando una direcci\u00f3n v\u00e1lida.<\/p>\n<p>Para cualquier informaci\u00f3n tambi\u00e9n puedes contactarnos de forma tradicional:<\/p>\n<p style=\"padding-left: 60px;\">Tienda<br \/>\n <strong><em>PitturiAmo<\/em><\/strong><strong><em>PitturiAmo APS<\/em><\/strong><br \/>\n<em> V\u00eda Filippo Turati n\u00ba 22 \u2013 93100 Caltanissetta (CL \u2013 Sicilia \u2013 Italia)<\/em><br \/>\n<em> M\u00f3vil: +39 350 009 9415<\/em><br \/>\n<em> Tel\u00e9fono y fax: +39 0934 597211<\/em><\/p>\n<div role=\"form\" class=\"wpcf7\" id=\"wpcf7-f10616-o1\" lang=\"es-ES\" dir=\"ltr\">\n<div class=\"screen-reader-response\"><\/div>\n<form action=\"\/es\/wp-json\/wp\/v2\/pages\/9381#wpcf7-f10616-o1\" method=\"post\" class=\"wpcf7-form\" novalidate=\"novalidate\">\n<div style=\"display: none;\">\n<input type=\"hidden\" name=\"_wpcf7\" value=\"10616\" \/>\n<input type=\"hidden\" name=\"_wpcf7_version\" value=\"4.9.1\" \/>\n<input type=\"hidden\" name=\"_wpcf7_locale\" value=\"es_ES\" \/>\n<input type=\"hidden\" name=\"_wpcf7_unit_tag\" value=\"wpcf7-f10616-o1\" \/>\n<input type=\"hidden\" name=\"_wpcf7_container_post\" value=\"0\" \/>\n<\/div>\n<div style=\"border:2px solid #9e2362; padding: 4%; margin: 2%; background-color:#f1f1f1; border-radius:10px;\">\n<h3><strong>Rellena el siguiente formulario para solicitar informaci\u00f3n<\/strong><\/h3>\n<p><span class=\"wpcf7-form-control-wrap nombre\"><input type=\"text\" name=\"nombre\" value=\"*Nombre\" size=\"40\" class=\"wpcf7-form-control wpcf7-text wpcf7-validates-as-required\" aria-required=\"true\" aria-invalid=\"false\" \/><\/span><\/p>\n<p><span class=\"wpcf7-form-control-wrap apellido\"><input type=\"text\" name=\"apellido\" value=\"*Apellido\" size=\"40\" class=\"wpcf7-form-control wpcf7-text wpcf7-validates-as-required\" aria-required=\"true\" aria-invalid=\"false\" \/><\/span><\/p>\n<p><\/p>\n<p><span class=\"wpcf7-form-control-wrap telefono\"><input type=\"text\" name=\"telefono\" value=\"\" size=\"40\" class=\"wpcf7-form-control wpcf7-text\" aria-invalid=\"false\" placeholder=\"Tel\u00e9fono\" \/><\/span><\/p>\n<p>Seleccione una provincia:<\/p>\n<p><span class=\"wpcf7-form-control-wrap provincia\"><select name=\"provincia\" class=\"wpcf7-form-control wpcf7-select\" aria-invalid=\"false\"><option value=\"\">---<\/option><option value=\"Agrigento\">Agrigento<\/option><option value=\"Alejandr\u00eda\">Alejandr\u00eda<\/option><option value=\"Ancona\">Ancona<\/option><option value=\"Aosta\">Aosta<\/option><option value=\"Arezzo\">Arezzo<\/option><option value=\"Ascoli Piceno\">Ascoli Piceno<\/option><option value=\"Asti\">Asti<\/option><option value=\"Avellino\">Avellino<\/option><option value=\"Bari\">Bari<\/option><option value=\"Barletta-Andria-Trani\">Barletta-Andria-Trani<\/option><option value=\"Belluno\">Belluno<\/option><option value=\"Benevento\">Benevento<\/option><option value=\"B\u00e9rgamo\">B\u00e9rgamo<\/option><option value=\"Biela\">Biela<\/option><option value=\"Bolonia\">Bolonia<\/option><option value=\"Bolzano\">Bolzano<\/option><option value=\"Brescia\">Brescia<\/option><option value=\"Brindisi\">Brindisi<\/option><option value=\"Cagliari\">Cagliari<\/option><option value=\"Caltanissetta\">Caltanissetta<\/option><option value=\"Campobasso\">Campobasso<\/option><option value=\"Carbonia-Iglesias\">Carbonia-Iglesias<\/option><option value=\"Caserta\">Caserta<\/option><option value=\"Catania\">Catania<\/option><option value=\"Catanzaro\">Catanzaro<\/option><option value=\"Chieti\">Chieti<\/option><option value=\"Como\">Como<\/option><option value=\"Cosenza\">Cosenza<\/option><option value=\"Cremona\">Cremona<\/option><option value=\"Crotone\">Crotone<\/option><option value=\"Cuneo\">Cuneo<\/option><option value=\"Enna\">Enna<\/option><option value=\"Ferrara\">Ferrara<\/option><option value=\"Empresa\">Empresa<\/option><option value=\"Florencia\">Florencia<\/option><option value=\"Foggia\">Foggia<\/option><option value=\"Forl\u00ec-Cesena\">Forl\u00ec-Cesena<\/option><option value=\"Frosinone\">Frosinone<\/option><option value=\"G\u00e9nova\">G\u00e9nova<\/option><option value=\"Gorizia\">Gorizia<\/option><option value=\"Grosseto\">Grosseto<\/option><option value=\"Imperia\">Imperia<\/option><option value=\"Isernia&quot; &quot;L&#039;Aquila\">Isernia&quot; &quot;L&#039;Aquila<\/option><option value=\"La Spezia\">La Spezia<\/option><option value=\"Latina\">Latina<\/option><option value=\"Lecce\">Lecce<\/option><option value=\"Lecco\">Lecco<\/option><option value=\"Livorno\">Livorno<\/option><option value=\"Elogios\">Elogios<\/option><option value=\"Lucca\">Lucca<\/option><option value=\"Macerata\">Macerata<\/option><option value=\"Mantua\">Mantua<\/option><option value=\"Massa Carrara\">Massa Carrara<\/option><option value=\"Matera\">Matera<\/option><option value=\"Campidano Medio\">Campidano Medio<\/option><option value=\"Messina\">Messina<\/option><option value=\"Mil\u00e1n\">Mil\u00e1n<\/option><option value=\"M\u00f3dena\">M\u00f3dena<\/option><option value=\"Monza y Brianza\">Monza y Brianza<\/option><option value=\"N\u00e1poles\">N\u00e1poles<\/option><option value=\"Novara\">Novara<\/option><option value=\"Nuoro\">Nuoro<\/option><option value=\"Ogliastra\">Ogliastra<\/option><option value=\"Olbia-Tempio\">Olbia-Tempio<\/option><option value=\"Oristano\">Oristano<\/option><option value=\"Padua\">Padua<\/option><option value=\"Palermo\">Palermo<\/option><option value=\"Parma\">Parma<\/option><option value=\"Pav\u00eda\">Pav\u00eda<\/option><option value=\"Perugia\">Perugia<\/option><option value=\"Pesaro Urbino\">Pesaro Urbino<\/option><option value=\"Pescara\">Pescara<\/option><option value=\"Piacenza\">Piacenza<\/option><option value=\"Pisa\">Pisa<\/option><option value=\"Pistoia\">Pistoia<\/option><option value=\"Pordenone\">Pordenone<\/option><option value=\"Energ\u00eda\">Energ\u00eda<\/option><option value=\"C\u00e9sped\">C\u00e9sped<\/option><option value=\"Ragusa\">Ragusa<\/option><option value=\"Ravenna\">Ravenna<\/option><option value=\"Reggio Calabria\">Reggio Calabria<\/option><option value=\"Reggio Emilia\">Reggio Emilia<\/option><option value=\"Rieti\">Rieti<\/option><option value=\"R\u00edmini\">R\u00edmini<\/option><option value=\"Roma\">Roma<\/option><option value=\"Rovigo\">Rovigo<\/option><option value=\"Salerno\">Salerno<\/option><option value=\"Sassari\">Sassari<\/option><option value=\"Savona\">Savona<\/option><option value=\"Siena\">Siena<\/option><option value=\"Syracuse\">Syracuse<\/option><option value=\"Sondrio\">Sondrio<\/option><option value=\"Tarento\">Tarento<\/option><option value=\"Teramo\">Teramo<\/option><option value=\"Terni\">Terni<\/option><option value=\"Tur\u00edn\">Tur\u00edn<\/option><option value=\"Ejercicios\">Ejercicios<\/option><option value=\"Trento\">Trento<\/option><option value=\"Treviso\">Treviso<\/option><option value=\"Trieste\">Trieste<\/option><option value=\"Udine\">Udine<\/option><option value=\"Varese\">Varese<\/option><option value=\"Venecia\">Venecia<\/option><option value=\"Verbano-Cusio-Ossola\">Verbano-Cusio-Ossola<\/option><option value=\"Vercelli\">Vercelli<\/option><option value=\"Venecia\">Venecia<\/option><option value=\"Verona\">Verona<\/option><option value=\"Vibo Valentia\">Vibo Valentia<\/option><option value=\"Vicenza\">Vicenza<\/option><option value=\"Viterbo\">Viterbo<\/option><\/select><\/span><\/p>\n<p><span class=\"wpcf7-form-control-wrap messaggio\"><textarea name=\"messaggio\" cols=\"40\" rows=\"10\" class=\"wpcf7-form-control wpcf7-textarea\" aria-invalid=\"false\" placeholder=\"Mensaje\"><\/textarea><\/span><\/p>\n<p><span class=\"wpcf7-form-control-wrap accetta1\"><input type=\"checkbox\" name=\"accetta1\" value=\"1\" class=\"wpcf7-form-control wpcf7-acceptance\" id=\"accetta1\" aria-invalid=\"false\" \/><\/span>He le\u00eddo la <a href=\"https:\/\/www.pitturiamo.shop\/privacy-policy\/\" title=\"Lee las cl\u00e1usulas de la Pol\u00edtica de Privacidad - PitturiAmo Shop\" target=\"_blank\"><strong>pol\u00edtica de privacidad<\/strong><\/a> y expreso mi consentimiento para el tratamiento de datos personales conforme al art. 13 del Decreto Legislativo 196\/2003. *<\/p>\n<p>\u00bfTe gustar\u00eda recibir informaci\u00f3n peri\u00f3dica a trav\u00e9s de un bolet\u00edn? <span class=\"wpcf7-form-control-wrap newsletter\"><span class=\"wpcf7-form-control wpcf7-radio\" id=\"newsletter\"><span class=\"wpcf7-list-item first\"><input type=\"radio\" name=\"newsletter\" value=\"S\u00cd\" \/><span class=\"wpcf7-list-item-label\">S\u00cd<\/span><\/span><span class=\"wpcf7-list-item last\"><input type=\"radio\" name=\"newsletter\" value=\"NO\" checked=\"checked\" \/><span class=\"wpcf7-list-item-label\">NO<\/span><\/span><\/span><\/span><\/p>\n<p><span class=\"wpcf7-form-control-wrap capital-quiz\"><label><span class=\"wpcf7-quiz-label\">\u00bfLa capital de Jap\u00f3n es Roma o Tokio?Tokio<\/span> <input type=\"text\" name=\"capital-quiz\" size=\"40\" class=\"wpcf7-form-control wpcf7-quiz\" id=\"qatest\" autocomplete=\"off\" aria-required=\"true\" aria-invalid=\"false\" \/><\/label><input type=\"hidden\" name=\"_wpcf7_quiz_answer_capital-quiz\" value=\"b60a03f758c31cc660fd7984f24ad0f2\" \/><\/span><\/p>\n<div class=\"wpcf7-form-control-wrap\"><div data-sitekey=\"6LeMEScUAAAAAKcOGvywnS0sTMdKw7867hBcSd_g\" data-size=\"compact\" class=\"wpcf7-form-control g-recaptcha wpcf7-recaptcha recaptcha\" id=\"recaptcha\"><\/div>\n<noscript>\n\t<div style=\"width: 302px; height: 422px;\">\n\t\t<div style=\"width: 302px; height: 422px; position: relative;\">\n\t\t\t<div style=\"width: 302px; height: 422px; position: absolute;\">\n\t\t\t\t<iframe src=\"https:\/\/www.google.com\/recaptcha\/api\/fallback?k=6LeMEScUAAAAAKcOGvywnS0sTMdKw7867hBcSd_g\" frameborder=\"0\" scrolling=\"no\" style=\"width: 302px; height:422px; border-style: none;\">\n\t\t\t\t<\/iframe>\n\t\t\t<\/div>\n\t\t\t<div style=\"width: 300px; height: 60px; border-style: none; bottom: 12px; left: 25px; margin: 0px; padding: 0px; right: 25px; background: #f9f9f9; border: 1px solid #c1c1c1; border-radius: 3px;\">\n\t\t\t\t<textarea id=\"g-recaptcha-response\" name=\"g-recaptcha-response\" class=\"g-recaptcha-response\" style=\"width: 250px; height: 40px; border: 1px solid #c1c1c1; margin: 10px 25px; padding: 0px; resize: none;\">\n\t\t\t\t<\/textarea>\n\t\t\t<\/div>\n\t\t<\/div>\n\t<\/div>\n<\/noscript>\n<\/div>\n<p><input type=\"submit\" value=\"ENVIAR\" class=\"wpcf7-form-control wpcf7-submit Invia\" \/><\/p>\n<p><strong>*campos obligatorios<\/strong><\/p>\n<p>Para activar el bot\u00f3n, seleccione la casilla relacionada con la pol\u00edtica de privacidad\n<\/p><\/div>\n<div class=\"wpcf7-response-output wpcf7-display-none\"><\/div><\/form><\/div>\n","protected":false},"excerpt":{"rendered":"<p>Para cualquier informaci\u00f3n o para solicitar un presupuesto gratuito, contacta con PitturiAmo Shop. Rellena los campos de abajo y recibir\u00e1s la respuesta lo antes posible. Los datos introducidos no ser\u00e1n transferidos a terceros ni se utilizar\u00e1n para ning\u00fan otro prop\u00f3sito distinto al que fueron solicitados. Solo puedes rellenar los campos que consideres apropiados, pero si [&hellip;]<\/p>\n","protected":false},"author":1,"featured_media":0,"parent":0,"menu_order":90,"comment_status":"closed","ping_status":"closed","template":"","meta":{"footnotes":""},"class_list":["post-9381","page","type-page","status-publish","hentry"],"_links":{"self":[{"href":"https:\/\/www.pitturiamo.shop\/es\/wp-json\/wp\/v2\/pages\/9381","targetHints":{"allow":["GET"]}}],"collection":[{"href":"https:\/\/www.pitturiamo.shop\/es\/wp-json\/wp\/v2\/pages"}],"about":[{"href":"https:\/\/www.pitturiamo.shop\/es\/wp-json\/wp\/v2\/types\/page"}],"author":[{"embeddable":true,"href":"https:\/\/www.pitturiamo.shop\/es\/wp-json\/wp\/v2\/users\/1"}],"replies":[{"embeddable":true,"href":"https:\/\/www.pitturiamo.shop\/es\/wp-json\/wp\/v2\/comments?post=9381"}],"version-history":[{"count":0,"href":"https:\/\/www.pitturiamo.shop\/es\/wp-json\/wp\/v2\/pages\/9381\/revisions"}],"wp:attachment":[{"href":"https:\/\/www.pitturiamo.shop\/es\/wp-json\/wp\/v2\/media?parent=9381"}],"curies":[{"name":"wp","href":"https:\/\/api.w.org\/{rel}","templated":true}]}}