{"id":9045,"date":"2022-01-13T10:45:59","date_gmt":"2022-01-13T09:45:59","guid":{"rendered":"https:\/\/www.pitturiamo.shop\/politica-de-cookies\/"},"modified":"2022-01-13T10:45:59","modified_gmt":"2022-01-13T09:45:59","slug":"politica-de-cookies","status":"publish","type":"page","link":"https:\/\/www.pitturiamo.shop\/es\/politica-de-cookies\/","title":{"rendered":"Pol\u00edtica de Cookies"},"content":{"rendered":"<h2><strong>Pol\u00edtica de Cookies Ampliada<\/strong><\/h2>\n<p>El 3 de junio de 2014, la Autoridad Italiana de Protecci\u00f3n de Datos public\u00f3 en el Diario Oficial la disposici\u00f3n para la identificaci\u00f3n de procedimientos simplificados para la informaci\u00f3n y la obtenci\u00f3n de consentimiento para el uso de cookies, identificando tambi\u00e9n las responsabilidades de los &#8220;editores&#8221; y &#8220;terceros&#8221; en relaci\u00f3n con estas obligaciones (disposici\u00f3n n\u00ba 229 de 8 de mayo de 2014).<\/p>\n<h3><strong>\u00bfQu\u00e9 son las galletas?<\/strong><\/h3>\n<p>Una &#8220;cookie&#8221; es un archivo de texto que los sitios web env\u00edan al ordenador del visitante para identificar de forma \u00fanica el navegador del visitante o para guardar informaci\u00f3n o ajustes en el navegador. Cuando vuelvas al sitio, esta informaci\u00f3n se puede recuperar. Mientras navega por un sitio, el usuario tambi\u00e9n puede recibir cookies en su terminal de sitios distintos al que visita (&#8220;terceros&#8221;); Esto puede ocurrir porque la web que visitas tambi\u00e9n puede incluir elementos como estad\u00edsticas, chats, im\u00e1genes, mapas, etc. que residen en servidores distintos al que est\u00e1s visitando.<\/p>\n<h3><strong>Tipos de galletas<\/strong><\/h3>\n<ul>\n<li>Cookies t\u00e9cnicas: son de 2 tipos;\n<ul>\n<li><strong>Persistentes:<\/strong> una vez que el navegador est\u00e1 cerrado, no se destruyen sino que permanecen hasta una fecha de caducidad preestablecida;<\/li>\n<li><strong>de Session: <\/strong>se destruyen cada vez que se cierra el navegador, se utilizan \u00fanicamente con el prop\u00f3sito de seguir la sesi\u00f3n del usuario durante la navegaci\u00f3n, permitiendo, por ejemplo, realizar una compra o autenticarse para acceder a \u00e1reas restringidas.<\/li>\n<\/ul>\n<\/li>\n<li>Cookies anal\u00edticas: Tienen fines estad\u00edsticos y se asimilan a cookies t\u00e9cnicas; recopilan informaci\u00f3n, en forma agregada, sobre accesos, n\u00famero de usuarios y c\u00f3mo utilizan el sitio.<\/li>\n<li>Cookies funcionales: son aquellas que almacenan, para mejorar el servicio, algunas preferencias de usuario como el idioma, productos seleccionados para la compra, etc.<\/li>\n<li>Cookies de perfil: el objetivo es crear perfiles relacionados con el usuario y luego mostrar mensajes publicitarios en l\u00ednea con las preferencias expresadas por el usuario al navegar por la web.<\/li>\n<\/ul>\n<h3><strong>La Autoridad distingue las obligaciones mencionadas seg\u00fan el tipo de cookies utilizadas:<\/strong><\/h3>\n<ul>\n<li>Cookies t\u00e9cnicas a las que tambi\u00e9n se asocian cookies de navegaci\u00f3n, cookies de an\u00e1lisis y cookies de funcionalidad, para las que no se requiere consentimiento, sin perjuicio de la obligaci\u00f3n de informar sobre su uso;<\/li>\n<li>Cookies de perfil. Para este tipo de cookie, se requiere el consentimiento del usuario para sus prop\u00f3sitos de instalaci\u00f3n, adem\u00e1s de la informaci\u00f3n. En cuanto a las cookies de perfilado, los &#8220;editores&#8221; deben poner a disposici\u00f3n de los usuarios, al acceder a la P\u00e1gina de Inicio u otra p\u00e1gina del sitio, una breve informaci\u00f3n sobre el uso de cookies de perfilado que contenga un enlace que permita acceder a informaci\u00f3n m\u00e1s detallada, incluyendo, si existe, tambi\u00e9n informaci\u00f3n relacionada con cookies de terceros. Debe quedar claro en el texto de la comunicaci\u00f3n que la continuaci\u00f3n de la navegaci\u00f3n constituye consentimiento para el uso de cookies.   <\/li>\n<\/ul>\n<h3><strong>\u00bfQu\u00e9 cookies se utilizan en el sitio?<\/strong><\/h3>\n<ul>\n<li>El sitio <strong>utiliza cookies t\u00e9cnicas<\/strong> que son esenciales para el funcionamiento del propio sitio. Estas cookies no se almacenan en el ordenador del usuario, sino que permanecen en la memoria del navegador solo durante el tiempo de la sesi\u00f3n de navegaci\u00f3n en el sitio. <\/li>\n<li>El sitio contiene componentes externos, como mapas, estad\u00edsticas, iconos sociales y, por tanto, se pueden utilizar cookies de terceros; los enlaces a las pol\u00edticas correspondientes se indican a continuaci\u00f3n. Este sitio no tiene control sobre las cookies que utilizan terceros, que tienen su propia pol\u00edtica de privacidad que puede ser diferente a la adoptada por este sitio. <\/li>\n<\/ul>\n<h3><strong>A continuaci\u00f3n, es posible consultar las pol\u00edticas de privacidad de estos terceros presentes en el sitio.<\/strong><\/h3>\n<ul>\n<li>El sitio utiliza estad\u00edsticas <strong>de Google<\/strong> Analytics <a href=\"https:\/\/www.google.com\/analytics\/learn\/privacy.html?hl=it\" target=\"_blank\" rel=\"noopener noreferrer\">Pol\u00edtica de privacidad<\/a> \u2013 <a href=\"https:\/\/www.google.it\/policies\/privacy\/partners\/\" target=\"_blank\" rel=\"noopener noreferrer\">Pol\u00edtica de privacidad de socios<\/a> \u2013 <a href=\"https:\/\/www.google.it\/intl\/it\/policies\/technologies\/cookies\/\" target=\"_blank\" rel=\"noopener noreferrer\">Pol\u00edtica de cookies<\/a>;<\/li>\n<li>Es posible desactivar selectivamente la acci\u00f3n de Google Analytics instalando el <a href=\"https:\/\/tools.google.com\/dlpage\/gaoptout\/\" target=\"_blank\" rel=\"noopener noreferrer\">componente de exclusi\u00f3n proporcionado por Google<\/a> en tu navegador;<\/li>\n<li>El sitio utiliza un script <strong>de addthis<\/strong> para imprimir o compartir el contenido del sitio por correo electr\u00f3nico o a trav\u00e9s de redes sociales. <a href=\"http:\/\/www.addthis.com\/privacy?utm_source=mf&amp;utm_medium=link&amp;utm_content=AT_privacy_MF15PC&amp;utm_campaign=AT_privacy\" target=\"_blank\" rel=\"noopener noreferrer\">Pol\u00edtica de privacidad<\/a>.<\/li>\n<\/ul>\n<h3><strong>Otras pol\u00edticas de enlaces\/insignias en el sitio<\/strong><\/h3>\n<ul>\n<li>Google+ (<a href=\"http:\/\/www.google.com\/intl\/it_it\/policies\/technologies\/types\/\" target=\"_blank\" rel=\"noopener noreferrer\">divulgaci\u00f3n<\/a>)<\/li>\n<li>Google Maps (<a href=\"https:\/\/www.google.it\/intl\/it\/policies\/technologies\/cookies\/\" target=\"_blank\" rel=\"noopener noreferrer\">divulgaci\u00f3n<\/a>)<\/li>\n<li>Facebook (<a href=\"https:\/\/www.facebook.com\/help\/cookies\/\" target=\"_blank\" rel=\"noopener noreferrer\">divulgaci\u00f3n<\/a>)<\/li>\n<li>Twitter (<a href=\"https:\/\/support.twitter.com\/articles\/20170519-uso-dei-cookie-e-di-altre-tecnologie-simili-da-parte-di-twitter\" target=\"_blank\" rel=\"noopener noreferrer\">divulgaci\u00f3n<\/a>)<\/li>\n<li>LinkedIn (<a href=\"https:\/\/www.linkedin.com\/legal\/cookie-policy\" target=\"_blank\" rel=\"noopener noreferrer\">divulgaci\u00f3n<\/a>)<\/li>\n<li>YouTube (<a href=\"https:\/\/www.youtube.com\/static?template=privacy_guidelines&amp;gl=IT\" target=\"_blank\" rel=\"noopener noreferrer\">divulgaci\u00f3n<\/a>)<\/li>\n<\/ul>\n<p><strong>Al seguir navegando por el sitio aceptas el uso de las cookies indicadas<\/strong><\/p>\n<h3><strong>\u00bfC\u00f3mo puedo cambiar la configuraci\u00f3n de mis cookies?<\/strong><\/h3>\n<p>La mayor\u00eda de los softwares de navegaci\u00f3n o navegadores permiten eliminar cookies del disco duro de tu ordenador o incluso cambiar la configuraci\u00f3n, incluso con la posibilidad de bloquear la aceptaci\u00f3n de cookies; <strong>sin embargo, se\u00f1alamos que con configuraciones demasiado restrictivas, la mayor\u00eda de los sitios modernos no podr\u00e1n funcionar correctamente<\/strong>.<\/p>\n<h3><strong>C\u00f3mo cambiar la configuraci\u00f3n para:<\/strong><\/h3>\n<ul>\n<li><a href=\"http:\/\/www.google.com\/policies\/technologies\/managing\/\" target=\"http:\/\/www.google.com\/policies\/technologies\/managing\/\">Google Chrome<\/a><\/li>\n<li><a href=\"https:\/\/support.mozilla.org\/it\/kb\/Attivare%20e%20disattivare%20i%20cookie\" target=\"_blank\" rel=\"noopener noreferrer\">Mozilla Firefox<\/a><\/li>\n<li><a href=\"http:\/\/windows.microsoft.com\/it-it\/internet-explorer\/delete-manage-cookies#ie=ie-11\" target=\"_blank\" rel=\"noopener noreferrer\">Internet Explorer<\/a><\/li>\n<li><a href=\"https:\/\/support.apple.com\/it-it\/HT201265\" target=\"_blank\" rel=\"noopener noreferrer\">Safari<\/a><\/li>\n<li><a href=\"http:\/\/help.opera.com\/Mac\/12.10\/it\/cookies.html\" target=\"_blank\" rel=\"noopener noreferrer\">\u00d3pera<\/a><\/li>\n<\/ul>\n<p>Esta p\u00e1gina siempre se puede acceder desde el enlace <strong>de Pol\u00edtica de Cookies<\/strong> al final de todas las p\u00e1ginas del sitio.<\/p>\n","protected":false},"excerpt":{"rendered":"<p>Pol\u00edtica de Cookies Ampliada El 3 de junio de 2014, la Autoridad Italiana de Protecci\u00f3n de Datos public\u00f3 en el Diario Oficial la disposici\u00f3n para la identificaci\u00f3n de procedimientos simplificados para la informaci\u00f3n y la obtenci\u00f3n de consentimiento para el uso de cookies, identificando tambi\u00e9n las responsabilidades de los &#8220;editores&#8221; y &#8220;terceros&#8221; en relaci\u00f3n con [&hellip;]<\/p>\n","protected":false},"author":1,"featured_media":0,"parent":0,"menu_order":0,"comment_status":"closed","ping_status":"closed","template":"","meta":{"footnotes":""},"class_list":["post-9045","page","type-page","status-publish","hentry"],"_links":{"self":[{"href":"https:\/\/www.pitturiamo.shop\/es\/wp-json\/wp\/v2\/pages\/9045","targetHints":{"allow":["GET"]}}],"collection":[{"href":"https:\/\/www.pitturiamo.shop\/es\/wp-json\/wp\/v2\/pages"}],"about":[{"href":"https:\/\/www.pitturiamo.shop\/es\/wp-json\/wp\/v2\/types\/page"}],"author":[{"embeddable":true,"href":"https:\/\/www.pitturiamo.shop\/es\/wp-json\/wp\/v2\/users\/1"}],"replies":[{"embeddable":true,"href":"https:\/\/www.pitturiamo.shop\/es\/wp-json\/wp\/v2\/comments?post=9045"}],"version-history":[{"count":0,"href":"https:\/\/www.pitturiamo.shop\/es\/wp-json\/wp\/v2\/pages\/9045\/revisions"}],"wp:attachment":[{"href":"https:\/\/www.pitturiamo.shop\/es\/wp-json\/wp\/v2\/media?parent=9045"}],"curies":[{"name":"wp","href":"https:\/\/api.w.org\/{rel}","templated":true}]}}