{"id":10617,"date":"2017-01-10T11:19:44","date_gmt":"2017-01-10T10:19:44","guid":{"rendered":"https:\/\/www.pitturiamo.shop\/politica-de-privacidad\/"},"modified":"2017-01-10T11:19:44","modified_gmt":"2017-01-10T10:19:44","slug":"politica-de-privacidad","status":"publish","type":"page","link":"https:\/\/www.pitturiamo.shop\/es\/politica-de-privacidad\/","title":{"rendered":"Pol\u00edtica de privacidad"},"content":{"rendered":"<h2><strong>Informaci\u00f3n sobre el tratamiento de datos personales<\/strong><\/h2>\n<p>En esta pol\u00edtica te proporcionamos toda la informaci\u00f3n sobre la forma en que recopilamos y procesamos tus datos personales cuando navegas o utilizas los servicios de nuestro sitio. Los datos proporcionados a <strong>Antonino Argentati<\/strong> ser\u00e1n tratados conforme a las disposiciones de la <strong>legislaci\u00f3n vigente sobre privacidad<\/strong> , que se basa en el <strong>Reglamento de la UE 2016\/679<\/strong> (<em>RGPD)<\/em> y en el c\u00f3digo sobre la protecci\u00f3n de datos personales del Decreto Legislativo 196\/03, modificado por el Decreto Legislativo n\u00ba   101\/2018. El prop\u00f3sito de esta Pol\u00edtica es informarte sobre c\u00f3mo procesamos tus datos personales de la manera m\u00e1s sencilla y detallada posible. Esta pol\u00edtica de privacidad, por supuesto, se ofrece \u00fanicamente para <strong>Antonino Argentati<\/strong> y no para sitios web de terceros que puedan ser consultados por el usuario mediante enlaces. <\/p>\n<h2><strong>Datos sujetos a tratamiento<\/strong><\/h2>\n<p>Te explicamos qu\u00e9 datos pueden procesarse navegando por las p\u00e1ginas de este sitio web.<\/p>\n<h3><strong>Navegaci\u00f3n de datos<\/strong><\/h3>\n<p>Nuestros sistemas y\/o los de empresas externas, con los que hemos celebrado acuerdos de colaboraci\u00f3n directa o indirecta, pueden registrar diversos datos de conexi\u00f3n relacionados con tu sesi\u00f3n de navegaci\u00f3n: direcci\u00f3n IP, fecha y hora de acceso, direcci\u00f3n del recurso visto (URL), cualquier p\u00e1gina web de origen (referente), navegador y sistema operativo utilizado. Estos datos solo pueden permitir, tras cualquier investigaci\u00f3n realizada por las autoridades judiciales, rastrear la identidad del propietario de la conexi\u00f3n a internet. Bajo ninguna circunstancia nuestros empleados podr\u00e1n rastrear de forma independiente la identidad de los visitantes a trav\u00e9s de estos datos de navegaci\u00f3n y en ning\u00fan caso se llevar\u00e1 a cabo la reunificaci\u00f3n con otros datos de los nuestros. posesi\u00f3n o posesi\u00f3n de terceros.   <\/p>\n<h4><strong>Galletas<\/strong><\/h4>\n<p>Nuestros sistemas y\/o los de empresas externas, con las que hemos celebrado acuerdos de colaboraci\u00f3n directa o indirecta, pueden transmitir cookies de varios tipos y con distintos fines al dispositivo del usuario. Para m\u00e1s informaci\u00f3n sobre las cookies y su uso por <strong>parte de Antonino Argentati<\/strong> y empresas externas, consulte la informaci\u00f3n detallada. <\/p>\n<h4><strong>Datos proporcionados voluntariamente<\/strong><\/h4>\n<p>Para acceder a ciertos servicios o prestaciones, se puede pedir al usuario que rellene formularios (como, por ejemplo, formularios de contacto o de registro) que permitan la comunicaci\u00f3n de datos personales (por ejemplo, direcci\u00f3n de correo electr\u00f3nico). Esta provisi\u00f3n de datos puede a veces ser realizada por el usuario de forma simplificada mediante procedimientos de &#8220;conexi\u00f3n&#8221; con servicios externos (como Facebook Connect) que, tras el consentimiento expl\u00edcito de la parte interesada, nos transmitir\u00e1n autom\u00e1ticamente y electr\u00f3nicamente solo y exclusivamente los datos necesarios para el registro en el servicio solicitado. La adquisici\u00f3n de datos, cuando sea necesario, es el requisito indispensable para acceder a los servicios que ofrece nuestro sitio. &#8220;Datos proporcionados voluntariamente&#8221; tambi\u00e9n se entiende como aquellos que se env\u00edan por correo electr\u00f3nico para contactar con cualquier empleado de nuestra instalaci\u00f3n.   <\/p>\n<h3><strong>Prop\u00f3sito del procesamiento<\/strong><\/h3>\n<p>Explicamos por qu\u00e9 recopilamos y procesamos tus datos en relaci\u00f3n con fines espec\u00edficos. Utilizamos datos de navegaci\u00f3n, cookies y datos que nos son proporcionados voluntariamente por los usuarios solo para los fines para los que fueron recopilados. <\/p>\n<h4><strong>Archivos de registro y similares<\/strong><\/h4>\n<p>Por razones de seguridad y para cumplir con obligaciones legales espec\u00edficas, los datos t\u00e9cnicos de conexi\u00f3n de los usuarios se registran en archivos de texto almacenados en nuestro servidor para supervisar el correcto funcionamiento del sitio y proteger nuestros sistemas de cualquier ataque inform\u00e1tico. Otros programas en nuestros sistemas pueden realizar operaciones similares para fines de seguridad inform\u00e1tica. <\/p>\n<h4><strong>Widgets de terceros<\/strong><\/h4>\n<p>En algunas p\u00e1ginas del sitio puede haber herramientas proporcionadas por terceros como v\u00eddeos, elementos extra\u00eddos de redes sociales y otras funciones remotas. Estas herramientas pueden interactuar con el sistema del usuario enviando cookies. <\/p>\n<h4><strong>Formularios de contacto \/ Registro<\/strong><\/h4>\n<p>Los datos personales proporcionados voluntariamente en los formularios correspondientes se procesan:<\/p>\n<ul type=\"disc\">\n<li>poder proporcionar los servicios solicitados (como, por ejemplo, el registro en el Foro u otros servicios de red);<\/li>\n<li>poder proporcionar el servicio de bolet\u00edn o enviar informaci\u00f3n y\/o comunicaciones publicitarias;<\/li>\n<li>poder procesar solicitudes espec\u00edficas de usuarios de forma autom\u00e1tica y\/o manual (por ejemplo, responder a solicitudes de contacto enviadas a trav\u00e9s de los formularios correspondientes);<\/li>\n<li>llevar a cabo cualquier operaci\u00f3n de facturaci\u00f3n (en el caso de servicios de pago) y\/o cumplir con obligaciones legales espec\u00edficas.<\/li>\n<\/ul>\n<h4><strong>Bolet\u00edn \/ DEM<\/strong><\/h4>\n<p>Al registrarse a trav\u00e9s de los formularios correspondientes disponibles en varias p\u00e1ginas del sitio web, se obtiene la direcci\u00f3n de correo electr\u00f3nico del usuario e incluye una lista de contactos a quienes se pueden enviar mensajes de correo electr\u00f3nico con informaci\u00f3n, incluyendo informaci\u00f3n comercial y promocional, con o sin frecuencia peri\u00f3dica. El contenido de la comunicaci\u00f3n tambi\u00e9n puede incluir anuncios de empresas de terceros (DEM). Tu direcci\u00f3n de correo electr\u00f3nico tambi\u00e9n puede a\u00f1adirse a esta lista como resultado de registrarte en ciertos servicios (como el Foro).  <\/p>\n<h3><strong>Base legal del procesamiento<\/strong><\/h3>\n<p>Explicamos la base legal sobre la que se basan los distintos tratamientos de datos realizados por el sitio y explicamos los requisitos de validez para tu consentimiento al tratamiento de tus datos personales. Para ciertas operaciones de procesamiento, no se requiere el consentimiento del sujeto de los datos. En particular, no es posible dar o negar el consentimiento respecto al registro de archivos de registro, la medici\u00f3n de estad\u00edsticas de acceso al sitio y el env\u00edo de cookies estrictamente necesarias para la operaci\u00f3n t\u00e9cnica y\/o comercial del sitio. En todos estos casos, de hecho, existe un <strong>inter\u00e9s leg\u00edtimo<\/strong> por parte de <strong>Antonino Argentati<\/strong> en el correcto funcionamiento de su actividad online. En todas las dem\u00e1s circunstancias, el tratamiento se basa <strong>en el consentimiento del usuario de los datos<\/strong> , que es libre de proporcionarlo o no. <strong>El consentimiento del usuario es esencial para fines de marketing<\/strong> como, por ejemplo, enviar informaci\u00f3n comercial por correo electr\u00f3nico o aceptar cookies de perfilado para la visualizaci\u00f3n de mensajes publicitarios personalizados.    <\/p>\n<h4><strong>Consentimiento del sujeto de los datos<\/strong><\/h4>\n<p>En todos los casos en los que se requiera el consentimiento del usuario para el tratamiento, el usuario debe ser consciente, libre e incondicional. Sin embargo, no proporcionar datos puede hacer imposible obtener ciertos servicios o beneficios (por ejemplo, no puedes suscribirte al servicio de bolet\u00edn si no das tu consentimiento). Para la validez del consentimiento, el sujeto debe tener al menos 14 a\u00f1os de edad. <strong>Por tanto, el uso de todos nuestros servicios que impliquen procesamiento de datos de forma voluntaria queda prohibido para quienes no hayan alcanzado este l\u00edmite de edad<\/strong>.  <\/p>\n<h3><strong>M\u00e9todos de procesamiento<\/strong><\/h3>\n<p>Explicamos c\u00f3mo se gestionan tus datos. Los datos tratados se procesan con herramientas inform\u00e1ticas de forma predominantemente automatizada, con t\u00e9cnicas y medidas que reducen, en la medida de lo posible, la intervenci\u00f3n humana. El acceso manual por parte de operadores autorizados solo se permite en casos especiales y limitados.  <\/p>\n<h4><strong>Qui\u00e9n puede acceder a tus datos<\/strong><\/h4>\n<p>Te decimos qui\u00e9n puede acceder a los datos que gestionamos por s\u00ed mismo. Se permite el acceso a nuestros sistemas, adem\u00e1s de nuestros designados, a los empleados designados para llevar a cabo las tareas de actualizaci\u00f3n y mantenimiento de los sistemas inform\u00e1ticos que se les han encomendado. <\/p>\n<h4><strong>Precauciones de seguridad<\/strong><\/h4>\n<p>Te explicamos c\u00f3mo protegemos tus datos. Se observan medidas de seguridad adecuadas para evitar la p\u00e9rdida de datos, su manipulaci\u00f3n, uso il\u00edcito y accesos no autorizados. <\/p>\n<h4><strong>Duraci\u00f3n del tratamiento<\/strong><\/h4>\n<p>Explicamos cu\u00e1nto tiempo se procesar\u00e1n tus datos dentro de nuestros sistemas. Los datos se procesan durante el tiempo necesario para realizar el servicio solicitado por el usuario, o requerido seg\u00fan los fines descritos en este documento. El usuario siempre puede solicitar la interrupci\u00f3n de un procesamiento espec\u00edfico (por ejemplo, la cancelaci\u00f3n del servicio de boletines) o la eliminaci\u00f3n completa de sus datos. Ciertos datos pueden almacenarse incluso despu\u00e9s de su eliminaci\u00f3n durante el periodo requerido para cumplir con las obligaciones legales, siempre que no sea necesario conservarlos para defender o afirmar un derecho o para cumplir con obligaciones legales u \u00f3rdenes legales adicionales de las autoridades.   <\/p>\n<h4><strong>Controlador de datos<\/strong><\/h4>\n<p>Te decimos qui\u00e9n es el responsable del tratamiento de datos y c\u00f3mo puedes contactar con \u00e9l para hacer tus preguntas o ejercer tus derechos. Propietario del tratamiento de datos personales <strong>Antonino Argentati<\/strong> \u2013 V\u00eda Filippo Turati, 22 93100 \u2013 Caltanissetta \u2013 correo: info@argentati.eu \u2013 Tel. 338 9687800 <\/p>\n<h4><strong>Derechos del sujeto de datos<\/strong><\/h4>\n<p>Te explicamos cu\u00e1les son tus derechos y c\u00f3mo puedes ejercerlos. Las personas a las que se refieren los datos personales mencionados (los llamados &#8220;sujetos de datos&#8221;) tienen derecho a ejercer sus derechos de la manera y dentro de los l\u00edmites previstos por la legislaci\u00f3n vigente en la privacidad. En particular, al sujeto se le conceden los siguientes derechos:  <\/p>\n<ul type=\"disc\">\n<li><strong>Acceso<\/strong>: el sujeto tiene derecho a solicitar si se est\u00e1n procesando datos relacionados con \u00e9l o ella y, en caso afirmativo, tiene derecho a conocer dichos datos.<\/li>\n<li><strong>Rectificaci\u00f3n<\/strong>: la parte interesada podr\u00e1 solicitar rectificar o complementar los datos que nos ha proporcionado o, en cualquier caso, que est\u00e9n en nuestra posesi\u00f3n, si son inexactos.<\/li>\n<li><strong>Borrado<\/strong>: El sujeto de datos puede solicitar que sus datos sean eliminados, si ya no son necesarios para los fines para los que fueron recogidos o en caso de retiro del consentimiento, objeci\u00f3n al tratamiento, en caso de procesamiento il\u00edcito o si existe una obligaci\u00f3n legal de borrado;<\/li>\n<li><strong>Restricci\u00f3n<\/strong>: el sujeto de datos puede solicitar la restricci\u00f3n del tratamiento de sus datos personales, cuando se trata de una de las condiciones mencionadas en el art. 18 del RGPD; En este caso, sus datos no ser\u00e1n procesados, salvo para almacenamiento, sin su consentimiento, salvo lo que se explica en el mismo art\u00edculo del p\u00e1rrafo 2. <\/li>\n<li><strong>Objeci\u00f3n<\/strong>: el sujeto de los datos puede oponerse en cualquier momento al tratamiento de sus datos realizado en funci\u00f3n de nuestro inter\u00e9s leg\u00edtimo, salvo que existan razones leg\u00edtimas para proceder con el tratamiento que prevalezcan sobre el suyo, por ejemplo, para el ejercicio o nuestra defensa en el tribunal.<\/li>\n<li><strong>Portabilidad<\/strong>: el sujeto de datos puede solicitar recibir sus datos o transmitirlos a otro controlador que \u00e9l o ella indique, en un formato estructurado, com\u00fanmente utilizado y legible por m\u00e1quina.<\/li>\n<\/ul>\n<p>Adem\u00e1s, conforme al art. 7, p\u00e1rrafo 3, RGPD, le informamos que puede ejercer su <strong>derecho a retirar<\/strong> su consentimiento en cualquier momento, sin perjuicio de la legalidad del tratamiento basado en el consentimiento previamente dado. <\/p>\n","protected":false},"excerpt":{"rendered":"<p>Informaci\u00f3n sobre el tratamiento de datos personales En esta pol\u00edtica te proporcionamos toda la informaci\u00f3n sobre la forma en que recopilamos y procesamos tus datos personales cuando navegas o utilizas los servicios de nuestro sitio. Los datos proporcionados a Antonino Argentati ser\u00e1n tratados conforme a las disposiciones de la legislaci\u00f3n vigente sobre privacidad , que [&hellip;]<\/p>\n","protected":false},"author":1,"featured_media":0,"parent":0,"menu_order":94,"comment_status":"closed","ping_status":"closed","template":"","meta":{"footnotes":""},"class_list":["post-10617","page","type-page","status-publish","hentry"],"_links":{"self":[{"href":"https:\/\/www.pitturiamo.shop\/es\/wp-json\/wp\/v2\/pages\/10617","targetHints":{"allow":["GET"]}}],"collection":[{"href":"https:\/\/www.pitturiamo.shop\/es\/wp-json\/wp\/v2\/pages"}],"about":[{"href":"https:\/\/www.pitturiamo.shop\/es\/wp-json\/wp\/v2\/types\/page"}],"author":[{"embeddable":true,"href":"https:\/\/www.pitturiamo.shop\/es\/wp-json\/wp\/v2\/users\/1"}],"replies":[{"embeddable":true,"href":"https:\/\/www.pitturiamo.shop\/es\/wp-json\/wp\/v2\/comments?post=10617"}],"version-history":[{"count":0,"href":"https:\/\/www.pitturiamo.shop\/es\/wp-json\/wp\/v2\/pages\/10617\/revisions"}],"wp:attachment":[{"href":"https:\/\/www.pitturiamo.shop\/es\/wp-json\/wp\/v2\/media?parent=10617"}],"curies":[{"name":"wp","href":"https:\/\/api.w.org\/{rel}","templated":true}]}}