{"id":10559,"date":"2017-06-13T10:01:01","date_gmt":"2017-06-13T08:01:01","guid":{"rendered":"https:\/\/www.pitturiamo.shop\/terminos-de-venta\/"},"modified":"2017-06-13T10:01:01","modified_gmt":"2017-06-13T08:01:01","slug":"terminos-de-venta","status":"publish","type":"page","link":"https:\/\/www.pitturiamo.shop\/es\/terminos-de-venta\/","title":{"rendered":"T\u00e9rminos de venta"},"content":{"rendered":"<h2>T\u00e9rminos y condiciones de la tienda PitturiAmo<\/h2>\n<p><a title=\"Sitio web www.pitturiamo.shop\" href=\"https:\/\/www.pitturiamo.shop\/es\/\"><em>www.pitturiamo.shop<\/em><\/a> es el <strong>nombre de Internet<\/strong> utilizado por la tienda virtual propiedad de PitturiAmo APS &#8211; Ass. Promozione Sociale. <\/p>\n<ul>\n<li><strong>Nombre corporativo<\/strong>: PitturiAmo APS &#8211; Ass. Promozione Sociale <\/li>\n<li><strong>Oficina registrada<\/strong>: Via Filippo Turati, 22 &#8211; 93100 Caltanissetta (CL)<\/li>\n<li><strong>Tel\u00e9fono<\/strong>: 0934\/597211<\/li>\n<li><strong>Correo electr\u00f3nico<\/strong>: info@pitturiamo.com<\/li>\n<li><strong>N\u00famero de IVA<\/strong>: 02092300850<\/li>\n<li><strong>REA:<\/strong> CL-119175<\/li>\n<\/ul>\n<p>Los contratos firmados a trav\u00e9s de la <a title=\"Contratos de distancia a trav\u00e9s de la web de www.pitturiamo.shop\" href=\"https:\/\/www.pitturiamo.shop\/es\/\">web www.pitturiamo.shop<\/a> entrar en la categor\u00eda <strong>de &#8220;Contratos de venta online<\/strong>&#8220;. Estos son <strong>contratos a distancia<\/strong> estipulados entre un <strong>proveedor<\/strong>, <em>PitturiAmo Shop<\/em> , con sede social en Caltanissetta (CL), Via Filippo Turati, 22 a\u00f1os, y un <strong>consumidor<\/strong>, una persona f\u00edsica que compra bienes y servicios para fines directa o no directamente relacionados con cualquier actividad profesional realizada. <\/p>\n<h2>T\u00c9RMINOS Y CONDICIONES GENERALES<\/h2>\n<h3>1. Identificaci\u00f3n de la tienda PitturiAmo<\/h3>\n<p>Los servicios cubiertos por estos t\u00e9rminos y condiciones generales son ofrecidos por PitturiAmo Shop, una marca online de <strong>PitturiAmo APS &#8211; Associazione di Promozione Sociale<\/strong>, con sede registrada en Caltanissetta en la via Filippo Turati 22, registrada en la C\u00e1mara de Comercio de Caltanissetta n\u00b0 REA CL &#8211; 119175, C\u00f3digo Fiscal 02092300850, en adelante denominada &#8220;PitturiAmo Shop&#8221;, con direcci\u00f3n de correo electr\u00f3nico certificada pitturiamo@pec.it <\/p>\n<p>1.1 La expresi\u00f3n &#8220;contrato online&#8221; significa el contrato relativo a los servicios de PitturiAmo Shop, estipulado entre este \u00faltimo y el Cliente como parte de un sistema de ventas a distancia utilizando herramientas telem\u00e1ticas, organizado por PitturiAmo Shop.<\/p>\n<p>1.2 La expresi\u00f3n &#8220;Cliente&#8221; significa el sujeto (persona f\u00edsica o jur\u00eddica, asociaci\u00f3n o entidad) que realiza la compra, y que deber\u00e1 identificarse seg\u00fan el procedimiento previsto por la www.pitturiamo.shop p\u00e1gina web.<\/p>\n<p>1.3 La expresi\u00f3n &#8220;Tienda PitturiAmo&#8221; significa el tema indicado en el ep\u00edgrafe o el proveedor de servicios de informaci\u00f3n.<\/p>\n<h3>2. Objeto del contrato online<\/h3>\n<p>2.1 Como resultado de cada contrato online, respectivamente, PitturiAmo Shop vende y el cliente compra de forma remota a trav\u00e9s de herramientas telem\u00e1ticas los servicios indicados y ofrecidos a la venta en la web www.pitturiamo.shop.<\/p>\n<p>2.2 Los productos mencionados en el punto anterior se ilustran en la p\u00e1gina web de www.pitturiamo.shop y est\u00e1n sujetos a los cambios que PitturiAmo Shop se reserva unilateralmente el derecho de hacer en cualquier momento antes de la firma de cada contrato online.<\/p>\n<p>2.3 Cada pedido implica la aceptaci\u00f3n expresa y sin reservas por parte del Cliente de estos t\u00e9rminos y condiciones generales de venta, que desde ese momento constituyen una parte integral y esencial del contrato online.<\/p>\n<h3>3. M\u00e9todos para estipular el contrato online<\/h3>\n<p>3.1 El contrato online entre PitturiAmo Shop y el Cliente se celebra exclusivamente a trav\u00e9s de internet, sujeto al acceso del Cliente en la direcci\u00f3n www.pitturiamo.shop, donde, siguiendo los procedimientos indicados, el Cliente se identificar\u00e1 y podr\u00e1 formalizar la propuesta de compra de los servicios elegidos por el Cliente rellenando correctamente el formulario de solicitud.<\/p>\n<h3>4. Conclusi\u00f3n y efectividad del contrato online<\/h3>\n<p>4.1 El contrato online se concluye con la aceptaci\u00f3n del pedido generado online por el sistema PitturiAmo Shop, que ser\u00e1 visible para el Cliente mediante la visualizaci\u00f3n de una p\u00e1gina web resumen de pedidos imprimible, que contiene los datos de la parte que solicit\u00f3 y del pedido, el precio de los servicios adquiridos, los gastos de env\u00edo y los cargos adicionales,  los m\u00e9todos y condiciones de pago, la direcci\u00f3n donde se entregar\u00e1n las mercanc\u00edas, los tiempos de entrega.<\/p>\n<p>4.2 Cuando PitturiAmo Shop recibe el pedido del Cliente, tambi\u00e9n enviar\u00e1 un correo electr\u00f3nico de confirmaci\u00f3n que contiene los datos mencionados en el punto anterior.<\/p>\n<p>4.3 El contrato online no se considera perfeccionado ni efectivo entre las partes en ausencia de lo indicado en los puntos anteriores, y en cualquier caso PitturiAmo Shop no lo ejecutar\u00e1 en ausencia de pago previo, conforme a lo dispuesto en el art\u00edculo 5 a continuaci\u00f3n.<\/p>\n<h3>5. M\u00e9todos de pago por parte del cliente<\/h3>\n<p>5.1 El cliente debe pagar el precio acordado por adelantado mediante tarjeta de cr\u00e9dito, v\u00eda PayPal, mediante transferencia bancaria, siguiendo las instrucciones indicadas en la web para el procedimiento de compra.<\/p>\n<p>5.2 La informaci\u00f3n necesaria para el pago ser\u00e1 enviada, mediante protocolos cifrados, a la entidad de pago encargada por PitturiAmo Shop para los servicios de pago electr\u00f3nico remoto, sin posibilidad de acceso por terceros.<\/p>\n<p>5.3 Los pagos deben realizarse por adelantado, y solo despu\u00e9s del pago los servicios adquiridos ser\u00e1n procesados por PitturiAmo Shop<\/p>\n<p>5.4 Para los pagos por transferencia bancaria, el procesamiento del pedido comenzar\u00e1 solo despu\u00e9s de recibir el cr\u00e9dito.<\/p>\n<p>5.5 La factura estar\u00e1 disponible para el Cliente en su \u00e1rea reservada en una secci\u00f3n dedicada: ser\u00e1 responsabilidad del Cliente acceder a esta \u00e1rea, imprimir el documento y conservarlo conforme a la normativa vigente.<\/p>\n<p>5.6 PitturiAmo Shop se reserva el derecho \u2014a su exclusiva discreci\u00f3n\u2014 de aceptar la propuesta de pago a domicilio, tras contacto directo con el Cliente o solo si ya se conoce.<\/p>\n<p>5.7 Todas las comunicaciones relacionadas con los pagos se realizan en una l\u00ednea especial de PitturiAmo Shop protegida por un sistema de cifrado. PitturiAmo Shop no gestiona pagos con tarjeta de cr\u00e9dito ni PayPal que se conf\u00edan a un intermediario financiero externo. <\/p>\n<h3>6. Tiempos de entrega y m\u00e9todos de entrega para productos impresos<\/h3>\n<p>6.1 Una vez recibido el pago conforme a los procedimientos establecidos en el art\u00edculo 5 anterior, PitturiAmo Shop entregar\u00e1 los productos pedidos, de la manera elegida por el Cliente o indicada en la web en el momento de la oferta por parte de PitturiAmo Shop, tal y como se confirma en el correo electr\u00f3nico mencionado en el punto 4.2.<\/p>\n<p>6.2 Los tiempos de env\u00edo pueden variar desde el d\u00eda indicado en el pedido hasta desde la confirmaci\u00f3n del mismo. En caso de que PitturiAmo Shop no pueda enviar dentro del plazo indicado, el cliente ser\u00e1 notificado r\u00e1pidamente por correo electr\u00f3nico. <\/p>\n<p>6.3 Los m\u00e9todos, tiempos y costes de env\u00edo se indican claramente y se destacan en la direcci\u00f3n www.pitturiamo.shop<\/p>\n<h3>7. Precios<\/h3>\n<p>7.1 Todos los precios de los servicios mostrados e indicados en la web www.pitturiamo.shop se expresan en euros y constituyen una oferta al p\u00fablico conforme al art. 1336 del C\u00f3digo Civil italiano. <\/p>\n<p>7.2 Los precios mencionados en el punto anterior excluyen el IVA y cualquier otro impuesto, salvo que se especifique lo contrario. Los costes de env\u00edo y cualquier cargo adicional (por ejemplo, despache aduanalero), si los hay, aunque no est\u00e9n incluidos en el precio, deben indicarse y calcularse en el procedimiento de compra antes de que el Cliente realice el pedido y tambi\u00e9n estar incluidos en la p\u00e1gina web que resume el pedido realizado. <\/p>\n<p>7.3 Los precios indicados en correspondencia con cada uno de los servicios ofrecidos son v\u00e1lidos hasta la fecha indicada en la web y pueden modificarse en cualquier momento antes de la estipulaci\u00f3n de cada contrato online, a discreci\u00f3n exclusiva de PitturiAmo Shop.<\/p>\n<h3>8. Limitaciones de responsabilidad<\/h3>\n<p>8.1 PitturiAmo Shop no ser\u00e1 responsable ante el Cliente y\/o el cliente y\/o beneficiario del servicio, si es diferente, por da\u00f1os de cualquier tipo, directos o indirectos, derivados de errores, de cualquier tipo, en la impresi\u00f3n del archivo enviado por el Cliente o derivados de la recepci\u00f3n de material incorrecto. Del mismo modo, PitturiAmo Shop no ser\u00e1 responsable de da\u00f1os, directos o indirectos, debidos a la falla y\/o retraso en la entrega del servicio y\/o material, ni de ning\u00fan deterioro del embalaje; en tales casos, solo ser\u00e1 necesario realizar una \u00fanica reimpresi\u00f3n del material siempre que el Cliente acepte el paquete &#8216;sujeto a defectos&#8217;, que deber\u00e1 figurar en el recibo emitido por el mensajero y comunicarse a PitturiAmo Shop por correo electr\u00f3nico a la direcci\u00f3n ordini@pitturiamo.shop, bajo pena de confiscaci\u00f3n, en un plazo de ocho d\u00edas desde la recepci\u00f3n del paquete. Cualquier error en la impresi\u00f3n o embalaje del material debe ser comunicado al ordini@pitturiamo.shop de correo electr\u00f3nico con documentaci\u00f3n fotogr\u00e1fica digital adjunta, asegur\u00e1ndose de indicar el n\u00famero de pedido de referencia en el asunto, en un plazo de ocho d\u00edas desde la recepci\u00f3n del material. Para los correos electr\u00f3nicos recibidos a m\u00e1s tardar a las 16:00 horas de un d\u00eda laborable, PitturiAmo Shop responder\u00e1 dentro del siguiente d\u00eda laborable.   <\/p>\n<p>8.2 El Cliente asume la paternidad de todos los contenidos proporcionados a PitturiAmo Shop para la prestaci\u00f3n de servicios, incluidos aquellos sujetos a impresi\u00f3n, eximiendo a PitturiAmo Shop de la obligaci\u00f3n de examinarlos y, por tanto, asumiendo cualquier responsabilidad hacia terceros que puedan reclamar da\u00f1os a la imagen, honor, decoro, integridad moral o, en cualquier caso, cualquier da\u00f1o pecuniario o no pecuniario vinculado de forma casual a la impresi\u00f3n sujeta al contrato. PitturiAmo Shop se reserva el derecho de indemnizar al Cliente en caso de que se formulen reclamaciones de indemnizaci\u00f3n directamente contra \u00e9l. <\/p>\n<p>8.3 PitturiAmo Shop no asume responsabilidad por las ineficiencias atribuibles a fuerza mayor, en caso de que no pueda ejecutar el pedido dentro de los plazos establecidos en el contrato.<\/p>\n<p>8.4 PitturiAmo Shop no puede ser considerada responsable ante el Cliente, salvo en caso de mala conducta intencionada o negligencia grave, por ineficiencias o fallos relacionados con el uso de internet fuera de su control o el de sus subproveedores.<\/p>\n<p>8.5 PitturiAmo Shop tampoco ser\u00e1 responsable por da\u00f1os, p\u00e9rdidas y costes sufridos por el Cliente como resultado del incumplimiento del contrato por razones no imputables.<\/p>\n<p>8.6 PitturiAmo Shop no asume responsabilidad por ning\u00fan uso fraudulento o il\u00edcito que terceros puedan realizar de tarjetas de cr\u00e9dito, cheques u otros medios de pago, en el momento del pago de los productos adquiridos, siempre que demuestre que ha tomado todas las precauciones posibles basadas en la mejor ciencia y experiencia del momento y en la base de la diligencia ordinaria.<\/p>\n<h3>9. Garant\u00edas, devoluciones, reembolsos y acuerdos de asistencia<\/h3>\n<p>9.1 PitturiAmo Shop es responsable de cualquier incumplimiento que ocurra en un plazo de 60 d\u00edas desde la entrega.<\/p>\n<p>9.2 El cliente pierde todos sus derechos si no informa al vendedor de la falta de conformidad en un plazo de 8 d\u00edas desde la fecha en que se descubri\u00f3 el defecto. No es necesario informar si PitturiAmo Shop ha reconocido la existencia del defecto o lo ha ocultado. <\/p>\n<p>9.3 En caso de falta de conformidad, el Cliente podr\u00e1 solicitar, alternativamente y sin coste alguno, bajo las condiciones indicadas a continuaci\u00f3n, la reparaci\u00f3n o sustituci\u00f3n por parte de PitturiAmo Shop, una reducci\u00f3n en el precio de compra o la rescisi\u00f3n del contrato online correspondiente, salvo que la solicitud sea objetivamente imposible de satisfacer o excesivamente costosa para PitturiAmo Shop seg\u00fan la arte. 130, p\u00e1rrafo 4, del C\u00f3digo del Consumidor. <\/p>\n<p>9.4 La solicitud debe enviarse por escrito, por correo certificado con acuse de acuse de recepci\u00f3n o por correo electr\u00f3nico certificado, a PitturiAmo Shop, que indique su disposici\u00f3n a tramitar la solicitud, o los motivos que lo impiden, en un plazo de siete d\u00edas laborables desde su recepci\u00f3n. En la misma comunicaci\u00f3n, si PitturiAmo Shop ha aceptado la solicitud del cliente, debe indicar los m\u00e9todos de env\u00edo o devoluci\u00f3n a PitturiAmo Shop, as\u00ed como el plazo para la devoluci\u00f3n o reemplazo del producto defectuoso. <\/p>\n<p>9.5 Si la reparaci\u00f3n y sustituci\u00f3n son imposibles o excesivamente caras, o si PitturiAmo Shop no ha reparado o reemplazado el producto dentro del plazo mencionado en el punto anterior o, finalmente, la sustituci\u00f3n o reparaci\u00f3n realizada previamente ha causado un inconveniente considerable al cliente, este \u00faltimo puede solicitar, a su elecci\u00f3n, una reducci\u00f3n adecuada del precio o la terminaci\u00f3n del contrato. En este caso, el cliente debe enviar su solicitud a PitturiAmo Shop, indicando su disposici\u00f3n a tramitarla, o los motivos que le impiden hacerlo, dentro de los siete d\u00edas laborables posteriores a la recepci\u00f3n. <\/p>\n<p>9.6 En la misma comunicaci\u00f3n, si PitturiAmo Shop ha aceptado la solicitud del cliente, debe indicar la reducci\u00f3n de precio propuesta o los m\u00e9todos para devolver el producto defectuoso. En tales casos, ser\u00e1 responsabilidad del Cliente indicar los m\u00e9todos para acreditar las sumas previamente pagadas a PitturiAmo Shop <\/p>\n<h3>10. Obligaciones del cliente<\/h3>\n<p>10.1 El Cliente se compromete a pagar el precio del servicio adquirido en los plazos y formas indicados por el sitio, entendiendo que, de lo contrario, PitturiAmo Shop no ejecutar\u00e1 el pedido.<\/p>\n<p>10.2 El cliente se compromete, una vez completado el procedimiento de compra online, a imprimir y almacenar estos t\u00e9rminos y condiciones generales del contrato junto con la Pol\u00edtica de Privacidad adjunta y la confirmaci\u00f3n del pedido conforme al art. 4.2.<\/p>\n<p>10.3 La informaci\u00f3n contenida en estos t\u00e9rminos y condiciones generales del contrato ha sido examinada y aceptada por el Cliente, quien la reconoce, ya que este paso es obligatorio antes de la confirmaci\u00f3n de compra.<\/p>\n<h3>11. Causas de la rescisi\u00f3n de cada contrato online<\/h3>\n<p>11.1 Las obligaciones mencionadas en el punto 12.1, asumidas por el Cliente, as\u00ed como la finalizaci\u00f3n exitosa del pago que el Cliente realiza por los medios mencionados en el art. 5.1, as\u00ed como el cumplimiento exacto de las obligaciones asumidas por PitturiAmo Shop en el punto 6, son de car\u00e1cter esencial, de modo que por acuerdo expreso, el incumplimiento de solo una de estas obligaciones, si no se determina por circunstancias imprevisibles o fuerza mayor, resultar\u00e1 en la rescisi\u00f3n del contrato conforme al art\u00edculo 1456 del C\u00f3digo Civil, sin necesidad de resoluci\u00f3n judicial. <\/p>\n<h3>12. M\u00e9todos de archivo del contrato y cumplimiento de la legislaci\u00f3n de privacidad<\/h3>\n<p>12.1 Conforme al art. 12 del Decreto Legislativo n\u00ba 70\/2003, PitturiAmo Shop informa al Cliente de que cada pedido enviado se almacena en formato digital\/papel en el servidor de la propia PitturiAmo Shop, conforme a los criterios de confidencialidad y seguridad y en cumplimiento con la Pol\u00edtica de Privacidad adjunta, que el Cliente tambi\u00e9n ha confirmado haber visto y que ha sido expresamente aceptada durante el proceso de compra de servicios.  <\/p>\n<h3>13. Comunicaciones y quejas<\/h3>\n<p>13.1 Las comunicaciones escritas dirigidas a PitturiAmo Shop y cualquier queja solo ser\u00e1n v\u00e1lidas si se env\u00edan a la siguiente direcci\u00f3n: V\u00eda Filippo Turati, 22 &#8211; 93100 Caltanissetta, o por fax al n\u00famero 0934597211 o por correo electr\u00f3nico a la siguiente direcci\u00f3n ordini@pitturiamo.shop. El cliente debe indicar en el formulario de registro su residencia o domicilio, el n\u00famero de tel\u00e9fono o direcci\u00f3n de correo electr\u00f3nico al que desea recibir las comunicaciones de PitturiAmo Shop <\/p>\n<h3>14. Resoluci\u00f3n de disputas<\/h3>\n<p>14.1 Para todas las disputas relativas a la interpretaci\u00f3n y\/o ejecuci\u00f3n de cada contrato online, las partes reconocen la jurisdicci\u00f3n exclusiva del Tribunal de Caltanissetta, independientemente del lugar de celebraci\u00f3n del contrato y del domicilio del Cliente.<\/p>\n<p>14.2 En caso de que el Cliente deba entenderse como consumidor conforme y para los fines del C\u00f3digo del Consumidor, el tribunal competente ser\u00e1 el de su lugar de residencia, seg\u00fan lo exige la ley.<\/p>\n<h3>15. Legislaci\u00f3n aplicable y referencia<\/h3>\n<p>15.1 Cada contrato online est\u00e1 regulado por la ley italiana.<\/p>\n<h3>16. Cl\u00e1usula final<\/h3>\n<p>16.1 Cada contrato online revoca y reemplaza cualquier acuerdo, entendimiento, negociaci\u00f3n, escrito u oral, previamente celebrado entre las partes sobre el mismo tema.<\/p>\n","protected":false},"excerpt":{"rendered":"<p>T\u00e9rminos y condiciones de la tienda PitturiAmo www.pitturiamo.shop es el nombre de Internet utilizado por la tienda virtual propiedad de PitturiAmo APS &#8211; Ass. Promozione Sociale. Nombre corporativo: PitturiAmo APS &#8211; Ass. Promozione Sociale Oficina registrada: Via Filippo Turati, 22 &#8211; 93100 Caltanissetta (CL) Tel\u00e9fono: 0934\/597211 Correo electr\u00f3nico: info@pitturiamo.com N\u00famero de IVA: 02092300850 REA: CL-119175 [&hellip;]<\/p>\n","protected":false},"author":1,"featured_media":0,"parent":0,"menu_order":92,"comment_status":"closed","ping_status":"closed","template":"","meta":{"footnotes":""},"class_list":["post-10559","page","type-page","status-publish","hentry"],"_links":{"self":[{"href":"https:\/\/www.pitturiamo.shop\/es\/wp-json\/wp\/v2\/pages\/10559","targetHints":{"allow":["GET"]}}],"collection":[{"href":"https:\/\/www.pitturiamo.shop\/es\/wp-json\/wp\/v2\/pages"}],"about":[{"href":"https:\/\/www.pitturiamo.shop\/es\/wp-json\/wp\/v2\/types\/page"}],"author":[{"embeddable":true,"href":"https:\/\/www.pitturiamo.shop\/es\/wp-json\/wp\/v2\/users\/1"}],"replies":[{"embeddable":true,"href":"https:\/\/www.pitturiamo.shop\/es\/wp-json\/wp\/v2\/comments?post=10559"}],"version-history":[{"count":0,"href":"https:\/\/www.pitturiamo.shop\/es\/wp-json\/wp\/v2\/pages\/10559\/revisions"}],"wp:attachment":[{"href":"https:\/\/www.pitturiamo.shop\/es\/wp-json\/wp\/v2\/media?parent=10559"}],"curies":[{"name":"wp","href":"https:\/\/api.w.org\/{rel}","templated":true}]}}