{"id":9984,"date":"2023-04-13T12:46:35","date_gmt":"2023-04-13T10:46:35","guid":{"rendered":"https:\/\/www.pitturiamo.shop\/promozione-artista\/unkategorisiert\/deine-360-kunst-fuer-365-tage\/"},"modified":"2023-04-13T12:46:35","modified_gmt":"2023-04-13T10:46:35","slug":"deine-360-kunst-fuer-365-tage","status":"publish","type":"product","link":"https:\/\/www.pitturiamo.shop\/de\/promozione-artista\/ausstellungen-messen-veranstaltungen\/deine-360-kunst-fuer-365-tage\/","title":{"rendered":"Deine 360\u00b0-Kunst f\u00fcr 365 Tage"},"content":{"rendered":"<p>Bist du K\u00fcnstler und hast Schwierigkeiten, deine Kunst bekannt und wertzusch\u00e4tzen? M\u00f6chten Sie sich den gro\u00dfen internationalen Galeristen bekannt machen, die richtige Sichtbarkeit im Internet haben, mit anderen K\u00fcnstlern, Kuratoren, Galeristen, Kunstbetreibern in Kontakt treten, <strong>aber Sie wissen nicht, wie das geht?<\/strong><br \/>\n<strong>Wir haben f\u00fcr Sie wunderbare Neuigkeiten<\/strong>.<br \/>\nWir geben Ihrer <strong>Kunst in der Galerie<\/strong> und<strong> 365 Tage lang<\/strong> Sichtbarkeit <strong>auf den Spitzenpl\u00e4tzen in Suchmaschinen<\/strong>.<\/p>\n<p>Wir sorgen f\u00fcr Sichtbarkeit Ihrer Kunst im <strong>WEB<\/strong> und in der <strong>GALERIE<\/strong> , <strong>365<\/strong> Tage im Jahr.<br \/>\n<strong>Hier ist, was wir vorschlagen:<\/strong><\/p>\n<ul>\n<li>\n<h5>Maximale Sicht auf PitturiAmo f\u00fcr 365 Tage<\/h5>\n<p><strong>10 vorgestellte Gem\u00e4lde auf PitturiAmo, ein ganzes Jahr lang.<\/strong> <em>So haben Sie maximale Sichtbarkeit im wichtigsten Netzwerk, das zeitgen\u00f6ssischen Malern gewidmet ist und <strong>t\u00e4glich \u00fcber 5000 einzigartige Besucher<\/strong><\/em> verzeichnet;<\/li>\n<li>\n<h5>Zuerst bei Google seit 365 Tagen<\/h5>\n<p><strong>Mit Featured Paintings bist du 365 Tage lang als Erster bei Google.<\/strong>  So k\u00f6nnen Sie die Hauptsuchmaschine nutzen, um sich online bekannt zu machen;<\/li>\n<li>\n<h5>Verkauf Ihrer Werke im Dropshipping f\u00fcr 365 Tage<\/h5>\n<p><strong>10 Ihrer Gem\u00e4lde wurden 365 Tage lang zum Direktverkauf auf PitturiAmo ausgestellt<\/strong>. Sie k\u00f6nnen von Nutzern direkt online gekauft werden, indem sie mit <strong>PayPal<\/strong> oder <strong>Kreditkarte<\/strong> bezahlen. <em>So k\u00f6nnen Sie die Gelegenheit des Impulskaufs nutzen;<\/em> <\/li>\n<li>\n<h5>30 Tage physische Ausstellung in der Galerie<\/h5>\n<p><strong>Ein Monat Ausstellungsausstellung in einer Galerie in Barletta<\/strong>. <em>In Anna Soricaros ZeroUno-Galerie, in einer Zeit des gr\u00f6\u00dften Touristenzustroms in Apulien;<\/em><\/li>\n<li>\n<h5>Der Artikel \u00fcber das PitturiAmo per sempre Magazin<\/h5>\n<p><strong>Wir werden einen Leitartikel im PitturiAmo Magazine ver\u00f6ffentlichen<\/strong>, dem PitturiAmo-Magazin f\u00fcr K\u00fcnstler, das \u00fcber 10.000 Besuche pro Monat verzeichnet. Ewig! <\/li>\n<li>\n<h5>Teilnahmebescheinigung<\/h5>\n<p><strong>PitturiAmo-Zertifikat als PDF<\/strong>, <em>damit Sie Ihren Lebenslauf bereichern und Ihre Kunst bestm\u00f6glich pr\u00e4sentieren k\u00f6nnen.<\/em><\/li>\n<li>\n<h5>Anwesenheit in der Veranstaltungsbrosch\u00fcre<\/h5>\n<p>Aufnahme in die der Veranstaltung gewidmete <strong>Brosch\u00fcre <\/strong>im <strong>hochaufl\u00f6senden PDF-Format<\/strong>. <em>So k\u00f6nnen Sie all Ihren Kontakten Ihr Engagement f\u00fcr die Kunstwelt best\u00e4tigen, <strong>entweder online<\/strong> oder \u00fcber <strong>professionelle Presse<\/strong>;<\/em><\/li>\n<li>\n<h5>Werbung in den sozialen Medien anl\u00e4sslich der Ausstellung in der Galerie<\/h5>\n<p><strong>N\u00fctzliches Werbematerial<\/strong> , um Ihr Unternehmen anl\u00e4sslich der Ausstellung in der Galerie in den sozialen Medien zu bewerben. <em>Das macht es Ihnen leicht, alle n\u00fctzlichsten Informationen zu teilen, um sich selbst zu bewerben;<\/em><\/li>\n<li>\n<h5>Einladung zur Er\u00f6ffnung in der Galerie<\/h5>\n<p><strong>Die Einladung zur Er\u00f6ffnung der Veranstaltung.<\/strong> <em>So wirst du pers\u00f6nlich Galeristen, Kuratoren, Kritiker und viele andere K\u00fcnstler wie dich treffen k\u00f6nnen;<\/em><\/li>\n<\/ul>\n<h4 style=\"text-align: center;\">\u20ac1,20 x 365 Tage = \u20ac<br \/>\n438,00 <strong>(45% Rabatt, nur f\u00fcr die ersten 20 K\u00fcnstler)<\/strong><\/h4>\n<p>Wir bieten Ihnen einen unverzichtbaren Rabatt von 45 % und bezahlen somit alle aufgef\u00fchrten Leistungen zum Preis eines Kaffees pro Tag.<\/p>\n<p>Wenn Sie Zweifel haben, <strong>wenden Sie sich an Ihren PitturiAmo-Berater <\/strong>oder senden Sie uns eine E-Mail an info@pitturiamo.com<\/p>\n","protected":false},"excerpt":{"rendered":"<p><strong>Deine 360\u00b0-Kunst f\u00fcr 365 Tage<\/strong><br \/>\nWir f\u00f6rdern Ihre Kunst sowohl in der realen als auch in der virtuellen Welt.<\/p>\n<p>Zum Preis eines Kaffees am Tag.<\/p>\n<p><strong>Physische Ausstellung in Caltanissetta, am pr\u00e4chtigen st\u00e4dtischen Standort des Palazzo Moncada. Vom 17. September bis 16. Oktober 2025.<\/strong><\/p>\n","protected":false},"featured_media":8036,"comment_status":"open","ping_status":"closed","template":"","meta":[],"product_brand":[],"product_cat":[139,125],"product_tag":[],"class_list":{"0":"post-9984","1":"product","2":"type-product","3":"status-publish","4":"has-post-thumbnail","6":"product_cat-ausstellungen-messen-veranstaltungen","7":"product_cat-internet","9":"first","10":"instock","11":"featured","12":"virtual","13":"sold-individually","14":"purchasable","15":"product-type-simple"},"_links":{"self":[{"href":"https:\/\/www.pitturiamo.shop\/de\/wp-json\/wp\/v2\/product\/9984","targetHints":{"allow":["GET"]}}],"collection":[{"href":"https:\/\/www.pitturiamo.shop\/de\/wp-json\/wp\/v2\/product"}],"about":[{"href":"https:\/\/www.pitturiamo.shop\/de\/wp-json\/wp\/v2\/types\/product"}],"replies":[{"embeddable":true,"href":"https:\/\/www.pitturiamo.shop\/de\/wp-json\/wp\/v2\/comments?post=9984"}],"wp:featuredmedia":[{"embeddable":true,"href":"https:\/\/www.pitturiamo.shop\/de\/wp-json\/wp\/v2\/media\/8036"}],"wp:attachment":[{"href":"https:\/\/www.pitturiamo.shop\/de\/wp-json\/wp\/v2\/media?parent=9984"}],"wp:term":[{"taxonomy":"product_brand","embeddable":true,"href":"https:\/\/www.pitturiamo.shop\/de\/wp-json\/wp\/v2\/product_brand?post=9984"},{"taxonomy":"product_cat","embeddable":true,"href":"https:\/\/www.pitturiamo.shop\/de\/wp-json\/wp\/v2\/product_cat?post=9984"},{"taxonomy":"product_tag","embeddable":true,"href":"https:\/\/www.pitturiamo.shop\/de\/wp-json\/wp\/v2\/product_tag?post=9984"}],"curies":[{"name":"wp","href":"https:\/\/api.w.org\/{rel}","templated":true}]}}