{"id":9958,"date":"2023-10-04T11:26:50","date_gmt":"2023-10-04T09:26:50","guid":{"rendered":"https:\/\/www.pitturiamo.shop\/promozione-artista\/unkategorisiert\/interview-mit-dem-kuenstler\/"},"modified":"2023-10-04T11:26:50","modified_gmt":"2023-10-04T09:26:50","slug":"interview-mit-dem-kuenstler","status":"publish","type":"product","link":"https:\/\/www.pitturiamo.shop\/de\/promozione-artista\/pitturiamo\/interview-mit-dem-kuenstler\/","title":{"rendered":"Interview mit dem K\u00fcnstler"},"content":{"rendered":"<p style=\"clear: both; font-size: 20px; line-height: normal; text-align: center;\"><em><strong>Ein exklusives Interview mit PitturiAmo<\/strong><\/em><\/p>\n<p style=\"clear: both; font-size: 20px; line-height: normal; text-align: center;\"><strong>Kuratiert von Anna Soricaro, Kritikerin, Expertin, Galeristin und Kunstkuratorin mit \u00fcber 20 Jahren Erfahrung in der F\u00f6rderung der interessantesten italienischen K\u00fcnstler.<\/strong><\/p>\n<h2 style=\"clear: both; font-size: 26px; text-align: center;\"><strong>MALEREI \u2013 SKULPTUR \u2013 FOTOGRAFIE \u2013 DIGITALE KUNST<\/strong><\/h2>\n<p>Ein Interview zu geben kann eine wichtige Gelegenheit sein, Ihre Kunst und Ihre kreative Reise mit der \u00d6ffentlichkeit zu teilen.<\/p>\n<p>Dank dieser Art von Erfahrung kann der K\u00fcnstler tats\u00e4chlich \u00fcber seine Kunstwerke und seine Technik sprechen und so seinen einzigartigen Stil und seine Inspiration deutlich machen.<\/p>\n<p>Aber ein Interview zu gew\u00e4hren kann auch zu gr\u00f6\u00dferem Bekanntheit und Erfolg f\u00fchren und so zur Karriere des K\u00fcnstlers in der Malerei beitragen. Auf diese Weise kann das Interview eine Gelegenheit sein, sich der \u00d6ffentlichkeit bekannt zu machen und die Fangemeinde von Enthusiasten zu erh\u00f6hen, wodurch eine wichtige Bewunderungsbasis f\u00fcr deine Werke entsteht. <\/p>\n<p>Kurz gesagt, ein Interview zu geben kann ein grundlegender Schritt f\u00fcr das berufliche Wachstum eines K\u00fcnstlers sein, da es dazu beitr\u00e4gt, seiner Kunst einen Wert zu verleihen und sie bei einem immer gr\u00f6\u00dferen Publikum wertzusch\u00e4tzen.<\/p>\n<h3><strong>Das bekommst du:<\/strong><\/h3>\n<ul>\n<li><strong>Pers\u00f6nliches Video-Interview mit Anna Soricaro;<\/strong><\/li>\n<li><strong>Pr\u00e4sentation Ihrer besten Kunstwerke in Video-Overlay w\u00e4hrend Ihres Interviews;<\/strong><\/li>\n<li><strong>Promotion des Videos im gesamten PitturiAmo-Netzwerk, das \u00fcber 3000 Besucher pro Tag hat;<\/strong><\/li>\n<li><strong>Gesponserte Werbung auf YouTube;<\/strong><\/li>\n<li><strong>Tausende Aufrufe Ihres Interviews mit Kunstliebhabern, Kuratoren, Galeriebesitzern;<\/strong><\/li>\n<li><strong>Eine schriftliche Kritik (1 Seite, 30 Zeilen f\u00fcr ungef\u00e4hr 60 Zeichen) von Anna Soricaro zu deiner Kunst.<\/strong><\/li>\n<\/ul>\n<h4><strong>Wer ist Anna Soricaro<\/strong><\/h4>\n<p><img loading=\"lazy\" decoding=\"async\" class=\"alignleft wp-image-8155 size-medium\" src=\"https:\/\/www.pitturiamo.shop\/wp-content\/uploads\/Anna_Soricaro_critico-300x300.png\" alt=\"Anna Soricaro \u2013 Kritikerin und k\u00fcnstlerische Beraterin von PitturiAmo\" width=\"200\" height=\"200\" srcset=\"https:\/\/www.pitturiamo.shop\/wp-content\/uploads\/Anna_Soricaro_critico-300x300.png 300w, https:\/\/www.pitturiamo.shop\/wp-content\/uploads\/Anna_Soricaro_critico-150x150.png 150w, https:\/\/www.pitturiamo.shop\/wp-content\/uploads\/Anna_Soricaro_critico-310x310.png 310w, https:\/\/www.pitturiamo.shop\/wp-content\/uploads\/Anna_Soricaro_critico-490x490.png 490w, https:\/\/www.pitturiamo.shop\/wp-content\/uploads\/Anna_Soricaro_critico-100x100.png 100w, https:\/\/www.pitturiamo.shop\/wp-content\/uploads\/Anna_Soricaro_critico.png 500w\" sizes=\"auto, (max-width: 200px) 100vw, 200px\" \/>Sie schloss ihr Studium der klassischen Literatur mit Auszeichnung in Bari ab und perfektionierte sich am Mabec Master of Federculture. Sie ist Kunstwissenschaftlerin und Kritikerin, Textredakteurin, Sch\u00f6pferin und Kuratorin von Ausstellungen und interdisziplin\u00e4ren Projekten, nationalen und internationalen Kulturveranstaltungen, und ist seit Jahren in die europ\u00e4ische Planung eingebunden und entwickelt ein internationales Netzwerk f\u00fcr Zusammenarbeit im k\u00fcnstlerischen und kulturellen Bereich. Seit 2005 ist sie Direktorin der De Nittis Foundation in Barletta. Seit 2015 ist er als Kunstexperte bei der Handelskammer von Bari registriert. Er ist Masterprofessor und k\u00fcnstlerisch Vorsitzender der Zerouno-Galerie.    <\/p>\n<p>Seit 2020 arbeitet er aktiv mit PitturiAmo zusammen, organisiert Kunstveranstaltungen in Italien und Europa und f\u00f6rdert die Karrieren von Hunderten von K\u00fcnstlern.<\/p>\n<p style=\"clear: both; font-size: 20px; line-height: normal;\"><em>F\u00fcr weitere Informationen wenden Sie sich bitte an Ihren PitturiAmo-Berater (Anna, Rossella oder Monia) oder unsere Redaktion per WhatsApp unter Nummer 3500099415.<\/em><\/p>\n","protected":false},"excerpt":{"rendered":"<p><strong>Interview mit Anna Soricaro<\/strong>, Erstellung eines <strong>Videos<\/strong> und Verbreitung im <strong>gesamten PitturiAmo-Netzwerk<\/strong> , gesponsert auf <strong>Youtube<\/strong> an eine Zielgruppe. Du bekommst Tausende von Aufrufen! <\/p>\n","protected":false},"featured_media":8154,"comment_status":"open","ping_status":"closed","template":"","meta":[],"product_brand":[],"product_cat":[129],"product_tag":[],"class_list":{"0":"post-9958","1":"product","2":"type-product","3":"status-publish","4":"has-post-thumbnail","6":"product_cat-pitturiamo","8":"first","9":"instock","10":"featured","11":"virtual","12":"sold-individually","13":"purchasable","14":"product-type-simple"},"_links":{"self":[{"href":"https:\/\/www.pitturiamo.shop\/de\/wp-json\/wp\/v2\/product\/9958","targetHints":{"allow":["GET"]}}],"collection":[{"href":"https:\/\/www.pitturiamo.shop\/de\/wp-json\/wp\/v2\/product"}],"about":[{"href":"https:\/\/www.pitturiamo.shop\/de\/wp-json\/wp\/v2\/types\/product"}],"replies":[{"embeddable":true,"href":"https:\/\/www.pitturiamo.shop\/de\/wp-json\/wp\/v2\/comments?post=9958"}],"wp:featuredmedia":[{"embeddable":true,"href":"https:\/\/www.pitturiamo.shop\/de\/wp-json\/wp\/v2\/media\/8154"}],"wp:attachment":[{"href":"https:\/\/www.pitturiamo.shop\/de\/wp-json\/wp\/v2\/media?parent=9958"}],"wp:term":[{"taxonomy":"product_brand","embeddable":true,"href":"https:\/\/www.pitturiamo.shop\/de\/wp-json\/wp\/v2\/product_brand?post=9958"},{"taxonomy":"product_cat","embeddable":true,"href":"https:\/\/www.pitturiamo.shop\/de\/wp-json\/wp\/v2\/product_cat?post=9958"},{"taxonomy":"product_tag","embeddable":true,"href":"https:\/\/www.pitturiamo.shop\/de\/wp-json\/wp\/v2\/product_tag?post=9958"}],"curies":[{"name":"wp","href":"https:\/\/api.w.org\/{rel}","templated":true}]}}