{"id":9946,"date":"2023-04-28T11:35:02","date_gmt":"2023-04-28T09:35:02","guid":{"rendered":"https:\/\/www.pitturiamo.shop\/promozione-artista\/unkategorisiert\/proteggiamo\/"},"modified":"2023-04-28T11:35:02","modified_gmt":"2023-04-28T09:35:02","slug":"proteggiamo","status":"publish","type":"product","link":"https:\/\/www.pitturiamo.shop\/de\/promozione-artista\/pitturiamo\/proteggiamo\/","title":{"rendered":"ProteggiAmo"},"content":{"rendered":"<p style=\"text-align: left;\">Sie haben wundersch\u00f6ne Kunstwerke geschaffen und m\u00f6chten sie Ihren Bewunderern bekannt machen. Die Online-Werbung setzt sie dem Risiko aus, <strong>kopiert<\/strong> oder, schlimmer noch, <strong>gestohlen<\/strong> zu werden. <\/p>\n<p style=\"text-align: left;\">Der &#8220;<strong>Zeitstempel<\/strong>&#8221; kennzeichnet ein bestimmtes Datum und eine Uhrzeit eines elektronischen Dokuments, das ein Kunstwerk enth\u00e4lt, und sch\u00fctzt so den Autor vor Plagiat.<\/p>\n<h2>Wir sch\u00fctzen Ihre f\u00fcnf besten Kunstwerke mindestens 20 Jahre lang<\/h2>\n<p><b>Die Dokumentation wird Ihnen im hochaufl\u00f6senden PDF-Format zugesandt.  <\/b>Du musst es nicht ausdrucken, aber wenn doch, hast du die M\u00f6glichkeit, hochwertige Drucke zu bekommen. Bewahren Sie die erhaltenen Dateien einfach an einem sicheren Ort auf (z. B. einen USB-Stick in einem Safe). Der Service umfasst:  <\/p>\n<ul>\n<li style=\"text-align: left;\"><strong>Zeitstempel<\/strong> auf deinen <strong>5<\/strong> besten Werken, mit sicherer Identifikation von Datum, Uhrzeit und rechtlicher G\u00fcltigkeit in den 172 L\u00e4ndern der Berner Konvention. <em> Also setzt du ein Siegel auf deine Kreationen und sch\u00fctzt dich vor Plagiat und Diebstahl;<\/em><\/li>\n<li style=\"text-align: left;\"><strong>Die Registrierung Ihrer 5 Karten in der Blockchain<\/strong> funktioniert, wobei f\u00fcr jeden ein spezieller Fingerabdruck (<strong>Hash<\/strong>) zugewiesen wird. <em>Deine Kunst wird also auf der Weltzirkel anerkannt;<\/em><\/li>\n<li><strong>Registrierungszertifikat<\/strong> in hochaufl\u00f6sendem PDF f\u00fcr den Druck, f\u00fcr jedes der 5 Werke;<\/li>\n<li><strong>Urheberschaftserkl\u00e4rung<\/strong> in hochaufl\u00f6sendem PDF f\u00fcr den Druck aller 5 registrierten Werke;<\/li>\n<li>5 <strong>vorgestellte Gem\u00e4lde<\/strong> auf www.pitturiamo.com f\u00fcr ein Jahr<\/li>\n<li>5 <strong>Gem\u00e4lde zum Direktverkauf<\/strong> auf www.pitturiamo.com f\u00fcr ein Jahr<\/li>\n<li>Die kritische <strong>Note<\/strong> von 1000 Zeichen<\/li>\n<li><strong>Der Artikel<\/strong> konzentrierte sich auf deine Kunst, mit den 5 Werken und der kritischen Notiz zum PitturiAmo Magazine, dem Magazin, das K\u00fcnstlern gewidmet ist<\/li>\n<li style=\"text-align: left;\">Alle Unterlagen wurden<strong> per E-Mail im PDF-Format gesendet.<\/strong><em> So kannst du alle gew\u00fcnschten Kopien einfach haben und sie bei Bedarf einfach schicken.<\/em><\/li>\n<\/ul>\n<h3><strong>Nur f\u00fcr die ersten 20 teilnehmenden K\u00fcnstler, angeboten mit 67 % Rabatt<\/strong><\/h3>\n","protected":false},"excerpt":{"rendered":"<p>Sch\u00fctzen Sie <strong>Urheberrecht<\/strong> und <strong>Urheberrecht<\/strong>. Sch\u00fctzen Sie Ihr Kunstwerk vor <strong>unbefugtem Kopieren<\/strong>. <\/p>\n<h4>Nur f\u00fcr die ersten 20 teilnehmenden K\u00fcnstler, angeboten mit 67 % Rabatt<\/h4>\n","protected":false},"featured_media":8404,"comment_status":"open","ping_status":"closed","template":"","meta":[],"product_brand":[],"product_cat":[129],"product_tag":[],"class_list":{"0":"post-9946","1":"product","2":"type-product","3":"status-publish","4":"has-post-thumbnail","6":"product_cat-pitturiamo","8":"first","9":"instock","10":"sale","11":"featured","12":"virtual","13":"purchasable","14":"product-type-simple"},"_links":{"self":[{"href":"https:\/\/www.pitturiamo.shop\/de\/wp-json\/wp\/v2\/product\/9946","targetHints":{"allow":["GET"]}}],"collection":[{"href":"https:\/\/www.pitturiamo.shop\/de\/wp-json\/wp\/v2\/product"}],"about":[{"href":"https:\/\/www.pitturiamo.shop\/de\/wp-json\/wp\/v2\/types\/product"}],"replies":[{"embeddable":true,"href":"https:\/\/www.pitturiamo.shop\/de\/wp-json\/wp\/v2\/comments?post=9946"}],"wp:featuredmedia":[{"embeddable":true,"href":"https:\/\/www.pitturiamo.shop\/de\/wp-json\/wp\/v2\/media\/8404"}],"wp:attachment":[{"href":"https:\/\/www.pitturiamo.shop\/de\/wp-json\/wp\/v2\/media?parent=9946"}],"wp:term":[{"taxonomy":"product_brand","embeddable":true,"href":"https:\/\/www.pitturiamo.shop\/de\/wp-json\/wp\/v2\/product_brand?post=9946"},{"taxonomy":"product_cat","embeddable":true,"href":"https:\/\/www.pitturiamo.shop\/de\/wp-json\/wp\/v2\/product_cat?post=9946"},{"taxonomy":"product_tag","embeddable":true,"href":"https:\/\/www.pitturiamo.shop\/de\/wp-json\/wp\/v2\/product_tag?post=9946"}],"curies":[{"name":"wp","href":"https:\/\/api.w.org\/{rel}","templated":true}]}}