{"id":9916,"date":"2024-10-27T18:34:02","date_gmt":"2024-10-27T17:34:02","guid":{"rendered":"https:\/\/www.pitturiamo.shop\/promozione-artista\/unkategorisiert\/die-kunst-sich-bekannt-zu-machen-marketingtipps-fuer-aufstrebende-und-etablierte-kuenstler\/"},"modified":"2026-03-05T15:13:30","modified_gmt":"2026-03-05T14:13:30","slug":"die-kunst-sich-bekannt-zu-machen-marketingtipps-fuer-aufstrebende-und-etablierte-kuenstler","status":"publish","type":"product","link":"https:\/\/www.pitturiamo.shop\/de\/promozione-artista\/ausstellungen-messen-veranstaltungen\/die-kunst-sich-bekannt-zu-machen-marketingtipps-fuer-aufstrebende-und-etablierte-kuenstler\/","title":{"rendered":"Die Kunst, sich bekannt zu machen \u2013 Marketingtipps f\u00fcr aufstrebende und etablierte K\u00fcnstler"},"content":{"rendered":"<p><img loading=\"lazy\" decoding=\"async\" class=\"alignnone size-large wp-image-8611\" src=\"https:\/\/www.pitturiamo.shop\/wp-content\/uploads\/6-lingue-capitoli-1600-1024x519.jpg\" alt=\"\" width=\"1024\" height=\"519\" srcset=\"https:\/\/www.pitturiamo.shop\/wp-content\/uploads\/6-lingue-capitoli-1600-1024x519.jpg 1024w, https:\/\/www.pitturiamo.shop\/wp-content\/uploads\/6-lingue-capitoli-1600-300x152.jpg 300w, https:\/\/www.pitturiamo.shop\/wp-content\/uploads\/6-lingue-capitoli-1600-150x76.jpg 150w, https:\/\/www.pitturiamo.shop\/wp-content\/uploads\/6-lingue-capitoli-1600-768x389.jpg 768w, https:\/\/www.pitturiamo.shop\/wp-content\/uploads\/6-lingue-capitoli-1600-1536x779.jpg 1536w, https:\/\/www.pitturiamo.shop\/wp-content\/uploads\/6-lingue-capitoli-1600-1080x547.jpg 1080w, https:\/\/www.pitturiamo.shop\/wp-content\/uploads\/6-lingue-capitoli-1600-310x157.jpg 310w, https:\/\/www.pitturiamo.shop\/wp-content\/uploads\/6-lingue-capitoli-1600-490x248.jpg 490w, https:\/\/www.pitturiamo.shop\/wp-content\/uploads\/6-lingue-capitoli-1600.jpg 1600w\" sizes=\"auto, (max-width: 1024px) 100vw, 1024px\" \/><\/p>\n<p>In der Welt der zeitgen\u00f6ssischen Kunst ist es unerl\u00e4sslich, zu wissen, wie man seine Arbeit bewirbt, um herauszustechen und Erfolg zu haben. In diesem Buch begleitet Nino Argentati, Webmarketing-Experte und Pr\u00e4sident von PitturiAmo, aufstrebende und etablierte K\u00fcnstler durch den Einsatz effektiver Strategien, um sich bekannt zu machen, ihre Sichtbarkeit zu erh\u00f6hen und sich auf dem Kunstmarkt zu etablieren. <\/p>\n<p>Von traditionellen Marketingtechniken bis zu den innovativsten, \u00fcber soziale Medien, NFTs, pers\u00f6nliche Webseiten und E-Commerce-Plattformen \u2013 &#8220;Die Kunst, sich bekannt zu machen&#8221; bietet praktische und konkrete Tipps, um eine eigene K\u00fcnstlermarke zu schaffen, die Online-Pr\u00e4senz zu verwalten und Urheberrechte zu sch\u00fctzen.<\/p>\n<p>Ein vollst\u00e4ndiges Handbuch, entworfen f\u00fcr Maler, Bildhauer und Kreative aller Art, die ihre Leidenschaft in eine erfolgreiche Karriere verwandeln m\u00f6chten. Lernen Sie, wie Sie eine starke und ansprechende Pr\u00e4senz schaffen, die Aufmerksamkeit von Galeristen und Sammlern gewinnen und Ihre Kunst zur Welt sprechen lassen. <\/p>\n<hr>\n<p><strong>Nino Argentati<\/strong> ist Pr\u00e4sident von PitturiAmo, einem der wichtigsten italienischen Netzwerke, die sich der F\u00f6rderung zeitgen\u00f6ssischer K\u00fcnstler widmen. Seit 1995 im Bereich Webmarketing und Unternehmensberatung aktiv, verf\u00fcgt Nino Argentati \u00fcber lange Erfahrung darin, K\u00fcnstlern dabei zu helfen, Kommunikationstechniken online und in der realen Welt zu entwickeln, um mehr Anerkennung und Wertsch\u00e4tzung zu erhalten. Seit Beginn seiner Karriere widmet er sich dem Aufbau effektiver digitaler Plattformen und der Organisation bedeutender k\u00fcnstlerischer Events. Dank seiner Leidenschaft f\u00fcr Kunst und seiner Expertise im digitalen Marketing und SEO hat er zahlreichen K\u00fcnstlern geholfen, sich auf nationaler und internationaler Ebene bekannt zu machen.   <\/p>\n<hr>\n<p><strong>PitturiAmo<\/strong> ist ein f\u00fchrendes Online-Netzwerk im italienischen Web, das sich der F\u00f6rderung und F\u00f6rderung zeitgen\u00f6ssischer K\u00fcnstler widmet. PitturiAmo wurde von Nino Argentati mit dem Ziel gegr\u00fcndet, aufstrebenden und etablierten Malern Sichtbarkeit zu verleihen, und erm\u00f6glicht es K\u00fcnstlern, ihre Werke einem breiten Publikum zug\u00e4nglich zu machen, indem es Marketingtools und Ausstellungsm\u00f6glichkeiten sowohl online als auch in der realen Welt bietet. Das Netzwerk fungiert als Treffpunkt zwischen K\u00fcnstlern, Galeristen, Kuratoren, Kritikern und Kunstbegeisterten und f\u00f6rdert die Verbreitung und den Verkauf von Werken in einer dynamischen und zug\u00e4nglichen digitalen Umgebung. Bis heute (November 2024) sind \u00fcber 20.000 registrierte K\u00fcnstler registriert, die insgesamt \u00fcber 240.000 Kunstwerke ausstellen. PitturiAmo organisiert au\u00dferdem internationale Kunstveranstaltungen in den wichtigsten Kunstst\u00e4dten der Welt. Rom, Mailand, Florenz, Wien, Madrid, Paris, New York, Berlin, London, Marseille, Barcelona, Venedig, M\u00fcnchen sind tats\u00e4chlich nur einige der wichtigsten europ\u00e4ischen und au\u00dfereurop\u00e4ischen St\u00e4dte, in denen dank Pitturiamo Tausende von K\u00fcnstlern ihre Werke ausgestellt haben.     <\/p>\n","protected":false},"excerpt":{"rendered":"<p><strong>Italienisch &#8211; Englisch &#8211; Fran\u00e7ais &#8211; Espa\u00f1ol &#8211; Deutsch &#8211; \u0395\u03bb\u03bb\u03b7\u03bd\u03b9\u03ba\u03ac<\/strong><\/p>\n<h2><strong>Bist du ein K\u00fcnstler, der sich bekannt machen m\u00f6chte?<\/strong><\/h2>\n<p>Die Kunstwelt mag kompliziert erscheinen, aber mit den richtigen Marketingtools k\u00f6nnen Sie Ihre Leidenschaft in <strong>Erfolg<\/strong> verwandeln.<\/p>\n<p>Dieses Buch ist ein praktischer Leitfaden f\u00fcr <strong>Maler, Bildhauer, Fotografen und digitale K\u00fcnstler,<\/strong> die ihre Arbeiten f\u00f6rdern und eine solide Karriere aufbauen m\u00f6chten.<\/p>\n<p>Durch konkrete Marketingstrategien und bew\u00e4hrte Tipps entdecken Sie, wie Sie <strong>Ihre k\u00fcnstlerische Identit\u00e4t definieren<\/strong>, <strong>eine starke Marke aufbauen<\/strong> und die Kraft der<strong> sozialen Medien<\/strong> nutzen, um <strong>ein breiteres Publikum<\/strong> zu erreichen.<\/p>\n<p>Sie werden <strong>praktische Tipps<\/strong> und Strategien lesen, die Ihnen helfen, Ihre Kunst <strong>online<\/strong> und in <strong>der realen Welt<\/strong> zu bewerben.<\/p>\n<p>Alles in <strong>einfacher und klarer Sprache erkl\u00e4rt, F\u00dcR JEDEN GEEIGNET!<\/strong><\/p>\n<div class=\"page\" title=\"Seite 1\">\n<div class=\"section\">\n<div class=\"layoutArea\">\n<div class=\"column\">\n<p><strong>ISBN:<\/strong>979-12-82041-02-7<\/p>\n<\/div>\n<\/div>\n<\/div>\n<\/div>\n","protected":false},"featured_media":8543,"comment_status":"open","ping_status":"closed","template":"","meta":[],"product_brand":[],"product_cat":[139,129],"product_tag":[],"class_list":{"0":"post-9916","1":"product","2":"type-product","3":"status-publish","4":"has-post-thumbnail","6":"product_cat-ausstellungen-messen-veranstaltungen","7":"product_cat-pitturiamo","9":"first","10":"instock","11":"taxable","12":"shipping-taxable","13":"purchasable","14":"product-type-variable"},"_links":{"self":[{"href":"https:\/\/www.pitturiamo.shop\/de\/wp-json\/wp\/v2\/product\/9916","targetHints":{"allow":["GET"]}}],"collection":[{"href":"https:\/\/www.pitturiamo.shop\/de\/wp-json\/wp\/v2\/product"}],"about":[{"href":"https:\/\/www.pitturiamo.shop\/de\/wp-json\/wp\/v2\/types\/product"}],"replies":[{"embeddable":true,"href":"https:\/\/www.pitturiamo.shop\/de\/wp-json\/wp\/v2\/comments?post=9916"}],"wp:featuredmedia":[{"embeddable":true,"href":"https:\/\/www.pitturiamo.shop\/de\/wp-json\/wp\/v2\/media\/8543"}],"wp:attachment":[{"href":"https:\/\/www.pitturiamo.shop\/de\/wp-json\/wp\/v2\/media?parent=9916"}],"wp:term":[{"taxonomy":"product_brand","embeddable":true,"href":"https:\/\/www.pitturiamo.shop\/de\/wp-json\/wp\/v2\/product_brand?post=9916"},{"taxonomy":"product_cat","embeddable":true,"href":"https:\/\/www.pitturiamo.shop\/de\/wp-json\/wp\/v2\/product_cat?post=9916"},{"taxonomy":"product_tag","embeddable":true,"href":"https:\/\/www.pitturiamo.shop\/de\/wp-json\/wp\/v2\/product_tag?post=9916"}],"curies":[{"name":"wp","href":"https:\/\/api.w.org\/{rel}","templated":true}]}}