{"id":9907,"date":"2025-05-07T16:01:25","date_gmt":"2025-05-07T14:01:25","guid":{"rendered":"https:\/\/www.pitturiamo.shop\/promozione-artista\/unkategorisiert\/strategischer-termin-mit-nino-argentati\/"},"modified":"2025-05-07T16:01:25","modified_gmt":"2025-05-07T14:01:25","slug":"strategischer-termin-mit-nino-argentati","status":"publish","type":"product","link":"https:\/\/www.pitturiamo.shop\/de\/promozione-artista\/ausstellungen-messen-veranstaltungen\/strategischer-termin-mit-nino-argentati\/","title":{"rendered":"Strategischer Termin mit Nino Argentati"},"content":{"rendered":"<div class=\"et_pb_module et_pb_text et_pb_text_6 et_pb_text_align_left et_pb_bg_layout_light\">\n<div class=\"et_pb_text_inner\">\n<h2><strong>Haben Sie das Buch &#8220;Die Kunst, sich bekannt zu machen&#8221; gekauft oder den Auszug heruntergeladen und m\u00f6chten mehr \u00fcber den Inhalt erfahren?<\/strong><\/h2>\n<p>Dieses <strong>strategische Gespr\u00e4ch mit Nino Argentati<\/strong> ist genau f\u00fcr Sie gestaltet!<\/p>\n<p>Ein <strong>privates Treffen von 1 Stunde und 30 Minuten<\/strong> , in dem Sie in der Lage sind:<\/p>\n<ul>\n<li>Zweifel zu den im Buch behandelten Themen <strong>zu kl\u00e4ren<\/strong>,<\/li>\n<li><strong>Diskutieren Sie die Herausforderungen, denen<\/strong> Sie bei der F\u00f6rderung Ihrer Kunst gegen\u00fcberstehen,<\/li>\n<li>Erhalten Sie gezielte Ratschl\u00e4ge zu Ihrer k\u00fcnstlerischen Kommunikation,<\/li>\n<li>Verstehen Sie, wo Sie anfangen oder <strong>wie Sie Ihre Online-Pr\u00e4senz verbessern k\u00f6nnen<\/strong>,<\/li>\n<li>Diskutiert Themen wie <strong>soziale Medien, Website, Branding, Teilnahme an Ausstellungen, Werbung und Networking<\/strong>.<\/li>\n<\/ul>\n<p>Es ist keine Lektion, sondern ein wirklich <strong>offener Dialog mit dem Autor, ma\u00dfgeschneidert f\u00fcr dich.<\/strong><\/p>\n<p>Eine Gelegenheit, <strong>offen \u00fcber Ihren Weg<\/strong>, <strong>Ihre Schwierigkeiten<\/strong> zu sprechen oder einfach <strong>konkrete, pers\u00f6nliche und ehrliche Anleitung von denen zu erhalten<\/strong> , die seit Jahren mit K\u00fcnstlern zusammenarbeiten.<\/p>\n<\/div>\n<\/div>\n<div class=\"et_pb_module et_pb_text et_pb_text_7 et_pb_text_align_left et_pb_bg_layout_light\">\n<div class=\"et_pb_text_inner\">\n<h2><strong>WENN DIE WELT DICH NICHT SIEHT, KANN SIE DICH NICHT W\u00c4HLEN!<\/strong><\/h2>\n<p><img loading=\"lazy\" decoding=\"async\" class=\"size-medium wp-image-8645 alignleft\" src=\"https:\/\/www.pitturiamo.shop\/wp-content\/uploads\/Nino-Argentati-1-260x300.png\" alt=\"Nino Argentati\" width=\"260\" height=\"300\"><\/p>\n<p><strong>Nino Argentati konzipierte und schuf PitturiAmo<\/strong>. <strong>1995<\/strong> erstellte er die erste Webseite. Seitdem hat er unz\u00e4hlige Online-Projekte f\u00fcr Unternehmen kuratiert, die sich auf Suchmaschinenpositionierung und die Erstellung von Online-Werbekampagnen spezialisiert haben.  <\/p>\n<p>Dank PitturiAmo hat er Tausenden von K\u00fcnstlern geholfen, <strong>ihre Werke<\/strong> sowohl online als auch durch Ausstellungen in Galerien, Messen, Ausstellungen und Wettbewerben zu verkaufen.<\/p>\n<p>Es organisiert <strong>Ausstellungen, Auszeichnungen und Wettbewerbe<\/strong> f\u00fcr nationale und internationale K\u00fcnstler in Italien und im Ausland.<\/p>\n<p>Es gibt \u00fcber <strong>20.000 K\u00fcnstler<\/strong>, die dem PitturiAmo Network angeh\u00f6ren, die \u00fcber <strong>250.000 Kunstwerke online<\/strong> ausstellen.<\/p>\n<p>Mit diesen Zahlen und durchschnittlich etwa <strong>5000 Besuchern pro Tag<\/strong> ist PitturiAmo das gr\u00f6\u00dfte Netzwerk f\u00fcr K\u00fcnstler im italienischen Web geworden.<\/p>\n<p>Er schrieb das Buch &#8220;<strong>Die Kunst, sich bekannt zu machen<\/strong> \u2013 <em>Marketingtipps f\u00fcr aufstrebende und etablierte K\u00fcnstler<\/em>&#8220;, das in 6 Sprachen \u00fcbersetzt wurde und die Erfahrungen von \u00fcber 30 Jahren T\u00e4tigkeit im Dienst von Unternehmern und K\u00fcnstlern zusammenfasst. Ein Text, der unter Amateur- und Berufsk\u00fcnstlern betr\u00e4chtlichen Erfolg genie\u00dft. <\/p>\n<\/div>\n<\/div>\n","protected":false},"excerpt":{"rendered":"<p>VERLEIHEN SIE IHRER KUNST MIT EINEM GEZIELTEN MARKETINGWEG EINEN WERT<\/p>\n<h1>STRATEGISCHER TERMIN MIT NINO ARGENTATI<\/h1>\n<p>Von Theorie zu Praxis: Diskutiere deine Strategie mit Nino Argentati!<\/p>\n<p>\ud83d\udd25 Einstiegspreis: nur 150 \u20ac statt 500 \u20ac \ud83d\udd25<\/p>\n","protected":false},"featured_media":8644,"comment_status":"open","ping_status":"closed","template":"","meta":[],"product_brand":[],"product_cat":[139,125],"product_tag":[],"class_list":{"0":"post-9907","1":"product","2":"type-product","3":"status-publish","4":"has-post-thumbnail","6":"product_cat-ausstellungen-messen-veranstaltungen","7":"product_cat-internet","9":"first","10":"instock","11":"sale","12":"virtual","13":"purchasable","14":"product-type-simple"},"_links":{"self":[{"href":"https:\/\/www.pitturiamo.shop\/de\/wp-json\/wp\/v2\/product\/9907","targetHints":{"allow":["GET"]}}],"collection":[{"href":"https:\/\/www.pitturiamo.shop\/de\/wp-json\/wp\/v2\/product"}],"about":[{"href":"https:\/\/www.pitturiamo.shop\/de\/wp-json\/wp\/v2\/types\/product"}],"replies":[{"embeddable":true,"href":"https:\/\/www.pitturiamo.shop\/de\/wp-json\/wp\/v2\/comments?post=9907"}],"wp:featuredmedia":[{"embeddable":true,"href":"https:\/\/www.pitturiamo.shop\/de\/wp-json\/wp\/v2\/media\/8644"}],"wp:attachment":[{"href":"https:\/\/www.pitturiamo.shop\/de\/wp-json\/wp\/v2\/media?parent=9907"}],"wp:term":[{"taxonomy":"product_brand","embeddable":true,"href":"https:\/\/www.pitturiamo.shop\/de\/wp-json\/wp\/v2\/product_brand?post=9907"},{"taxonomy":"product_cat","embeddable":true,"href":"https:\/\/www.pitturiamo.shop\/de\/wp-json\/wp\/v2\/product_cat?post=9907"},{"taxonomy":"product_tag","embeddable":true,"href":"https:\/\/www.pitturiamo.shop\/de\/wp-json\/wp\/v2\/product_tag?post=9907"}],"curies":[{"name":"wp","href":"https:\/\/api.w.org\/{rel}","templated":true}]}}