{"id":9863,"date":"2025-08-12T13:04:24","date_gmt":"2025-08-12T11:04:24","guid":{"rendered":"https:\/\/www.pitturiamo.shop\/promozione-artista\/unkategorisiert\/die-reise-des-kuenstlers\/"},"modified":"2025-08-12T13:04:24","modified_gmt":"2025-08-12T11:04:24","slug":"die-reise-des-kuenstlers","status":"publish","type":"product","link":"https:\/\/www.pitturiamo.shop\/de\/promozione-artista\/pitturiamo\/die-reise-des-kuenstlers\/","title":{"rendered":"Die Reise des K\u00fcnstlers"},"content":{"rendered":"<h2 class=\"p1\"><b>Vom Talent zum Promi.<\/b><\/h2>\n<p class=\"p2\">The <b>Artist&#8217;s Journey<\/b> ist der Weg, der Sie von den ersten kreativen Intuitionen bis zu den Orten begleitet, von denen jeder K\u00fcnstler tr\u00e4umt: <b>vom MoMA zum Louvre, von der Biennale von Venedig zur Art Basel, von der Tate Modern bis zum Guggenheim<\/b>.<\/p>\n<p class=\"p2\">Ein Weg, der Ausbildung, Sichtbarkeit und konkrete Chancen kombiniert, um Ihre Kunst in einen Namen zu verwandeln, der auf der internationalen B\u00fchne z\u00e4hlt.<\/p>\n<h2><b>Eine Reise in 3 Schritten<\/b><\/h2>\n<ul>\n<li><strong>PHASE 1<\/strong> \u2013 Produktion und Verfeinerung der Werke; Ausbildung und Vergleich; F\u00f6rderung und Sichtbarkeit; Bewertung und R\u00fcckmeldung; Networking und Beziehungsaufbau; Strecken\u00fcberpr\u00fcfung und Neuausrichtung.<\/li>\n<li><strong>PHASE 2<\/strong> \u2013 Neue Sch\u00f6pfung; Herausforderung; Forschung; Beleuchtung<\/li>\n<li><strong>PHASE 3<\/strong> \u2013 Konsolidierung; Expansion; Positionierung; Monetarisierung<\/li>\n<\/ul>\n<p><strong>Der Weg, der zahlreichen K\u00fcnstlern die T\u00fcren zum Erfolg ge\u00f6ffnet hat und ihre Ambitionen in die Realit\u00e4t umgesetzt<\/strong> hat.<\/p>\n","protected":false},"excerpt":{"rendered":"<h2><strong>Von deinem Atelier bis zu den B\u00fchnen der Weltkunst<\/strong><\/h2>\n<h1>Die Reise des K\u00fcnstlers<\/h1>\n<h3>Der Weg, der Leidenschaft in Erfolg verwandelt<\/h3>\n<p>Ein exklusives Projekt, geschaffen von PitturiAmo, das Sie von <strong><span class=\"evidenziato\">der Entdeckung Ihres Wertes<\/span><\/strong> bis zur Anerkennung als <strong><span class=\"evidenziato\">etablierter und erfolgreicher K\u00fcnstler<\/span><\/strong> begleitet.<\/p>\n<p><b>Ein Coaching-Weg, der dich dazu f\u00fchrt, das volle Potenzial deiner Kunst zu entfalten, bis sie auf B\u00fchnen gl\u00e4nzt, die nie gedacht waren.<\/b><\/p>\n","protected":false},"featured_media":8678,"comment_status":"open","ping_status":"closed","template":"","meta":[],"product_brand":[],"product_cat":[129],"product_tag":[],"class_list":{"0":"post-9863","1":"product","2":"type-product","3":"status-publish","4":"has-post-thumbnail","6":"product_cat-pitturiamo","8":"first","9":"instock","10":"sale","11":"virtual","12":"sold-individually","13":"purchasable","14":"product-type-simple"},"_links":{"self":[{"href":"https:\/\/www.pitturiamo.shop\/de\/wp-json\/wp\/v2\/product\/9863","targetHints":{"allow":["GET"]}}],"collection":[{"href":"https:\/\/www.pitturiamo.shop\/de\/wp-json\/wp\/v2\/product"}],"about":[{"href":"https:\/\/www.pitturiamo.shop\/de\/wp-json\/wp\/v2\/types\/product"}],"replies":[{"embeddable":true,"href":"https:\/\/www.pitturiamo.shop\/de\/wp-json\/wp\/v2\/comments?post=9863"}],"wp:featuredmedia":[{"embeddable":true,"href":"https:\/\/www.pitturiamo.shop\/de\/wp-json\/wp\/v2\/media\/8678"}],"wp:attachment":[{"href":"https:\/\/www.pitturiamo.shop\/de\/wp-json\/wp\/v2\/media?parent=9863"}],"wp:term":[{"taxonomy":"product_brand","embeddable":true,"href":"https:\/\/www.pitturiamo.shop\/de\/wp-json\/wp\/v2\/product_brand?post=9863"},{"taxonomy":"product_cat","embeddable":true,"href":"https:\/\/www.pitturiamo.shop\/de\/wp-json\/wp\/v2\/product_cat?post=9863"},{"taxonomy":"product_tag","embeddable":true,"href":"https:\/\/www.pitturiamo.shop\/de\/wp-json\/wp\/v2\/product_tag?post=9863"}],"curies":[{"name":"wp","href":"https:\/\/api.w.org\/{rel}","templated":true}]}}