{"id":9855,"date":"2026-02-24T19:52:50","date_gmt":"2026-02-24T18:52:50","guid":{"rendered":"https:\/\/www.pitturiamo.shop\/promozione-artista\/unkategorisiert\/top-auswahl-barcelona-award-2026\/"},"modified":"2026-02-24T19:52:50","modified_gmt":"2026-02-24T18:52:50","slug":"top-auswahl-barcelona-award-2026","status":"publish","type":"product","link":"https:\/\/www.pitturiamo.shop\/de\/promozione-artista\/ausstellungen-messen-veranstaltungen\/top-auswahl-barcelona-award-2026\/","title":{"rendered":"Top-Auswahl Barcelona Award 2026"},"content":{"rendered":"<h5>Internationale Auszeichnung<\/h5>\n<h1><strong>Top-Auswahl Barcelona 26: Die spanische Perspektive<\/strong><\/h1>\n<h4>10.\u201317. Juli 2026 \u2013 Port Gallery \u2013 Barcelona<\/h4>\n<h5>Direkte Auswahl von Manuel Gim\u00e9nez Alvarez<\/h5>\n<p>Malerei \u2013 Skulptur \u2013 Grafikdesign \u2013 Fotografie \u2013 Digitale Kunst<\/p>\n<h6>KOSTENLOSES THEMA<\/h6>\n<h2>Die Preise stehen auf dem Spiel<\/h2>\n<p>Der Preis zielt darauf ab, Ihrer Kunst authentische Anerkennung zu geben, die Talent im Laufe der Zeit klar und glaubw\u00fcrdig in eine klare und glaubw\u00fcrdige Richtung lenken kann, durch folgende Auszeichnungen:<\/p>\n<ul>\n<li data-start=\"84\" data-end=\"112\"><strong data-start=\"84\" data-end=\"98\">1. Preis:<\/strong> <strong>3.000 \u20ac + Plakette + Siegerzertifikat + Katalog <\/strong> <\/li>\n<li data-start=\"115\" data-end=\"143\"><strong data-start=\"115\" data-end=\"129\">2. Preis:<\/strong> <strong>2.000 \u20ac + Plakette + Gewinnzertifikat + Katalog<\/strong><\/li>\n<li data-start=\"146\" data-end=\"174\"><strong data-start=\"146\" data-end=\"160\">3. Preis:<\/strong> <strong data-start=\"161\" data-end=\"172\" data-is-only-node=\"\">1.000 \u20ac + Plakette + Siegerzertifikat + Katalog<\/strong><\/li>\n<\/ul>\n<p><strong>  10 K\u00fcnstler nehmen mit der Ver\u00f6ffentlichung auf dem Portal, das den TOP-K\u00fcnstlern gewidmet ist, in die Top Selection ein.<\/strong><\/p>\n<h2>An alle K\u00fcnstler, die in die Endphase aufgenommen wurden.<\/h2>\n<ul>\n<li><strong>Videoausstellung<\/strong> der gezeigten Werke in der <strong>Port Gallery in Barcelona<\/strong> vom 10. bis 17. Juli 2026<\/li>\n<li data-start=\"292\" data-end=\"401\"><strong data-start=\"292\" data-end=\"349\">Professionelle Kunstkritik, signiert von Roberto Litta<\/strong>, paginiert und als offizielles Dokument herausgegeben<\/li>\n<li data-start=\"404\" data-end=\"500\"><strong data-start=\"404\" data-end=\"445\">Offizielles Anerkennungsurkunde<\/strong><\/li>\n<li><strong>Offizieller Katalog<\/strong> der Veranstaltung mit ISBN<\/li>\n<li>Einladung zur <strong>Vernissage<\/strong> in der Galerie<\/li>\n<\/ul>\n","protected":false},"excerpt":{"rendered":"<p><strong>Vorsicht:<\/strong> Derzeit gilt der <strong>25%-Rabatt<\/strong> f\u00fcr die ersten <strong>100<\/strong> zugelassenen K\u00fcnstler. Beeil dich. <\/p>\n<p>Entscheiden Sie, ob Sie als <strong>Mitglied<\/strong> teilnehmen (und die Mehrwertsteuer sparen) oder als <strong>Nicht-Mitglied<\/strong> (zum vollen Preis)<\/p>\n","protected":false},"featured_media":8936,"comment_status":"open","ping_status":"closed","template":"","meta":[],"product_brand":[],"product_cat":[139],"product_tag":[],"class_list":{"0":"post-9855","1":"product","2":"type-product","3":"status-publish","4":"has-post-thumbnail","6":"product_cat-ausstellungen-messen-veranstaltungen","8":"first","9":"instock","10":"sale","11":"sold-individually","12":"taxable","13":"shipping-taxable","14":"purchasable","15":"product-type-variable","16":"has-default-attributes"},"_links":{"self":[{"href":"https:\/\/www.pitturiamo.shop\/de\/wp-json\/wp\/v2\/product\/9855","targetHints":{"allow":["GET"]}}],"collection":[{"href":"https:\/\/www.pitturiamo.shop\/de\/wp-json\/wp\/v2\/product"}],"about":[{"href":"https:\/\/www.pitturiamo.shop\/de\/wp-json\/wp\/v2\/types\/product"}],"replies":[{"embeddable":true,"href":"https:\/\/www.pitturiamo.shop\/de\/wp-json\/wp\/v2\/comments?post=9855"}],"wp:featuredmedia":[{"embeddable":true,"href":"https:\/\/www.pitturiamo.shop\/de\/wp-json\/wp\/v2\/media\/8936"}],"wp:attachment":[{"href":"https:\/\/www.pitturiamo.shop\/de\/wp-json\/wp\/v2\/media?parent=9855"}],"wp:term":[{"taxonomy":"product_brand","embeddable":true,"href":"https:\/\/www.pitturiamo.shop\/de\/wp-json\/wp\/v2\/product_brand?post=9855"},{"taxonomy":"product_cat","embeddable":true,"href":"https:\/\/www.pitturiamo.shop\/de\/wp-json\/wp\/v2\/product_cat?post=9855"},{"taxonomy":"product_tag","embeddable":true,"href":"https:\/\/www.pitturiamo.shop\/de\/wp-json\/wp\/v2\/product_tag?post=9855"}],"curies":[{"name":"wp","href":"https:\/\/api.w.org\/{rel}","templated":true}]}}