{"id":9596,"date":"2020-01-18T15:16:50","date_gmt":"2020-01-18T15:16:50","guid":{"rendered":"https:\/\/www.pitturiamo.shop\/promozione-artista\/unkategorisiert\/verlaengerung-des-kuenstlerkoeffizienten\/"},"modified":"2020-01-18T15:16:50","modified_gmt":"2020-01-18T14:16:50","slug":"verlaengerung-des-kuenstlerkoeffizienten","status":"publish","type":"product","link":"https:\/\/www.pitturiamo.shop\/de\/promozione-artista\/ausstellungen-messen-veranstaltungen\/verlaengerung-des-kuenstlerkoeffizienten\/","title":{"rendered":"Verl\u00e4ngerung des K\u00fcnstlerkoeffizienten"},"content":{"rendered":"<h2>Warum den K\u00fcnstlerischen Bewertungskoeffizienten erneuern?<\/h2>\n<p>Der K\u00fcnstlerkoeffizient ist ein numerischer Wert, der vom zeitgen\u00f6ssischen <strong>Kunstexperten Franco Bulfarini<\/strong> vergeben wurde, und ist grundlegend f\u00fcr die Zuordnung des Verkaufspreises der Werke.<\/p>\n<p>Nach einer sorgf\u00e4ltigen Analyse des Lehrplans, der k\u00fcnstlerischen Entwicklung und des pers\u00f6nlichen Weges des K\u00fcnstlers kann der Experte den K\u00fcnstlerkoeffizienten dem Maler zuordnen. Je nach k\u00fcnstlerischen Epochen oder Art des Werks k\u00f6nnen unterschiedliche Koeffizienten zugewiesen werden. Die gesch\u00e4tzte G\u00fcltigkeit des Koeffizienten betr\u00e4gt ein Jahr.  <\/p>\n<p>Die Erneuerung des K\u00fcnstlerkoeffizienten ist daher unerl\u00e4sslich, um den k\u00fcnstlerischen Weg sowie technische sowie berufliche Entwicklungen wie Verkaufserfolg, erhaltene Auszeichnungen, Auktionsverk\u00e4ufe, Ausstellungen und das Wachstumspotenzial des K\u00fcnstlers zu bewerten.<\/p>\n<h3><strong>Was beinhaltet die Verl\u00e4ngerung des K\u00fcnstlerkoeffizienten?<\/strong><\/h3>\n<ul>\n<li><strong>Telefoninterview<\/strong> mit dem Kunstexperten, um Ihre k\u00fcnstlerische Laufbahn zu beurteilen und eventuelle Fortschritte seit der Erstvergabe des Koeffizienten zu \u00fcberpr\u00fcfen;<\/li>\n<li>Aktualisierung Ihres <strong>Lebenslaufs<\/strong> und Analyse der <strong>neuen<\/strong> Hauptveranstaltungen, an denen Sie teilgenommen haben (Einzel- und Gruppenausstellungen, erhaltene Auszeichnungen, Besuche in Museen und Sammlungen usw.);<\/li>\n<li>Studium und Analyse Ihrer <strong>Biografie<\/strong>, um Ihren k\u00fcnstlerischen Weg, Ihr Wachstum und die Entwicklung verschiedener Produktionsphasen zu verstehen;<\/li>\n<li><strong>Erneuerung des K\u00fcnstlerkoeffizienten<\/strong> , der es Ihnen erm\u00f6glicht, einen Referenzparameter zu erhalten, um sich vor Galeristen und Sammlern ernster zu pr\u00e4sentieren und den korrekten wirtschaftlichen Wert Ihrer Werke zu bestimmen (nach dem Telefoninterview kann es notwendig sein, <strong>zus\u00e4tzliche K\u00fcnstlerkoeffizienten<\/strong> zu identifizieren);<\/li>\n<li><strong>Erneuerung<\/strong> des <strong>offiziellen Dokuments im<\/strong> hochaufl\u00f6senden PDF-Format, mit dem Stempel und der Unterschrift des Kunstexperten<em> F. Bulfarini<\/em> und des alleinigen Direktors von PitturiAmo, <em>Dr. A. Argentati<\/em>. Anschlie\u00dfend k\u00f6nnen Sie Ihre Bewunderer drucken und ein Dokument verschicken, das Ihre k\u00fcnstlerischen F\u00e4higkeiten belegt; <\/li>\n<\/ul>\n<hr>\n<p>Wenn Sie es hingegen noch nie hatten, k\u00f6nnen Sie <strong>nun <a href=\"https:\/\/www.pitturiamo.eu\/coefficiente-artista\/\">die Zuordnung Ihres K\u00fcnstlerkoeffizienten<\/a> beantragen.<\/strong><\/p>\n","protected":false},"excerpt":{"rendered":"<p>Hast du bereits den PitturiAmo K\u00fcnstlerkoeffizienten erhalten?<\/p>\n<p>Wenn es mindestens ein Jahr her ist, seit es Ihnen vergeben wurde, <strong>empfehlen wir, es zu verl\u00e4ngern<\/strong> , um die Bewertung Ihres Kunstwerks zu aktualisieren. Erneuern Sie jetzt Ihren K\u00fcnstlerkoeffizienten. <\/p>\n","protected":false},"featured_media":7602,"comment_status":"open","ping_status":"closed","template":"","meta":[],"product_brand":[],"product_cat":[139],"product_tag":[],"class_list":{"0":"post-9596","1":"product","2":"type-product","3":"status-publish","4":"has-post-thumbnail","6":"product_cat-ausstellungen-messen-veranstaltungen","8":"first","9":"instock","10":"sale","11":"virtual","12":"purchasable","13":"product-type-simple"},"_links":{"self":[{"href":"https:\/\/www.pitturiamo.shop\/de\/wp-json\/wp\/v2\/product\/9596","targetHints":{"allow":["GET"]}}],"collection":[{"href":"https:\/\/www.pitturiamo.shop\/de\/wp-json\/wp\/v2\/product"}],"about":[{"href":"https:\/\/www.pitturiamo.shop\/de\/wp-json\/wp\/v2\/types\/product"}],"replies":[{"embeddable":true,"href":"https:\/\/www.pitturiamo.shop\/de\/wp-json\/wp\/v2\/comments?post=9596"}],"wp:featuredmedia":[{"embeddable":true,"href":"https:\/\/www.pitturiamo.shop\/de\/wp-json\/wp\/v2\/media\/7602"}],"wp:attachment":[{"href":"https:\/\/www.pitturiamo.shop\/de\/wp-json\/wp\/v2\/media?parent=9596"}],"wp:term":[{"taxonomy":"product_brand","embeddable":true,"href":"https:\/\/www.pitturiamo.shop\/de\/wp-json\/wp\/v2\/product_brand?post=9596"},{"taxonomy":"product_cat","embeddable":true,"href":"https:\/\/www.pitturiamo.shop\/de\/wp-json\/wp\/v2\/product_cat?post=9596"},{"taxonomy":"product_tag","embeddable":true,"href":"https:\/\/www.pitturiamo.shop\/de\/wp-json\/wp\/v2\/product_tag?post=9596"}],"curies":[{"name":"wp","href":"https:\/\/api.w.org\/{rel}","templated":true}]}}