{"id":9576,"date":"2020-03-06T10:07:28","date_gmt":"2020-03-06T10:07:28","guid":{"rendered":"https:\/\/www.pitturiamo.shop\/promozione-artista\/unkategorisiert\/kuenstlerkoeffizient\/"},"modified":"2020-03-06T10:07:28","modified_gmt":"2020-03-06T09:07:28","slug":"kuenstlerkoeffizient","status":"publish","type":"product","link":"https:\/\/www.pitturiamo.shop\/de\/promozione-artista\/ausstellungen-messen-veranstaltungen\/kuenstlerkoeffizient\/","title":{"rendered":"K\u00fcnstlerkoeffizient"},"content":{"rendered":"<h2>Wie der K\u00fcnstlerkoeffizient identifiziert wird<\/h2>\n<p>Der Experte weist <strong>dem K\u00fcnstler die Koeffizienten f\u00fcr jede Art von Werk<\/strong> zu. Zum Beispiel basierend auf Technik (\u00d6l, Acryl, Aquarell, Tempera usw.) oder Tr\u00e4ger (Leinwand, Leinwand, Pappe, Paneel usw.). Der K\u00fcnstler kann dann den K\u00fcnstlerkoeffizienten auf alle Werke dieses Genres anwenden und den Wert jedes Werks berechnen. Der Erfolg bei den Verk\u00e4ufen einer Art gegen\u00fcber einer anderen, die erhaltenen Auszeichnungen, Auktionsverk\u00e4ufe, der Erfolg eines Zyklus im Verh\u00e4ltnis zu Markttrends, die Originalit\u00e4t des Werks und sein perspektivisches Potenzial, bedeutende Ausstellungen, an denen der K\u00fcnstler teilgenommen hat, und zahlreiche weitere Faktoren werden dann ber\u00fccksichtigt.   <\/p>\n<p><strong>Die Koeffizienten des K\u00fcnstlers k\u00f6nnen daher variiert werden.<\/strong>  Die Zertifizierung wird von Fall zu Fall durch typologische Werkgruppen motiviert, die der Experte vor der Erteilung der Zertifizierung durch Gespr\u00e4ch mit dem K\u00fcnstler identifiziert.<\/p>\n<h3>Beispiel f\u00fcr die Berechnung des K\u00fcnstlerkoeffizienten<\/h3>\n<p><strong>Basispreis = (H\u00f6chste Basis + h\u00f6chste H\u00f6he) x K\u00fcnstlerkoeffizient<\/strong><strong> x 10<\/strong><\/p>\n<p><strong>Beispiel<\/strong><\/p>\n<ul>\n<li>K\u00fcnstler mit K\u00fcnstlerkoeffizienten = 2<strong><br \/>\n<\/strong><\/li>\n<li>Funktioniert mit Ma\u00dfen: H\u00f6he = 70 cm; Breite = 50 cm;<\/li>\n<li>Berechnung = (70+50) x 2 x 10 = 120 x 2 x 10= 2,400,00\u20ac<\/li>\n<\/ul>\n<p>&nbsp;<\/p>\n<h3>Hier sind die Top 4 Gr\u00fcnde, sie zu kaufen<\/h3>\n<p>&nbsp;<\/p>\n<ol>\n<li>Man muss seinen Werken <strong>einen einheitlichen Wert beimessen<\/strong> , um sich vor Galeristen und Sammlern klarer zu pr\u00e4sentieren und <strong>eine Kunst anzubieten, die auf dem Circuit anerkannt<\/strong> ist;<\/li>\n<li>Sie m\u00fcssen den <strong>wirtschaftlichen Wert eines Werks<\/strong> bezeugen, das bei einem Umzug oder beim Versand an eine Kunstgalerie verloren gegangen ist.<\/li>\n<li>Sie m\u00f6chten, dass Ihre Werke <strong>im Laufe der Zeit nicht an Wert verlieren<\/strong>, sondern immer von einem offiziellen Dokument begleitet werden k\u00f6nnen, das ihre Qualit\u00e4t best\u00e4tigt;<\/li>\n<li>Du hast mehrere Kunstwerke geschaffen, und jedes davon ist ein Teil von dir. Sie m\u00f6chten sie an diejenigen verkaufen, die <strong>sie wirklich sch\u00e4tzen<\/strong> , aber Sie k\u00f6nnen den <strong>richtigen wirtschaftlichen Wert<\/strong> nicht bestimmen. Sie haben Angst, dass der von Ihnen geforderte Preis zu hoch oder noch schlimmer zu niedrig sein k\u00f6nnte.  <\/li>\n<\/ol>\n<p>&nbsp;<\/p>\n<h3>Was schlagen wir vor?<\/h3>\n<p>&nbsp;<\/p>\n<ul>\n<li><strong>Telefoninterview<\/strong> mit dem Kunstexperten Franco Bulfarini, um sich kennenzulernen und Ihre k\u00fcnstlerische Laufbahn zu verstehen;<\/li>\n<li>Lesen Ihres <strong>Lebenslaufs<\/strong> und Analyse der wichtigsten Ereignisse, an denen Sie teilgenommen haben (Einzel- und Gruppenausstellungen, erhaltene Auszeichnungen, Besuche in Museen und Sammlungen von nationalem und internationalem Interesse usw.);<\/li>\n<li>Studium und Analyse Ihrer <strong>Biografie<\/strong>, um Ihren k\u00fcnstlerischen Weg, Ihr Wachstum und die Entwicklung verschiedener Produktionsphasen zu verstehen;<\/li>\n<li><strong>Attribution des K\u00fcnstlerkoeffizienten<\/strong> , der es Ihnen erm\u00f6glicht, einen Referenzparameter zu erhalten, um sich vor Galeristen und Sammlern ernster zu pr\u00e4sentieren und den korrekten wirtschaftlichen Wert Ihrer Werke zu bestimmen (nach dem Telefoninterview kann es notwendig sein, <strong>zus\u00e4tzliche K\u00fcnstlerkoeffizienten<\/strong> zu identifizieren);<\/li>\n<li><strong>Detaillierte analytische Expertise<\/strong>. Wir stellen Ihnen das vollst\u00e4ndige Dokument aus, das vom Kunstexperten erstellt wurde, mit dem erkl\u00e4renden Text der durchgef\u00fchrten Analyse, detailliert mit der gesamten Studie und den Hinweisen; <\/li>\n<li>Ver\u00f6ffentlichung eines <strong>offiziellen Dokuments im<\/strong> hochaufl\u00f6senden PDF-Format, mit dem Stempel und der Unterschrift des Kunstexperten<em> F. Bulfarini<\/em> und des alleinigen Direktors von PitturiAmo, <em>Dr. A. Argentati<\/em>. Anschlie\u00dfend k\u00f6nnen Sie Ihre Bewunderer drucken und ein Dokument verschicken, das Ihre k\u00fcnstlerischen F\u00e4higkeiten belegt; <\/li>\n<\/ul>\n<p><!-- <strong>+ tre BONUS:<\/strong>\n\n\n<ul>\n \t\n\n<li><strong>Redazionale<\/strong>, con <strong>appendice motivazionale<\/strong>, su PitturiAmo Magazine (www.pitturiamo.eu), il portale dedicato agli artisti, per conoscere e farsi conoscere;<\/li>\n\n\n \t\n\n<li><strong>5 quadri In Evidenza<\/strong> su PitturiAmo, il portale dei pittori contemporanei. Per aumentare ulteriormente la tua visibilit\u00e0;<\/li>\n\n\n \t\n\n<li><em><strong>Soltanto se sei Maestro di PitturiAmo\u00a9 ottieni un ulteriore Bonus<\/strong>: un <\/em>Banner promozionale <strong>Slider in Home Page di PitturiAmo per 1 settimana <\/strong>per comunicare a tutti i visitatori di PitturiAmo che hai ottenuto il Coefficiente d'Artista;<\/li>\n\n\n<\/ul>\n\n\n--><br \/>\nBuchen Sie jetzt Ihren K\u00fcnstlerkoeffizienten, um einen <strong>zeitnahen Service<\/strong> auf Kosten <strong>des Angebots zu gew\u00e4hrleisten<\/strong>.<\/p>\n<hr>\n<p>Besitzt du bereits einen K\u00fcnstlerkoeffizienten und m\u00f6chtest ihn aufr\u00fcsten?  <strong><a href=\"https:\/\/www.pitturiamo.shop\/de\/promozione-artista\/ausstellungen-messen-veranstaltungen\/verlaengerung-des-kuenstlerkoeffizienten\/\">Jetzt erneuern<\/a><\/strong><\/p>\n","protected":false},"excerpt":{"rendered":"<p>Ein schwankender Preis ohne wirklichen Grund ist ein erstes Anzeichen von <strong>mangelnder Professionalit\u00e4t<\/strong> und k\u00f6nnte dazu f\u00fchren, dass Ihre Bewunderer vom Kauf absehen.<\/p>\n<p>Eine sorgf\u00e4ltige Analyse Ihrer Arbeit ist unerl\u00e4sslich, um Ihren <strong>K\u00fcnstlerkoeffizienten<\/strong> zu identifizieren, durch den Sie leicht den richtigen Wert Ihrer Werke ermitteln k\u00f6nnen. Die Analyse muss jedoch ausschlie\u00dflich von <strong>aufmerksamen, f\u00e4higen und qualifizierten Autoren<\/strong> durchgef\u00fchrt werden, die Ihren beruflichen Lehrplan, Ihre Biografie und Ihre Hauptwerke analysieren k\u00f6nnen. <\/p>\n<p><strong>PitturiAmo<\/strong> bietet Ihnen in Zusammenarbeit mit dem Kunstexperten Franco Bulfarini einen technisch-k\u00fcnstlerischen Analysedienst f\u00fcr Ihre Kunst und die Ausstellung des <strong>Authentic Certificate of Attribution of the Artistic Evaluation Coefficient an.<\/strong><\/p>\n<p>Geben Sie Ihren Werken einen korrekten Wert, fragen Sie nach dem K\u00fcnstlerkoeffizienten: ein n\u00fctzliches Werkzeug, um den echten Wert DEINER Kunst zu kommunizieren.<\/p>\n","protected":false},"featured_media":7597,"comment_status":"open","ping_status":"closed","template":"","meta":[],"product_brand":[],"product_cat":[139],"product_tag":[],"class_list":{"0":"post-9576","1":"product","2":"type-product","3":"status-publish","4":"has-post-thumbnail","6":"product_cat-ausstellungen-messen-veranstaltungen","8":"first","9":"instock","10":"sale","11":"virtual","12":"purchasable","13":"product-type-simple"},"_links":{"self":[{"href":"https:\/\/www.pitturiamo.shop\/de\/wp-json\/wp\/v2\/product\/9576","targetHints":{"allow":["GET"]}}],"collection":[{"href":"https:\/\/www.pitturiamo.shop\/de\/wp-json\/wp\/v2\/product"}],"about":[{"href":"https:\/\/www.pitturiamo.shop\/de\/wp-json\/wp\/v2\/types\/product"}],"replies":[{"embeddable":true,"href":"https:\/\/www.pitturiamo.shop\/de\/wp-json\/wp\/v2\/comments?post=9576"}],"wp:featuredmedia":[{"embeddable":true,"href":"https:\/\/www.pitturiamo.shop\/de\/wp-json\/wp\/v2\/media\/7597"}],"wp:attachment":[{"href":"https:\/\/www.pitturiamo.shop\/de\/wp-json\/wp\/v2\/media?parent=9576"}],"wp:term":[{"taxonomy":"product_brand","embeddable":true,"href":"https:\/\/www.pitturiamo.shop\/de\/wp-json\/wp\/v2\/product_brand?post=9576"},{"taxonomy":"product_cat","embeddable":true,"href":"https:\/\/www.pitturiamo.shop\/de\/wp-json\/wp\/v2\/product_cat?post=9576"},{"taxonomy":"product_tag","embeddable":true,"href":"https:\/\/www.pitturiamo.shop\/de\/wp-json\/wp\/v2\/product_tag?post=9576"}],"curies":[{"name":"wp","href":"https:\/\/api.w.org\/{rel}","templated":true}]}}