{"id":9566,"date":"2020-01-28T11:48:24","date_gmt":"2020-01-28T11:48:24","guid":{"rendered":"https:\/\/www.pitturiamo.shop\/promozione-artista\/unkategorisiert\/esploriamo\/"},"modified":"2020-01-28T11:48:24","modified_gmt":"2020-01-28T10:48:24","slug":"esploriamo","status":"publish","type":"product","link":"https:\/\/www.pitturiamo.shop\/de\/promozione-artista\/pitturiamo\/esploriamo\/","title":{"rendered":"EsploriAmo"},"content":{"rendered":"<p>Hier ist, was <strong>EsploriAmo bietet<\/strong>:<\/p>\n<ul>\n<li><strong>5 Featured Paintings<\/strong> (ausgew\u00e4hlt vom k\u00fcnstlerischen Redaktionsteam von PitturiAmo), um mehr \u00fcber den Service zu erfahren, seine Vorteile zu sch\u00e4tzen und die Positionierung an der Spitze von Google zu testen;<\/li>\n<li><strong>1 Banner<\/strong>, im Wechsel, wird aus den verf\u00fcgbaren ausgew\u00e4hlt, f\u00fcr 1 Woche. Das Banner wird von der technischen Redaktion von PitturiAmo erstellt und nach einem Klicken den Nutzer zur Redaktionsseite weitergeleitet, die dem K\u00fcnstler gewidmet ist und im PitturiAmo Magazine vertreten ist; <\/li>\n<li><strong>1 Leitartikel<\/strong>, erstellt vom k\u00fcnstlerischen Redaktionsteam von PitturiAmo.<\/li>\n<\/ul>\n<p>Au\u00dferdem profitieren Sie von <strong>den BONI:<\/strong><\/p>\n<ul>\n<li><strong>Kritische Anmerkung<\/strong>, verfasst von einem der PitturiAmo-Tutoren, die im Leitartikel des PitturiAmo Magazins enthalten sein wird;<\/li>\n<li><strong>5 Gem\u00e4lde zum Direktverkauf<\/strong> (nach Wahl der k\u00fcnstlerischen Redaktion von PitturiAmo), um mehr \u00fcber den Service zu erfahren und den Impulskauf zu nutzen. Sie k\u00f6nnen versuchen, Ihre Gem\u00e4lde direkt auf der PitturiAmo-Plattform zu verkaufen und das Geld auf Ihr Bankkonto zu erhalten. <\/li>\n<li>Eine weitere, aufeinanderfolgende Woche der<strong> Ver\u00f6ffentlichung des Banners<\/strong>. So k\u00f6nnen Sie Ihre Kunst der PitturiAmo-\u00d6ffentlichkeit insgesamt zwei Wochen lang bekannt machen. <\/li>\n<li><strong>Das Teilen<\/strong> des Leitartikels auf der <strong>PitturiAmo Facebook-Seite<\/strong> und Gruppe, die zusammen \u00fcber 30.000 Fans versammeln.<\/li>\n<\/ul>\n<p>Unser Angebot ist f\u00fcr <strong>neue Mitglieder<\/strong> reserviert, die mehr \u00fcber die Dienste von PitturiAmo erfahren m\u00f6chten oder unser Netzwerk bereits kennen und <strong>ihre Sichtbarkeit erweitern<\/strong> m\u00f6chten. Nutze es jetzt! <\/p>\n","protected":false},"excerpt":{"rendered":"<p>&#8220;EsploriAmo&#8221; ist ein Servicepaket, das speziell darauf ausgelegt ist, <strong>Ihnen bei den ersten Schritten<\/strong> auf PitturiAmo zu helfen oder Ihre Werbeaktivit\u00e4ten auf dem einzigen Netzwerk im italienischen Web besser <strong>abzuschlie\u00dfen<\/strong> , das mit der <strong>h\u00f6chsten Anzahl an Malern und Gem\u00e4lden dauerhaft ausgestellt<\/strong> ist.<\/p>\n<p>PitturiAmo ist <strong>die gr\u00f6\u00dfte virtuelle Galerie im italienischen<\/strong> Web.<\/p>\n<p>Es ist <strong>auf der ersten Seite von Google<\/strong> mit Tausenden verschiedener Schl\u00fcsselw\u00f6rter von \u00fcberall auf der Welt sichtbar. <strong>Sichtbarkeit auf PitturiAmo bedeutet, enorme Sichtbarkeit auf Google zu haben, \u00fcberall auf der Welt.<\/strong><\/p>\n","protected":false},"featured_media":7599,"comment_status":"open","ping_status":"closed","template":"","meta":[],"product_brand":[],"product_cat":[129],"product_tag":[],"class_list":{"0":"post-9566","1":"product","2":"type-product","3":"status-publish","4":"has-post-thumbnail","6":"product_cat-pitturiamo","8":"first","9":"instock","10":"sale","11":"virtual","12":"purchasable","13":"product-type-simple"},"_links":{"self":[{"href":"https:\/\/www.pitturiamo.shop\/de\/wp-json\/wp\/v2\/product\/9566","targetHints":{"allow":["GET"]}}],"collection":[{"href":"https:\/\/www.pitturiamo.shop\/de\/wp-json\/wp\/v2\/product"}],"about":[{"href":"https:\/\/www.pitturiamo.shop\/de\/wp-json\/wp\/v2\/types\/product"}],"replies":[{"embeddable":true,"href":"https:\/\/www.pitturiamo.shop\/de\/wp-json\/wp\/v2\/comments?post=9566"}],"wp:featuredmedia":[{"embeddable":true,"href":"https:\/\/www.pitturiamo.shop\/de\/wp-json\/wp\/v2\/media\/7599"}],"wp:attachment":[{"href":"https:\/\/www.pitturiamo.shop\/de\/wp-json\/wp\/v2\/media?parent=9566"}],"wp:term":[{"taxonomy":"product_brand","embeddable":true,"href":"https:\/\/www.pitturiamo.shop\/de\/wp-json\/wp\/v2\/product_brand?post=9566"},{"taxonomy":"product_cat","embeddable":true,"href":"https:\/\/www.pitturiamo.shop\/de\/wp-json\/wp\/v2\/product_cat?post=9566"},{"taxonomy":"product_tag","embeddable":true,"href":"https:\/\/www.pitturiamo.shop\/de\/wp-json\/wp\/v2\/product_tag?post=9566"}],"curies":[{"name":"wp","href":"https:\/\/api.w.org\/{rel}","templated":true}]}}