{"id":9561,"date":"2020-03-06T09:33:32","date_gmt":"2020-03-06T09:33:32","guid":{"rendered":"https:\/\/www.pitturiamo.shop\/promozione-artista\/unkategorisiert\/kurzer-superbericht-doppelter-bonus\/"},"modified":"2020-03-06T09:33:32","modified_gmt":"2020-03-06T08:33:32","slug":"kurzer-superbericht-doppelter-bonus","status":"publish","type":"product","link":"https:\/\/www.pitturiamo.shop\/de\/promozione-artista\/pitturiamo\/kurzer-superbericht-doppelter-bonus\/","title":{"rendered":"Kurzer Superbericht + DOPPELTER Bonus"},"content":{"rendered":"<p><strong>Der Breve Super Report<\/strong> wurde erstellt, um auf wenigen Seiten die drei Hauptl\u00f6sungen \u2013 die f\u00fcr jeden erreichbar sind \u2013 zu pr\u00e4sentieren f\u00fcr:<\/p>\n<ul>\n<li><strong>Starten<\/strong> Sie Ihre Online-Galerie;<\/li>\n<li>Ihre Pr\u00e4senz im Internet <strong>zu optimieren<\/strong>;<\/li>\n<li>Beginnen Sie mit dem richtigen Fu\u00df, um sich im Netz<strong> bekannt zu machen<\/strong> und wertzusch\u00e4tzen.<\/li>\n<\/ul>\n<p>So haben Sie die M\u00f6glichkeit, Ihren potenziellen Kunden zu erreichen, Ihre Kunst bekannt zu machen (auch aus der Ferne) und <strong>Gem\u00e4lde zu verkaufen<\/strong>. Du wirst dich nicht mehr auf einflussreiche Galeristen verlassen m\u00fcssen, die deine Arbeit ausnutzen und <strong>dir nur Kr\u00fcmel zur\u00fccklassen.<\/strong> <\/p>\n<p>Es handelt sich um eine kurze Lekt\u00fcre, die man schnell konsumieren kann (es dauert 20\u201330 Minuten) im PDF-Format, die Sie in Ihrem Briefkasten erhalten und mit <strong>einfachen W\u00f6rtern und Konzepten f\u00fcr alle die<\/strong> wichtigsten Ideen lernen k\u00f6nnen, um eine eigene Online-Pr\u00e4senz zu haben, die wirklich effektiv ist und Ihnen helfen kann, Ihre Kunst bekannt zu machen.  Gem\u00e4lde sowohl online als auch direkt im Atelier Ihres K\u00fcnstlers gesch\u00e4tzt und verkauft zu werden.<\/p>\n<h2>Der <strong>kurze Superbericht<\/strong> + DOPPELTER BONUS<\/h2>\n<ul>\n<li>Was sind die <strong>drei besten L\u00f6sungen <\/strong>, um Ihre Online-Galerie zu \u00f6ffnen?<\/li>\n<li>Die <strong>10 grundlegenden Punkte<\/strong> f\u00fcr eine erfolgreiche Website;<\/li>\n<li><strong>Vor- und Nachteile<\/strong> einer pers\u00f6nlichen Website;<\/li>\n<li><strong>Welche Punkte m\u00fcssen Sie \u00fcberpr\u00fcfen,<\/strong> ob sie respektiert werden, wenn Sie Ihre Website erstellen lassen;<\/li>\n<li>Wie man erkennt, ob Ihre Website WIRKLICH <strong>n\u00fctzlich und funktional<\/strong> ist;<\/li>\n<li>Was sind die <strong>5 grundlegenden Aspekte<\/strong> , die man bei der Registrierung auf einem Kunstportal bewerten sollte;<\/li>\n<li>Ist es besser, ein <strong>pers\u00f6nliches Profil<\/strong> oder eine <strong>Unternehmensseite<\/strong> auf Facebook zu haben?<\/li>\n<\/ul>\n<p>&#8230; Und schlie\u00dflich&#8230;<\/p>\n<ul>\n<li><strong>Was w\u00fcrde Nino Argentati<\/strong> tun, wenn er an deiner Stelle w\u00e4re (und hier geben wir dir seine 25 Jahre Erfahrung im Art Marketing);<\/li>\n<li><strong><strong>+ DOPPELTER Bonus<\/strong><\/strong>\n<ul>\n<li><strong>Nr. 1 Vorgestelltes Gem\u00e4lde<\/strong> auf PitturiAmo, um sich online zu bewerben und mehr Sichtbarkeit auf dem Portal und bei Google zu haben;<\/li>\n<li><strong>Nr. 1 Kritische Notiz<\/strong> , verfasst<i>von<\/i> einem <i>PitturiAmo-Tutor<\/i>, damit Sie Ihren Lebenslauf bereichern und Ihre Kunst bestm\u00f6glich pr\u00e4sentieren k\u00f6nnen.<\/li>\n<\/ul>\n<\/li>\n<\/ul>\n","protected":false},"excerpt":{"rendered":"<ul>\n<li>Malen Sie aus dem Vergn\u00fcgen des Malens, haben Sie sehr wenig Zeit zur Verf\u00fcgung und nicht <strong>viel Geld, um Aktionen zu<\/strong> widmen?<\/li>\n<li><strong>Bist du nicht sehr technisch versiert,<\/strong> kommst du mit dem Computer nicht gut zurecht, wirst du schnell nerv\u00f6s und gibst deshalb auf, dich online zu bewerben?<\/li>\n<li>M\u00f6chten Sie <strong>sofortiges Feedback<\/strong>, Kritik und Bewertungen von Nutzern, die Ihre Werke online ansehen?<\/li>\n<\/ul>\n<h3><strong>Nutzen Sie den DOPPELTEN Bonus<\/strong>:<\/h3>\n<ul>\n<li><strong>n.1 Gem\u00e4lde<\/strong> auf Pitturiamo;<\/li>\n<li><strong>Beachten Sie: Kritik<\/strong> an Ihrer Kunst durch einen PitturiAmo-Tutor.<\/li>\n<\/ul>\n","protected":false},"featured_media":7594,"comment_status":"open","ping_status":"closed","template":"","meta":[],"product_brand":[],"product_cat":[129],"product_tag":[],"class_list":{"0":"post-9561","1":"product","2":"type-product","3":"status-publish","4":"has-post-thumbnail","6":"product_cat-pitturiamo","8":"first","9":"instock","10":"virtual","11":"purchasable","12":"product-type-simple"},"_links":{"self":[{"href":"https:\/\/www.pitturiamo.shop\/de\/wp-json\/wp\/v2\/product\/9561","targetHints":{"allow":["GET"]}}],"collection":[{"href":"https:\/\/www.pitturiamo.shop\/de\/wp-json\/wp\/v2\/product"}],"about":[{"href":"https:\/\/www.pitturiamo.shop\/de\/wp-json\/wp\/v2\/types\/product"}],"replies":[{"embeddable":true,"href":"https:\/\/www.pitturiamo.shop\/de\/wp-json\/wp\/v2\/comments?post=9561"}],"wp:featuredmedia":[{"embeddable":true,"href":"https:\/\/www.pitturiamo.shop\/de\/wp-json\/wp\/v2\/media\/7594"}],"wp:attachment":[{"href":"https:\/\/www.pitturiamo.shop\/de\/wp-json\/wp\/v2\/media?parent=9561"}],"wp:term":[{"taxonomy":"product_brand","embeddable":true,"href":"https:\/\/www.pitturiamo.shop\/de\/wp-json\/wp\/v2\/product_brand?post=9561"},{"taxonomy":"product_cat","embeddable":true,"href":"https:\/\/www.pitturiamo.shop\/de\/wp-json\/wp\/v2\/product_cat?post=9561"},{"taxonomy":"product_tag","embeddable":true,"href":"https:\/\/www.pitturiamo.shop\/de\/wp-json\/wp\/v2\/product_tag?post=9561"}],"curies":[{"name":"wp","href":"https:\/\/api.w.org\/{rel}","templated":true}]}}