{"id":9540,"date":"2020-01-28T10:54:47","date_gmt":"2020-01-28T10:54:47","guid":{"rendered":"https:\/\/www.pitturiamo.shop\/promozione-artista\/unkategorisiert\/kritik-an-ihrer-kunst\/"},"modified":"2020-01-28T10:54:47","modified_gmt":"2020-01-28T09:54:47","slug":"kritik-an-ihrer-kunst","status":"publish","type":"product","link":"https:\/\/www.pitturiamo.shop\/de\/promozione-artista\/ausstellungen-messen-veranstaltungen\/kritik-an-ihrer-kunst\/","title":{"rendered":"Kritik an Ihrer Kunst"},"content":{"rendered":"<h2><strong>So erhalten Sie eine objektive und wertvolle Kritik Ihrer Kunst<\/strong><\/h2>\n<p>Eine Anerkennung, von sicherem Wert, durch die <strong>Schaffung einer Kritik Ihrer Kunst <\/strong>durch die Kritiker von Pitturiamo <\/p>\n<p>Die Kritik zielt darauf ab,<strong> eine professionelle Interpretation zu bieten<\/strong>, damit Ihr Publikum Ihre Werke besser verstehen und interpretieren kann. Mit der Kritik an Ihrer Kunst, ver\u00f6ffentlicht von PitturiAmo (dem wichtigsten Netzwerk f\u00fcr zeitgen\u00f6ssische K\u00fcnstler im italienischen Web), werden Sie Ihre Kunstwerke endlich leichter verkaufen k\u00f6nnen. Wenn du besonders gut bist, k\u00f6nntest du deine Kunst berufen und davon leben (es ist ein Traum, der viele K\u00fcnstler vereint, aber nicht unm\u00f6glich).  <\/p>\n<h2>Unser Vorschlag:<\/h2>\n<h3>1. Die kurze Kritik<\/h3>\n<ul>\n<li>Eine<strong> Bewertung Ihrer Kunst<\/strong> durch die Kritiker von PitturiAmo, \u00fcber einen direkten Anruf, den Sie in den kommenden Tagen erhalten werden. So <em>k\u00f6nnen Sie sich mit einem echten Kunstexperten vergleichen<\/em>;<\/li>\n<li>Ein <strong>kritischer Text von 1\/4 Seite<\/strong>, entspricht etwa 900 Zeichen (15 Zeilen zu je 60 Zeichen). <em>So kannst du der \u00d6ffentlichkeit deine wahren k\u00fcnstlerischen F\u00e4higkeiten zeigen<\/em>;<\/li>\n<li>Layout im <strong>A4-PDF-Format<\/strong> in hoher Aufl\u00f6sung mit professionellen und personalisierten Grafiken. <em>Du kannst es also leicht ausdrucken und w\u00e4hrend deiner Live-Events zur Verbreitung verwenden<\/em>.<\/li>\n<\/ul>\n<p><strong>Oder&#8230;<\/strong><\/p>\n<h3>2. Die Standardkritik<\/h3>\n<ul>\n<li>Eine<strong> Bewertung Ihrer Kunst<\/strong> durch die Kritiker von PitturiAmo, \u00fcber einen direkten Anruf, den Sie in den kommenden Tagen erhalten werden. So <em>k\u00f6nnen Sie sich mit einem echten Kunstexperten vergleichen<\/em>;<\/li>\n<li>Ein<strong> kritischer Text von einer halben Seite<\/strong>, entspricht etwa 1.800 Zeichen (30 Zeilen zu je 60 Zeichen). <em>So kannst du der \u00d6ffentlichkeit deine wahren k\u00fcnstlerischen F\u00e4higkeiten zeigen<\/em>;<\/li>\n<li>Layout im <strong>A4-PDF-Format<\/strong> in hoher Aufl\u00f6sung mit professionellen und personalisierten Grafiken. <em>Du kannst es also leicht ausdrucken und w\u00e4hrend deiner Live-Events zur Verbreitung verwenden<\/em>.<\/li>\n<\/ul>\n<p><strong>Oder sogar&#8230;<\/strong><\/p>\n<h3>3. Die vorgebrachte Kritik<\/h3>\n<ul>\n<li>Eine<strong> Bewertung Ihrer Kunst<\/strong> durch die Kritiker von PitturiAmo, \u00fcber einen direkten Anruf, den Sie in den kommenden Tagen erhalten werden. So <em>k\u00f6nnen Sie sich mit einem echten Kunstexperten vergleichen<\/em>;<\/li>\n<li>Ein <strong>kritischer Text von 1 Seite<\/strong>, entspricht etwa 3.600 Zeichen (60 Zeilen zu je 60 Zeichen). <em>So kannst du der \u00d6ffentlichkeit deine wahren k\u00fcnstlerischen F\u00e4higkeiten zeigen<\/em>;<\/li>\n<li>Layout im <strong>A4-PDF-Format<\/strong> in hoher Aufl\u00f6sung mit professionellen und personalisierten Grafiken. <em>Du kannst es also leicht ausdrucken und w\u00e4hrend deiner Live-Events zur Verbreitung verwenden<\/em>.<\/li>\n<\/ul>\n<p>Bedenken Sie, dass die Kosten f\u00fcr die Erstellung der Kritik an Ihrer Kunst wirklich niedrig sind, besonders im Vergleich zu dem Ertrag, den sie potenziell in Bezug auf Sichtbarkeit und Wertsch\u00e4tzung bringen kann.<\/p>\n","protected":false},"excerpt":{"rendered":"<p>Sie schaffen nun schon seit vielen Jahren Kunstwerke, sind aber mit dem erhaltenen Feedback nicht zufrieden?<\/p>\n<p>M\u00f6chten Sie in den Kreis aufgenommen werden, der zumindest wertvoll ist?<\/p>\n<p><strong>Fordere jetzt die Kritik an deiner Kunst an!<\/strong><\/p>\n","protected":false},"featured_media":7598,"comment_status":"open","ping_status":"closed","template":"","meta":[],"product_brand":[],"product_cat":[139],"product_tag":[],"class_list":{"0":"post-9540","1":"product","2":"type-product","3":"status-publish","4":"has-post-thumbnail","6":"product_cat-ausstellungen-messen-veranstaltungen","8":"first","9":"instock","10":"sale","11":"purchasable","12":"product-type-variable"},"_links":{"self":[{"href":"https:\/\/www.pitturiamo.shop\/de\/wp-json\/wp\/v2\/product\/9540","targetHints":{"allow":["GET"]}}],"collection":[{"href":"https:\/\/www.pitturiamo.shop\/de\/wp-json\/wp\/v2\/product"}],"about":[{"href":"https:\/\/www.pitturiamo.shop\/de\/wp-json\/wp\/v2\/types\/product"}],"replies":[{"embeddable":true,"href":"https:\/\/www.pitturiamo.shop\/de\/wp-json\/wp\/v2\/comments?post=9540"}],"wp:featuredmedia":[{"embeddable":true,"href":"https:\/\/www.pitturiamo.shop\/de\/wp-json\/wp\/v2\/media\/7598"}],"wp:attachment":[{"href":"https:\/\/www.pitturiamo.shop\/de\/wp-json\/wp\/v2\/media?parent=9540"}],"wp:term":[{"taxonomy":"product_brand","embeddable":true,"href":"https:\/\/www.pitturiamo.shop\/de\/wp-json\/wp\/v2\/product_brand?post=9540"},{"taxonomy":"product_cat","embeddable":true,"href":"https:\/\/www.pitturiamo.shop\/de\/wp-json\/wp\/v2\/product_cat?post=9540"},{"taxonomy":"product_tag","embeddable":true,"href":"https:\/\/www.pitturiamo.shop\/de\/wp-json\/wp\/v2\/product_tag?post=9540"}],"curies":[{"name":"wp","href":"https:\/\/api.w.org\/{rel}","templated":true}]}}