{"id":9522,"date":"2020-12-28T15:49:29","date_gmt":"2020-12-28T14:49:29","guid":{"rendered":"https:\/\/www.pitturiamo.shop\/promozione-artista\/unkategorisiert\/kuenstlerkalender\/"},"modified":"2020-12-28T15:49:29","modified_gmt":"2020-12-28T14:49:29","slug":"kuenstlerkalender","status":"publish","type":"product","link":"https:\/\/www.pitturiamo.shop\/de\/promozione-artista\/ausstellungen-messen-veranstaltungen\/kuenstlerkalender\/","title":{"rendered":"K\u00fcnstlerkalender"},"content":{"rendered":"<h3 style=\"text-align: center;\"><strong>Aktivieren Sie 12 ausgew\u00e4hlte Gem\u00e4lde <\/strong>und erhalten Sie KOSTENLOS: den <strong>personalisierten K\u00fcnstlerkalender <\/strong><\/h3>\n<h4>Deshalb ist es wichtig, Featured Paintings auf PitturiAmo einzubeziehen<\/h4>\n<ol>\n<li>Jeden Tag besuchen etwa <strong>3.000 Kunstliebhaber Pitturiamo<\/strong> auf der Suche nach Gem\u00e4lden zum Kauf;<\/li>\n<li>Die Featured Paintings erhalten<strong> mehr Sichtbarkeit<\/strong> als die mehr als 181.000 kostenlos ausgestellten Gem\u00e4lde;<\/li>\n<li>Der Featured Paintings-Service bietet Ihnen die M\u00f6glichkeit, ganz <strong>oben bei Google<\/strong> zu stehen, wenn ein Nutzer nach K\u00fcnstlern in seiner Region oder Provinz sucht;<\/li>\n<li>Featured Paintings erm\u00f6glichen es Ihnen, ein <strong>K\u00fcnstler mit den Sternen<\/strong> zu werden und somit gr\u00f6\u00dfere Sichtbarkeit und Glaubw\u00fcrdigkeit zu erlangen.<\/li>\n<\/ol>\n<p>Der Service dauert 2 Monate (60 Tage). Sie k\u00f6nnen auch nur ein ausgew\u00e4hltes Gem\u00e4lde einf\u00fcgen, aber wenn Sie mindestens 12 davon ver\u00f6ffentlichen, erhalten Sie den <strong>personalisierten K\u00fcnstlerkalender mit Ihren Werken kostenlos zu Hause<\/strong>. <\/p>\n<p>3 Exemplare KOSTENLOS an Ihre Haust\u00fcr, ohne Versandkosten zu zahlen!<\/p>\n<hr>\n<h3>So kannst du es tun<\/h3>\n<ul>\n<li>Falls du das noch nicht getan hast, geh zu <a href=\"https:\/\/www.pitturiamo.com\/it\/registrazione-pittore.html\">PitturiAmo<\/a> at www.pitturiamo.com und <strong>melde dich KOSTENLOS an;<\/strong><\/li>\n<li><strong>Gib alle Informationen<\/strong> \u00fcber dich ein (Wohnadresse, Biografie, Lebenslauf, Kritik usw.);<\/li>\n<li><strong>Ver\u00f6ffentlichen Sie<\/strong> so viele Gem\u00e4lde, wie Sie m\u00f6chten, KOSTENLOS (einige K\u00fcnstler haben mehrere Hundert ver\u00f6ffentlicht);<\/li>\n<li>W\u00e4hlen Sie mindestens 12 Gem\u00e4lde aus den kostenlos eingereichten Gem\u00e4lden aus und aktivieren Sie den<strong> Featured Paintings-Service <\/strong>(ACHTUNG: Dies ist ein kostenpflichtiger Service zu Kosten von <strong>108,00 \u20ac<\/strong>);<\/li>\n<li>Das ist alles. Die Redaktion von PitturiAmo erstellt den K\u00fcnstlerkalender f\u00fcr Sie und sendet <strong>Ihnen drei Exemplare kostenlos<\/strong> nach Hause. Weitere Kopien k\u00f6nnen angefordert werden.  <\/li>\n<\/ul>\n<p><strong><a href=\"https:\/\/www.pitturiamo.eu\/wp-content\/uploads\/Calendario-2023-PitturiAmo-Alys-MelCon-WEB.pdf\">Sieh dir ein Beispiel an<\/a><\/strong>, wie der Kalender mit deinem Kunstwerk erstellt wird.<\/p>\n<hr>\n<p><strong>P.S.: <\/strong><em>Dies ist eine gro\u00dfartige Gelegenheit, ein wertvolles Geschenk zu erhalten, mit dem Sie Ihre Kunst bewerben k\u00f6nnen. Verpassen Sie nicht Ihre Chance, ganz oben bei Google zu stehen und Ihren personalisierten K\u00fcnstlerkalender KOSTENLOS zu erhalten.<\/em><\/p>\n","protected":false},"excerpt":{"rendered":"<p><strong>Marketing mit deiner Kunst!<\/strong><\/p>\n<p>Ver\u00f6ffentlichen Sie <strong>12 vorgestellte Gem\u00e4lde<\/strong> und erhalten <strong>Sie Ihren K\u00fcnstlerkalender<\/strong><\/p>\n<p>als Geschenk. Ein n\u00fctzliches Werkzeug, um die Dekoration Ihres Zuhauses zu bereichern oder Ihre Kunst in Ihrem Gebiet bekannt zu machen.<\/p>\n","protected":false},"featured_media":7596,"comment_status":"open","ping_status":"closed","template":"","meta":[],"product_brand":[],"product_cat":[139],"product_tag":[],"class_list":{"0":"post-9522","1":"product","2":"type-product","3":"status-publish","4":"has-post-thumbnail","6":"product_cat-ausstellungen-messen-veranstaltungen","8":"first","9":"instock","10":"sale","11":"purchasable","12":"product-type-simple"},"_links":{"self":[{"href":"https:\/\/www.pitturiamo.shop\/de\/wp-json\/wp\/v2\/product\/9522","targetHints":{"allow":["GET"]}}],"collection":[{"href":"https:\/\/www.pitturiamo.shop\/de\/wp-json\/wp\/v2\/product"}],"about":[{"href":"https:\/\/www.pitturiamo.shop\/de\/wp-json\/wp\/v2\/types\/product"}],"replies":[{"embeddable":true,"href":"https:\/\/www.pitturiamo.shop\/de\/wp-json\/wp\/v2\/comments?post=9522"}],"wp:featuredmedia":[{"embeddable":true,"href":"https:\/\/www.pitturiamo.shop\/de\/wp-json\/wp\/v2\/media\/7596"}],"wp:attachment":[{"href":"https:\/\/www.pitturiamo.shop\/de\/wp-json\/wp\/v2\/media?parent=9522"}],"wp:term":[{"taxonomy":"product_brand","embeddable":true,"href":"https:\/\/www.pitturiamo.shop\/de\/wp-json\/wp\/v2\/product_brand?post=9522"},{"taxonomy":"product_cat","embeddable":true,"href":"https:\/\/www.pitturiamo.shop\/de\/wp-json\/wp\/v2\/product_cat?post=9522"},{"taxonomy":"product_tag","embeddable":true,"href":"https:\/\/www.pitturiamo.shop\/de\/wp-json\/wp\/v2\/product_tag?post=9522"}],"curies":[{"name":"wp","href":"https:\/\/api.w.org\/{rel}","templated":true}]}}