{"id":9507,"date":"2020-05-11T13:47:10","date_gmt":"2020-05-11T13:47:10","guid":{"rendered":"https:\/\/www.pitturiamo.shop\/promozione-artista\/unkategorisiert\/technische-unterstuetzung-fuer-die-website-des-kuenstlers\/"},"modified":"2020-05-11T13:47:10","modified_gmt":"2020-05-11T11:47:10","slug":"technische-unterstuetzung-fuer-die-website-des-kuenstlers","status":"publish","type":"product","link":"https:\/\/www.pitturiamo.shop\/de\/promozione-artista\/internet\/technische-unterstuetzung-fuer-die-website-des-kuenstlers\/","title":{"rendered":"Technische Unterst\u00fctzung f\u00fcr die Website des K\u00fcnstlers"},"content":{"rendered":"<h2>Technische Unterst\u00fctzung f\u00fcr die Website des K\u00fcnstlers \u2013 Funktionen<\/h2>\n<p>Wenn <strong>Sie Schwierigkeiten haben, die mit PitturiAmo erstellte K\u00fcnstler-Website zu verwalten<\/strong> oder technische \u00c4nderungen vornehmen m\u00f6chten, k\u00f6nnen Sie sich auf den technischen Support von PitturiAmo verlassen.<\/p>\n<p>Sie k\u00f6nnen eine einzelne Intervention kaufen, die Ihnen Unterst\u00fctzung f\u00fcr <strong>maximal eine Stunde<\/strong> oder ein <strong>Jahresabonnement erm\u00f6glicht,<\/strong> das deutlich g\u00fcnstiger ist:<\/p>\n<ul>\n<li><strong>Einmalige Intervention<\/strong> \u2013 80,00\u20ac (Mehrwertsteuer inklusive). F\u00fcr <strong>eine einzelne Intervention<\/strong> , die bis zu<strong> einer Stunde oder einen Bruchteil einer Stunde<\/strong> dauert. Sie k\u00f6nnen diesen Service jederzeit kaufen, wenn Sie \u00c4nderungen an Ihrer K\u00fcnstler-Website vornehmen m\u00f6chten. Falls n\u00f6tig, k\u00f6nnen Sie denselben Service mehrmals in Anspruch nehmen (bei besonders komplexen Interventionen).   <\/li>\n<li><strong>Jahreskarte<\/strong> \u2013 \u20ac400,00 (inklusive Mehrwertsteuer), um 50 % rabattiert. F\u00fcr <strong>wiederholte Interventionen<\/strong> mit maximaler Gesamtdauer von <strong>10 kumulierten Stunden <\/strong><b>, <\/b>d. h. die Bruchteile einer Stunde werden nicht berechnet, sondern die tats\u00e4chliche Anzahl der gearbeiteten Minuten (<strong>insgesamt 600 Minuten<\/strong>). Alle \u00fcbersch\u00fcssigen Stunden m\u00fcssen zus\u00e4tzlich gekauft werden. Der K\u00fcnstler wird st\u00e4ndig \u00fcber die Anzahl der verbrauchten Stunden und damit \u00fcber die verbleibenden Stunden informiert.   <\/li>\n<\/ul>\n<p>Die Interventionen, die Sie anfordern k\u00f6nnen, betreffen die Einf\u00fcgung oder Aktualisierung von:<\/p>\n<ul>\n<li><strong>arbeitet<\/strong> mit Detailspezifikation;<\/li>\n<li><strong>Seiten<\/strong> wie Biografie, Lebenslauf, Kritik, Nachrichten usw.;<\/li>\n<li><strong>Videos<\/strong> , die bereits auf YouTube ver\u00f6ffentlicht werden m\u00fcssen;<\/li>\n<li><strong>pers\u00f6nliche und Kontaktdaten<\/strong> f\u00fcr Informationsanfragen;<\/li>\n<li>allgemeine technische Betriebskontrolle;<\/li>\n<li>\u00c4nderung <strong>der Seitenfarben<\/strong> und -schriftarten;<\/li>\n<li><strong>Optimierung von Werken<\/strong> mit Fotobearbeitungsprogrammen;<\/li>\n<li><strong>Technische Beratung<\/strong> und Vorschl\u00e4ge von unserem Team, wie Sie Ihre K\u00fcnstler-Website am besten nutzen k\u00f6nnen;<\/li>\n<li>Probleme mit der mit der Website verkn\u00fcpften <strong>E-Mail.<\/strong><\/li>\n<\/ul>\n<p>&nbsp;<\/p>\n<p>N.B. Videobearbeitung ist ein zus\u00e4tzlicher Service, den Sie hier anfordern k\u00f6nnen \u2013&gt; <a href=\"https:\/\/www.pitturiamo.shop\/de\/promozione-artista\/internet\/kuenstlerische-video-erstellung\/\">Artist Videos<\/a><\/p>\n<p>&nbsp;<\/p>\n<p>Kaufen Sie den Service und senden Sie dann eine E-Mail an redazione@pitturiamo.eu, um Ihre Anfragen zu best\u00e4tigen.<\/p>\n","protected":false},"excerpt":{"rendered":"<h2>M\u00f6chtest du technische \u00c4nderungen an deiner<strong> K\u00fcnstler-Website<\/strong> vornehmen? Hast du Schwierigkeiten, damit umzugehen? <\/h2>\n<p>Technischen Support kaufen: Senden Sie uns die \u00c4nderungen, die Sie auf Ihrer K\u00fcnstler-Website sehen m\u00f6chten, und&#8230; Wir in PitturiAmo k\u00fcmmern uns um den Rest.<\/p>\n","protected":false},"featured_media":7593,"comment_status":"open","ping_status":"closed","template":"","meta":[],"product_brand":[],"product_cat":[125],"product_tag":[130,131],"class_list":{"0":"post-9507","1":"product","2":"type-product","3":"status-publish","4":"has-post-thumbnail","6":"product_cat-internet","7":"product_tag-kunstlerforderung","8":"product_tag-pitturiamo","10":"first","11":"instock","12":"featured","13":"sold-individually","14":"purchasable","15":"product-type-variable"},"_links":{"self":[{"href":"https:\/\/www.pitturiamo.shop\/de\/wp-json\/wp\/v2\/product\/9507","targetHints":{"allow":["GET"]}}],"collection":[{"href":"https:\/\/www.pitturiamo.shop\/de\/wp-json\/wp\/v2\/product"}],"about":[{"href":"https:\/\/www.pitturiamo.shop\/de\/wp-json\/wp\/v2\/types\/product"}],"replies":[{"embeddable":true,"href":"https:\/\/www.pitturiamo.shop\/de\/wp-json\/wp\/v2\/comments?post=9507"}],"wp:featuredmedia":[{"embeddable":true,"href":"https:\/\/www.pitturiamo.shop\/de\/wp-json\/wp\/v2\/media\/7593"}],"wp:attachment":[{"href":"https:\/\/www.pitturiamo.shop\/de\/wp-json\/wp\/v2\/media?parent=9507"}],"wp:term":[{"taxonomy":"product_brand","embeddable":true,"href":"https:\/\/www.pitturiamo.shop\/de\/wp-json\/wp\/v2\/product_brand?post=9507"},{"taxonomy":"product_cat","embeddable":true,"href":"https:\/\/www.pitturiamo.shop\/de\/wp-json\/wp\/v2\/product_cat?post=9507"},{"taxonomy":"product_tag","embeddable":true,"href":"https:\/\/www.pitturiamo.shop\/de\/wp-json\/wp\/v2\/product_tag?post=9507"}],"curies":[{"name":"wp","href":"https:\/\/api.w.org\/{rel}","templated":true}]}}