{"id":9467,"date":"2023-01-19T19:52:10","date_gmt":"2023-01-19T18:52:10","guid":{"rendered":"https:\/\/www.pitturiamo.shop\/promozione-artista\/unkategorisiert\/fuehrender-kuenstler\/"},"modified":"2023-01-19T19:52:10","modified_gmt":"2023-01-19T18:52:10","slug":"fuehrender-kuenstler","status":"publish","type":"product","link":"https:\/\/www.pitturiamo.shop\/de\/promozione-artista\/internet\/fuehrender-kuenstler\/","title":{"rendered":"F\u00fchrender K\u00fcnstler"},"content":{"rendered":"<p>Wissen Sie, was das Wichtigste f\u00fcr diejenigen ist, die sich im Netz bemerkbar machen wollen?  <strong>Sichtbarkeit!<\/strong><\/p>\n<p>Du kannst der beste K\u00fcnstler der Welt sein, die beste Website im Netz haben oder tausende Kontakte auf Facebook und Instagram, aber wenn du nicht sichtbar und leicht erreichbar bist, <strong>existierst du praktisch nicht.<\/strong><\/p>\n<p>Der erste und wichtigste Schritt, um im Web sichtbar zu werden, ist, <strong>auf der Titelseite pr\u00e4sent<\/strong> zu sein; und in den <strong>allerersten Positionen bei Google <\/strong>, wenn jemand Suchen in Bezug auf Kunst durchf\u00fchrt, <strong>ohne Sie jedoch direkt zu kennen <\/strong> (daher sind Suchanfragen mit Ihrem Namen und Nachnamen nicht g\u00fcltig, weil das bedeutet, dass diejenigen, die Sie suchen, Sie bereits kennen).<\/p>\n<p>Stellen Sie sich zum Beispiel dieses Szenario vor.<br \/>\nCarla hat gerade ihr Haus in Mailand renoviert, sie hat viel Geld in die Renovierung investiert, aber sie hat immer noch die M\u00f6glichkeit, etwas auszugeben, um ein sch\u00f6nes Gem\u00e4lde zu kaufen, das sie im Wohnzimmer aufh\u00e4ngt, direkt \u00fcber dem wichtigsten Sofa im Haus. Er ist nicht zufrieden mit irgendeinem Gem\u00e4lde, das er im Einkaufszentrum gekauft hat, sondern m\u00f6chte ein Kunstwerk eines <strong>zeitgen\u00f6ssischen K\u00fcnstlers<\/strong> haben. Dann durchsucht sie das Netz und findet viele Gem\u00e4lde zum Verkauf, ist aber nicht sehr \u00fcberzeugt. Bevor er kauft, m\u00f6chte <strong>er das Gem\u00e4lde in echtem Leben sehen<\/strong>. Das Ideal w\u00e4re, wenn er direkt einen guten zeitgen\u00f6ssischen K\u00fcnstler aus seiner Stadt kennen w\u00fcrde, damit er das Gem\u00e4lde vor dem Kauf pers\u00f6nlich sehen und vielleicht mit dem K\u00fcnstler sprechen k\u00f6nnte. <strong>Aber er kennt niemanden.<\/strong> Also hatte sie eine Idee: Im Internet nach Malern aus ihrer Provinz zu suchen. <strong>Er geht zu Google und f\u00fchrt folgende Suche durch<\/strong>: &#8220;pittori di Milano&#8221;. <strong>Ganz oben findet er<\/strong> eine PitturiAmo-Seite, klickt auf und sieht das Profil von 20 K\u00fcnstlern in Mailand. Neben jedem steht folgende Formulierung: &#8220;f\u00fchrender K\u00fcnstler der Provinz Mailand&#8221;. <strong>Das ermutigte sie sehr, sie klickte auf den ersten K\u00fcnstler, sah sich seine Werke an und beschloss, ihn zu kontaktieren.<\/strong><br \/>\nM\u00f6chten Sie ein LEADING ARTIST in Ihrer Provinz sein und Kontakte von allen erhalten, die zeitgen\u00f6ssische K\u00fcnstler in ihrer Provinz oder Region oder sogar in ganz Italien suchen?      <\/p>\n","protected":false},"excerpt":{"rendered":"<p>M\u00f6chten Sie der f\u00fchrende Referenz-K\u00fcnstler f\u00fcr K\u00e4ufer, Kunstliebhaber, Sammler, Galeristen in Ihrer Provinz, Ihrer Region oder sogar ganz Italien sein?<br \/>\nMit &#8220;Artist Leader&#8221; wirst du der Referenzk\u00fcnstler f\u00fcr deine geografische Region.<br \/>\nIndem Sie die enorme Sichtbarkeit von PitturiAmo in Suchmaschinen nutzen, k\u00f6nnen Sie der Erste sein, wenn jemand nach Malern aus Ihrer Provinz, Ihrer Region oder ganz Italien sucht.<\/p>\n","protected":false},"featured_media":7985,"comment_status":"open","ping_status":"closed","template":"","meta":[],"product_brand":[],"product_cat":[125],"product_tag":[],"class_list":{"0":"post-9467","1":"product","2":"type-product","3":"status-publish","4":"has-post-thumbnail","6":"product_cat-internet","8":"first","9":"instock","10":"sold-individually","11":"purchasable","12":"product-type-variable"},"_links":{"self":[{"href":"https:\/\/www.pitturiamo.shop\/de\/wp-json\/wp\/v2\/product\/9467","targetHints":{"allow":["GET"]}}],"collection":[{"href":"https:\/\/www.pitturiamo.shop\/de\/wp-json\/wp\/v2\/product"}],"about":[{"href":"https:\/\/www.pitturiamo.shop\/de\/wp-json\/wp\/v2\/types\/product"}],"replies":[{"embeddable":true,"href":"https:\/\/www.pitturiamo.shop\/de\/wp-json\/wp\/v2\/comments?post=9467"}],"wp:featuredmedia":[{"embeddable":true,"href":"https:\/\/www.pitturiamo.shop\/de\/wp-json\/wp\/v2\/media\/7985"}],"wp:attachment":[{"href":"https:\/\/www.pitturiamo.shop\/de\/wp-json\/wp\/v2\/media?parent=9467"}],"wp:term":[{"taxonomy":"product_brand","embeddable":true,"href":"https:\/\/www.pitturiamo.shop\/de\/wp-json\/wp\/v2\/product_brand?post=9467"},{"taxonomy":"product_cat","embeddable":true,"href":"https:\/\/www.pitturiamo.shop\/de\/wp-json\/wp\/v2\/product_cat?post=9467"},{"taxonomy":"product_tag","embeddable":true,"href":"https:\/\/www.pitturiamo.shop\/de\/wp-json\/wp\/v2\/product_tag?post=9467"}],"curies":[{"name":"wp","href":"https:\/\/api.w.org\/{rel}","templated":true}]}}