{"id":9091,"date":"2017-01-10T17:20:34","date_gmt":"2017-01-10T17:20:34","guid":{"rendered":"https:\/\/www.pitturiamo.shop\/promozione-artista\/unkategorisiert\/profilverwaltung-auf-pitturiamo\/"},"modified":"2017-01-10T17:20:34","modified_gmt":"2017-01-10T16:20:34","slug":"profilverwaltung-auf-pitturiamo","status":"publish","type":"product","link":"https:\/\/www.pitturiamo.shop\/de\/promozione-artista\/pitturiamo\/profilverwaltung-auf-pitturiamo\/","title":{"rendered":"Profilverwaltung auf PitturiAmo"},"content":{"rendered":"<h2>Merkmale des Dienstes<\/h2>\n<p><!--\n\n\n\n<p class=\"strillo\">Sfrutta l'offerta lancio del servizio. Usa il codice di promozione <strong>PROMOASSISTENZA30 e ottieni lo sconto del 30% sull'abbonamento annuale.\n<\/strong>Offerta valida fino al 31 luglio 2017.\n\n--><br \/>\nWenn <strong>Sie Schwierigkeiten haben, Ihr Profil auf PitturiAmo<\/strong> \u2013 dem Portal der zeitgen\u00f6ssischen Maler \u2013 zu verwalten oder in jedem Fall technische Unterst\u00fctzung f\u00fcr die Einf\u00fcgung der Werke und alle anderen Informationen (Kritik, Nachrichten, Videos usw.) w\u00fcnschen, k\u00f6nnen Sie einen Unterst\u00fctzungsdienst anfordern, um Ihr Profil auf PitturiAmo zu verwalten.<\/p>\n<p>Sie k\u00f6nnen eine einzelne Intervention kaufen, die Ihnen Unterst\u00fctzung f\u00fcr <strong>maximal eine Stunde<\/strong> oder ein <strong>Jahresabonnement erm\u00f6glicht,<\/strong> das deutlich g\u00fcnstiger ist:<\/p>\n<ul>\n<li><strong>Einmalzahlung<\/strong> \u2013 80,00\u20ac (Mehrwertsteuer inklusive). F\u00fcr <strong>eine einzelne Intervention<\/strong> , die bis zu<strong> einer Stunde oder einen Bruchteil einer Stunde<\/strong> dauert. Sie k\u00f6nnen diesen Service jederzeit erwerben, wenn Sie \u00c4nderungen an Ihrem Profil auf PitturiAmo vornehmen m\u00f6chten. Falls n\u00f6tig, k\u00f6nnen Sie denselben Service mehrmals in Anspruch nehmen (bei besonders komplexen Interventionen).   <\/li>\n<li><strong>Jahreskarte<\/strong> \u2013 \u20ac400,00 (inklusive Mehrwertsteuer), um 50 % rabattiert. F\u00fcr <strong>wiederholte Interventionen<\/strong> mit maximaler Gesamtdauer von <strong>10 kumulierten Stunden <\/strong><b>, <\/b>d. h. die Bruchteile einer Stunde werden nicht berechnet, sondern die tats\u00e4chliche Anzahl der gearbeiteten Minuten (<strong>insgesamt 600 Minuten<\/strong>). Das j\u00e4hrliche Management umfasst die Optimierung des K\u00fcnstlerprofils auf PitturiAmo mit der Eingabe aller notwendigen Daten (Biografie, Lehrplan, pers\u00f6nliche Daten), die <strong>Einf\u00fcgung der Werke und deren m\u00f6gliche Optimierung mit Fotobearbeitungsprogrammen<\/strong> sowie jegliche Kritik, Videos und Nachrichten f\u00fcr <strong>insgesamt 10 Stunden<\/strong>. Alle \u00fcbersch\u00fcssigen Stunden m\u00fcssen zus\u00e4tzlich gekauft werden. Der K\u00fcnstler wird st\u00e4ndig \u00fcber die Anzahl der verbrauchten Stunden und damit \u00fcber die verbleibenden Stunden informiert.    <\/li>\n<\/ul>\n<p>Indem Sie Profile Management auf PitturiAmo kaufen, k\u00f6nnen Sie Unterst\u00fctzung anfordern bei:<\/p>\n<ul>\n<li>Einf\u00fcgung von Lehrplan, Biografie, Gem\u00e4lden, Videos, Nachrichten;<\/li>\n<li>Bildoptimierung;<\/li>\n<li><strong>Optimierung Ihres Profils auf PitturiAmo<\/strong>;<\/li>\n<li>Erhalten Sie <strong>Ratschl\u00e4ge<\/strong> von unserem Team, wie Sie am besten arbeiten;<\/li>\n<li>Der Dienst beinhaltet KEINE Videobearbeitung.<\/li>\n<\/ul>\n<p>N.B. F\u00fcr die Einf\u00fcgung von <a href=\"https:\/\/www.pitturiamo.shop\/promozione-artista\/pitturiamo\/quadri-in-evidenza\/\">Featured Paintings<\/a> oder <a href=\"https:\/\/www.pitturiamo.shop\/promozione-artista\/pitturiamo\/quadri-in-vendita-diretta\/\">Direktverkauf<\/a>, die Werbung f\u00fcr <a href=\"https:\/\/www.pitturiamo.shop\/promozione-artista\/pitturiamo\/banner-pubblicitari\/\">Werbebanner,<\/a> das Schneiden von <a href=\"https:\/\/www.pitturiamo.shop\/de\/promozione-artista\/internet\/kuenstlerische-video-erstellung\/\">Werbevideos<\/a> oder die Nutzung anderer kostenpflichtiger Dienste ist es notwendig, den entsprechenden Service im Voraus zu erwerben.<\/p>\n<p>Kaufen Sie den Service und senden Sie dann eine E-Mail an <a href=\"mailto:ordini@pitturiamo.com\">ordini@pitturiamo.com<\/a> , um zu vereinbaren, wie die zu enthaltenen Bilder und alle weiteren Informationen gesendet werden.<br \/>\n<!--\n\n\n\n<p class=\"strillo\">Sfrutta l'offerta lancio del servizio. Usa il codice di promozione <strong>PROMOASSISTENZA30 e ottieni lo sconto del 30%.\n<\/strong>Offerta valida fino al 31 luglio 2017.\n\n--><\/p>\n","protected":false},"excerpt":{"rendered":"<h2>M\u00f6chten Sie eine<strong> aktivere<\/strong> <a href=\"http:\/\/www.pitturiAmo.com\">Pr\u00e4senz auf PitturiAmo<\/a> haben, haben aber technisch Schwierigkeiten, <strong>Ihr Profil zu verwalten<\/strong>?<\/h2>\n<p>Kaufen Sie unseren j\u00e4hrlichen Portfolio-Management-Service, senden Sie uns die Daten, die Sie hochladen m\u00f6chten, und&#8230; wir bei PitturiAmo k\u00fcmmern uns um den Rest.<\/p>\n","protected":false},"featured_media":565,"comment_status":"open","ping_status":"closed","template":"","meta":[],"product_brand":[],"product_cat":[129],"product_tag":[130,131],"class_list":{"0":"post-9091","1":"product","2":"type-product","3":"status-publish","4":"has-post-thumbnail","6":"product_cat-pitturiamo","7":"product_tag-kunstlerforderung","8":"product_tag-pitturiamo","10":"first","11":"instock","12":"sale","13":"featured","14":"sold-individually","15":"purchasable","16":"product-type-variable"},"_links":{"self":[{"href":"https:\/\/www.pitturiamo.shop\/de\/wp-json\/wp\/v2\/product\/9091","targetHints":{"allow":["GET"]}}],"collection":[{"href":"https:\/\/www.pitturiamo.shop\/de\/wp-json\/wp\/v2\/product"}],"about":[{"href":"https:\/\/www.pitturiamo.shop\/de\/wp-json\/wp\/v2\/types\/product"}],"replies":[{"embeddable":true,"href":"https:\/\/www.pitturiamo.shop\/de\/wp-json\/wp\/v2\/comments?post=9091"}],"wp:featuredmedia":[{"embeddable":true,"href":"https:\/\/www.pitturiamo.shop\/de\/wp-json\/wp\/v2\/media\/565"}],"wp:attachment":[{"href":"https:\/\/www.pitturiamo.shop\/de\/wp-json\/wp\/v2\/media?parent=9091"}],"wp:term":[{"taxonomy":"product_brand","embeddable":true,"href":"https:\/\/www.pitturiamo.shop\/de\/wp-json\/wp\/v2\/product_brand?post=9091"},{"taxonomy":"product_cat","embeddable":true,"href":"https:\/\/www.pitturiamo.shop\/de\/wp-json\/wp\/v2\/product_cat?post=9091"},{"taxonomy":"product_tag","embeddable":true,"href":"https:\/\/www.pitturiamo.shop\/de\/wp-json\/wp\/v2\/product_tag?post=9091"}],"curies":[{"name":"wp","href":"https:\/\/api.w.org\/{rel}","templated":true}]}}