{"id":10895,"date":"2026-03-20T13:01:21","date_gmt":"2026-03-20T12:01:21","guid":{"rendered":"https:\/\/www.pitturiamo.shop\/promozione-artista\/unkategorisiert\/webinare\/"},"modified":"2026-03-20T13:16:08","modified_gmt":"2026-03-20T12:16:08","slug":"webinare","status":"publish","type":"product","link":"https:\/\/www.pitturiamo.shop\/de\/promozione-artista\/internet\/webinare\/","title":{"rendered":"Webinare"},"content":{"rendered":"<p data-start=\"0\" data-end=\"150\">Trainings-Webinar f\u00fcr K\u00fcnstler, die ihren Weg bewusster gestalten m\u00f6chten, um Streuung und zuf\u00e4llige Entscheidungen zu vermeiden.<\/p>\n<p data-start=\"152\" data-end=\"450\">Das Treffen bietet konkrete Werkzeuge, um die eigene Position zu analysieren, die Dynamik des Kunstsystems zu verstehen und die F\u00e4higkeit zu verbessern, sich effektiv gegen\u00fcber Fachleuten der Branche zu pr\u00e4sentieren. Dies sind keine theoretischen Inhalte, sondern operative Hinweise, die sofort angewendet werden k\u00f6nnen. <\/p>\n<p data-start=\"452\" data-end=\"643\">Das Ziel ist es, Ihnen zu helfen, von einer instinktiven Steuerung Ihrer k\u00fcnstlerischen T\u00e4tigkeit zu einem strategischeren Ansatz \u00fcberzugehen, bei dem jede Handlung eine pr\u00e4zise Funktion auf Ihrem Weg hat.<\/p>\n<p data-start=\"645\" data-end=\"677\">W\u00e4hrend des Webinars wirst du an:<\/p>\n<ul>\n<li data-start=\"680\" data-end=\"738\">Klarheit deines Weges und deiner k\u00fcnstlerischen Identit\u00e4t;<\/li>\n<li data-start=\"741\" data-end=\"792\">Koh\u00e4renz zwischen Produktion, Kommunikation und Zielen;<\/li>\n<li data-start=\"795\" data-end=\"841\">F\u00e4higkeit, sich professionell zu pr\u00e4sentieren;<\/li>\n<li data-start=\"844\" data-end=\"888\">eine fundiertere Auswahl an M\u00f6glichkeiten;<\/li>\n<li data-start=\"891\" data-end=\"953\">Aufbau n\u00fctzlicher und entbehrlicher Elemente in Ihrem Lebenslauf.<\/li>\n<\/ul>\n<p data-start=\"955\" data-end=\"1068\">Der Inhalt ist sowohl f\u00fcr Neuanf\u00e4nger geeignet als auch f\u00fcr diejenigen, die bereits Erfahrung haben, aber noch keine feste Richtung haben.<\/p>\n<p data-start=\"1070\" data-end=\"1092\">Wie man verwendet:<\/p>\n<ul>\n<li data-start=\"1095\" data-end=\"1109\">Online-Zugang<\/li>\n<li data-start=\"1112\" data-end=\"1144\">Ansicht von jedem Ger\u00e4t<\/li>\n<li data-start=\"1147\" data-end=\"1186\">Anmeldung ist m\u00f6glich (falls zutreffend)<\/li>\n<\/ul>\n<p data-start=\"1188\" data-end=\"1388\" data-is-last-node=\"\" data-is-only-node=\"\">Das Webinar ist Teil des Projekts &#8220;The Artist&#8217;s Journey&#8221; und stellt ein operatives Werkzeug dar, um die Qualit\u00e4t Ihrer Entscheidungen und die Lesbarkeit Ihres Weges im Kunstsystem zu verbessern.<\/p>\n","protected":false},"excerpt":{"rendered":"<section class=\"text-token-text-primary w-full focus:outline-none [--shadow-height:45px] has-data-writing-block:pointer-events-none has-data-writing-block:-mt-(--shadow-height) has-data-writing-block:pt-(--shadow-height) [&amp;:has([data-writing-block])&gt;*]:pointer-events-auto scroll-mt-(--header-height)\" dir=\"auto\" data-turn-id=\"8102c143-a427-4abc-8d3c-c5b71c5cfa20\" data-testid=\"conversation-turn-7\" data-scroll-anchor=\"false\" data-turn=\"user\"><\/section>\n<section class=\"text-token-text-primary w-full focus:outline-none [--shadow-height:45px] has-data-writing-block:pointer-events-none has-data-writing-block:-mt-(--shadow-height) has-data-writing-block:pt-(--shadow-height) [&amp;:has([data-writing-block])&gt;*]:pointer-events-auto scroll-mt-[calc(var(--header-height)+min(200px,max(70px,20svh)))]\" dir=\"auto\" data-turn-id=\"request-WEB:80750ef4-b135-4cce-ae3c-e68488001e73-3\" data-testid=\"conversation-turn-8\" data-scroll-anchor=\"true\" data-turn=\"assistant\">\n<div class=\"text-base my-auto mx-auto pb-10 [--thread-content-margin:var(--thread-content-margin-xs,calc(var(--spacing)*4))] @w-sm\/main:[--thread-content-margin:var(--thread-content-margin-sm,calc(var(--spacing)*6))] @w-lg\/main:[--thread-content-margin:var(--thread-content-margin-lg,calc(var(--spacing)*16))] px-(--thread-content-margin)\">\n<div class=\"[--thread-content-max-width:40rem] @w-lg\/main:[--thread-content-max-width:48rem] mx-auto max-w-(--thread-content-max-width) flex-1 group\/turn-messages focus-visible:outline-hidden relative flex w-full min-w-0 flex-col agent-turn\">\n<div class=\"flex max-w-full flex-col gap-4 grow\">\n<div class=\"min-h-8 text-message relative flex w-full flex-col items-end gap-2 text-start break-words whitespace-normal outline-none keyboard-focused:focus-ring [.text-message+&amp;]:mt-1\" dir=\"auto\" tabindex=\"0\" data-message-author-role=\"assistant\" data-message-id=\"b7cec722-009c-4569-b213-6d27da069464\" data-message-model-slug=\"gpt-5-3\" data-turn-start-message=\"true\">\n<div class=\"flex w-full flex-col gap-1 empty:hidden\">\n<div class=\"markdown prose dark:prose-invert w-full wrap-break-word light markdown-new-styling\">\n<p data-start=\"0\" data-end=\"305\" data-is-last-node=\"\" data-is-only-node=\"\">Online-Trainings-Webinar f\u00fcr K\u00fcnstler, die ihren Karriereweg effektiver und strukturierter gestalten m\u00f6chten. Es bietet praktische Werkzeuge, um Positionierung, Kommunikation und Entscheidungsf\u00e4higkeit im Kunstsystem zu verbessern. Digitaler Zugang mit der M\u00f6glichkeit, Inhalte zu \u00fcberpr\u00fcfen.  <\/p>\n<\/div>\n<\/div>\n<\/div>\n<\/div>\n<\/div>\n<\/div>\n<\/section>\n","protected":false},"featured_media":10911,"comment_status":"open","ping_status":"closed","template":"","meta":[],"product_brand":[],"product_cat":[125],"product_tag":[],"class_list":{"0":"post-10895","1":"product","2":"type-product","3":"status-publish","4":"has-post-thumbnail","6":"product_cat-internet","8":"first","9":"instock","10":"taxable","11":"shipping-taxable","12":"purchasable","13":"product-type-variable"},"_links":{"self":[{"href":"https:\/\/www.pitturiamo.shop\/de\/wp-json\/wp\/v2\/product\/10895","targetHints":{"allow":["GET"]}}],"collection":[{"href":"https:\/\/www.pitturiamo.shop\/de\/wp-json\/wp\/v2\/product"}],"about":[{"href":"https:\/\/www.pitturiamo.shop\/de\/wp-json\/wp\/v2\/types\/product"}],"replies":[{"embeddable":true,"href":"https:\/\/www.pitturiamo.shop\/de\/wp-json\/wp\/v2\/comments?post=10895"}],"wp:featuredmedia":[{"embeddable":true,"href":"https:\/\/www.pitturiamo.shop\/de\/wp-json\/wp\/v2\/media\/10911"}],"wp:attachment":[{"href":"https:\/\/www.pitturiamo.shop\/de\/wp-json\/wp\/v2\/media?parent=10895"}],"wp:term":[{"taxonomy":"product_brand","embeddable":true,"href":"https:\/\/www.pitturiamo.shop\/de\/wp-json\/wp\/v2\/product_brand?post=10895"},{"taxonomy":"product_cat","embeddable":true,"href":"https:\/\/www.pitturiamo.shop\/de\/wp-json\/wp\/v2\/product_cat?post=10895"},{"taxonomy":"product_tag","embeddable":true,"href":"https:\/\/www.pitturiamo.shop\/de\/wp-json\/wp\/v2\/product_tag?post=10895"}],"curies":[{"name":"wp","href":"https:\/\/api.w.org\/{rel}","templated":true}]}}