{"id":10810,"date":"2026-03-10T13:11:47","date_gmt":"2026-03-10T12:11:47","guid":{"rendered":"https:\/\/www.pitturiamo.shop\/?post_type=product&#038;p=10810"},"modified":"2026-03-13T10:12:58","modified_gmt":"2026-03-13T09:12:58","slug":"projekt-autor-26","status":"publish","type":"product","link":"https:\/\/www.pitturiamo.shop\/de\/promozione-artista\/ausstellungen-messen-veranstaltungen\/projekt-autor-26\/","title":{"rendered":"Autorenprojekt bei MAXXI"},"content":{"rendered":"<h2>Internationaler Preis f\u00fcr zeitgen\u00f6ssische Kunst Progetto d&#8217;Autore 2026<\/h2>\n<p>\u00d6ffentliche Anerkennungszeremonie und redaktionelle Produktion in der Carlo-Scarpa-Halle der<br \/>\nMAXXI Nationalmuseum f\u00fcr Kunst des 21. Jahrhunderts<\/p>\n<p>ROM, 29. Mai 2026<\/p>\n<div class=\"et_pb_text_inner\">\n<p>Ein ganzer institutioneller Tag, der <strong>zeitgen\u00f6ssischer k\u00fcnstlerischer Forschung<\/strong> gewidmet ist.<\/p>\n<p>Pr\u00e4sentieren Sie Ihr Autorenprojekt (<strong>bis zu 5 Werke<\/strong>), besuchen Sie die offizielle Videoausstellung, tragen Sie den <strong>Katalog mit der ISBN<\/strong> ein und erhalten Sie dokumentierte sowie dauerhafte <strong>\u00f6ffentliche Anerkennung<\/strong> .<\/p>\n<\/div>\n<div class=\"et_pb_text_inner\">\n<p>Sie k\u00f6nnen <strong>auch mit 5 Werken<\/strong> in den Kategorien Malerei \u2013 Skulptur \u2013 Grafik \u2013 Fotografie \u2013 Digitale Kunst<\/p>\n<p>teilnehmen. Keine einfache Ausstellung.<br data-start=\"444\" data-end=\"447\" \/><strong>Ein formaler \u00dcbergang im Museumskontext.<\/strong><\/p>\n<\/div>\n<div class=\"et_pb_text_inner\">\n<p>Die Preise stehen auf dem Spiel<\/p>\n<ul>\n<li>1. Preis \u2013 \u20ac2.500<\/li>\n<li>2. Preis \u2013 1.500 \u20ac<\/li>\n<li>3. Preis \u2013 1000 \u20ac<\/li>\n<\/ul>\n<p><strong>Sonderredaktionelle Auszeichnung<\/strong><\/p>\n<p><strong>Ein Werk des besten Autorenprojekts<\/strong> wird in der n\u00e4chsten Ausgabe des Atlas of Contemporary Art, herausgegeben von Giunti Editore, ver\u00f6ffentlicht. <strong>Dossier D&#8217;Autore-Preis<\/strong><\/p>\n<p><strong>5 Autorenprojekte<\/strong> erhalten eine ausf\u00fchrliche kritische Analyse im offiziellen Katalog der Veranstaltung. <strong>Kritischer Text<\/strong><\/p>\n<p>Von <strong>Roberto Litta<\/strong> <strong>einem Projekt<\/strong> zugeschrieben, das als besonders koh\u00e4rent und bedeutend gilt (1 Ordner). Die neuen Gesichter der zeitgen\u00f6ssischen Kunst<\/p>\n<p>Die Fotografien von weiteren 16 K\u00fcnstlern werden auf einer Seite des <strong>Atlas of Contemporary Art<\/strong> , herausgegeben von <strong>Giunti Editori<\/strong> , mit dem Titel &#8220;<strong>The New Faces of Contemporary Art<\/strong>&#8221; ver\u00f6ffentlicht.<\/p>\n<\/div>\n<div class=\"et_pb_module et_pb_text et_pb_text_9 et_pb_text_align_left et_pb_bg_layout_light\">\n<div class=\"et_pb_text_inner\">\n<p>Wer beteiligt sich am Autorenprojekt<\/p>\n<ul>\n<li><strong>Pr\u00e4sentation<\/strong> Ihres Projekts auf der <strong>B\u00fchne<\/strong> der Carlo Scarpa Hall<\/li>\n<\/ul>\n<p><strong>An alle K\u00fcnstler, die in die Endphase aufgenommen wurden.<\/strong><\/p>\n<ul>\n<li><strong>Videoausstellung<\/strong> der w\u00e4hrend der Preisverleihung am <strong>29. Mai 2026<\/strong> pr\u00e4sentierte Werke.<\/li>\n<li><strong>Offizieller Katalog mit ISBN.<\/strong><\/li>\n<li><strong>Nominales Zertifikat auf der B\u00fchne<\/strong> mit professionellem <strong>Fotoshooting<\/strong> .<\/li>\n<li>Aufnahme in das <strong>Online-Permanent Archiv.<\/strong><\/li>\n<li>Spezieller Artikel im PitturiAmo Magazine f\u00fcr alle K\u00fcnstler der <strong>K\u00fcnstlerreise<\/strong><\/li>\n<li><strong>Erm\u00e4\u00dfigter Eintritt ins<\/strong> Museum, g\u00fcltig f\u00fcr die folgenden 15 Tage.<\/li>\n<\/ul>\n<\/div>\n<\/div>\n","protected":false},"excerpt":{"rendered":"<p><strong>Vorsicht:<\/strong> Derzeit gilt der <strong>25%-Rabatt<\/strong> f\u00fcr die ersten <strong>100<\/strong> zugelassenen K\u00fcnstler. Beeil dich.<\/p>\n<p>Entscheiden Sie, ob Sie als <strong>Mitglied<\/strong> teilnehmen (und die Mehrwertsteuer sparen) oder als <strong>Nicht-Mitglied<\/strong> (zum vollen Preis)<\/p>\n","protected":false},"featured_media":10879,"comment_status":"open","ping_status":"closed","template":"","meta":[],"product_brand":[],"product_cat":[139],"product_tag":[],"class_list":{"0":"post-10810","1":"product","2":"type-product","3":"status-publish","4":"has-post-thumbnail","6":"product_cat-ausstellungen-messen-veranstaltungen","8":"first","9":"instock","10":"sale","11":"sold-individually","12":"taxable","13":"shipping-taxable","14":"purchasable","15":"product-type-variable","16":"has-default-attributes"},"_links":{"self":[{"href":"https:\/\/www.pitturiamo.shop\/de\/wp-json\/wp\/v2\/product\/10810","targetHints":{"allow":["GET"]}}],"collection":[{"href":"https:\/\/www.pitturiamo.shop\/de\/wp-json\/wp\/v2\/product"}],"about":[{"href":"https:\/\/www.pitturiamo.shop\/de\/wp-json\/wp\/v2\/types\/product"}],"replies":[{"embeddable":true,"href":"https:\/\/www.pitturiamo.shop\/de\/wp-json\/wp\/v2\/comments?post=10810"}],"wp:featuredmedia":[{"embeddable":true,"href":"https:\/\/www.pitturiamo.shop\/de\/wp-json\/wp\/v2\/media\/10879"}],"wp:attachment":[{"href":"https:\/\/www.pitturiamo.shop\/de\/wp-json\/wp\/v2\/media?parent=10810"}],"wp:term":[{"taxonomy":"product_brand","embeddable":true,"href":"https:\/\/www.pitturiamo.shop\/de\/wp-json\/wp\/v2\/product_brand?post=10810"},{"taxonomy":"product_cat","embeddable":true,"href":"https:\/\/www.pitturiamo.shop\/de\/wp-json\/wp\/v2\/product_cat?post=10810"},{"taxonomy":"product_tag","embeddable":true,"href":"https:\/\/www.pitturiamo.shop\/de\/wp-json\/wp\/v2\/product_tag?post=10810"}],"curies":[{"name":"wp","href":"https:\/\/api.w.org\/{rel}","templated":true}]}}