{"id":10136,"date":"2017-01-10T17:56:22","date_gmt":"2017-01-10T17:56:22","guid":{"rendered":"https:\/\/www.pitturiamo.shop\/promozione-artista\/unkategorisiert\/vorgestellte-gemaelde\/"},"modified":"2017-01-10T17:56:22","modified_gmt":"2017-01-10T16:56:22","slug":"vorgestellte-gemaelde","status":"publish","type":"product","link":"https:\/\/www.pitturiamo.shop\/de\/promozione-artista\/pitturiamo\/vorgestellte-gemaelde\/","title":{"rendered":"Vorgestellte Gem\u00e4lde"},"content":{"rendered":"<h2><strong>F\u00fcgen Sie Ihre vorgestellten Gem\u00e4lde hinzu<\/strong><\/h2>\n<p>Wenn Sie mehr Sichtbarkeit haben und Ihre Chancen auf den Verkauf Ihrer Gem\u00e4lde erheblich erh\u00f6hen m\u00f6chten, k\u00f6nnen Sie den <strong>Service &#8220;Featured Paintings&#8221;<\/strong> in Anspruch nehmen.<\/p>\n<p>Deine Gem\u00e4lde haben Vorrang vor den anderen Werken im Portal und werden eher gesehen und ausgew\u00e4hlt werden.  <strong>Dienstdauer: 60 Tage.<\/strong><\/p>\n<p>Sobald Sie den Service gekauft haben, werden Sie vom Redaktionsteam von PitturiAmo kontaktiert, um die Gem\u00e4lde auszuw\u00e4hlen, die Sie ins Rampenlicht r\u00fccken m\u00f6chten.<\/p>\n<h3><strong>Meine Werke &#8220;In Evidence&#8221; auf PitturiAmo, wie viel kostet es?<\/strong><\/h3>\n<p>Hier sind die detaillierten Kosten f\u00fcr die Aufnahme Ihrer Gem\u00e4lde unter den &#8220;Highlights&#8221; (Dauer x <strong>60 Tage<\/strong>): <\/p>\n<ul>\n<li>1 Gem\u00e4lde 12,00\u20ac<\/li>\n<li>2 Gem\u00e4lde 23,00\u20ac (statt <del>24,00\u20ac<\/del>)<\/li>\n<li>3 Gem\u00e4lde 33,00\u20ac (statt <del>36,00\u20ac<\/del>)<\/li>\n<li>4 Gem\u00e4lde 40,00\u20ac (statt <del>48,00\u20ac<\/del>)<\/li>\n<li>5 Gem\u00e4lde 45,00\u20ac (statt <del>60,00\u20ac<\/del>)<\/li>\n<li>Jedes zus\u00e4tzliche Gem\u00e4lde \u00fcber dem f\u00fcnften kostet nur 9,00 \u20ac<\/li>\n<\/ul>\n<p>Sie k\u00f6nnen den Featured Paintings-Service auch kaufen, indem Sie Ihren reservierten Bereich auf <a title=\"Freier Zugang zu PitturiAmo \u2013 dem Portal zeitgen\u00f6ssischer Maler\" href=\"http:\/\/www.pitturiamo.com\" target=\"_blank\" rel=\"noopener noreferrer\">www.pitturiamo.com<\/a><\/p>\n","protected":false},"excerpt":{"rendered":"<h3>Willst du <strong>deine Gem\u00e4lde verkaufen?<\/strong><\/h3>\n<p>Mit dem Service &#8220;<strong><em>Featured Paintings<\/em><\/strong>&#8221; erhalten Ihre Gem\u00e4lde viel mehr Aufrufe auf PitturiAmo und haben gr\u00f6\u00dfere Chancen, unter den mehr als 200.000 Werken auf dem Portal beachtet zu werden.<\/p>\n<p><strong>Bis heute wurden \u00fcber 1700 Gem\u00e4lde verkauft.  <\/strong><\/p>\n<p>W\u00e4hlen Sie im Dropdown-Men\u00fc die Anzahl der Gem\u00e4lde, die Sie als Beweismaterial auf PitturiAmo ausstellen m\u00f6chten, und fahren Sie mit der Bestellung fort. Bezahlen Sie mit PayPal, Kreditkarte oder Bank\u00fcberweisung. Sobald Sie den Service gekauft haben, werden Sie vom Redaktionsteam von PitturiAmo kontaktiert, um die Gem\u00e4lde auszuw\u00e4hlen, die Sie ins Rampenlicht r\u00fccken m\u00f6chten. Mindestanschaffung von 3 Gem\u00e4lden.   <\/p>\n","protected":false},"featured_media":564,"comment_status":"open","ping_status":"closed","template":"","meta":[],"product_brand":[],"product_cat":[129],"product_tag":[188],"class_list":{"0":"post-10136","1":"product","2":"type-product","3":"status-publish","4":"has-post-thumbnail","6":"product_cat-pitturiamo","7":"product_tag-vorgestellte-gemalde","9":"first","10":"outofstock","11":"sale","12":"featured","13":"sold-individually","14":"purchasable","15":"product-type-variable"},"_links":{"self":[{"href":"https:\/\/www.pitturiamo.shop\/de\/wp-json\/wp\/v2\/product\/10136","targetHints":{"allow":["GET"]}}],"collection":[{"href":"https:\/\/www.pitturiamo.shop\/de\/wp-json\/wp\/v2\/product"}],"about":[{"href":"https:\/\/www.pitturiamo.shop\/de\/wp-json\/wp\/v2\/types\/product"}],"replies":[{"embeddable":true,"href":"https:\/\/www.pitturiamo.shop\/de\/wp-json\/wp\/v2\/comments?post=10136"}],"wp:featuredmedia":[{"embeddable":true,"href":"https:\/\/www.pitturiamo.shop\/de\/wp-json\/wp\/v2\/media\/564"}],"wp:attachment":[{"href":"https:\/\/www.pitturiamo.shop\/de\/wp-json\/wp\/v2\/media?parent=10136"}],"wp:term":[{"taxonomy":"product_brand","embeddable":true,"href":"https:\/\/www.pitturiamo.shop\/de\/wp-json\/wp\/v2\/product_brand?post=10136"},{"taxonomy":"product_cat","embeddable":true,"href":"https:\/\/www.pitturiamo.shop\/de\/wp-json\/wp\/v2\/product_cat?post=10136"},{"taxonomy":"product_tag","embeddable":true,"href":"https:\/\/www.pitturiamo.shop\/de\/wp-json\/wp\/v2\/product_tag?post=10136"}],"curies":[{"name":"wp","href":"https:\/\/api.w.org\/{rel}","templated":true}]}}