{"id":10112,"date":"2017-01-10T17:59:52","date_gmt":"2017-01-10T17:59:52","guid":{"rendered":"https:\/\/www.pitturiamo.shop\/promozione-artista\/unkategorisiert\/gemaelde-zum-direktverkauf\/"},"modified":"2017-01-10T17:59:52","modified_gmt":"2017-01-10T16:59:52","slug":"gemaelde-zum-direktverkauf","status":"publish","type":"product","link":"https:\/\/www.pitturiamo.shop\/de\/promozione-artista\/pitturiamo\/gemaelde-zum-direktverkauf\/","title":{"rendered":"Gem\u00e4lde zum Direktverkauf"},"content":{"rendered":"<h3>SO FUNKTIONIERT ES<\/h3>\n<p><strong>PitturiAmo fungiert als Vermittler<\/strong>, bewirbt Ihre Werke online und versucht, sie \u00fcber alle verf\u00fcgbaren Online-Schaltkan\u00e4le zu verkaufen. Bei einem Verkauf wird der Erl\u00f6s vor\u00fcbergehend <strong>einem Konto von PitturiAmo<\/strong> gutgeschrieben. <\/p>\n<p>Der K\u00fcnstler, der das Gem\u00e4lde verkauft hat, ist f\u00fcr die Lieferung verantwortlich und hat die Aufgabe, das Werk angemessen verpackt an den Empf\u00e4nger zu senden.<\/p>\n<p>Nach 14 Tagen (maximaler Zeitraum, innerhalb der es m\u00f6glich ist, einen Anspruch auf Online-Eink\u00e4ufe einzureichen) nach Erhalt des Werks durch den K\u00e4ufer, ohne Beschwerde, wird der Betrag auf das Bankkonto des K\u00fcnstlers \u00fcberwiesen. <strong>In diesem Fall beh\u00e4lt PitturiAmo eine Provision in H\u00f6he von 20 % des Werts der Arbeit<\/strong>.<\/p>\n<p>Falls der K\u00e4ufer eine Beschwerde (aus welchem Grund auch immer) einreicht, liegt es in der Verantwortung des K\u00e4ufers, das Werk an den K\u00fcnstler zur\u00fcckzugeben. <strong>In diesem Fall wird PitturiAmo dem K\u00e4ufer das Geld zur\u00fcckerstatten<\/strong>.<\/p>\n<p><strong>Um die Gem\u00e4lde zum Direktverkauf einzureichen<\/strong> , m\u00fcssen zun\u00e4chst drei Bedingungen erf\u00fcllt sein:<\/p>\n<ol>\n<li>Sie m\u00fcssen auf <a href=\"http:\/\/www.pitturiamo.com\">PitturiAmo \u2013 dem Portal zeitgen\u00f6ssischer Maler \u2013<\/a> registriert sein und bereits die Gem\u00e4lde, die Sie im Direct Sale aufnehmen m\u00f6chten, eingegeben haben (ich erinnere daran, dass die Registrierung auf dem Portal <strong>kostenlos<\/strong> ist)<\/li>\n<li>Die Verf\u00fcgbarkeit des Gem\u00e4ldes muss auf <strong>&#8220;Verf\u00fcgbar&#8221;<\/strong> gesetzt werden (es ist nicht m\u00f6glich, Gem\u00e4lde, bei denen das Verf\u00fcgbarkeitsfeld auf &#8220;Verkauft&#8221;, &#8220;Verkauft auf PitturiAmo&#8221; oder &#8220;Privatsammlung&#8221; steht, f\u00fcr den Direktverkauf einzustellen);<\/li>\n<li>Der wirtschaftliche Wert, zu dem Sie das Werk verkaufen m\u00f6chten, muss im <strong>Feld &#8220;Angebot&#8221;<\/strong> angegeben sein, einschlie\u00dflich 20 % Vermittlung f\u00fcr PitturiAmo, PayPal-Provisionen (<strong>etwa 5 %)<\/strong> und Versandkosten (variabel je nach Gewicht und Entfernung).<\/li>\n<\/ol>\n<p>Wenn diese Bedingungen erf\u00fcllt sind, ist es m\u00f6glich, Ihre Gem\u00e4lde <strong>f\u00fcr einen Direktverkauf zu einem Preis von 1,50 \u20ac pro Gem\u00e4lde f\u00fcr einen Zeitraum von einem Jahr<\/strong> einzureichen.<\/p>\n<p>Falls es mehr als zehn Gem\u00e4lde f\u00fcr den Direktverkauf gibt, betr\u00e4gt der Preis f\u00fcr jedes Gem\u00e4lde \u00fcber das Zehnte \u20ac1,00.<\/p>\n<ul>\n<li>Bis zu 10 Gem\u00e4lde \u2013 1,50 \u20ac pro Bild<\/li>\n<li>Ab dem 11. Gem\u00e4lde \u2013 1,00 \u20ac pro Gem\u00e4lde.<\/li>\n<\/ul>\n<p>Nach einem Jahr ohne Verkauf wird das Panel automatisch aus dem Direktverkaufsdienst <strong>entfernt<\/strong> .<\/p>\n","protected":false},"excerpt":{"rendered":"<p>F\u00fcgen Sie Gem\u00e4lde <strong>f\u00fcr den Direktverkauf<\/strong> <a href=\"http:\/\/www.pitturiamo.com\">auf www.pitturiamo.com<\/a> ein, die von Nutzern wie im normalen E-Commerce, per PayPal oder Kreditkarte auf dem PayPal Circuit gekauft werden k\u00f6nnen.<\/p>\n<p><strong>Zahle 1,50 \u20ac pro Gem\u00e4lde f\u00fcr 365 Tage, ab dem 11. Gem\u00e4lde sinkt der Preis auf 1,00 \u20ac pro Gem\u00e4lde.<\/strong><\/p>\n<p>Der Verkauf kann nur \u00fcber die <strong>Dropshipping-Methode<\/strong> erfolgen.<\/p>\n<p>Kaufen Sie direkt im reservierten Bereich.<\/p>\n<p>&nbsp;<\/p>\n","protected":false},"featured_media":570,"comment_status":"open","ping_status":"closed","template":"","meta":[],"product_brand":[],"product_cat":[129],"product_tag":[182,184,185,183],"class_list":{"0":"post-10112","1":"product","2":"type-product","3":"status-publish","4":"has-post-thumbnail","6":"product_cat-pitturiamo","7":"product_tag-gemalde-zum-direktverkauf","8":"product_tag-gemalde-zum-verkauf-einfugen","9":"product_tag-online-verkauf-von-kunstwerken","10":"product_tag-verkaufsgemalde-paypal","12":"first","13":"instock","14":"featured","15":"product-type-external"},"_links":{"self":[{"href":"https:\/\/www.pitturiamo.shop\/de\/wp-json\/wp\/v2\/product\/10112","targetHints":{"allow":["GET"]}}],"collection":[{"href":"https:\/\/www.pitturiamo.shop\/de\/wp-json\/wp\/v2\/product"}],"about":[{"href":"https:\/\/www.pitturiamo.shop\/de\/wp-json\/wp\/v2\/types\/product"}],"replies":[{"embeddable":true,"href":"https:\/\/www.pitturiamo.shop\/de\/wp-json\/wp\/v2\/comments?post=10112"}],"wp:featuredmedia":[{"embeddable":true,"href":"https:\/\/www.pitturiamo.shop\/de\/wp-json\/wp\/v2\/media\/570"}],"wp:attachment":[{"href":"https:\/\/www.pitturiamo.shop\/de\/wp-json\/wp\/v2\/media?parent=10112"}],"wp:term":[{"taxonomy":"product_brand","embeddable":true,"href":"https:\/\/www.pitturiamo.shop\/de\/wp-json\/wp\/v2\/product_brand?post=10112"},{"taxonomy":"product_cat","embeddable":true,"href":"https:\/\/www.pitturiamo.shop\/de\/wp-json\/wp\/v2\/product_cat?post=10112"},{"taxonomy":"product_tag","embeddable":true,"href":"https:\/\/www.pitturiamo.shop\/de\/wp-json\/wp\/v2\/product_tag?post=10112"}],"curies":[{"name":"wp","href":"https:\/\/api.w.org\/{rel}","templated":true}]}}