{"id":10071,"date":"2017-01-10T18:01:28","date_gmt":"2017-01-10T17:01:28","guid":{"rendered":"https:\/\/www.pitturiamo.shop\/promozione-artista\/unkategorisiert\/bannerwerbung\/"},"modified":"2017-01-10T18:01:28","modified_gmt":"2017-01-10T17:01:28","slug":"bannerwerbung","status":"publish","type":"product","link":"https:\/\/www.pitturiamo.shop\/de\/promozione-artista\/pitturiamo\/bannerwerbung\/","title":{"rendered":"Bannerwerbung"},"content":{"rendered":"<h3>Werbebanner auf PitturiAmo<\/h3>\n<table class=\"table table-hover kv-grid-table table-striped kv-table-wrap\">\n<tbody>\n<tr data-key=\"1\">\n<td class=\"kv-align-middle\" data-col-seq=\"2\"><strong>Schieberegler auf der Startseite.<\/strong>  Wechselbarer Raum, der ausschlie\u00dflich K\u00fcnstlern f\u00fcr die Ausstellung eines oder mehrerer ihrer Gem\u00e4lde gewidmet ist.<\/td>\n<td class=\"skip-export kv-align-center kv-align-middle\" data-col-seq=\"5\"> <select class=\"sel-prezzo\" name=\"banner[periodo][1]\"><option value=\"1\" data-prezzo=\"35.00\">7 Tage \u2013 35,00 \u20ac<\/option><option value=\"2\" data-prezzo=\"60.00\">14 Tage \u2013 60,00 \u20ac<\/option><option value=\"3\" data-prezzo=\"87.00\">21 Tage \u2013 87,00 \u20ac<\/option><option value=\"4\" data-prezzo=\"106.00\">28 Tage \u2013 106,00 \u20ac<\/option><option value=\"34\" data-prezzo=\"279.00\">90 Tage \u2013 279,00 \u20ac<\/option><option value=\"35\" data-prezzo=\"374.00\">180 Tage \u2013 374,00 \u20ac<\/option><option value=\"36\" data-prezzo=\"499.00\">365 Tage \u2013 499,00 \u20ac<\/option><\/select><\/td>\n<\/tr>\n<tr data-key=\"2\">\n<td class=\"kv-align-middle\" data-col-seq=\"1\"><strong>Responsives Raster-Banner 1.<\/strong>  Ein rotierendes Banner ist auf allen Seiten, auf denen die Gem\u00e4lde aufgef\u00fchrt sind, ganz oben in der Liste der Gem\u00e4lde zu sehen.<\/td>\n<td class=\"kv-align-middle\" data-col-seq=\"4\"><select class=\"sel-prezzo\" name=\"banner[periodo][2]\"><option value=\"5\" data-prezzo=\"28.00\">7 Tage \u2013 28,00 \u20ac<\/option><option value=\"6\" data-prezzo=\"49.00\">14 Tage \u2013 49,00 \u20ac<\/option><option value=\"7\" data-prezzo=\"70.00\">21 Tage \u2013 70,00 \u20ac<\/option><option value=\"8\" data-prezzo=\"85.00\">28 Tage \u2013 85,00 \u20ac<\/option><option value=\"28\" data-prezzo=\"223.00\">90 Tage \u2013 223,00 \u20ac<\/option><option value=\"29\" data-prezzo=\"299.00\">180 Tage \u2013 299,00 \u20ac<\/option><option value=\"30\" data-prezzo=\"399.00\">365 Tage \u2013 399,00 \u20ac<\/option><\/select><\/td>\n<\/tr>\n<tr data-key=\"3\">\n<td class=\"kv-align-middle\" data-col-seq=\"1\"><strong>Responsives Raster Banner 2.<\/strong>  Ein rotierendes Banner ist auf allen Seiten, auf denen die Gem\u00e4lde aufgelistet sind, am Ende der Gem\u00e4ldeliste zu sehen.<\/td>\n<td class=\"kv-align-middle\" data-col-seq=\"4\"><select class=\"sel-prezzo\" name=\"banner[periodo][3]\"><option value=\"9\" data-prezzo=\"21.00\">7 Tage \u2013 21,00 \u20ac<\/option><option value=\"10\" data-prezzo=\"37.00\">14 Tage \u2013 37,00 \u20ac<\/option><option value=\"11\" data-prezzo=\"52.00\">21 Tage \u2013 52,00 \u20ac<\/option><option value=\"12\" data-prezzo=\"63.00\">28 Tage \u2013 63,00 \u20ac<\/option><option value=\"31\" data-prezzo=\"167.00\">90 Tage \u2013 167,00 \u20ac<\/option><option value=\"32\" data-prezzo=\"224.00\">180 Tage \u2013 224,00 \u20ac<\/option><option value=\"33\" data-prezzo=\"299.00\">365 Tage \u2013 299,00 \u20ac<\/option><\/select><\/td>\n<\/tr>\n<tr data-key=\"4\">\n<td class=\"kv-align-middle\" data-col-seq=\"1\"><strong>Breites Banner TOP.<\/strong>  Sehr gro\u00dfes, rotierendes Banner, das \u00fcber die gesamte Seitenbreite sichtbar ist, oben auf allen Seiten, auf denen die K\u00fcnstler aufgef\u00fchrt sind, zu sehen ist.<\/td>\n<td class=\"kv-align-middle\" data-col-seq=\"4\"><select class=\"sel-prezzo\" name=\"banner[periodo][4]\"><option value=\"20\" data-prezzo=\"56.00\">7 Tage \u2013 56,00 \u20ac<\/option><option value=\"21\" data-prezzo=\"99.00\">14 Tage \u2013 99,00 \u20ac<\/option><option value=\"22\" data-prezzo=\"140.00\">21 Tage \u2013 140,00 \u20ac<\/option><option value=\"23\" data-prezzo=\"170.00\">28 Tage \u2013 170,00 \u20ac<\/option><option value=\"40\" data-prezzo=\"447.00\">90 Tage \u2013 447,00 \u20ac<\/option><option value=\"41\" data-prezzo=\"599.00\">180 Tage \u2013 599,00 \u20ac<\/option><option value=\"42\" data-prezzo=\"799.00\">365 Tage \u2013 799,00 \u20ac<\/option><\/select><\/td>\n<\/tr>\n<tr data-key=\"5\">\n<td class=\"kv-align-middle\" data-col-seq=\"1\"><strong>Breites Banner UNTEN.<\/strong>  Ein sehr gro\u00dfes, rotierendes Banner, das \u00fcber die gesamte Seitenbreite sichtbar ist, am unteren Rand aller Seiten, auf denen K\u00fcnstler aufgef\u00fchrt sind.<\/td>\n<td class=\"kv-align-middle\" data-col-seq=\"4\"><select class=\"sel-prezzo\" name=\"banner[periodo][5]\"><option value=\"13\" data-prezzo=\"63.00\">7 Tage \u2013 63,00 \u20ac<\/option><option value=\"14\" data-prezzo=\"111.00\">14 Tage \u2013 111,00 \u20ac<\/option><option value=\"15\" data-prezzo=\"157.00\">21 Tage \u2013 157,00 \u20ac<\/option><option value=\"16\" data-prezzo=\"191.00\">28 Tage \u2013 191,00 \u20ac<\/option><option value=\"37\" data-prezzo=\"502.00\">90 Tage \u2013 502,00 \u20ac<\/option><option value=\"38\" data-prezzo=\"673.00\">180 Tage \u2013 673,00 \u20ac<\/option><option value=\"39\" data-prezzo=\"898.00\">365 Tage \u2013 898,00 \u20ac<\/option><\/select><\/td>\n<\/tr>\n<tr data-key=\"6\">\n<td class=\"skip-export kv-align-center kv-align-middle kv-row-select\" data-col-seq=\"0\"><strong>Bannerbox.<\/strong>  Banner auf der Detailseite des Gem\u00e4ldes (\u00fcber 50.000 Seiten), das in der Mitte der rechten Seite sichtbar ist, wann immer ein Nutzer ein bestimmtes Gem\u00e4lde betrachtet.<\/td>\n<td class=\"kv-align-middle\" data-col-seq=\"1\"><select class=\"sel-prezzo\" name=\"banner[periodo][4]\"><option value=\"20\" data-prezzo=\"56.00\">7 Tage \u2013 56,00 \u20ac<\/option><option value=\"21\" data-prezzo=\"99.00\">14 Tage \u2013 99,00 \u20ac<\/option><option value=\"22\" data-prezzo=\"140.00\">21 Tage \u2013 140,00 \u20ac<\/option><option value=\"23\" data-prezzo=\"170.00\">28 Tage \u2013 170,00 \u20ac<\/option><option value=\"40\" data-prezzo=\"447.00\">90 Tage \u2013 447,00 \u20ac<\/option><option value=\"41\" data-prezzo=\"599.00\">180 Tage \u2013 599,00 \u20ac<\/option><option value=\"42\" data-prezzo=\"799.00\">365 Tage \u2013 799,00 \u20ac<\/option><\/select><\/td>\n<\/tr>\n<\/tbody>\n<\/table>\n<p class=\"posted_in\"><a href=\"http:\/\/www.pitturiamo.com\/area-riservata\/pubblicita\/acquista\">Kaufen Sie Werbebanner direkt im Reserved Area <\/a>. Es ist notwendig, bereits <a href=\"http:\/\/www.pitturiamo.com\/it\/registrati.html\"><strong>bei PitturiAmo registriert zu sein<\/strong><\/a>. Wenn Sie noch nicht registriert sind, <a href=\"http:\/\/www.pitturiamo.com\/it\/registrati.html\">k\u00f6nnen Sie das jetzt tun<\/a>. Die Anmeldung ist kostenlos.   <\/p>\n","protected":false},"excerpt":{"rendered":"<h2>Bewerben Sie Ihre Bannerwerbung auf PitturiAmo.<\/h2>\n<p>Wenn Sie <strong>Ihre Sichtbarkeit auf PitturiAmo f\u00f6rdern<\/strong> m\u00f6chten, k\u00f6nnen Sie Werbebanner in verschiedenen Formaten kaufen, die auf <a href=\"http:\/\/www.pitturiamo.com\">www.pitturiamo.com<\/a> angezeigt werden, wo t\u00e4glich <strong>\u00fcber 2500 Nutzer Zehntausende von Seiten ansehen<\/strong>.<\/p>\n<p><strong>Ihre Gem\u00e4lde sind t\u00e4glich \u00fcber 2500 Kunstliebhabern, Sammlern, Kuratoren, Galeristen und Kunstkritikern zu sehen.  <\/strong><\/p>\n<p>Im Folgenden k\u00f6nnen Sie die Beschreibung und Kosten der verschiedenen L\u00f6sungen nachlesen. Schlie\u00dfen Sie den Kauf direkt im Reserved Area auf <a href=\"http:\/\/www.pitturimo.com\">PitturiAmo ab \u2013 dem Portal der zeitgen\u00f6ssischen Maler.<\/a> <\/p>\n<p>Wenn du eines der im Angebot stehenden Banner mindestens drei Wochen in Folge kaufst (bei einem einzigen <strong>Kauf), gibt dir PitturiAmo au\u00dferdem Sichtbarkeit auf Tausenden von thematischen Seiten im Google Display-Netzwerk.<\/strong><\/p>\n","protected":false},"featured_media":559,"comment_status":"open","ping_status":"closed","template":"","meta":[],"product_brand":[],"product_cat":[129],"product_tag":[163,130,162],"class_list":{"0":"post-10071","1":"product","2":"type-product","3":"status-publish","4":"has-post-thumbnail","6":"product_cat-pitturiamo","7":"product_tag-bannerverkauf","8":"product_tag-kunstlerforderung","9":"product_tag-malerbanner","11":"first","12":"instock","13":"featured","14":"product-type-external"},"_links":{"self":[{"href":"https:\/\/www.pitturiamo.shop\/de\/wp-json\/wp\/v2\/product\/10071","targetHints":{"allow":["GET"]}}],"collection":[{"href":"https:\/\/www.pitturiamo.shop\/de\/wp-json\/wp\/v2\/product"}],"about":[{"href":"https:\/\/www.pitturiamo.shop\/de\/wp-json\/wp\/v2\/types\/product"}],"replies":[{"embeddable":true,"href":"https:\/\/www.pitturiamo.shop\/de\/wp-json\/wp\/v2\/comments?post=10071"}],"wp:featuredmedia":[{"embeddable":true,"href":"https:\/\/www.pitturiamo.shop\/de\/wp-json\/wp\/v2\/media\/559"}],"wp:attachment":[{"href":"https:\/\/www.pitturiamo.shop\/de\/wp-json\/wp\/v2\/media?parent=10071"}],"wp:term":[{"taxonomy":"product_brand","embeddable":true,"href":"https:\/\/www.pitturiamo.shop\/de\/wp-json\/wp\/v2\/product_brand?post=10071"},{"taxonomy":"product_cat","embeddable":true,"href":"https:\/\/www.pitturiamo.shop\/de\/wp-json\/wp\/v2\/product_cat?post=10071"},{"taxonomy":"product_tag","embeddable":true,"href":"https:\/\/www.pitturiamo.shop\/de\/wp-json\/wp\/v2\/product_tag?post=10071"}],"curies":[{"name":"wp","href":"https:\/\/api.w.org\/{rel}","templated":true}]}}