{"id":10036,"date":"2017-10-31T16:46:36","date_gmt":"2017-10-31T16:46:36","guid":{"rendered":"https:\/\/www.pitturiamo.shop\/promozione-artista\/unkategorisiert\/website-des-kuenstlers\/"},"modified":"2017-10-31T16:46:36","modified_gmt":"2017-10-31T15:46:36","slug":"website-des-kuenstlers","status":"publish","type":"product","link":"https:\/\/www.pitturiamo.shop\/de\/promozione-artista\/internet\/website-des-kuenstlers\/","title":{"rendered":"Website des K\u00fcnstlers"},"content":{"rendered":"<h4 style=\"text-align: center;\">Wir wollen mit Kunst ins Netz eindringen. Bist du da? <\/h4>\n<h3 style=\"text-align: center;\"><strong>Ihre K\u00fcnstler-Website, in der N\u00e4he von PitturiAmo<\/strong><\/h3>\n<p style=\"text-align: center;\"><em>Die St\u00e4rke von PitturiAmo zu Ihren Diensten. Werben Sie Ihre Kunst mit einer Website, die vollst\u00e4ndig Ihnen gewidmet ist, stets erreichbar ist und in engem Kontakt zu PitturiAmos Webkan\u00e4len steht, um all ihre St\u00e4rke zu nutzen. <\/em><\/p>\n<p>Die Webmaster und Grafikdesigner von PitturiAmo mit \u00fcber 20 Jahren Erfahrung im Webmarketing erstellen Ihre  <strong>Website von benutzerdefinierten K\u00fcnstlern  <\/strong>zu einem \u00e4u\u00dferst vorteilhaften Preis.<\/p>\n<h2><strong>M\u00f6chten Sie einige Beispiele von unserer K\u00fcnstler-Website sehen?<\/strong><\/h2>\n<ol>\n<li style=\"list-style-type: none;\">\n<ol>\n<li style=\"list-style-type: none;\">\n<ol>\n<li style=\"list-style-type: none;\">\n<ol>\n<li style=\"list-style-type: none;\">\n<ol>\n<li style=\"list-style-type: none;\">\n<ol>\n<li style=\"list-style-type: none;\">\n<ol>\n<li style=\"list-style-type: none;\">\n<ol>\n<li><a title=\"Alys Melcon \u2013 Moderne digitale K\u00fcnstlerin\" href=\"https:\/\/www.alysmelcon.com\/\" target=\"_blank\" rel=\"noopener noreferrer\">Alys Melcons Website<\/a>;<\/li>\n<li>Siehe <a title=\"Siehe die Website von Ilaria Vanni\" href=\"https:\/\/www.ilariavanni.it\/\" target=\"_blank\" rel=\"noopener noreferrer\">die Website von Ilaria Vanni<\/a>;<\/li>\n<li><a title=\"Anna Carignani \u2013 Besuchen Sie ihre Kunstwebsite\" href=\"https:\/\/www.annacarignani.it\/\" target=\"_blank\" rel=\"noopener noreferrer\">Anna Carignanos Kunstseite<\/a> ist online;<\/li>\n<li>Besuchen Sie <a title=\"Carla Thaler Sabaini bewirbt sich mit einer K\u00fcnstler-Website\" href=\"https:\/\/www.carlathaler.it\/\" target=\"_blank\" rel=\"noopener noreferrer\">die Website von Carla Thaler Sabaini<\/a>;<\/li>\n<li>Besuchen Sie <a title=\"Pasquale Iannelli \u2013 Besuchen Sie seine Kunstwebsite\" href=\"https:\/\/www.pasqualeiannelli.com\/\" target=\"_blank\" rel=\"noopener noreferrer\">die Website von Pasquale Iannelli<\/a>;<\/li>\n<li>Siehe die <a title=\"Anna Copponi \u2013 Besuchen Sie ihre Kunstwebsite\" href=\"https:\/\/www.annellacopponiart.it\/\" target=\"_blank\" rel=\"noopener noreferrer\">Website der K\u00fcnstlerin Anna Copponi<\/a>;<\/li>\n<li><a title=\"Carolina Moretti \u2013 Besuchen Sie ihre Kunst-Website\" href=\"https:\/\/www.carolinamoretti.it\/\" target=\"_blank\" rel=\"noopener noreferrer\">Carolina Morettis Website<\/a> ist online;<\/li>\n<li>Schau dir <a title=\"Siehe Amelia Romeos Website\" href=\"https:\/\/www.ameliaggromeo.it\" target=\"_blank\" rel=\"noopener noreferrer\">Amelia Romeos Website<\/a> an;<\/li>\n<li><a title=\"Rosalind Keith \u2013 Besuchen Sie ihre Kunstwebsite\" href=\"https:\/\/www.rosalindkeith.com\/\" target=\"_blank\" rel=\"noopener noreferrer\">Rosalind Keiths Website<\/a> ist online;<\/li>\n<li>Entdecken Sie die <a title=\"Daniela Danova \u2013 Siehe die Website des Malers\" href=\"https:\/\/www.danieladanova.it\/\" target=\"_blank\" rel=\"noopener noreferrer\">Website von Daniela Danova<\/a>;<\/li>\n<li>Schauen Sie sich die <a title=\"Siehe die Website von Luigi Martina\" href=\"https:\/\/www.martidesignarte.com\/\" target=\"_blank\" rel=\"noopener noreferrer\">Website des K\u00fcnstlers Luigi Martina<\/a> an;<\/li>\n<li>Die <a title=\"Vittorio Vallarin, auch bekannt als Cusin \u2013 Besuchen Sie seine Kunstwebsite\" href=\"https:\/\/www.vittoriovallarincusin.it\/\" target=\"_blank\" rel=\"noopener noreferrer\">Kunstseite von Vittorio Vallarin, auch bekannt als Cusin,<\/a> ist online;<\/li>\n<li><a title=\"Silvana Guerrieri \u2013 Siehe ihre Kunstwebsite\" href=\"https:\/\/www.silvanaguerrieri.it\/\" target=\"_blank\" rel=\"noopener noreferrer\">Besuchen Sie Silvana Guerrieris neue Website<\/a>;<\/li>\n<li>Schau dir die <a title=\"Alfredo Troilo \u2013 Besuchen Sie seine Kunstwebsite\" href=\"http:\/\/www.alfredotroilo.it\/\" target=\"_blank\" rel=\"noopener noreferrer\">Website des K\u00fcnstlers Alfredo Troilo<\/a> an;<\/li>\n<li>Schauen Sie online auf <a title=\"Siehe die Website der K\u00fcnstlerin Claudia Adriana Martinetti\" href=\"https:\/\/www.lallamarti.it\/\" target=\"_blank\" rel=\"noopener noreferrer\">Claudia Martinettis Kunstwebsite<\/a>;<\/li>\n<li>Entdecken Sie <a title=\"Siehe die Website des K\u00fcnstlers Franco Garuti\" href=\"https:\/\/www.francogaruti.it\/\" target=\"_blank\" rel=\"noopener noreferrer\">die K\u00fcnstlerwebsite von Franco Garuti<\/a>;<\/li>\n<li>Besuchen Sie die Website der <a title=\"Siehe die Website der K\u00fcnstlerin Danila Mancuso\" href=\"https:\/\/www.mancusodanila.it\/\" target=\"_blank\" rel=\"noopener\">zeitgen\u00f6ssischen K\u00fcnstlerin Danila Mancuso<\/a>;<\/li>\n<li>Siehe die <a title=\"Siehe die Website der Malerin Flavia Piccolo\" href=\"http:\/\/www.flaviapiccolo.it\/\" target=\"_blank\" rel=\"noopener noreferrer\">Website der Malerin Flavia Piccolo<\/a>;<\/li>\n<li><a title=\"Siehe die Website des zeitgen\u00f6ssischen K\u00fcnstlers Vito Spada\" href=\"http:\/\/www.vitospada.it\/\" target=\"_blank\" rel=\"noopener noreferrer\">Zeitgen\u00f6ssischer K\u00fcnstler Vito Spada<\/a> \u2013 Siehe seine pers\u00f6nliche Website;<\/li>\n<li>Schauen Sie sich die Website des <a title=\"Mario Alberto Agugiaro \u2013 Siehe die Website dieses zeitgen\u00f6ssischen K\u00fcnstlers\" href=\"https:\/\/www.marioalbertoagugiaro.it\/%20target=\">K\u00fcnstlers Mario Alberto Agugiaro<\/a> an;<\/li>\n<li>Die Website des <a title=\"Besuchen Sie die Website des K\u00fcnstlers Roberto Russo\" href=\"https:\/\/www.robertorusso.biz\/\" target=\"_blank\" rel=\"noopener\">Malers Roberto Russo<\/a>;<\/li>\n<li>Besuchen Sie <a title=\"Massimo Ricc\u00f2 \u2013 Siehe seine Kunstwebsite\" href=\"https:\/\/www.massimoricco.eu\/it\/\" target=\"_blank\" rel=\"noopener noreferrer\">die neue Website von Massimo Ricc\u00f2<\/a>;<\/li>\n<li>Siehe die <a title=\"Luisa Poggio \u2013 Besuchen Sie ihre Kunstwebsite\" href=\"https:\/\/www.luisapoggioartista.it\/\" target=\"_blank\" rel=\"noopener noreferrer\">Website der K\u00fcnstlerin Luisa Poggio<\/a>;<\/li>\n<li>Besuchen Sie <a title=\"Gilberto Minella bewirbt sich mit einer K\u00fcnstler-Website\" href=\"https:\/\/www.gilbertominella.it\/\" target=\"_blank\" rel=\"noopener noreferrer\">die Website von Gilberto Minella<\/a>;<\/li>\n<li>Siehe <a title=\"Paola Marchi \u2013 Besuchen Sie ihre Kunstwebsite\" href=\"https:\/\/www.paolamarchi.com\/\" target=\"_blank\" rel=\"noopener noreferrer\">die Website der K\u00fcnstlerin Paola Marchi<\/a>;<\/li>\n<li><a title=\"Patrizio Arabito \u2013 Besuchen Sie seine Kunstwebsite\" href=\"https:\/\/www.patrizioarabito.it\/\" target=\"_blank\" rel=\"noopener noreferrer\">Die Website von Patrizio Arabito<\/a> ist online;<\/li>\n<li><a title=\"Siehe die Website des zeitgen\u00f6ssischen K\u00fcnstlers Vito Spada\" href=\"https:\/\/www.paolocamporota.it\/\" target=\"_blank\" rel=\"noopener noreferrer\">Zeitgen\u00f6ssischer K\u00fcnstler Paolo Camporota<\/a> \u2013 Siehe seine pers\u00f6nliche Website;<\/li>\n<li>Die <a title=\"Carolina Moretti \u2013 Besuchen Sie ihre Kunst-Website\" href=\"https:\/\/www.editordreams.it\/\" target=\"_blank\" rel=\"noopener noreferrer\">Website von Giuseppe Grieco, auch bekannt als EditorDreams,<\/a> ist online;<\/li>\n<li>Siehe <a title=\"Siehe Amelia Romeos Website\" href=\"https:\/\/www.morimanuelita.it\/\" target=\"_blank\" rel=\"noopener noreferrer\">die Website von Manuelita Mori<\/a>;<\/li>\n<li>Besuchen Sie <a title=\"Massimo Ricc\u00f2 \u2013 Siehe seine Kunstwebsite\" href=\"https:\/\/www.palumbomarco.it\/\" target=\"_blank\" rel=\"noopener noreferrer\">Marco Palumbos neue Website<\/a>;<\/li>\n<li>Sehen Sie online die Werke der <a title=\"Kaufe die Kunstwerke von Maria Grazia Zohar bei Karstenegg (auch bekannt als Zdkdesignart)\" href=\"https:\/\/www.mariagraziazohar.com\" target=\"_blank\" rel=\"noopener noreferrer\">K\u00fcnstlerin Maria Grazia Zohar<\/a>;<\/li>\n<li>Besuchen Sie die Online-Galerie der <a title=\"\"\" href=\"http:\/\/www.andreatorelliartecontemporanea.it\/\" target=\"_blank\" rel=\"noopener\">zeitgen\u00f6ssischen K\u00fcnstlerin Andrea Torelli<\/a>;<\/li>\n<li>Besuchen Sie die Website der zeitgen\u00f6ssischen <a title=\"Besuchen Sie online die Kunstgalerie der zeitgen\u00f6ssischen K\u00fcnstlerin Lisa Argentati, wo sie ihre Werke ausstellt\" href=\"https:\/\/www.argentati.art\/\" target=\"_blank\" rel=\"noopener\">K\u00fcnstlerin Lisa Argentati<\/a>;<\/li>\n<li>Schauen Sie online auf der Website des zeitgen\u00f6ssischen <a title=\"\"Besuch\" href=\"https:\/\/www.ninoargentati.it\/opere\/paesaggio\/\" target=\"_blank\" rel=\"noopener\">K\u00fcnstlers Nino Argentati<\/a>;<\/li>\n<li>Sehen Sie online die Werke der <a title=\"Besuchen Sie online die Kunstgalerie der zeitgen\u00f6ssischen K\u00fcnstlerin Elisa Fasile, wo sie ihre Werke ausstellt\" href=\"https:\/\/www.elisafasile.it\/\" target=\"_blank\" rel=\"noopener\">zeitgen\u00f6ssischen K\u00fcnstlerin Elisa Fasile<\/a>;<\/li>\n<li>Besuchen Sie die Website des zeitgen\u00f6ssischen <a title=\"Besuchen Sie online die Kunstgalerie des zeitgen\u00f6ssischen K\u00fcnstlers Francesco Diana\" href=\"https:\/\/www.francescodiana.eu\/\" target=\"_blank\" rel=\"noopener noreferrer\">K\u00fcnstlers Francesco Diana<\/a>;<\/li>\n<li>Sehen Sie sich die <a title=\"Besuchen Sie online die Kunstgalerie der zeitgen\u00f6ssischen K\u00fcnstlerin Linda Nuzzi\" href=\"https:\/\/www.lindanuzzi.it\/\" target=\"_blank\" rel=\"noopener noreferrer\">Werke der zeitgen\u00f6ssischen K\u00fcnstlerin Linda Nuzzi<\/a> online an.<\/li>\n<li>Bewundern Sie online die Werke des zeitgen\u00f6ssischen <a title=\"Besuchen Sie online die Kunstgalerie des zeitgen\u00f6ssischen K\u00fcnstlers Luca Ripamonti\" href=\"https:\/\/www.lucaripamonti.eu\" target=\"_blank\" rel=\"noopener noreferrer\">K\u00fcnstlers Luca Ripamonti<\/a>.<\/li>\n<li>Entdecken Sie online die Werke des <a title=\"Besuchen Sie online die Kunstgalerie des zeitgen\u00f6ssischen K\u00fcnstlers Salvo Privitera\" href=\"https:\/\/www.salvoprivitera.it\" target=\"_blank\" rel=\"noopener noreferrer\">zeitgen\u00f6ssischen K\u00fcnstlers Salvo Privitera<\/a>.<\/li>\n<li>Besuchen Sie die Website des zeitgen\u00f6ssischen <a title=\"Besuchen Sie online die Kunstgalerie des zeitgen\u00f6ssischen K\u00fcnstlers Giorgio Roncon\" href=\"https:\/\/www.giorgioroncon.it\" target=\"_blank\" rel=\"noopener noreferrer\">K\u00fcnstlers Giorgio Roncon<\/a> und entdecken Sie seine Werke.<\/li>\n<li>Die Werke des <a title=\"Besuchen Sie online die Kunstgalerie des zeitgen\u00f6ssischen K\u00fcnstlers Mario Fanconi\" href=\"https:\/\/www.mariofanconi.eu\" target=\"_blank\" rel=\"noopener noreferrer\">zeitgen\u00f6ssischen Meisters Mario Fanconi<\/a> sind in der Online-Galerie zu sehen.<\/li>\n<li>Entdecken Sie die Werke des zeitgen\u00f6ssischen <a title=\"Besuchen Sie online die Kunstgalerie des zeitgen\u00f6ssischen K\u00fcnstlers Inigo Arista\" href=\"https:\/\/www.inigoarista.eu\" target=\"_blank\" rel=\"noopener noreferrer\">K\u00fcnstlers \u00cd\u00f1igo Arista<\/a> auf seiner K\u00fcnstler-Website.<\/li>\n<li>Tauchen Sie ein in die Welt des <a title=\"Besuchen Sie online die Kunstgalerie der zeitgen\u00f6ssischen K\u00fcnstlerin Simone Bellucci\" href=\"https:\/\/www.simonebellucci.it\" target=\"_blank\" rel=\"noopener noreferrer\">zeitgen\u00f6ssischen K\u00fcnstlers Simone Bellucci<\/a> und entdecken Sie seine Webseite, die sich der Kunst widmet.<\/li>\n<li>Entdecken Sie die Website des <a title=\"Besuchen Sie online die Kunstgalerie des zeitgen\u00f6ssischen K\u00fcnstlers Francesco Cassanelli\" href=\"https:\/\/www.francescocassanelli.it\" target=\"_blank\" rel=\"noopener noreferrer\">zeitgen\u00f6ssischen K\u00fcnstlers Francesco Cassanelli<\/a> , um mehr \u00fcber seine Kunstwerke zu erfahren.<\/li>\n<li>Entdecken Sie die Werke des <a title=\"Besuchen Sie online die Kunstgalerie des zeitgen\u00f6ssischen K\u00fcnstlers Juan Jos\u00e9 Rodriguez de Guzm\u00e1n Barba\" href=\"https:\/\/www.juandeguzman.art\/\" target=\"_blank\" rel=\"noopener noreferrer\">zeitgen\u00f6ssischen K\u00fcnstlers Juan Jos\u00e9 Rodriguez de Guzm\u00e1n Barba<\/a> , indem Sie seine pers\u00f6nliche Website besuchen.<\/li>\n<li>Tauchen Sie ein in die eindrucksvollen Landschaften der <a title=\"Besuchen Sie online die Kunstgalerie der zeitgen\u00f6ssischen K\u00fcnstlerin Lucia Dragani\" href=\"https:\/\/www.luciadragani.it\/\" target=\"_blank\" rel=\"noopener noreferrer\">zeitgen\u00f6ssischen K\u00fcnstlerin Lucia Dragani,<\/a> indem Sie ihre Online-K\u00fcnstler-Website besuchen.<\/li>\n<li>Entdecken Sie die Sinnlichkeit und Anmut der weiblichen Figuren, die vom <a title=\"Besuchen Sie online die Kunstgalerie des zeitgen\u00f6ssischen K\u00fcnstlers Mauro Vaia\" href=\"https:\/\/www.maurovaia.it\" target=\"_blank\" rel=\"noopener\">zeitgen\u00f6ssischen K\u00fcnstler Mauro Vaia<\/a> gemalt wurden, auf seiner K\u00fcnstler-Website.<\/li>\n<li>Tauchen Sie ein in die Emotionen und Farben der <a title=\"Besuchen Sie online die zeitgen\u00f6ssische Kunstgalerie Sonia Giordano Gasser\" href=\"https:\/\/www.soniagasser.eu\" target=\"_blank\" rel=\"noopener\">Werke der zeitgen\u00f6ssischen K\u00fcnstlerin Sonia Giordano Gasser<\/a> , indem Sie ihre Website entdecken.<\/li>\n<li>Bewundern Sie die figurativen Werke der <a title=\"Besuchen Sie online die zeitgen\u00f6ssische Kunstgalerie Catherine Baylet\" href=\"https:\/\/www.catherinebaylet.eu\" target=\"_blank\" rel=\"noopener\">zeitgen\u00f6ssischen K\u00fcnstlerin Catherine Baylet<\/a> , indem Sie ihre Online-K\u00fcnstlerwebsite besuchen.<\/li>\n<li>Besuchen Sie die pers\u00f6nliche Website der <a title=\"Besuchen Sie online die Zeitgen\u00f6ssische Kunstgalerie Leticia M\u00e9ndez Garc\u00eda\" href=\"https:\/\/www.leticiamendezgarcia.eu\" target=\"_blank\" rel=\"noopener\">zeitgen\u00f6ssischen K\u00fcnstlerin Leticia M\u00e9ndez Garc\u00eda<\/a> , um ihre Werke zu entdecken.<\/li>\n<li>Entdecken Sie die k\u00fcnstlerischen Ausdrucksformen der <a title=\"Besuchen Sie online die Zeitgen\u00f6ssische Kunstgalerie Sieglinde Metzler\" href=\"https:\/\/www.sieglindemetzler.eu\" target=\"_blank\" rel=\"noopener\">zeitgen\u00f6ssischen K\u00fcnstlerin Sieglinde Metzler<\/a> , indem Sie ihre Online-Kunstseite bewundern.<\/li>\n<li>Besuchen Sie die pers\u00f6nliche Website des <a title=\"Besuchen Sie online die Kunstgalerie des zeitgen\u00f6ssischen K\u00fcnstlers Andreas Toto Tscherrig\" href=\"https:\/\/www.andretscherrig.eu\" target=\"_blank\" rel=\"noopener\">zeitgen\u00f6ssischen K\u00fcnstlers Andreas Toto Tscherrig<\/a> , um seine einzigartigen Werke zu bewundern.<\/li>\n<li>Bewundern Sie die Hommagen des zeitgen\u00f6ssischen <a title=\"Besuchen Sie online die Kunstgalerie des zeitgen\u00f6ssischen K\u00fcnstlers Fabio Tolu\" href=\"https:\/\/www.fabiotolu.it\" target=\"_blank\" rel=\"noopener\">K\u00fcnstlers Fabio Tolu<\/a> an die Pop Art, zwischen Massenkultur und Kreativit\u00e4t, indem Sie seine Online-Kunstseite besuchen.<\/li>\n<li>Entdecken Sie den halbabstrakten und realistischen Impressionismus des <a title=\"Besuchen Sie online die Kunstgalerie des zeitgen\u00f6ssischen K\u00fcnstlers Francisco Javier Corral Guti\u00e9rrez\" href=\"https:\/\/www.frankorral.eu\" target=\"_blank\" rel=\"noopener\">zeitgen\u00f6ssischen K\u00fcnstlers Francisco Javier Corral Guti\u00e9rrez<\/a> auf seiner K\u00fcnstlerseite.<\/li>\n<li>Entdecken Sie die k\u00fcnstlerische Welt der <a title=\"Besuchen Sie online die Kunstgalerie der zeitgen\u00f6ssischen K\u00fcnstlerin Antonietta Di Secl\u00ec\" href=\"https:\/\/www.antoniettadisecli.it\" target=\"_blank\" rel=\"noopener\">zeitgen\u00f6ssischen K\u00fcnstlerin Antonietta Di Secl\u00ec <\/a>, indem Sie ihre Online-Kunstseite besuchen<\/li>\n<li>Besuchen Sie die offizielle Website des <a title=\"Besuchen Sie online die Kunstgalerie des zeitgen\u00f6ssischen K\u00fcnstlers Luigi Senia\" href=\"https:\/\/www.luigisenia.it\">zeitgen\u00f6ssischen K\u00fcnstlers Luigi Senia<\/a> , wo die innere Krise zum visuellen Ausdruck wird.<\/li>\n<li>Tauchen Sie auf seiner Kunstwebsite in die metaphorischen Atmosph\u00e4ren des zeitgen\u00f6ssischen <a title=\"Besuchen Sie online die Kunstgalerie des zeitgen\u00f6ssischen K\u00fcnstlers Stefano Corazziari\" href=\"https:\/\/www.stefanocorazziari.it\" target=\"_blank\" rel=\"noopener\">K\u00fcnstlers Stefano Corazziari <\/a>ein.<\/li>\n<li>Tauchen Sie ein in die surrealen und farbenfrohen Atmosph\u00e4ren des <a title=\"Besuchen Sie online die Kunstgalerie des zeitgen\u00f6ssischen K\u00fcnstlers Dario Cardoni\" href=\"http:\/\/www.dariocardoni.eu\" target=\"_blank\" rel=\"noopener\">zeitgen\u00f6ssischen K\u00fcnstlers Dario Cardoni,<\/a> indem Sie seine K\u00fcnstlerwebsite besuchen<\/li>\n<li>Tauchen Sie ein in die Kunst der <a title=\"Besuchen Sie online die Kunstgalerie der zeitgen\u00f6ssischen K\u00fcnstlerin Ursula Altenbach\" href=\"https:\/\/www.ursulaaltenbach.net\" target=\"_blank\" rel=\"noopener\">zeitgen\u00f6ssischen K\u00fcnstlerin Ursula Altenbach<\/a>, alias <a title=\"Biko: Entdecken Sie online die Schweizer K\u00fcnstlerin Ursula Altenbach\" href=\"https:\/\/www.ursulaaltenbach.net\/ursula-altenbach-contemporary-artist\/\" target=\"_blank\" rel=\"noopener\">Biko<\/a>, indem Sie ihre K\u00fcnstler-Website entdecken.<\/li>\n<li>Entdecken Sie die St\u00e4tte des <a title=\"Besuchen Sie online die Kunstgalerie des zeitgen\u00f6ssischen K\u00fcnstlers Giuseppe Bevilacqua\" href=\"https:\/\/www.bevilacquagiuseppe.it\" target=\"_blank\" rel=\"noopener\">zeitgen\u00f6ssischen K\u00fcnstlers Giuseppe Bevilacqua<\/a>: wo alte Techniken und moderne Visionen Traum und Realit\u00e4t verschmelzen<\/li>\n<li>Entdecken Sie die verschiedenen expressiven Techniken des zeitgen\u00f6ssischen <a title=\"Besuchen Sie online die Kunstgalerie des zeitgen\u00f6ssischen K\u00fcnstlers Domenico Carraturo\" href=\"https:\/\/www.domenicocarraturo.it\" target=\"_blank\" rel=\"noopener\">K\u00fcnstlers Domenico Carraturo<\/a>, alias <a title=\"Domcarry_art: Entdecken Sie online den Salerno-K\u00fcnstler Domenico Carraturo\" href=\"https:\/\/www.domenicocarraturo.it\/domenico-carraturo-artista-contemporaneo\/\" target=\"_blank\" rel=\"noopener\">Domcarry_art<\/a>, auf seiner Online-Kunstseite.<\/li>\n<li>Betreten Sie die offizielle Website des zeitgen\u00f6ssischen <a title=\"Besuchen Sie online die Kunstgalerie des zeitgen\u00f6ssischen K\u00fcnstlers Fabrizio Cancelliere\" href=\"https:\/\/www.fabriziocancelliere.com\" target=\"_blank\" rel=\"noopener\">K\u00fcnstlers Fabrizio Cancelliere<\/a> und lassen Sie sich durch seine Werke, Ausstellungen und Malworkshops f\u00fchren.<\/li>\n<li>Besuchen Sie die offizielle Website der zeitgen\u00f6ssischen <a title=\"Besuchen Sie online die Kunstgalerie der zeitgen\u00f6ssischen K\u00fcnstlerin Luana Bottallo, auch bekannt als LuBi.\" href=\"https:\/\/www.luanabottallo-lubi.com\/\" target=\"_blank\" rel=\"noopener\">K\u00fcnstlerin Luana Bottallo (<em>LuBi<\/em>),<\/a> wo jedes Werk zu einem Dialog zwischen K\u00f6rper, Geist und Farbe wird.<\/li>\n<li>Entdecken Sie die verschiedenen expressiven Techniken der zeitgen\u00f6ssischen <a title=\"Besuchen Sie online die Kunstgalerie der zeitgen\u00f6ssischen K\u00fcnstlerin Marilisa Calabretta\" href=\"https:\/\/www.marilisacalabretta.com\">K\u00fcnstlerin Marilisa Calabretta<\/a>, von Traditionen bis zur Sozialkritik, auf ihrer Online-Kunstseite<\/li>\n<li>Besuchen Sie die Website der <a title=\"Besuchen Sie online die Kunstgalerie der zeitgen\u00f6ssischen K\u00fcnstlerin Stefania Turco\" href=\"https:\/\/www.stefaniaturco.com\">zeitgen\u00f6ssischen K\u00fcnstlerin Stefania Turco<\/a> und entdecken, wie Materie, Gef\u00fchl und Natur in der Kunst aufeinandertreffen.<\/li>\n<li>Bewundern Sie das revolution\u00e4re Universum des zeitgen\u00f6ssischen <a title=\"Besuchen Sie online die Kunstgalerie des zeitgen\u00f6ssischen K\u00fcnstlers Filippo Circelli\" href=\"https:\/\/www.filippocircelli.com\">K\u00fcnstlers Filippo Circelli<\/a> auf seiner Online-Seite: ein Dialog zwischen Form und Introspektion.<\/li>\n<\/ol>\n<\/li>\n<\/ol>\n<\/li>\n<\/ol>\n<\/li>\n<\/ol>\n<\/li>\n<\/ol>\n<\/li>\n<\/ol>\n<\/li>\n<\/ol>\n<\/li>\n<\/ol>\n","protected":false},"excerpt":{"rendered":"<p>Bewerben Sie sich online mit einer Website, die ausschlie\u00dflich Ihnen gewidmet ist.<\/p>\n<p><strong>Nach den Erfahrungen<\/strong> der <strong>PitturiAmo-Programmierer<\/strong><strong>, die<\/strong> nur f\u00fcr <strong>die ersten 50 K\u00fcnstler<\/strong> angeboten werden, die sich der Initiative anschlie\u00dfen. <strong>Beeil dich<\/strong>.<\/p>\n","protected":false},"featured_media":7601,"comment_status":"closed","ping_status":"closed","template":"","meta":[],"product_brand":[],"product_cat":[125],"product_tag":[],"class_list":{"0":"post-10036","1":"product","2":"type-product","3":"status-publish","4":"has-post-thumbnail","6":"product_cat-internet","8":"first","9":"instock","10":"featured","11":"sold-individually","12":"purchasable","13":"product-type-variable"},"_links":{"self":[{"href":"https:\/\/www.pitturiamo.shop\/de\/wp-json\/wp\/v2\/product\/10036","targetHints":{"allow":["GET"]}}],"collection":[{"href":"https:\/\/www.pitturiamo.shop\/de\/wp-json\/wp\/v2\/product"}],"about":[{"href":"https:\/\/www.pitturiamo.shop\/de\/wp-json\/wp\/v2\/types\/product"}],"replies":[{"embeddable":true,"href":"https:\/\/www.pitturiamo.shop\/de\/wp-json\/wp\/v2\/comments?post=10036"}],"wp:featuredmedia":[{"embeddable":true,"href":"https:\/\/www.pitturiamo.shop\/de\/wp-json\/wp\/v2\/media\/7601"}],"wp:attachment":[{"href":"https:\/\/www.pitturiamo.shop\/de\/wp-json\/wp\/v2\/media?parent=10036"}],"wp:term":[{"taxonomy":"product_brand","embeddable":true,"href":"https:\/\/www.pitturiamo.shop\/de\/wp-json\/wp\/v2\/product_brand?post=10036"},{"taxonomy":"product_cat","embeddable":true,"href":"https:\/\/www.pitturiamo.shop\/de\/wp-json\/wp\/v2\/product_cat?post=10036"},{"taxonomy":"product_tag","embeddable":true,"href":"https:\/\/www.pitturiamo.shop\/de\/wp-json\/wp\/v2\/product_tag?post=10036"}],"curies":[{"name":"wp","href":"https:\/\/api.w.org\/{rel}","templated":true}]}}