{"id":10027,"date":"2019-06-26T10:55:00","date_gmt":"2019-06-26T10:55:00","guid":{"rendered":"https:\/\/www.pitturiamo.shop\/promozione-artista\/unkategorisiert\/pitturiamo-interviews\/"},"modified":"2019-06-26T10:55:00","modified_gmt":"2019-06-26T08:55:00","slug":"pitturiamo-interviews","status":"publish","type":"product","link":"https:\/\/www.pitturiamo.shop\/de\/promozione-artista\/ausstellungen-messen-veranstaltungen\/pitturiamo-interviews\/","title":{"rendered":"PitturiAmo-Interviews"},"content":{"rendered":"<h3 style=\"text-align: center;\"><strong>Haben Sie Schwierigkeiten, den Wert Ihrer Kunst zu vermitteln?<\/strong><\/h3>\n<h1 style=\"text-align: center;\">&#8220;<strong>DIE K\u00dcNSTLER ERZ\u00c4HLEN IHRE GESCHICHTEN&#8221; Die<\/strong><br \/>\n <strong>Interviews von PitturiAmo<\/strong><\/h1>\n<p>Man muss ein vorbereitetes und aufmerksames Quadrat finden, das seine k\u00fcnstlerische Leistung erfassen kann, aber oft merkt man, dass die Qualit\u00e4t der eigenen Arbeit nicht verstanden wird.<\/p>\n<p>Es gibt einen einfachen Weg, dieses Problem zu \u00fcberwinden: Erkl\u00e4ren Sie in Ihren eigenen Worten, wer Sie sind, was Sie tun, wie Sie es tun und warum Sie es tun.<\/p>\n<h3>Mit dem Projekt &#8220;<strong><em>K\u00fcnstler erz\u00e4hlen ihre Geschichten \u2013 PitturiAmo-Interviews<\/em><\/strong>&#8221; k\u00f6nnen Sie Ihr Ziel ganz einfach erreichen:<\/h3>\n<ul>\n<li><strong>Online-Interviews <\/strong>, das Sie nach Ihren Bed\u00fcrfnissen f\u00fchren k\u00f6nnen, wenn es Ihnen am besten passt und zu dem Zeitpunkt, den Sie f\u00fcr am passendsten halten. So k\u00f6nnen Sie die gestellten Fragen mit Gelassenheit beantworten, ohne die Peinlichkeit eines echten Live-Interviews. Du hast den richtigen Raum, um zu kl\u00e4ren, wer du bist und was du tust;  <\/li>\n<li>Sie k\u00f6nnen die Fragen w\u00e4hlen, die Sie f\u00fcr am passendsten halten. So k\u00f6nnen Sie <strong>das Interview auf die <\/strong>Ihnen wichtigsten Themen richten, um Ihre Botschaft so effektiv wie m\u00f6glich zu vermitteln; <\/li>\n<li>Das Interview wird ver\u00f6ffentlicht:\n<ul>\n<li>Im <strong>Art-Now Magazin<\/strong>, der Kunstzeitschrift unter der Leitung von Sandro Serradifalco mit einer Auflage von 5000 Exemplaren;<\/li>\n<li><strong>online im PitturiAmo Magazine<\/strong>, in einem speziellen Bereich f\u00fcr zeitgen\u00f6ssische K\u00fcnstler;<\/li>\n<li>auf der <strong>Facebook-Seite PitturiAmo<\/strong> , die derzeit \u00fcber 24.000 Mitglieder hat.<\/li>\n<\/ul>\n<\/li>\n<li>Sie erhalten <strong>zwei Papierexemplare des Art-Now-Magazins<\/strong> zu Hause, damit Sie Ihre Pr\u00e4senz im Magazin Ihren Bewunderern zeigen und Ihr Interview leicht lesen k\u00f6nnen;<\/li>\n<li>Sie erhalten per E-Mail <strong>die Datei der<\/strong> Seiten, die Ihr Interview betreffen, im PDF-Format mit einem hochaufl\u00f6senden professionellen Layout von PitturiAmo, das Sie in Ihrer vertrauensw\u00fcrdigen Druckerei <strong>ausdrucken k\u00f6nnen<\/strong> . So k\u00f6nnen Sie Ihr Interview w\u00e4hrend Ihrer Veranstaltungen an Ihre Bewunderer weitergeben. Eine einfache, direkte und kosteng\u00fcnstige M\u00f6glichkeit, allen zu erkl\u00e4ren, wer man ist.  <\/li>\n<\/ul>\n<h2><strong>PitturiAmo-Interviews \u2013 Hier ist ein Beispiel<\/strong><\/h2>\n<p>Wie das Werk dargestellt ist, k\u00f6nnen Sie sehen, indem Sie <strong>das Interview mit Alys Melcon herunterladen und lesen<\/strong>, einer sizilianischen K\u00fcnstlerin, die dieses Medium bereits gew\u00e4hlt hat, um ihre Kunst zu vermitteln:   <strong><a href=\"https:\/\/www.pitturiamo.eu\/wp-content\/uploads\/Alys-Melcon-LR.pdf\" target=\"_blank\" rel=\"noopener noreferrer\">Lesen Sie das Interview mit Alys Melcon<\/a><\/strong><\/p>\n","protected":false},"excerpt":{"rendered":"<p>Vermittle deine Kunst, indem du erz\u00e4hlst, wer du bist und wie du dich ausdr\u00fcckst.<\/p>\n<p>Buchen Sie diese Aktion jetzt, um einen p\u00fcnktlichen <strong>Service<\/strong> auf Kosten <strong>des Angebots zu gew\u00e4hrleisten.<\/strong><\/p>\n","protected":false},"featured_media":7600,"comment_status":"open","ping_status":"closed","template":"","meta":[],"product_brand":[],"product_cat":[139],"product_tag":[],"class_list":{"0":"post-10027","1":"product","2":"type-product","3":"status-publish","4":"has-post-thumbnail","6":"product_cat-ausstellungen-messen-veranstaltungen","8":"first","9":"instock","10":"sale","11":"virtual","12":"purchasable","13":"product-type-simple"},"_links":{"self":[{"href":"https:\/\/www.pitturiamo.shop\/de\/wp-json\/wp\/v2\/product\/10027","targetHints":{"allow":["GET"]}}],"collection":[{"href":"https:\/\/www.pitturiamo.shop\/de\/wp-json\/wp\/v2\/product"}],"about":[{"href":"https:\/\/www.pitturiamo.shop\/de\/wp-json\/wp\/v2\/types\/product"}],"replies":[{"embeddable":true,"href":"https:\/\/www.pitturiamo.shop\/de\/wp-json\/wp\/v2\/comments?post=10027"}],"wp:featuredmedia":[{"embeddable":true,"href":"https:\/\/www.pitturiamo.shop\/de\/wp-json\/wp\/v2\/media\/7600"}],"wp:attachment":[{"href":"https:\/\/www.pitturiamo.shop\/de\/wp-json\/wp\/v2\/media?parent=10027"}],"wp:term":[{"taxonomy":"product_brand","embeddable":true,"href":"https:\/\/www.pitturiamo.shop\/de\/wp-json\/wp\/v2\/product_brand?post=10027"},{"taxonomy":"product_cat","embeddable":true,"href":"https:\/\/www.pitturiamo.shop\/de\/wp-json\/wp\/v2\/product_cat?post=10027"},{"taxonomy":"product_tag","embeddable":true,"href":"https:\/\/www.pitturiamo.shop\/de\/wp-json\/wp\/v2\/product_tag?post=10027"}],"curies":[{"name":"wp","href":"https:\/\/api.w.org\/{rel}","templated":true}]}}