{"id":10026,"date":"2023-04-13T10:29:10","date_gmt":"2023-04-13T08:29:10","guid":{"rendered":"https:\/\/www.pitturiamo.shop\/promozione-artista\/unkategorisiert\/espostiamo\/"},"modified":"2023-04-13T10:29:10","modified_gmt":"2023-04-13T08:29:10","slug":"espostiamo","status":"publish","type":"product","link":"https:\/\/www.pitturiamo.shop\/de\/promozione-artista\/internet\/espostiamo\/","title":{"rendered":"EspostiAmo"},"content":{"rendered":"<p>Stellen Sie Ihre Werke in der <strong>Galerie<\/strong> aus, im Zentrum der wichtigsten italienischen St\u00e4dte und im Internet, ganz oben auf <strong>Google<\/strong>.<\/p>\n<p><strong>Hier ist, was EspostiAmo bietet:<\/strong><\/p>\n<ul>\n<li>Deine Kunst in <strong>EINER<\/strong> Galerie zu sehen (noch zu vereinbaren):<\/li>\n<li><strong>All deine Arbeiten, ganz oben bei Google,<\/strong> ein ganzes Jahr lang. Sichtbarkeit in der wichtigsten Suchmaschine der Welt zu haben; <\/li>\n<li> <strong> 5 deiner Werke wurden<\/strong> ein ganzes Jahr lang auf PitturiAmo vorgestellt. Sichtbarkeit im gr\u00f6\u00dften Netzwerk f\u00fcr zeitgen\u00f6ssische Maler zu gewinnen; <\/li>\n<li><strong>5 Gem\u00e4lde zum Direktverkauf<\/strong> (mit einem Klick erh\u00e4ltlich) auf PitturiAmo f\u00fcr 365 Tage mit <strong>Verkaufsunterst\u00fctzung<\/strong>. Weitere konkrete Verkaufsm\u00f6glichkeiten zu schaffen; <\/li>\n<li><strong>Anwesenheitsbescheinigung<\/strong> in hochaufl\u00f6sender PDF-Datei mit kritischer Anmerkung. Damit ein Preis gedruckt und in Ihrem Atelier ausgestellt wird; <\/li>\n<li>Ihr Name steht auf dem <strong>Online-Poster<\/strong> , das eine Woche lang auf der Hauptseite von PitturiAmo ver\u00f6ffentlicht wird, das t\u00e4glich \u00fcber 2500 Besucher hat. F\u00fcr eine weitere Chance auf internationale Sichtbarkeit; <\/li>\n<li>Das <strong>Leitartikel<\/strong>, das der Ausstellung gewidmet ist, mit Ihrem Namen und Link zu Ihrer Online-Galerie (pers\u00f6nliche Website, Profil auf PitturiAmo, Facebook-Seite usw.). F\u00fcr eine scharfsinnige Marketingaktion im Internet; <\/li>\n<li>Die Promotion auf <strong>PitturiAmos<\/strong> <strong>Facebook<\/strong>&#8211; und Instagram-Seite und -Gruppe (\u00fcber 30.000 Fans). Um gro\u00dfe Sichtbarkeit in den wichtigsten sozialen Netzwerken zu erlangen. <\/li>\n<\/ul>\n","protected":false},"excerpt":{"rendered":"<p><strong>Willst du deine Kunst bei 360\u00b0 bekannt machen?<\/strong><\/p>\n<p>Nehmen Sie am <strong>echten<\/strong> und virtuellen Ausstellungsprogramm teil<strong>,<\/strong> um <strong>Ihre Gem\u00e4lde zu verkaufen, <\/strong>was Sie dazu bringt, in den Galerien der <strong>wichtigsten italienischen St\u00e4dte<\/strong> auszustellen.<\/p>\n","protected":false},"featured_media":7783,"comment_status":"open","ping_status":"closed","template":"","meta":[],"product_brand":[],"product_cat":[125],"product_tag":[],"class_list":{"0":"post-10026","1":"product","2":"type-product","3":"status-publish","4":"has-post-thumbnail","6":"product_cat-internet","8":"first","9":"instock","10":"featured","11":"virtual","12":"sold-individually","13":"purchasable","14":"product-type-simple"},"_links":{"self":[{"href":"https:\/\/www.pitturiamo.shop\/de\/wp-json\/wp\/v2\/product\/10026","targetHints":{"allow":["GET"]}}],"collection":[{"href":"https:\/\/www.pitturiamo.shop\/de\/wp-json\/wp\/v2\/product"}],"about":[{"href":"https:\/\/www.pitturiamo.shop\/de\/wp-json\/wp\/v2\/types\/product"}],"replies":[{"embeddable":true,"href":"https:\/\/www.pitturiamo.shop\/de\/wp-json\/wp\/v2\/comments?post=10026"}],"wp:featuredmedia":[{"embeddable":true,"href":"https:\/\/www.pitturiamo.shop\/de\/wp-json\/wp\/v2\/media\/7783"}],"wp:attachment":[{"href":"https:\/\/www.pitturiamo.shop\/de\/wp-json\/wp\/v2\/media?parent=10026"}],"wp:term":[{"taxonomy":"product_brand","embeddable":true,"href":"https:\/\/www.pitturiamo.shop\/de\/wp-json\/wp\/v2\/product_brand?post=10026"},{"taxonomy":"product_cat","embeddable":true,"href":"https:\/\/www.pitturiamo.shop\/de\/wp-json\/wp\/v2\/product_cat?post=10026"},{"taxonomy":"product_tag","embeddable":true,"href":"https:\/\/www.pitturiamo.shop\/de\/wp-json\/wp\/v2\/product_tag?post=10026"}],"curies":[{"name":"wp","href":"https:\/\/api.w.org\/{rel}","templated":true}]}}