{"id":10017,"date":"2023-01-19T18:12:45","date_gmt":"2023-01-19T17:12:45","guid":{"rendered":"https:\/\/www.pitturiamo.shop\/promozione-artista\/unkategorisiert\/sozialkuenstler\/"},"modified":"2023-01-19T18:12:45","modified_gmt":"2023-01-19T17:12:45","slug":"sozialkuenstler","status":"publish","type":"product","link":"https:\/\/www.pitturiamo.shop\/de\/promozione-artista\/internet\/sozialkuenstler\/","title":{"rendered":"Sozialk\u00fcnstler"},"content":{"rendered":"<p style=\"text-align: left;\">Wenn die <strong>Aufrufzahlen<\/strong> Ihrer Social-Media-Profile niedrig sind oder Sie nicht einmal wissen, wie man die richtigen Inhalte erstellt, ist alles, was Sie ver\u00f6ffentlichen, umsonst, weil es nicht<strong> richtig pr\u00e4sentiert<\/strong> wird und der Verkauf oder die Bekanntmachung sicherlich schwieriger wird.<\/p>\n<p style=\"text-align: left;\">Wir bauen Ihre Profile (<strong>Facebook und<\/strong> <strong>Instagram<\/strong>) um Ihr Image als K\u00fcnstler herum und pr\u00e4sentieren Ihre k\u00fcnstlerische Produktion bestm\u00f6glich, damit Ihre Follower (Follower) und Ihre Aufrufe steigen und Sie <strong>mehr Popularit\u00e4t<\/strong> und bessere Verkaufschancen haben.<\/p>\n<p style=\"text-align: left;\">Heute ist es unerl\u00e4sslich, eine <strong>konstante und organisierte Pr\u00e4senz<\/strong> in den wichtigsten sozialen Netzwerken zu haben.<\/p>\n<p style=\"text-align: left;\">Die Promotion Ihrer Werke auf <strong>Facebook<\/strong>, <strong>Instagram<\/strong> und anderen sozialen Netzwerken hilft Ihnen, Ihre Pr\u00e4senz im Web zu st\u00e4rken, um als K\u00fcnstler bekannter und wertgesch\u00e4tzter zu werden.<\/p>\n<p style=\"text-align: left;\">Mit einem <strong>g\u00fcnstigen Jahresabonnement<\/strong> k\u00f6nnen Sie ruhig schlafen, in dem Wissen, dass Ihr Image als K\u00fcnstler einem Team von Fachleuten anvertraut wird, das sich um alles k\u00fcmmert.<\/p>\n<p style=\"text-align: left;\"><strong>So kannst du dich darauf konzentrieren, nur das zu tun, was dir am meisten gef\u00e4llt und wie du es am besten kannst: deine eigene Kunst zu erschaffen!<\/strong><\/p>\n<h2>Wir bauen Ihr Image als<strong> Social Artist in<\/strong> <strong style=\"font-size: 1em;\">3<\/strong> einfachen Schritten auf:<\/h2>\n<p><span style=\"font-size: 2em; color: #9e2362;\">1<\/span> Mit Artista Social erhalten Sie mehr Sichtbarkeit auf <strong>Facebook<\/strong> und <strong>Instagram<\/strong> durch spezielle und differenzierte Beitr\u00e4ge f\u00fcr jede Seite sowie durch die Erstellung von Inhalten f\u00fcr <strong>Stories<\/strong>. Deine Beitr\u00e4ge werden dann auf <strong>den Social-Media-Kan\u00e4len von PitturiAmo<\/strong> geteilt, die Tausende aktive Fans haben.<\/p>\n<p><span style=\"font-size: 2em; color: #9e2362;\">2<\/span> Wir k\u00fcmmern uns darum, die von Ihnen bereitgestellten <strong>Bilder und Videos zu \u00fcberarbeiten<\/strong> , um eine ernsthafte und fesselnde Kommunikation zu schaffen. Alle Publikationen folgen einem genauen <strong>redaktionellen Plan<\/strong> , auf den wir uns gemeinsam einigen, und alle drei Monate erhalten Sie einen ausf\u00fchrlichen Bericht \u00fcber den Fortschritt der Kommunikation. <\/p>\n<p><span style=\"font-size: 2em; color: #9e2362;\">3<\/span> Wir werden die Kan\u00e4le von PitturiAmo (die bereits mehrere <strong>Zehntausende<\/strong> Fans haben) nutzen, um <strong>eure Kommunikation weiter auszubauen<\/strong>. Das Ziel wird sein, deine <strong>Fangemeinde<\/strong> schrittweise <strong>zu vergr\u00f6\u00dfern<\/strong>, damit st\u00e4ndig Leute \u00fcber dich und deine Kunst sprechen. <\/p>\n<div align=\"center\">\n<p><span style=\"font-size: 2em; color: #9e2362;\">KOSTENLOS<\/span><\/p>\n<\/div>\n<p>Und wenn Sie sich entscheiden, den <strong>Google My Business-Eintrag<\/strong> als einmaliges Geschenk zu bezahlen.<br \/>\nEin grundlegendes Werkzeug, um Ihre Pr\u00e4senz bei <strong>Google<\/strong> f\u00fcr bestimmte Suchanfragen mit Vor <strong>&#8211; und Nachnamen <\/strong> zu best\u00e4tigen.Ein <strong>Geschenk<\/strong> mit einem wirtschaftlichen Wert von <strong>150,00 \u20ac<\/strong>.<\/p>\n","protected":false},"excerpt":{"rendered":"<p style=\"text-align: left;\"><strong>Er wurde ein anerkannter und gesch\u00e4tzter K\u00fcnstler in den gro\u00dfen sozialen Netzwerken.<\/strong><br \/>\nArtista Social ist die L\u00f6sung, um soziale Kan\u00e4le <strong>professionell zu nutzen<\/strong> und neue Kontakte zu gewinnen, um Ihre Kunst zu f\u00f6rdern und Ihre Gem\u00e4lde zu verkaufen. Ohne verr\u00fcckt zu werden, neue und originelle Inhalte zu schaffen. <\/p>\n","protected":false},"featured_media":7979,"comment_status":"closed","ping_status":"closed","template":"","meta":[],"product_brand":[],"product_cat":[125],"product_tag":[],"class_list":{"0":"post-10017","1":"product","2":"type-product","3":"status-publish","4":"has-post-thumbnail","6":"product_cat-internet","8":"first","9":"instock","10":"sold-individually","11":"purchasable","12":"product-type-variable"},"_links":{"self":[{"href":"https:\/\/www.pitturiamo.shop\/de\/wp-json\/wp\/v2\/product\/10017","targetHints":{"allow":["GET"]}}],"collection":[{"href":"https:\/\/www.pitturiamo.shop\/de\/wp-json\/wp\/v2\/product"}],"about":[{"href":"https:\/\/www.pitturiamo.shop\/de\/wp-json\/wp\/v2\/types\/product"}],"replies":[{"embeddable":true,"href":"https:\/\/www.pitturiamo.shop\/de\/wp-json\/wp\/v2\/comments?post=10017"}],"wp:featuredmedia":[{"embeddable":true,"href":"https:\/\/www.pitturiamo.shop\/de\/wp-json\/wp\/v2\/media\/7979"}],"wp:attachment":[{"href":"https:\/\/www.pitturiamo.shop\/de\/wp-json\/wp\/v2\/media?parent=10017"}],"wp:term":[{"taxonomy":"product_brand","embeddable":true,"href":"https:\/\/www.pitturiamo.shop\/de\/wp-json\/wp\/v2\/product_brand?post=10017"},{"taxonomy":"product_cat","embeddable":true,"href":"https:\/\/www.pitturiamo.shop\/de\/wp-json\/wp\/v2\/product_cat?post=10017"},{"taxonomy":"product_tag","embeddable":true,"href":"https:\/\/www.pitturiamo.shop\/de\/wp-json\/wp\/v2\/product_tag?post=10017"}],"curies":[{"name":"wp","href":"https:\/\/api.w.org\/{rel}","templated":true}]}}