{"id":9432,"date":"2017-01-05T18:07:02","date_gmt":"2017-01-05T17:07:02","guid":{"rendered":"https:\/\/www.pitturiamo.shop\/erfahren-sie-wie-sie-sich-online-und-persoenlich-bewerben-und-sich-bekannt-machen-koennen-startseite\/"},"modified":"2026-03-05T15:08:28","modified_gmt":"2026-03-05T14:08:28","slug":"erfahren-sie-wie-sie-sich-online-und-persoenlich-bewerben-und-sich-bekannt-machen-koennen-startseite","status":"publish","type":"page","link":"https:\/\/www.pitturiamo.shop\/de\/","title":{"rendered":"Erfahren Sie, wie Sie sich online und pers\u00f6nlich bewerben und sich bekannt machen k\u00f6nnen \u2013 Startseite"},"content":{"rendered":"<p>[et_pb_section admin_label=&#8221;section&#8221; fullwidth=&#8221;on&#8221; specialty=&#8221;off&#8221; background_color=&#8221;#b2ede0&#8243; inner_shadow=&#8221;off&#8221; parallax=&#8221;off&#8221;][et_pb_fullwidth_slider admin_label=&#8221;Fullwidth Slider&#8221; show_arrows=&#8221;on&#8221; show_pagination=&#8221;off&#8221; auto=&#8221;on&#8221; parallax=&#8221;off&#8221; auto_speed=&#8221;10000&#8243; auto_ignore_hover=&#8221;off&#8221; parallax_method=&#8221;off&#8221; remove_inner_shadow=&#8221;off&#8221; background_position=&#8221;default&#8221; background_size=&#8221;default&#8221; hide_content_on_mobile=&#8221;off&#8221; hide_cta_on_mobile=&#8221;off&#8221; show_image_video_mobile=&#8221;on&#8221; custom_button=&#8221;off&#8221; button_letter_spacing=&#8221;0&#8243; button_use_icon=&#8221;default&#8221; button_icon_placement=&#8221;right&#8221; button_on_hover=&#8221;on&#8221; button_letter_spacing_hover=&#8221;0&#8243; body_font_size=&#8221;14&#8243; body_line_height=&#8221;1.3em&#8221; header_line_height=&#8221;1.3em&#8221;]<\/p>\n<p>[et_pb_slide background_position=&#8221;center&#8221; background_size=&#8221;default&#8221; background_color=&#8221;#ffffff&#8221; use_bg_overlay=&#8221;off&#8221; use_text_overlay=&#8221;on&#8221; alignment=&#8221;center&#8221; background_layout=&#8221;dark&#8221; allow_player_pause=&#8221;off&#8221; text_border_radius=&#8221;3&#8243; header_font_select=&#8221;default&#8221; header_font=&#8221;||||&#8221; body_font_select=&#8221;default&#8221; body_font=&#8221;||||&#8221; custom_button=&#8221;off&#8221; button_font_select=&#8221;default&#8221; button_font=&#8221;||||&#8221; button_use_icon=&#8221;default&#8221; button_icon_placement=&#8221;right&#8221; button_on_hover=&#8221;on&#8221; background_image=&#8221;https:\/\/www.pitturiamo.shop\/wp-content\/uploads\/laghetto-di-montagna-mario-salvo.jpg&#8221; button_text=&#8221;Jetzt buchen&#8221; button_link=&#8221;https:\/\/www.pitturiamo.shop\/promozione-artista\/mostre-fiere-eventi\/le-interviste-di-pitturiamo\/&#8221; heading=&#8221;PitturiAmo-Interviews&#8221; image=&#8221;https:\/\/www.pitturiamo.shop\/wp-content\/uploads\/Slider-Intervista-ragazza-small.jpg&#8221; body_font_size=&#8221;22&#8243; body_font_size_tablet=&#8221;22&#8243; body_font_size_phone=&#8221;22&#8243;]<\/p>\n<p><strong>Haben Sie Schwierigkeiten, den Wert Ihrer Kunst zu vermitteln?<\/strong><\/p>\n<p>Vermittle deine Kunst, indem du erz\u00e4hlst, wer du bist und wie du dich ausdr\u00fcckst.<\/p>\n<p>[\/et_pb_slide][et_pb_slide background_position=&#8221;center&#8221; background_size=&#8221;default&#8221; background_color=&#8221;#ffffff&#8221; use_bg_overlay=&#8221;off&#8221; use_text_overlay=&#8221;on&#8221; alignment=&#8221;center&#8221; background_layout=&#8221;dark&#8221; allow_player_pause=&#8221;off&#8221; text_border_radius=&#8221;3&#8243; header_font_select=&#8221;default&#8221; header_font=&#8221;||||&#8221; body_font_select=&#8221;default&#8221; body_font=&#8221;||||&#8221; custom_button=&#8221;off&#8221; button_font_select=&#8221;default&#8221; button_font=&#8221;||||&#8221; button_use_icon=&#8221;default&#8221; button_icon_placement=&#8221;right&#8221; button_on_hover=&#8221;on&#8221; background_image=&#8221;https:\/\/www.pitturiamo.shop\/wp-content\/uploads\/laghetto-di-montagna-mario-salvo.jpg&#8221; button_text=&#8221;Bewerben Sie sich jetzt&#8221; button_link=&#8221;https:\/\/www.pitturiamo.shop\/promozione-artista\/internet\/sito-web-dartista\/&#8221; heading=&#8221;Website des K\u00fcnstlers&#8221; image=&#8221;https:\/\/www.pitturiamo.shop\/wp-content\/uploads\/artista-sito-web-creare.jpg&#8221; body_font_size=&#8221;22&#8243; body_font_size_tablet=&#8221;22&#8243; body_font_size_phone=&#8221;22&#8243;]<\/p>\n<p>Werben Sie Ihre Kunst mit <strong>einer Website, die vollst\u00e4ndig Ihnen gewidmet<\/strong> ist, stets erreichbar ist und in engem Kontakt zu <strong>PitturiAmos Webkan\u00e4len<\/strong> steht, um all ihre St\u00e4rke zu nutzen.<\/p>\n<p>[\/et_pb_slide][et_pb_slide heading=&#8221;J\u00e4hrliche Verwaltung Ihres Profils&#8221; button_text=&#8221;Erfahren Sie mehr&#8221; button_link=&#8221;https:\/\/www.pitturiamo.shop\/de\/promozione-artista\/pitturiamo\/profilverwaltung-auf-pitturiamo\/&#8221; background_position=&#8221;default&#8221; background_size=&#8221;default&#8221; background_color=&#8221;#ffffff&#8221; image=&#8221;https:\/\/www.pitturiamo.shop\/wp-content\/uploads\/gestione_profilo_artisti.jpg&#8221; use_bg_overlay=&#8221;off&#8221; use_text_overlay=&#8221;on&#8221; alignment=&#8221;center&#8221; image_alt=&#8221;PitturiAmo hilft dir, dein Profil zu verwalten&#8221; background_layout=&#8221;dark&#8221; allow_player_pause=&#8221;off&#8221; text_border_radius=&#8221;3&#8243; header_font_select=&#8221;default&#8221; header_font=&#8221;||||&#8221; body_font_select=&#8221;default&#8221; body_font=&#8221;||||&#8221; custom_button=&#8221;off&#8221; button_font_select=&#8221;default&#8221; button_font=&#8221;||||&#8221; button_use_icon=&#8221;default&#8221; button_icon_placement=&#8221;right&#8221; button_on_hover=&#8221;on&#8221; background_image=&#8221;https:\/\/www.pitturiamo.shop\/wp-content\/uploads\/inquietudini-72213.jpg&#8221; body_font_size=&#8221;22&#8243; body_font_size_tablet=&#8221;22&#8243; body_font_size_phone=&#8221;22&#8243;]<\/p>\n<p>Mit einem <strong>kleinen Jahresabonnement<\/strong> k\u00f6nnen Sie alle technischen Probleme, die mit Ihrer Pr\u00e4senz auf PitturiAmo zusammenh\u00e4ngen, an unsere Redaktion delegieren.<\/p>\n<p>[\/et_pb_slide][et_pb_slide heading=&#8221;Brosch\u00fcre&#8221; button_text=&#8221;Design und Druck&#8221; button_link=&#8221;https:\/\/www.pitturiamo.shop\/de\/promozione-artista\/ausstellungen-messen-veranstaltungen\/kuenstlerbroschueren\/&#8221; background_image=&#8221;https:\/\/www.pitturiamo.shop\/wp-content\/uploads\/laranceto.jpg&#8221; background_position=&#8221;default&#8221; background_size=&#8221;default&#8221; background_color=&#8221;#ffffff&#8221; image=&#8221;https:\/\/www.pitturiamo.shop\/wp-content\/uploads\/brochure-3-ante-1.png&#8221; use_bg_overlay=&#8221;off&#8221; use_text_overlay=&#8221;on&#8221; alignment=&#8221;center&#8221; background_layout=&#8221;dark&#8221; allow_player_pause=&#8221;off&#8221; text_border_radius=&#8221;3&#8243; header_font_select=&#8221;default&#8221; header_font=&#8221;||||&#8221; body_font_select=&#8221;default&#8221; body_font=&#8221;||||&#8221; custom_button=&#8221;off&#8221; button_font_select=&#8221;default&#8221; button_font=&#8221;||||&#8221; button_use_icon=&#8221;default&#8221; button_icon_placement=&#8221;right&#8221; button_on_hover=&#8221;on&#8221; image_alt=&#8221;Design und Druck von 3-t\u00fcrigen Brosch\u00fcren f\u00fcr K\u00fcnstler&#8221; body_font_size=&#8221;22&#8243; body_font_size_tablet=&#8221;22&#8243; body_font_size_phone=&#8221;22&#8243; body_font_size_last_edited=&#8221;on|desktop&#8221;]<\/p>\n<p>F\u00f6rdern Sie Ihre Kunst auf Ausstellungen, Messen und Kunstveranstaltungen und hinterlassen Sie Ihren Bewunderern eine Erinnerung an Ihre Werke. Dreifache Brosch\u00fcre, A4-Format, komplett anpassbar. Du kaufst den Service und PitturiAmo stellt ihn f\u00fcr dich her.<\/p>\n<p>[\/et_pb_slide]<\/p>\n<p>[\/et_pb_fullwidth_slider][\/et_pb_section][et_pb_section admin_label=&#8221;section&#8221; fullwidth=&#8221;off&#8221; specialty=&#8221;off&#8221; background_color=&#8221;#9e2362&#8243; inner_shadow=&#8221;off&#8221; parallax=&#8221;off&#8221; transparent_background=&#8221;off&#8221; allow_player_pause=&#8221;off&#8221; parallax_method=&#8221;off&#8221; make_fullwidth=&#8221;off&#8221; use_custom_width=&#8221;off&#8221; width_unit=&#8221;on&#8221; make_equal=&#8221;off&#8221; use_custom_gutter=&#8221;off&#8221; custom_padding=&#8221;0px||0px|&#8221;][et_pb_row admin_label=&#8221;Ruder&#8221;][et_pb_column type=&#8221;4_4&#8243;][et_pb_cta admin_label=&#8221;Aufruf zum Handeln&#8221; background_color=&#8221;#2caaca&#8221; use_background_color=&#8221;off&#8221; background_layout=&#8221;dark&#8221; text_orientation=&#8221;center&#8221; url_new_window=&#8221;off&#8221; use_border_color=&#8221;off&#8221; border_color=&#8221;#ffffff&#8221; border_style=&#8221;solid&#8221; custom_button=&#8221;off&#8221; button_letter_spacing=&#8221;0&#8243; button_use_icon=&#8221;default&#8221; button_icon_placement=&#8221;right&#8221; button_on_hover=&#8221;on&#8221; button_letter_spacing_hover=&#8221;0&#8243;]<\/p>\n<h1 style=\"text-align: center;\">Bewerben <strong>Sie Ihre Kunst<\/strong> und Ihre <strong>Kunstveranstaltungen<\/strong><br \/>\nauf PitturiAmo, im Internet und live<\/h1>\n<p style=\"text-align: center;\">Entdecken Sie alle Werkzeuge, um sich selbst zu bewerben und sowohl auf PitturiAmo als auch auf allen anderen Online- und Offline-Kan\u00e4len sichtbar zu sein.<\/p>\n<p>[\/et_pb_cta][\/et_pb_column][\/et_pb_row][\/et_pb_section][et_pb_section admin_label=&#8221;Sezione&#8221; fullwidth=&#8221;off&#8221; specialty=&#8221;off&#8221; transparent_background=&#8221;off&#8221; allow_player_pause=&#8221;off&#8221; inner_shadow=&#8221;off&#8221; parallax=&#8221;off&#8221; parallax_method=&#8221;off&#8221; custom_padding=&#8221;0px||0px|&#8221; make_fullwidth=&#8221;off&#8221; use_custom_width=&#8221;off&#8221; width_unit=&#8221;on&#8221; make_equal=&#8221;off&#8221; use_custom_gutter=&#8221;off&#8221;][et_pb_row admin_label=&#8221;Riga&#8221; make_fullwidth=&#8221;off&#8221; use_custom_width=&#8221;off&#8221; width_unit=&#8221;on&#8221; use_custom_gutter=&#8221;off&#8221; allow_player_pause=&#8221;off&#8221; parallax=&#8221;off&#8221; parallax_method=&#8221;off&#8221; make_equal=&#8221;off&#8221; parallax_1=&#8221;off&#8221; parallax_method_1=&#8221;off&#8221; custom_padding=&#8221;||0px|&#8221;][et_pb_column type=&#8221;4_4&#8243;][et_pb_text admin_label=&#8221;Testo&#8221; background_layout=&#8221;light&#8221; text_orientation=&#8221;left&#8221; use_border_color=&#8221;off&#8221; border_color=&#8221;#ffffff&#8221; border_style=&#8221;solid&#8221;]<\/p>\n<h2 style=\"text-align: center;\">Die vorgestellten Dienstleistungen von PitturiAmo<\/h2>\n<p>[\/et_pb_text][et_pb_shop admin_label=&#8221;Prodotti in Evidenza&#8221; type=&#8221;featured&#8221; posts_number=&#8221;5&#8243; columns_number=&#8221;5&#8243; orderby=&#8221;date&#8221; title_font_size=&#8221;14&#8243;]<\/p>\n<p>[\/et_pb_shop][\/et_pb_column][\/et_pb_row][\/et_pb_section][et_pb_section admin_label=&#8221;Sezione&#8221; fullwidth=&#8221;on&#8221; specialty=&#8221;off&#8221; transparent_background=&#8221;off&#8221; allow_player_pause=&#8221;off&#8221; inner_shadow=&#8221;off&#8221; parallax=&#8221;off&#8221; parallax_method=&#8221;off&#8221; disabled=&#8221;on&#8221; disabled_on=&#8221;on|on|on&#8221; make_fullwidth=&#8221;off&#8221; use_custom_width=&#8221;off&#8221; width_unit=&#8221;on&#8221; make_equal=&#8221;off&#8221; use_custom_gutter=&#8221;off&#8221;][et_pb_fullwidth_image admin_label=&#8221;Promo&#8221; src=&#8221;http:\/\/www.pitturiamo.shop\/wp-content\/uploads\/promo-profilo-pitturiamo-shop.jpg&#8221; alt=&#8221;Nutzen Sie die Startaktion. 30 % Rabatt auf den j\u00e4hrlichen Profilverwaltungsservice bei PitturiAmo mit dem Promo-Code promoassistenza30 &#8221; title_text=&#8221;Jahresprofil des Promo-Managements -30 %&#8221; show_in_lightbox=&#8221;off&#8221; url=&#8221;http:\/\/www.pitturiamo.shop\/promozione-artista\/pitturiamo\/gestione-profilo-artista\/&#8221; url_new_window=&#8221;off&#8221; use_overlay=&#8221;off&#8221; animation=&#8221;top&#8221; use_border_color=&#8221;off&#8221; border_color=&#8221;#ffffff&#8221; border_style=&#8221;solid&#8221;]<\/p>\n<p>[\/et_pb_fullwidth_image][\/et_pb_section][et_pb_section admin_label=&#8221;Sezione&#8221; fullwidth=&#8221;off&#8221; specialty=&#8221;off&#8221; transparent_background=&#8221;off&#8221; allow_player_pause=&#8221;off&#8221; inner_shadow=&#8221;off&#8221; parallax=&#8221;off&#8221; parallax_method=&#8221;off&#8221; custom_padding=&#8221;||0px|&#8221; make_fullwidth=&#8221;off&#8221; use_custom_width=&#8221;off&#8221; width_unit=&#8221;on&#8221; make_equal=&#8221;off&#8221; use_custom_gutter=&#8221;off&#8221;][et_pb_row admin_label=&#8221;Riga&#8221; make_fullwidth=&#8221;off&#8221; use_custom_width=&#8221;off&#8221; width_unit=&#8221;on&#8221; use_custom_gutter=&#8221;off&#8221; allow_player_pause=&#8221;off&#8221; parallax=&#8221;off&#8221; parallax_method=&#8221;off&#8221; make_equal=&#8221;off&#8221; parallax_1=&#8221;off&#8221; parallax_method_1=&#8221;off&#8221;][et_pb_column type=&#8221;4_4&#8243;][et_pb_text admin_label=&#8221;Testo&#8221; background_layout=&#8221;light&#8221; text_orientation=&#8221;left&#8221; use_border_color=&#8221;off&#8221; border_color=&#8221;#ffffff&#8221; border_style=&#8221;solid&#8221;]<\/p>\n<h2 style=\"text-align: center;\">Entdecken Sie alle Dienstleistungen, die Sie nutzen k\u00f6nnen, um sich selbst zu bewerben<\/h2>\n<p style=\"text-align: center;\">Verbessern Sie Ihre Pr\u00e4senz auf PitturiAmo, erstellen Sie Online-Werbekampagnen, erstellen Sie Brosch\u00fcren und Kataloge<br \/>\n<strong>, um sich bekannt und von allen gesch\u00e4tzt zu machen!<\/strong><\/p>\n<p>[\/et_pb_text][\/et_pb_column][\/et_pb_row][et_pb_row admin_label=&#8221;Riga&#8221; make_fullwidth=&#8221;off&#8221; use_custom_width=&#8221;off&#8221; width_unit=&#8221;on&#8221; use_custom_gutter=&#8221;off&#8221; custom_padding=&#8221;0px||0px|&#8221; allow_player_pause=&#8221;off&#8221; parallax=&#8221;off&#8221; parallax_method=&#8221;off&#8221; make_equal=&#8221;off&#8221; parallax_1=&#8221;off&#8221; parallax_method_1=&#8221;off&#8221; parallax_2=&#8221;off&#8221; parallax_method_2=&#8221;off&#8221;][et_pb_column type=&#8221;1_3&#8243;][et_pb_cta admin_label=&#8221;Sicht auf PitturiAmo&#8221; title=&#8221;Mach Werbung f\u00fcr dich auf PitturiAmo&#8221; button_url=&#8221;https:\/\/www.pitturiamo.shop\/de\/strumenti\/pitturiamo\/&#8221; background_color=&#8221;#dedede&#8221; use_background_color=&#8221;on&#8221; background_layout=&#8221;light&#8221; text_orientation=&#8221;center&#8221; url_new_window=&#8221;off&#8221; use_border_color=&#8221;off&#8221; border_color=&#8221;#ffffff&#8221; border_style=&#8221;solid&#8221; custom_button=&#8221;on&#8221; button_letter_spacing=&#8221;0&#8243; button_use_icon=&#8221;default&#8221; button_icon_placement=&#8221;right&#8221; button_on_hover=&#8221;on&#8221; button_letter_spacing_hover=&#8221;0&#8243; body_font_size=&#8221;15&#8243; button_text=&#8221;Lesen Sie unsere Vorschl\u00e4ge&#8221; custom_css_main_element=&#8221;min-height:500px;||height:auto !important;||height:500px;||border-radius:10px;||&#8221; button_text_color_hover=&#8221;#ffffff&#8221;]<\/p>\n<p>Verbessern Sie Ihre Pr\u00e4senz auf <a href=\"https:\/\/www.pitturiamo.com\">PitturiAmo \u2013 dem Portal zeitgen\u00f6ssischer Maler, indem Sie<\/a> unsere Dienstleistungen in Anspruch nehmen, um die Sichtbarkeit auf dem Portal zu erh\u00f6hen. Du steigerst dein Ranking und bekommst mehr <strong>Aufrufe<\/strong> und <strong>Leads<\/strong>. Kaufen Sie im <strong>PitturiAmo Shop<\/strong> oder direkt im <strong>Reserved Area. <\/strong>Dienstleistungen im Zusammenhang mit<strong><a href=\"https:\/\/www.pitturiamo.com\"> PitturiAmo<\/a>.<\/strong>  <\/p>\n<p><a href=\"https:\/\/www.pitturiamo.com\"><img loading=\"lazy\" decoding=\"async\" class=\"size-full wp-image-406\" src=\"https:\/\/www.pitturiamo.shop\/wp-content\/uploads\/PitturiAmo-rotondo-1.png\" alt=\"Online-Gem\u00e4ldeverk\u00e4ufe\" width=\"100\" height=\"100\"><\/a><\/p>\n<p>[\/et_pb_cta][\/et_pb_column][et_pb_column type=&#8221;1_3&#8243;][et_pb_cta admin_label=&#8221;Online-Sichtbarkeit&#8221; title=&#8221;Bewerben Sie sich im Internet&#8221; button_url=&#8221;https:\/\/www.pitturiamo.shop\/de\/strumenti\/internet\/&#8221; background_color=&#8221;#dedede&#8221; use_background_color=&#8221;on&#8221; background_layout=&#8221;light&#8221; text_orientation=&#8221;center&#8221; url_new_window=&#8221;off&#8221; use_border_color=&#8221;off&#8221; border_color=&#8221;#ffffff&#8221; border_style=&#8221;solid&#8221; custom_button=&#8221;on&#8221; button_letter_spacing=&#8221;0&#8243; button_use_icon=&#8221;default&#8221; button_icon_placement=&#8221;right&#8221; button_on_hover=&#8221;on&#8221; button_letter_spacing_hover=&#8221;0&#8243; body_font_size=&#8221;15&#8243; button_text=&#8221;Lesen Sie unsere Vorschl\u00e4ge&#8221; custom_css_main_element=&#8221;min-height:500px;||height:auto !important;||height:500px;||border-radius:10px;&#8221; button_text_color_hover=&#8221;#ffffff&#8221;]<\/p>\n<p>Erh\u00f6hen Sie Ihre <strong>Online-Sichtbarkeit<\/strong> , indem Sie die von <strong>Google<\/strong>, <strong>Facebook<\/strong> und anderen Werbetools angebotenen Kan\u00e4le nutzen. Erstellen Sie <strong>Werbekampagnen<\/strong> auf <strong>Suchmaschinen<\/strong> und <strong>sozialen Netzwerken<\/strong> , die v\u00f6llig unabh\u00e4ngig und frei von PitturiAmo sind. Machen Sie sich auch auf <strong>allen anderen Kunstseiten<\/strong> bekannt.  <\/p>\n<p><img loading=\"lazy\" decoding=\"async\" class=\"aligncenter size-full wp-image-410\" src=\"https:\/\/www.pitturiamo.shop\/wp-content\/uploads\/FB-GG-1.png\" alt=\"\" width=\"200\" height=\"100\" srcset=\"https:\/\/www.pitturiamo.shop\/wp-content\/uploads\/FB-GG-1.png 200w, https:\/\/www.pitturiamo.shop\/wp-content\/uploads\/FB-GG-1-150x75.png 150w\" sizes=\"auto, (max-width: 200px) 100vw, 200px\" \/><\/p>\n<p>[\/et_pb_cta][\/et_pb_column][et_pb_column type=&#8221;1_3&#8243;][et_pb_cta admin_label=&#8221;F\u00f6rdermittel&#8221; title=&#8221;Mach Werbung f\u00fcr dich bei Live-Events&#8221; button_url=&#8221;https:\/\/www.pitturiamo.shop\/de\/strumenti\/ausstellungen-messen-veranstaltungen\/&#8221; background_color=&#8221;#dedede&#8221; use_background_color=&#8221;on&#8221; background_layout=&#8221;light&#8221; text_orientation=&#8221;center&#8221; url_new_window=&#8221;off&#8221; use_border_color=&#8221;off&#8221; border_color=&#8221;#ffffff&#8221; border_style=&#8221;solid&#8221; custom_button=&#8221;on&#8221; button_letter_spacing=&#8221;0&#8243; button_use_icon=&#8221;default&#8221; button_icon_placement=&#8221;right&#8221; button_on_hover=&#8221;on&#8221; button_letter_spacing_hover=&#8221;0&#8243; body_font_size=&#8221;15&#8243; button_text=&#8221;Lesen Sie unsere Vorschl\u00e4ge&#8221; custom_css_main_element=&#8221;min-height:500px;||height:auto !important;||height:500px;||border-radius:10px;&#8221; button_text_color_hover=&#8221;#ffffff&#8221;]<\/p>\n<p>Erstellen Sie <strong>Werbetools<\/strong> , die Ihnen helfen, sich in <strong>der realen Welt<\/strong> besser bekannt zu machen. Deine Kunst muss auf jeden Fall kommuniziert werden, auch auf <strong>Papier<\/strong>. Erstellen Sie <strong>Brosch\u00fcren<\/strong>, <strong>Kataloge<\/strong>, <strong>Visitenkarten<\/strong> und <strong>Kritiken<\/strong> , die w\u00e4hrend Ihrer Veranstaltungen verteilt werden k\u00f6nnen.  <\/p>\n<p><img loading=\"lazy\" decoding=\"async\" class=\"aligncenter size-full wp-image-420\" src=\"https:\/\/www.pitturiamo.shop\/wp-content\/uploads\/Eventi-arte.png\" alt=\"\" width=\"100\" height=\"100\"><\/p>\n<p>[\/et_pb_cta][\/et_pb_column][\/et_pb_row][\/et_pb_section][et_pb_section admin_label=&#8221;Sezione&#8221; fullwidth=&#8221;off&#8221; specialty=&#8221;off&#8221;][et_pb_row admin_label=&#8221;Riga&#8221;][et_pb_column type=&#8221;4_4&#8243;][et_pb_text admin_label=&#8221;Testo&#8221; background_layout=&#8221;light&#8221; text_orientation=&#8221;left&#8221; use_border_color=&#8221;off&#8221; border_color=&#8221;#ffffff&#8221; border_style=&#8221;solid&#8221;]<\/p>\n<h2 style=\"text-align: center;\"><strong>Kennst du PitturiAmo nicht?<\/strong><\/h2>\n<h3 style=\"text-align: center;\">Sehen Sie sich unsere sch\u00f6nen Pr\u00e4sentationsvideos an.<\/h3>\n<p>[\/et_pb_text][\/et_pb_column][\/et_pb_row][et_pb_row admin_label=&#8221;Riga&#8221;][et_pb_column type=&#8221;1_3&#8243;][et_pb_video admin_label=&#8221;Video&#8221; src=&#8221;https:\/\/www.youtube.com\/watch?v=R3alSTrm1jA&#8221; image_src=&#8221;https:\/\/www.pitturiamo.shop\/wp-content\/uploads\/video-pitturiamo-1-1.jpg&#8221; src_webm=&#8221;https:\/\/www.youtube.com\/watch?v=R3alSTrm1jA&#8221;]<\/p>\n<p>[\/et_pb_video][\/et_pb_column][et_pb_column type=&#8221;1_3&#8243;][et_pb_video admin_label=&#8221;Video&#8221; src=&#8221;https:\/\/www.youtube.com\/watch?v=WVDomjuT-So&#8221; image_src=&#8221;https:\/\/www.pitturiamo.shop\/wp-content\/uploads\/video-pitturiamo-2.jpg&#8221; src_webm=&#8221;https:\/\/www.youtube.com\/watch?v=WVDomjuT-So&#8221;]<\/p>\n<p>[\/et_pb_video][\/et_pb_column][et_pb_column type=&#8221;1_3&#8243;][et_pb_code admin_label=&#8221;Code&#8221;]&lt;iframe src=&#8221;https:\/\/www.facebook.com\/plugins\/video.php?href=https%3A%2F%2Fwww.facebook.com%2FPitturiAmo%2Fvideos%2F1521091561332925%2F&amp;show_text=0&amp;width=560&#8243; width=&#8221;560&#8243; height=&#8221;315&#8243; style=&#8221;border:none; overflow:hidden&#8221; scrolling=&#8221;no&#8221; frameborder=&#8221;0&#8243; allowTransparency=&#8221;true&#8221; allowFullScreen=&#8221;true&#8221;&gt;&lt;\/iframe&gt;[\/et_pb_code][\/et_pb_column][\/et_pb_row][\/et_pb_section][et_pb_section admin_label=&#8221;Sezione&#8221; fullwidth=&#8221;off&#8221; specialty=&#8221;off&#8221; transparent_background=&#8221;off&#8221; allow_player_pause=&#8221;off&#8221; inner_shadow=&#8221;off&#8221; parallax=&#8221;off&#8221; parallax_method=&#8221;off&#8221; custom_padding=&#8221;0px||0px|&#8221; make_fullwidth=&#8221;off&#8221; use_custom_width=&#8221;off&#8221; width_unit=&#8221;on&#8221; make_equal=&#8221;off&#8221; use_custom_gutter=&#8221;off&#8221;][et_pb_row admin_label=&#8221;Riga&#8221; make_fullwidth=&#8221;off&#8221; use_custom_width=&#8221;off&#8221; width_unit=&#8221;on&#8221; use_custom_gutter=&#8221;off&#8221; allow_player_pause=&#8221;off&#8221; parallax=&#8221;off&#8221; parallax_method=&#8221;off&#8221; make_equal=&#8221;off&#8221; parallax_1=&#8221;off&#8221; parallax_method_1=&#8221;off&#8221; custom_padding=&#8221;||0px|&#8221;][et_pb_column type=&#8221;4_4&#8243;][et_pb_text admin_label=&#8221;Testo&#8221; background_layout=&#8221;light&#8221; text_orientation=&#8221;left&#8221; use_border_color=&#8221;off&#8221; border_color=&#8221;#ffffff&#8221; border_style=&#8221;solid&#8221;]<\/p>\n<h3>Unsere beliebtesten Artikel<\/h3>\n<p>[\/et_pb_text][et_pb_shop admin_label=&#8221;Prodotti pi\u00f9 popolari&#8221; type=&#8221;best_selling&#8221; posts_number=&#8221;8&#8243; columns=&#8221;3&#8243; orderby=&#8221;popularity&#8221; columns_number=&#8221;0&#8243; price_line_height=&#8221;20px&#8221; price_font_size=&#8221;15&#8243; title_font_size=&#8221;18&#8243;]<\/p>\n<p>[\/et_pb_shop][\/et_pb_column][\/et_pb_row][\/et_pb_section]<\/p>\n","protected":false},"excerpt":{"rendered":"<p>[et_pb_section admin_label=&#8221;section&#8221; fullwidth=&#8221;on&#8221; specialty=&#8221;off&#8221; background_color=&#8221;#b2ede0&#8243; inner_shadow=&#8221;off&#8221; parallax=&#8221;off&#8221;][et_pb_fullwidth_slider admin_label=&#8221;Fullwidth Slider&#8221; show_arrows=&#8221;on&#8221; show_pagination=&#8221;off&#8221; auto=&#8221;on&#8221; parallax=&#8221;off&#8221; auto_speed=&#8221;10000&#8243; auto_ignore_hover=&#8221;off&#8221; parallax_method=&#8221;off&#8221; remove_inner_shadow=&#8221;off&#8221; background_position=&#8221;default&#8221; background_size=&#8221;default&#8221; hide_content_on_mobile=&#8221;off&#8221; hide_cta_on_mobile=&#8221;off&#8221; show_image_video_mobile=&#8221;on&#8221; custom_button=&#8221;off&#8221; button_letter_spacing=&#8221;0&#8243; button_use_icon=&#8221;default&#8221; button_icon_placement=&#8221;right&#8221; button_on_hover=&#8221;on&#8221; button_letter_spacing_hover=&#8221;0&#8243; body_font_size=&#8221;14&#8243; body_line_height=&#8221;1.3em&#8221; header_line_height=&#8221;1.3em&#8221;] [et_pb_slide background_position=&#8221;center&#8221; background_size=&#8221;default&#8221; background_color=&#8221;#ffffff&#8221; use_bg_overlay=&#8221;off&#8221; use_text_overlay=&#8221;on&#8221; alignment=&#8221;center&#8221; background_layout=&#8221;dark&#8221; allow_player_pause=&#8221;off&#8221; text_border_radius=&#8221;3&#8243; header_font_select=&#8221;default&#8221; header_font=&#8221;||||&#8221; body_font_select=&#8221;default&#8221; body_font=&#8221;||||&#8221; custom_button=&#8221;off&#8221; button_font_select=&#8221;default&#8221; button_font=&#8221;||||&#8221; button_use_icon=&#8221;default&#8221; button_icon_placement=&#8221;right&#8221; button_on_hover=&#8221;on&#8221; background_image=&#8221;https:\/\/www.pitturiamo.shop\/wp-content\/uploads\/laghetto-di-montagna-mario-salvo.jpg&#8221; button_text=&#8221;Jetzt buchen&#8221; button_link=&#8221;https:\/\/www.pitturiamo.shop\/promozione-artista\/mostre-fiere-eventi\/le-interviste-di-pitturiamo\/&#8221; [&hellip;]<\/p>\n","protected":false},"author":1,"featured_media":0,"parent":0,"menu_order":1,"comment_status":"closed","ping_status":"closed","template":"","meta":{"footnotes":""},"class_list":["post-9432","page","type-page","status-publish","hentry"],"_links":{"self":[{"href":"https:\/\/www.pitturiamo.shop\/de\/wp-json\/wp\/v2\/pages\/9432","targetHints":{"allow":["GET"]}}],"collection":[{"href":"https:\/\/www.pitturiamo.shop\/de\/wp-json\/wp\/v2\/pages"}],"about":[{"href":"https:\/\/www.pitturiamo.shop\/de\/wp-json\/wp\/v2\/types\/page"}],"author":[{"embeddable":true,"href":"https:\/\/www.pitturiamo.shop\/de\/wp-json\/wp\/v2\/users\/1"}],"replies":[{"embeddable":true,"href":"https:\/\/www.pitturiamo.shop\/de\/wp-json\/wp\/v2\/comments?post=9432"}],"version-history":[{"count":2,"href":"https:\/\/www.pitturiamo.shop\/de\/wp-json\/wp\/v2\/pages\/9432\/revisions"}],"predecessor-version":[{"id":9453,"href":"https:\/\/www.pitturiamo.shop\/de\/wp-json\/wp\/v2\/pages\/9432\/revisions\/9453"}],"wp:attachment":[{"href":"https:\/\/www.pitturiamo.shop\/de\/wp-json\/wp\/v2\/media?parent=9432"}],"curies":[{"name":"wp","href":"https:\/\/api.w.org\/{rel}","templated":true}]}}