{"id":9386,"date":"2017-01-10T10:48:47","date_gmt":"2017-01-10T09:48:47","guid":{"rendered":"https:\/\/www.pitturiamo.shop\/kontaktieren-sie-uns\/"},"modified":"2017-01-10T10:48:47","modified_gmt":"2017-01-10T09:48:47","slug":"kontaktieren-sie-uns","status":"publish","type":"page","link":"https:\/\/www.pitturiamo.shop\/de\/kontaktieren-sie-uns\/","title":{"rendered":"Kontaktieren Sie uns"},"content":{"rendered":"<p><strong>F\u00fcr Informationen oder um ein kostenloses Angebot anzufordern, wenden Sie sich bitte an den PitturiAmo Shop. F\u00fcllen Sie die untenstehenden Felder aus und Sie erhalten so schnell wie m\u00f6glich eine Antwort.<\/strong><\/p>\n<p>Die eingegebenen Daten werden weder an Dritte \u00fcbertragen noch f\u00fcr einen anderen Zweck als die Anforderung verwendet. Sie k\u00f6nnen nur die Felder ausf\u00fcllen, die Sie f\u00fcr angemessen halten, aber wenn Sie eine Antwort w\u00fcnschen, lassen Sie uns Sie erreichen, indem Sie eine g\u00fcltige Adresse hinterlassen!<\/p>\n<p>F\u00fcr alle Informationen k\u00f6nnen Sie uns auch auf herk\u00f6mmliche Weise kontaktieren:<\/p>\n<p style=\"padding-left: 60px;\"><strong><em>PitturiAmo-Laden<\/em><\/strong><br \/>\n<strong><em>PitturiAmo APS<\/em><\/strong><br \/>\n<em> Via Filippo Turati Nr. 22 \u2013 93100 Caltanissetta (CL \u2013 Sizilien \u2013 Italien)<\/em><br \/>\n<em> Mobil: +39 350 009 9415<\/em><br \/>\n<em> Telefon und Fax: +39 0934 597211<\/em><\/p>\n<div role=\"form\" class=\"wpcf7\" id=\"wpcf7-f9457-o1\" lang=\"de-DE\" dir=\"ltr\">\n<div class=\"screen-reader-response\"><\/div>\n<form action=\"\/de\/wp-json\/wp\/v2\/pages\/9386#wpcf7-f9457-o1\" method=\"post\" class=\"wpcf7-form\" novalidate=\"novalidate\">\n<div style=\"display: none;\">\n<input type=\"hidden\" name=\"_wpcf7\" value=\"9457\" \/>\n<input type=\"hidden\" name=\"_wpcf7_version\" value=\"4.9.1\" \/>\n<input type=\"hidden\" name=\"_wpcf7_locale\" value=\"de_DE\" \/>\n<input type=\"hidden\" name=\"_wpcf7_unit_tag\" value=\"wpcf7-f9457-o1\" \/>\n<input type=\"hidden\" name=\"_wpcf7_container_post\" value=\"0\" \/>\n<\/div>\n<div style=\"border:2px solid #9e2362; padding: 4%; margin: 2%; background-color:#f1f1f1; border-radius:10px;\">\n<h3><strong>F\u00fcllen Sie das folgende Formular aus, um Informationen anzufordern<\/strong><\/h3>\n<p><span class=\"wpcf7-form-control-wrap Platzhalter-Name\"><input type=\"text\" name=\"Platzhalter-Name\" value=\"*Name\" size=\"40\" class=\"wpcf7-form-control wpcf7-text wpcf7-validates-as-required\" aria-required=\"true\" aria-invalid=\"false\" \/><\/span><\/p>\n<p><span class=\"wpcf7-form-control-wrap Nachname-Platzhalter\"><input type=\"text\" name=\"Nachname-Platzhalter\" value=\"*Nachname\" size=\"40\" class=\"wpcf7-form-control wpcf7-text wpcf7-validates-as-required\" aria-required=\"true\" aria-invalid=\"false\" \/><\/span><\/p>\n<p><span class=\"wpcf7-form-control-wrap E-Mail-Platzhalter\"><input type=\"email\" name=\"E-Mail-Platzhalter\" value=\"*E-Mail\" size=\"40\" class=\"wpcf7-form-control wpcf7-text wpcf7-email wpcf7-validates-as-required wpcf7-validates-as-email\" aria-required=\"true\" aria-invalid=\"false\" \/><\/span><\/p>\n<p><span class=\"wpcf7-form-control-wrap telefono\"><input type=\"text\" name=\"telefono\" value=\"\" size=\"40\" class=\"wpcf7-form-control wpcf7-text\" aria-invalid=\"false\" placeholder=\"Telefon\" \/><\/span><\/p>\n<p>W\u00e4hlen Sie eine Provinz aus:<\/p>\n<p><span class=\"wpcf7-form-control-wrap provincia\"><select name=\"provincia\" class=\"wpcf7-form-control wpcf7-select\" aria-invalid=\"false\"><option value=\"\">---<\/option><option value=\"Agrigento\">Agrigento<\/option><option value=\"Alexandria\">Alexandria<\/option><option value=\"Ancona\">Ancona<\/option><option value=\"Aosta\">Aosta<\/option><option value=\"Arezzo\">Arezzo<\/option><option value=\"Ascoli Piceno\">Ascoli Piceno<\/option><option value=\"Asti\">Asti<\/option><option value=\"Avellino\">Avellino<\/option><option value=\"Bari\">Bari<\/option><option value=\"Barletta-Andria-Trani\">Barletta-Andria-Trani<\/option><option value=\"Belluno\">Belluno<\/option><option value=\"Benevent\">Benevent<\/option><option value=\"Bergamo\">Bergamo<\/option><option value=\"Pleuelstange\">Pleuelstange<\/option><option value=\"Bologna\">Bologna<\/option><option value=\"Bozen\">Bozen<\/option><option value=\"Brescia\">Brescia<\/option><option value=\"Brindisi\">Brindisi<\/option><option value=\"Cagliari\">Cagliari<\/option><option value=\"Caltanissetta\">Caltanissetta<\/option><option value=\"Campobasso\">Campobasso<\/option><option value=\"Carbonia-Iglesias\">Carbonia-Iglesias<\/option><option value=\"Caserta\">Caserta<\/option><option value=\"Catania\">Catania<\/option><option value=\"Catanzaro\">Catanzaro<\/option><option value=\"Chieti\">Chieti<\/option><option value=\"Como\">Como<\/option><option value=\"Cosenza\">Cosenza<\/option><option value=\"Cremona\">Cremona<\/option><option value=\"Crotone\">Crotone<\/option><option value=\"Cuneo\">Cuneo<\/option><option value=\"Enna\">Enna<\/option><option value=\"Ferrara\">Ferrara<\/option><option value=\"Firma\">Firma<\/option><option value=\"Florenz\">Florenz<\/option><option value=\"Foggia\">Foggia<\/option><option value=\"Forl\u00ec-Cesena\">Forl\u00ec-Cesena<\/option><option value=\"Frosinon\">Frosinon<\/option><option value=\"Genua\">Genua<\/option><option value=\"G\u00f6rz\">G\u00f6rz<\/option><option value=\"Grosseto\">Grosseto<\/option><option value=\"Imperia\">Imperia<\/option><option value=\"Isernia&quot; &quot;L&#039;Aquila\">Isernia&quot; &quot;L&#039;Aquila<\/option><option value=\"La Spezia\">La Spezia<\/option><option value=\"Latina\">Latina<\/option><option value=\"Lecce\">Lecce<\/option><option value=\"Lecco\">Lecco<\/option><option value=\"Livorno\">Livorno<\/option><option value=\"Lob\">Lob<\/option><option value=\"Lucca\">Lucca<\/option><option value=\"Macerata\">Macerata<\/option><option value=\"Mantua\">Mantua<\/option><option value=\"Massa Carrara\">Massa Carrara<\/option><option value=\"Matera\">Matera<\/option><option value=\"Mittleres Campidano\">Mittleres Campidano<\/option><option value=\"Messina\">Messina<\/option><option value=\"Mailand\">Mailand<\/option><option value=\"Modena\">Modena<\/option><option value=\"Monza und Brianza\">Monza und Brianza<\/option><option value=\"Neapel\">Neapel<\/option><option value=\"Novara\">Novara<\/option><option value=\"Nuoro\">Nuoro<\/option><option value=\"Ogliastra\">Ogliastra<\/option><option value=\"Olbia-Tempio\">Olbia-Tempio<\/option><option value=\"Oristano\">Oristano<\/option><option value=\"Padua\">Padua<\/option><option value=\"Palermo\">Palermo<\/option><option value=\"Parma\">Parma<\/option><option value=\"Pavia\">Pavia<\/option><option value=\"Perugia\">Perugia<\/option><option value=\"Pesaro Urbino\">Pesaro Urbino<\/option><option value=\"Pescara\">Pescara<\/option><option value=\"Piacenza\">Piacenza<\/option><option value=\"Pisa\">Pisa<\/option><option value=\"Pistoia\">Pistoia<\/option><option value=\"Pordenone\">Pordenone<\/option><option value=\"Macht\">Macht<\/option><option value=\"Rasen\">Rasen<\/option><option value=\"Ragusa\">Ragusa<\/option><option value=\"Ravenna\">Ravenna<\/option><option value=\"Reggio Calabria\">Reggio Calabria<\/option><option value=\"Reggio Emilia\">Reggio Emilia<\/option><option value=\"Rieti\">Rieti<\/option><option value=\"Rimini\">Rimini<\/option><option value=\"Rom\">Rom<\/option><option value=\"Rovigo\">Rovigo<\/option><option value=\"Salerno\">Salerno<\/option><option value=\"Sassari\">Sassari<\/option><option value=\"Savona\">Savona<\/option><option value=\"Siena\">Siena<\/option><option value=\"Syrakus\">Syrakus<\/option><option value=\"Sondrio\">Sondrio<\/option><option value=\"Tarent\">Tarent<\/option><option value=\"Teramo\">Teramo<\/option><option value=\"Terni\">Terni<\/option><option value=\"Turin\">Turin<\/option><option value=\"\u00dcbungen\">\u00dcbungen<\/option><option value=\"Trient\">Trient<\/option><option value=\"Treviso\">Treviso<\/option><option value=\"Triest\">Triest<\/option><option value=\"Udine\">Udine<\/option><option value=\"Varese\">Varese<\/option><option value=\"Venedig\">Venedig<\/option><option value=\"Verbano-Cusio-Ossola\">Verbano-Cusio-Ossola<\/option><option value=\"Vercelli\">Vercelli<\/option><option value=\"Venedig\">Venedig<\/option><option value=\"Verona\">Verona<\/option><option value=\"Vibo Valentia\">Vibo Valentia<\/option><option value=\"Vicenza\">Vicenza<\/option><option value=\"Viterbo\">Viterbo<\/option><\/select><\/span><\/p>\n<p><span class=\"wpcf7-form-control-wrap messaggio\"><textarea name=\"messaggio\" cols=\"40\" rows=\"10\" class=\"wpcf7-form-control wpcf7-textarea\" aria-invalid=\"false\" placeholder=\"Botschaft\"><\/textarea><\/span><\/p>\n<p><span class=\"wpcf7-form-control-wrap accetta1\"><input type=\"checkbox\" name=\"accetta1\" value=\"1\" class=\"wpcf7-form-control wpcf7-acceptance\" id=\"accetta1\" aria-invalid=\"false\" \/><\/span>Ich habe die <a href=\"https:\/\/www.pitturiamo.shop\/privacy-policy\/\" title=\"Lesen Sie die Klauseln der Datenschutzrichtlinie \u2013 PitturiAmo Shop\" target=\"_blank\"><strong>Datenschutzrichtlinie<\/strong><\/a> gelesen und gebe meine Zustimmung zur Verarbeitung personenbezogener Daten gem\u00e4\u00df dem Artikel aus. 13 des Gesetzgebungsdekrets 196\/2003. *<\/p>\n<p>M\u00f6chten Sie regelm\u00e4\u00dfig Informationen per Newsletter erhalten? <span class=\"wpcf7-form-control-wrap newsletter\"><span class=\"wpcf7-form-control wpcf7-radio\" id=\"newsletter\"><span class=\"wpcf7-list-item first\"><input type=\"radio\" name=\"newsletter\" value=\"JA\" \/><span class=\"wpcf7-list-item-label\">JA<\/span><\/span><span class=\"wpcf7-list-item last\"><input type=\"radio\" name=\"newsletter\" value=\"NEIN\" checked=\"checked\" \/><span class=\"wpcf7-list-item-label\">NEIN<\/span><\/span><\/span><\/span><\/p>\n<p><span class=\"wpcf7-form-control-wrap capital-quiz\"><label><span class=\"wpcf7-quiz-label\">Ist die Hauptstadt Japans Rom oder Tokio?<\/span> <input type=\"text\" name=\"capital-quiz\" size=\"40\" class=\"wpcf7-form-control wpcf7-quiz\" id=\"qatest\" autocomplete=\"off\" aria-required=\"true\" aria-invalid=\"false\" \/><\/label><input type=\"hidden\" name=\"_wpcf7_quiz_answer_capital-quiz\" value=\"a97b8691f39ad40433997fc2138d43a9\" \/><\/span><\/p>\n<div class=\"wpcf7-form-control-wrap\"><div data-sitekey=\"6LeMEScUAAAAAKcOGvywnS0sTMdKw7867hBcSd_g\" data-size=\"compact\" class=\"wpcf7-form-control g-recaptcha wpcf7-recaptcha recaptcha\" id=\"recaptcha\"><\/div>\n<noscript>\n\t<div style=\"width: 302px; height: 422px;\">\n\t\t<div style=\"width: 302px; height: 422px; position: relative;\">\n\t\t\t<div style=\"width: 302px; height: 422px; position: absolute;\">\n\t\t\t\t<iframe src=\"https:\/\/www.google.com\/recaptcha\/api\/fallback?k=6LeMEScUAAAAAKcOGvywnS0sTMdKw7867hBcSd_g\" frameborder=\"0\" scrolling=\"no\" style=\"width: 302px; height:422px; border-style: none;\">\n\t\t\t\t<\/iframe>\n\t\t\t<\/div>\n\t\t\t<div style=\"width: 300px; height: 60px; border-style: none; bottom: 12px; left: 25px; margin: 0px; padding: 0px; right: 25px; background: #f9f9f9; border: 1px solid #c1c1c1; border-radius: 3px;\">\n\t\t\t\t<textarea id=\"g-recaptcha-response\" name=\"g-recaptcha-response\" class=\"g-recaptcha-response\" style=\"width: 250px; height: 40px; border: 1px solid #c1c1c1; margin: 10px 25px; padding: 0px; resize: none;\">\n\t\t\t\t<\/textarea>\n\t\t\t<\/div>\n\t\t<\/div>\n\t<\/div>\n<\/noscript>\n<\/div>\n<p><input type=\"submit\" value=\"SENDEN\" class=\"wpcf7-form-control wpcf7-submit Invia\" \/><\/p>\n<p><strong>*erforderliche Felder<\/strong><\/p>\n<p>Um den Button zu aktivieren, w\u00e4hlen Sie das Kontrollk\u00e4stchen zur Datenschutzrichtlinie aus\n<\/p><\/div>\n<div class=\"wpcf7-response-output wpcf7-display-none\"><\/div><\/form><\/div>\n","protected":false},"excerpt":{"rendered":"<p>F\u00fcr Informationen oder um ein kostenloses Angebot anzufordern, wenden Sie sich bitte an den PitturiAmo Shop. F\u00fcllen Sie die untenstehenden Felder aus und Sie erhalten so schnell wie m\u00f6glich eine Antwort. Die eingegebenen Daten werden weder an Dritte \u00fcbertragen noch f\u00fcr einen anderen Zweck als die Anforderung verwendet. Sie k\u00f6nnen nur die Felder ausf\u00fcllen, die [&hellip;]<\/p>\n","protected":false},"author":1,"featured_media":0,"parent":0,"menu_order":90,"comment_status":"closed","ping_status":"closed","template":"","meta":{"footnotes":""},"class_list":["post-9386","page","type-page","status-publish","hentry"],"_links":{"self":[{"href":"https:\/\/www.pitturiamo.shop\/de\/wp-json\/wp\/v2\/pages\/9386","targetHints":{"allow":["GET"]}}],"collection":[{"href":"https:\/\/www.pitturiamo.shop\/de\/wp-json\/wp\/v2\/pages"}],"about":[{"href":"https:\/\/www.pitturiamo.shop\/de\/wp-json\/wp\/v2\/types\/page"}],"author":[{"embeddable":true,"href":"https:\/\/www.pitturiamo.shop\/de\/wp-json\/wp\/v2\/users\/1"}],"replies":[{"embeddable":true,"href":"https:\/\/www.pitturiamo.shop\/de\/wp-json\/wp\/v2\/comments?post=9386"}],"version-history":[{"count":0,"href":"https:\/\/www.pitturiamo.shop\/de\/wp-json\/wp\/v2\/pages\/9386\/revisions"}],"wp:attachment":[{"href":"https:\/\/www.pitturiamo.shop\/de\/wp-json\/wp\/v2\/media?parent=9386"}],"curies":[{"name":"wp","href":"https:\/\/api.w.org\/{rel}","templated":true}]}}