{"id":9090,"date":"2017-06-13T10:01:01","date_gmt":"2017-06-13T08:01:01","guid":{"rendered":"https:\/\/www.pitturiamo.shop\/verkaufsbedingungen\/"},"modified":"2017-06-13T10:01:01","modified_gmt":"2017-06-13T08:01:01","slug":"verkaufsbedingungen","status":"publish","type":"page","link":"https:\/\/www.pitturiamo.shop\/de\/verkaufsbedingungen\/","title":{"rendered":"Verkaufsbedingungen"},"content":{"rendered":"<h2>Gesch\u00e4ftsbedingungen des PitturiAmo Shops<\/h2>\n<p><a title=\"Website www.pitturiamo.shop\" href=\"https:\/\/www.pitturiamo.shop\/de\/\"><em>www.pitturiamo.shop<\/em><\/a> ist der <strong>Internetname<\/strong> des virtuellen Ladens, der PitturiAmo APS geh\u00f6rt \u2013 Ass. Promozione Sociale. <\/p>\n<ul>\n<li><strong>Firmenname<\/strong>: PitturiAmo APS &#8211; Ass. Promozione Sociale <\/li>\n<li><strong>Eingetragener Gesch\u00e4ftssitz<\/strong>: Via Filippo Turati, 22 &#8211; 93100 Caltanissetta (CL)<\/li>\n<li><strong>Telefon:<\/strong> 0934\/597211<\/li>\n<li><strong>E-Mail<\/strong>: info@pitturiamo.com<\/li>\n<li><strong>Mehrwertsteuernummer<\/strong>: 02092300850<\/li>\n<li><strong>REA:<\/strong> CL-119175<\/li>\n<\/ul>\n<p>\u00dcber die Website abgeschlossene <a title=\"Fernvertr\u00e4ge \u00fcber die www.pitturiamo.shop Website\" href=\"https:\/\/www.pitturiamo.shop\/de\/\">Vertr\u00e4ge www.pitturiamo.shop<\/a> unter die Kategorie <strong>&#8220;Online-Verkaufsvertr\u00e4ge<\/strong>&#8221; fallen. Dies sind <strong>Fernvertr\u00e4ge<\/strong> , die zwischen einem <strong>Lieferanten<\/strong>, <em>dem PitturiAmo Shop<\/em> mit Sitz in Caltanissetta (CL), Via Filippo Turati, 22, und einem <strong>Verbraucher<\/strong>, einer nat\u00fcrlichen Person, die Waren und Dienstleistungen zu direkt oder nicht direkt mit einer beruflichen T\u00e4tigkeit verbundenen Zwecke kauft. <\/p>\n<h2>ALLGEMEINE GESCH\u00c4FTSBEDINGUNGEN<\/h2>\n<h3>1. Identifizierung des PitturiAmo-Ladens<\/h3>\n<p>Die durch diese allgemeinen Gesch\u00e4ftsbedingungen abgedeckten Dienstleistungen werden vom PitturiAmo Shop angeboten, einer Online-Marke der <strong>PitturiAmo APS &#8211; Associazione di Promozione Sociale<\/strong>, mit eingetragenem Sitz in Caltanissetta \u00fcber Filippo Turati 22, registriert bei der Handelskammer von Caltanissetta Nr. REA CL &#8211; 119175, Steuercode 02092300850, im Folgenden als &#8220;PitturiAmo Shop&#8221; bezeichnet, zertifizierte E-Mail-Adresse pitturiamo@pec.it <\/p>\n<p>1.1 Der Ausdruck &#8220;Online-Vertrag&#8221; bezeichnet den Vertrag \u00fcber die Dienstleistungen von PitturiAmo Shop, der zwischen Letzterem und dem Kunden im Rahmen eines Fernverkaufssystems mit telematischen Werkzeugen vereinbart wurde, organisiert von PitturiAmo Shop.<\/p>\n<p>1.2 Der Ausdruck &#8220;Kunde&#8221; bezeichnet die Person (nat\u00fcrliche oder juristische Person, Vereinigung oder Person), die den Kauf t\u00e4tigt, die sich gem\u00e4\u00df dem von der www.pitturiamo.shop Website vorgesehenen Verfahren identifizieren muss.<\/p>\n<p>1.3 Der Ausdruck &#8220;PitturiAmo Shop&#8221; bezeichnet das im Epigraphen angegebene Subjekt oder den Anbieter von Informationsdiensten.<\/p>\n<h3>2. Zweck des Online-Vertrags<\/h3>\n<p>2.1 Als Ergebnis jedes Online-Vertrags verkauft PitturiAmo Shop bzw. der Kunde die auf der www.pitturiamo.shop Website angezeigten und zum Verkauf angebotenen Dienstleistungen aus der Ferne \u00fcber telematische Werkzeuge.<\/p>\n<p>2.2 Die im vorherigen Punkt erw\u00e4hnten Produkte sind auf der www.pitturiamo.shop-Webseite dargestellt und unterliegen den \u00c4nderungen, die PitturiAmo Shop einseitig jederzeit vor Abschluss jedes Online-Vertrags vornehmen darf.<\/p>\n<p>2.3 Jede Bestellung impliziert die ausdr\u00fcckliche und uneingeschr\u00e4nkte Zustimmung des Kunden zu diesen allgemeinen Kaufbedingungen, die ab diesem Zeitpunkt einen integralen und wesentlichen Bestandteil des Online-Vertrags bilden.<\/p>\n<h3>3. Methoden zur Abwicklung des Online-Vertrags<\/h3>\n<p>3.1 Der Online-Vertrag zwischen PitturiAmo Shop und dem Kunden wird ausschlie\u00dflich \u00fcber das Internet abgeschlossen, vorbehaltlich des Zugriffs des Kunden an der www.pitturiamo.shop Adresse, wo der Kunde sich gem\u00e4\u00df den angegebenen Verfahren identifiziert und das Angebot f\u00fcr den Kauf der vom Kunden gew\u00e4hlten Dienstleistungen durch korrektes Ausf\u00fcllen des Antragsformulars formalisieren kann.<\/p>\n<h3>4. Abschluss und Wirksamkeit des Online-Vertrags<\/h3>\n<p>4.1 Der Online-Vertrag wird mit der Annahme der online vom PitturiAmo Shop-System generierten Bestellung abgeschlossen, die dem Kunden durch die Anzeige einer druckbaren Bestellzusammenfassungsseite sichtbar wird, die die Angaben zur Bestellpartei und zur Bestellung, den Preis der gekauften Leistungen, etwaige Versandkosten und eventuelle zus\u00e4tzliche Zusatzkosten enth\u00e4lt,  die Zahlungsmethoden und Zahlungsbedingungen, die Adresse, an der die Waren geliefert werden, sowie die Lieferzeiten.<\/p>\n<p>4.2 Wenn der PitturiAmo Shop die Bestellung vom Kunden erh\u00e4lt, sendet er auch eine Best\u00e4tigungs-E-Mail mit den im vorherigen Punkt genannten Daten.<\/p>\n<p>4.3 Der Online-Vertrag gilt nicht als vollendet und wirksam zwischen den Parteien, sofern die in den vorherigen Punkten angegebenen Punkte nicht erf\u00fcllt und wirksam sind, und in jedem Fall wird PitturiAmo Shop ihn ohne vorherige Zahlung gem\u00e4\u00df den Bestimmungen von Artikel 5 nicht ausf\u00fchren.<\/p>\n<h3>5. Zahlungsmethoden durch den Kunden<\/h3>\n<p>5.1 Der Kunde muss den vereinbarten Preis im Voraus per Kreditkarte, per PayPal oder Bank\u00fcberweisung gem\u00e4\u00df den auf der Website angegebenen Anweisungen f\u00fcr das Kaufverfahren zahlen.<\/p>\n<p>5.2 Die f\u00fcr die Zahlung erforderlichen Informationen werden \u00fcber verschl\u00fcsselte Protokolle an die von PitturiAmo Shop mit den entfernten elektronischen Zahlungsdiensten ausgestatteten Zahlungsinstitut weitergeleitet, ohne dass Dritte Zugriff haben.<\/p>\n<p>5.3 Zahlungen m\u00fcssen im Voraus erfolgen, und erst nach der Zahlung werden die erworbenen Dienstleistungen vom PitturiAmo Shop verarbeitet<\/p>\n<p>5.4 Bei Zahlungen per Bank\u00fcberweisung beginnt die Bearbeitung der Bestellung erst, nachdem die Gutschrift eingegangen ist.<\/p>\n<p>5.5 Die Rechnung wird dem Kunden in seinem reservierten Bereich in einem eigenen Abschnitt zur Verf\u00fcgung gestellt: Es liegt in der Verantwortung des Kunden, diesen Bereich zu betreten, das Dokument auszudrucken und gem\u00e4\u00df den geltenden Vorschriften aufzubewahren.<\/p>\n<p>5.6 PitturiAmo Shop beh\u00e4lt sich das Recht vor \u2013 nach eigenem Ermessen \u2013, das Angebot f\u00fcr Barzahlung bei Lieferung anzunehmen, nach direktem Kontakt mit dem Kunden oder nur, wenn es bereits bekannt ist.<\/p>\n<p>5.7 Alle Kommunikationen im Zusammenhang mit Zahlungen finden \u00fcber eine spezielle Leitung des PitturiAmo Shops statt, die durch ein Verschl\u00fcsselungssystem gesch\u00fctzt ist. PitturiAmo Shop verwaltet keine Kreditkarten- und PayPal-Zahlungen, die einem externen Finanzvermittler anvertraut werden. <\/p>\n<h3>6. Lieferzeiten und Methoden f\u00fcr Druckerzeugnisse<\/h3>\n<p>6.1 Sobald die Zahlung gem\u00e4\u00df den in Artikel 5 festgelegten Verfahren eingegangen ist, liefert PitturiAmo Shop die bestellten Produkte in der vom Kunden gew\u00e4hlten oder zum Zeitpunkt des Angebots durch PitturiAmo Shop auf der Website angegebenen Weise, wie in der in Punkt 4.2 genannten E-Mail best\u00e4tigt.<\/p>\n<p>6.2 Die Versandzeiten k\u00f6nnen vom in der Bestellung angegebenen Tag und von der Best\u00e4tigung davon variieren. Falls PitturiAmo Shop nicht innerhalb der angegebenen Frist liefern kann, wird der Kunde umgehend per E-Mail benachrichtigt. <\/p>\n<p>6.3 Die Methoden, Zeiten und Kosten des Versands sind an der Adresse klar angegeben und deutlich hervorgehoben www.pitturiamo.shop<\/p>\n<h3>7. Preisgestaltung<\/h3>\n<p>7.1 Alle Preise der auf der Website angezeigten und angegebenen Dienstleistungen sind www.pitturiamo.shop in Euro ausgedr\u00fcckt und stellen ein Angebot an die \u00d6ffentlichkeit gem\u00e4\u00df Kunst dar. 1336 des italienischen Zivilgesetzbuchs. <\/p>\n<p>7.2 Die im vorherigen Punkt genannten Preise sind ohne Mehrwertsteuer und etwaige andere Steuern, sofern nicht anders angegeben. Versandkosten und etwaige Zusatzkosten (z. B. Zollabfertigung), falls vorhanden, m\u00fcssen zwar nicht im Preis enthalten sein, aber im Kaufverfahren angegeben und berechnet werden, bevor der Kunde die Bestellung aufgibt, sowie auch auf der Webseite mit der Zusammenfassung der Bestellung angegeben werden. <\/p>\n<p>7.3 Die in der Korrespondenz mit den angebotenen Dienstleistungen angegebenen Preise sind bis zum auf der Website angegebenen Datum g\u00fcltig und k\u00f6nnen jederzeit vor Abschluss jedes Online-Vertrags nach alleinigem Ermessen von PitturiAmo Shop ge\u00e4ndert werden.<\/p>\n<h3>8. Haftungsbeschr\u00e4nkungen<\/h3>\n<p>8.1 PitturiAmo Shop haftet gegen\u00fcber dem Kunden und\/oder dem Kunden und\/oder dem Beg\u00fcnstigten der Dienstleistung, falls anders, nicht f\u00fcr Sch\u00e4den jeglicher Art, sei es direkt oder indirekt, die aus Fehlern jeglicher Art beim Druck der vom Kunden gesendeten Datei oder aus dem Empfang falscher Materialien resultieren. Ebenso \u00fcbernimmt PitturiAmo Shop keine Verantwortung f\u00fcr Sch\u00e4den, weder direkt noch indirekt, aufgrund des Vers\u00e4umnisses und\/oder der Verz\u00f6gerung bei der Lieferung der Dienstleistung und\/oder des Materials, noch f\u00fcr jegliche Verschlechterung der Verpackung; in solchen F\u00e4llen ist nur ein einziger Nachdruck des Materials erforderlich, unter der Bedingung, dass das Paket vom Kunden &#8220;vorbehaltlich von M\u00e4ngeln&#8221; angenommen wird, was auf dem vom Kurier ausgestellten Kassenbon angegeben und innerhalb von acht Tagen nach Erhalt des Pakets per E-Mail an die ordini@pitturiamo.shop Adresse \u00fcbermittelt werden muss. Etwaige Fehler beim Druck oder in der Verpackung des Materials m\u00fcssen innerhalb von acht Tagen nach Erhalt des Materials an die E-Mail-ordini@pitturiamo.shop mit beigef\u00fcgter digitaler fotografischer Dokumentation gemeldet werden, wobei darauf geachtet wird, die Referenzbestellungsnummer im betreffenden Fall anzugeben. F\u00fcr E-Mails, die sp\u00e4testens um 16 Uhr an einem Werktag eingehen, antwortet PitturiAmo Shop innerhalb des n\u00e4chsten Werktags.   <\/p>\n<p>8.2 Der Kunde \u00fcbernimmt die Vaterschaft aller Inhalte, die PitturiAmo Shop f\u00fcr die Erbringung von Dienstleistungen bereitgestellt werden, einschlie\u00dflich solcher, die druckfertig sind, und befreit PitturiAmo Shop von der Verpflichtung, diese zu pr\u00fcfen, und \u00fcbernimmt somit jegliche Verantwortung gegen\u00fcber Dritten, die Sch\u00e4den am Bild, der Ehre, des Anstands, der moralischen Unversehrtheit oder in jedem Fall jeglichen materiellen und nicht-finanziellen Schaden, der beil\u00e4ufig mit dem vertragsbedingten Druck verbunden ist, beschweren k\u00f6nnten. PitturiAmo Shop beh\u00e4lt sich das Recht vor, den Kunden zu entsch\u00e4digen, falls direkte Entsch\u00e4digungsanspr\u00fcche gegen ihn erhoben werden. <\/p>\n<p>8.3 PitturiAmo Shop \u00fcbernimmt keine Verantwortung f\u00fcr Ineffizienzen, die auf h\u00f6here Gewalt zur\u00fcckzuf\u00fchren sind, falls es den Auftrag nicht innerhalb der im Vertrag festgelegten Fristen ausf\u00fchren kann.<\/p>\n<p>8.4 PitturiAmo Shop kann dem Kunden gegen\u00fcber nicht haftbar gemacht werden, au\u00dfer im Falle vors\u00e4tzlichen Fehlverhaltens oder groben Fahrl\u00e4ssigkeits, f\u00fcr Ineffizienzen oder Fehlfunktionen im Zusammenhang mit der Nutzung des Internets au\u00dferhalb seiner Kontrolle oder der seiner Unterzulieferer.<\/p>\n<p>8.5 PitturiAmo Shop haftet zudem nicht f\u00fcr Sch\u00e4den, Verluste und Kosten, die der Kunde aufgrund der Vertragsnichterf\u00fcllung aus nicht darauf zur\u00fcckzuf\u00fchrenden Gr\u00fcnden erlitten hat.<\/p>\n<p>8.6 PitturiAmo Shop \u00fcbernimmt keine Verantwortung f\u00fcr betr\u00fcgerische oder illegale Nutzung, die von Dritten von Kreditkarten, Schecks und anderen Zahlungsmitteln zum Zeitpunkt der Zahlung der gekauften Produkte vorgenommen werden kann, sofern dies nachweist, dass alle m\u00f6glichen Vorsichtsma\u00dfnahmen auf Grundlage der besten Wissenschaft und Erfahrung des jeweiligen Tages und auf Grundlage gew\u00f6hnlicher Sorgfalt getroffen wurden.<\/p>\n<h3>9. Garantien, R\u00fcckgaben, R\u00fcckerstattungen und Unterst\u00fctzungsvereinbarungen<\/h3>\n<p>9.1 PitturiAmo Shop haftet f\u00fcr jegliche Nichtkonformit\u00e4t, die innerhalb von 60 Tagen nach Lieferung auftritt.<\/p>\n<p>9.2 Der Kunde verliert alle Rechte, wenn er den Mangel an Konformit\u00e4t dem Verk\u00e4ufer nicht innerhalb von 8 Tagen ab dem Datum der Entdeckung des Mangels meldet. Eine Meldung ist nicht erforderlich, wenn PitturiAmo Shop die Existenz des Mangels anerkannt oder verborgen hat. <\/p>\n<p>9.3 Im Falle einer mangelnden Konformit\u00e4t kann der Kunde alternativ und kostenlos unter den unten angegebenen Bedingungen die Reparatur oder den Austausch durch PitturiAmo Shop, eine Preisminderung oder die K\u00fcndigung des entsprechenden Online-Vertrags beantragen, es sei denn, der Antrag ist objektiv unm\u00f6glich zu erf\u00fcllen oder f\u00fcr PitturiAmo Shop gem\u00e4\u00df dem Gesetz \u00fcberm\u00e4\u00dfig teuer. 130, Absatz 4, des Verbrauchergesetzbuchs. <\/p>\n<p>9.4 Der Antrag muss schriftlich, per Einschreiben mit Empfangsbest\u00e4tigung oder per eingeschriebener E-Mail an PitturiAmo Shop gesendet werden, der seine Bereitschaft zur Bearbeitung des Antrags oder die Gr\u00fcnde daf\u00fcr innerhalb von sieben Arbeitstagen nach Erhalt angibt. In derselben Mitteilung muss PitturiAmo Shop, falls er die Anfrage des Kunden angenommen hat, die Versand- oder R\u00fcckgabemethoden an den PitturiAmo Shop sowie die Frist f\u00fcr R\u00fcckgabe oder Ersatz des defekten Produkts angeben. <\/p>\n<p>9.5 Wenn Reparatur und Ersatz unm\u00f6glich oder zu teuer sind oder PitturiAmo Shop das Produkt nicht innerhalb der im vorherigen Punkt genannten Laufzeit repariert oder ersetzt hat oder der zuvor durchgef\u00fchrte Ersatz oder Reparatur dem Kunden erhebliche Unannehmlichkeiten bereitet hat, kann dieser nach eigenem Ermessen eine angemessene Preisminderung oder die Vertragsbeendigung verlangen. In diesem Fall muss der Kunde seine Anfrage an PitturiAmo Shop senden, um seine Bereitschaft zur Bearbeitung oder die Gr\u00fcnde zu zeigen, die ihn daran hindern, innerhalb von sieben Arbeitstagen nach Empfang anzugeben. <\/p>\n<p>9.6 In derselben Mitteilung muss PitturiAmo Shop, wenn er die Anfrage des Kunden angenommen hat, die vorgeschlagene Preissenkung oder die R\u00fcckgabemethoden des defekten Produkts angeben. In solchen F\u00e4llen liegt es in der Verantwortung des Kunden, die Methoden zur Gutschrift der zuvor an PitturiAmo Shop gezahlten Betr\u00e4ge zu geben <\/p>\n<h3>10. Verpflichtungen des Mandanten<\/h3>\n<p>10.1 Der Kunde verpflichtet sich, den Preis der erworbenen Dienstleistung zu den von der Seite angegebenen Zeiten und Methoden zu zahlen, wobei angenommen wird, dass PitturiAmo Shop die Bestellung ansonsten nicht ausf\u00fchren wird.<\/p>\n<p>10.2 Der Kunde verpflichtet sich, sobald das Online-Kaufverfahren abgeschlossen ist, diese allgemeinen Vertragsbedingungen mit der beigef\u00fcgten Datenschutzrichtlinie und der Bestellbest\u00e4tigung gem\u00e4\u00df dem Artikel auszudrucken und zu speichern. 4.2.<\/p>\n<p>10.3 Die in diesen allgemeinen Vertragsbedingungen enthaltenen Informationen wurden vom Kunden gepr\u00fcft und akzeptiert, der sie best\u00e4tigt, da dieser Schritt vor der Kaufbest\u00e4tigung verpflichtend ist.<\/p>\n<h3>11. Gr\u00fcnde f\u00fcr die K\u00fcndigung jedes Online-Vertrags<\/h3>\n<p>11.1 Die in Punkt 12.1 genannten Verpflichtungen, die der Kunde \u00fcbernommen hat, sowie der erfolgreiche Abschluss der Zahlung, die der Auftraggeber mit den in der Technik genannten Mittel leistet. 5.1 und auch die genaue Erf\u00fcllung der von PitturiAmo Shop in Punkt 6 \u00fcbernommenen Verpflichtungen sind von wesentlicher Natur, sodass nach ausdr\u00fccklicher Vereinbarung die Nicht-Erf\u00fcllung nur einer dieser Verpflichtungen, sofern sie nicht durch unvorhersehbare Umst\u00e4nde oder h\u00f6here Gewalt festgestellt wird, zur K\u00fcndigung des Vertrags gem\u00e4\u00df Artikel 1456 des Zivilgesetzbuches f\u00fchrt, ohne dass eine gerichtliche Entscheidung erforderlich ist. <\/p>\n<h3>12. Methoden zur Archivierung des Vertrags und Einhaltung der Datenschutzgesetze<\/h3>\n<p>12.1 Gem\u00e4\u00df Art. 12 des Gesetzgebungsdekrets Nr. 70\/2003 informiert PitturiAmo Shop den Kunden, dass jede Bestellung in digitaler\/Papierform auf dem Server des PitturiAmo Shop selbst gem\u00e4\u00df Vertraulichkeits- und Sicherheitskriterien und in \u00dcbereinstimmung mit der beigef\u00fcgten Datenschutzrichtlinie gespeichert wird, die der Kunde ebenfalls best\u00e4tigt hat und die ausdr\u00fccklich w\u00e4hrend des Kaufprozesses akzeptiert wurde.  <\/p>\n<h3>13. Kommunikation und Beschwerden<\/h3>\n<p>13.1 Schriftliche Mitteilungen an PitturiAmo Shop und etwaige Beschwerden gelten nur als g\u00fcltig, wenn sie an folgende Adresse gesendet werden: Via Filippo Turati, 22 &#8211; 93100 Caltanissetta, per Fax an die Nummer 0934597211 oder per E-Mail an folgende Adresse ordini@pitturiamo.shop. Der Kunde muss im Registrierungsformular seinen Wohnsitz oder Wohnsitz sowie die Telefonnummer oder E-Mail-Adresse angeben, an die er\/sie die Mitteilungen des PitturiAmo Shops senden m\u00f6chte <\/p>\n<h3>14. Streitbeilegung<\/h3>\n<p>14.1 F\u00fcr alle Streitigkeiten bez\u00fcglich der Auslegung und\/oder Ausf\u00fchrung jedes Online-Vertrags erkennen die Parteien die ausschlie\u00dfliche Zust\u00e4ndigkeit des Gerichts von Caltanissetta an, unabh\u00e4ngig vom Abschlussort des Vertrags und dem Wohnsitz des Mandanten.<\/p>\n<p>14.2 Sollte der Kunde gem\u00e4\u00df und f\u00fcr die Zwecke des Verbraucherkodex als Verbraucher verstanden werden, ist das zust\u00e4ndige Gericht sein Wohnort, wie gesetzlich vorgeschrieben.<\/p>\n<h3>15. Anwendbares Recht und Referenz<\/h3>\n<p>15.1 Jeder Online-Vertrag unterliegt italienischem Recht.<\/p>\n<h3>16. Endklausel<\/h3>\n<p>16.1 Jeder Online-Vertrag hebt alle Vereinbarungen, Absprachen, Verhandlungen, ob schriftlich oder m\u00fcndlich, die zuvor zwischen den Parteien zum selben Thema geschlossen wurden, auf und ersetzt sie.<\/p>\n","protected":false},"excerpt":{"rendered":"<p>Gesch\u00e4ftsbedingungen des PitturiAmo Shops www.pitturiamo.shop ist der Internetname des virtuellen Ladens, der PitturiAmo APS geh\u00f6rt \u2013 Ass. Promozione Sociale. Firmenname: PitturiAmo APS &#8211; Ass. Promozione Sociale Eingetragener Gesch\u00e4ftssitz: Via Filippo Turati, 22 &#8211; 93100 Caltanissetta (CL) Telefon: 0934\/597211 E-Mail: info@pitturiamo.com Mehrwertsteuernummer: 02092300850 REA: CL-119175 \u00dcber die Website abgeschlossene Vertr\u00e4ge www.pitturiamo.shop unter die Kategorie &#8220;Online-Verkaufsvertr\u00e4ge&#8221; fallen. [&hellip;]<\/p>\n","protected":false},"author":1,"featured_media":0,"parent":0,"menu_order":92,"comment_status":"closed","ping_status":"closed","template":"","meta":{"footnotes":""},"class_list":["post-9090","page","type-page","status-publish","hentry"],"_links":{"self":[{"href":"https:\/\/www.pitturiamo.shop\/de\/wp-json\/wp\/v2\/pages\/9090","targetHints":{"allow":["GET"]}}],"collection":[{"href":"https:\/\/www.pitturiamo.shop\/de\/wp-json\/wp\/v2\/pages"}],"about":[{"href":"https:\/\/www.pitturiamo.shop\/de\/wp-json\/wp\/v2\/types\/page"}],"author":[{"embeddable":true,"href":"https:\/\/www.pitturiamo.shop\/de\/wp-json\/wp\/v2\/users\/1"}],"replies":[{"embeddable":true,"href":"https:\/\/www.pitturiamo.shop\/de\/wp-json\/wp\/v2\/comments?post=9090"}],"version-history":[{"count":0,"href":"https:\/\/www.pitturiamo.shop\/de\/wp-json\/wp\/v2\/pages\/9090\/revisions"}],"wp:attachment":[{"href":"https:\/\/www.pitturiamo.shop\/de\/wp-json\/wp\/v2\/media?parent=9090"}],"curies":[{"name":"wp","href":"https:\/\/api.w.org\/{rel}","templated":true}]}}