{"id":9043,"date":"2022-01-13T10:45:59","date_gmt":"2022-01-13T09:45:59","guid":{"rendered":"https:\/\/www.pitturiamo.shop\/cookie-richtlinie\/"},"modified":"2022-01-13T10:45:59","modified_gmt":"2022-01-13T09:45:59","slug":"cookie-richtlinie","status":"publish","type":"page","link":"https:\/\/www.pitturiamo.shop\/de\/cookie-richtlinie\/","title":{"rendered":"Cookie-Richtlinie"},"content":{"rendered":"<h2><strong>Erweiterte Cookie-Richtlinie<\/strong><\/h2>\n<p>Am 3. Juni 2014 ver\u00f6ffentlichte die Italienische Datenschutzbeh\u00f6rde im Amtsblatt die Bestimmung zur Identifizierung vereinfachter Verfahren zur Information und zur Einholung der Zustimmung zur Verwendung von Cookies und identifizierte zudem die Verantwortlichkeiten von &#8220;Herausgebern&#8221; und &#8220;Dritten&#8221; in Bezug auf diese Verpflichtungen (Bestimmung Nr. 229 vom 8. Mai 2014).<\/p>\n<h3><strong>Was sind Kekse?<\/strong><\/h3>\n<p>Ein &#8220;Cookie&#8221; ist eine Textdatei, die Websites an den Computer des Besuchers senden, um den Browser des Besuchers eindeutig zu identifizieren oder Informationen oder Einstellungen im Browser zu speichern. Wenn Sie auf die Seite zur\u00fcckkehren, k\u00f6nnen diese Informationen abgerufen werden. W\u00e4hrend des Durchsuchens einer Seite kann der Nutzer auch Cookies auf seinem Terminal von anderen Seiten als der von ihm besuchten (&#8220;Dritte&#8221;) erhalten; Das kann passieren, weil die Website, die Sie besuchen, auch Dinge wie Statistiken, Chats, Bilder, Karten usw. enthalten kann. die auf anderen Servern als dem liegen, den du gerade besuchst.<\/p>\n<h3><strong>Arten von Cookies<\/strong><\/h3>\n<ul>\n<li>Technische Kekse: Sie gibt zwei Arten;\n<ul>\n<li><strong>Persistent:<\/strong> Sobald der Browser geschlossen ist, werden sie nicht zerst\u00f6rt, sondern bleiben bis zu einem vorgegebenen Ablaufdatum erhalten;<\/li>\n<li><strong>von Session: <\/strong>Sie werden jedes Mal gel\u00f6scht, wenn der Browser geschlossen wird; sie werden ausschlie\u00dflich verwendet, um die Sitzung des Nutzers w\u00e4hrend des Browsens zu verfolgen, zum Beispiel einen Kauf zu t\u00e4tigen oder sich zu authentifizieren, um Zugang zu eingeschr\u00e4nkten Bereichen zu erhalten.<\/li>\n<\/ul>\n<\/li>\n<li>Analytische Cookies: Sie haben statistische Zwecke und werden technischen Cookies zugeordnet; sie sammeln in aggregierter Form Informationen \u00fcber Zugriffe, Anzahl der Nutzer und wie sie die Seite nutzen.<\/li>\n<li>Funktionale Cookies: Dies sind solche, die zur Verbesserung des Dienstes einige Nutzerpr\u00e4ferenzen wie Sprache, zum Kauf ausgew\u00e4hlte Produkte usw. speichern.<\/li>\n<li>Profiling-Cookies: Ziel ist es, Profile zu erstellen, die sich auf den Nutzer beziehen, und dann Werbenachrichten entsprechend den vom Nutzer beim Surfen im Web ge\u00e4u\u00dferten Pr\u00e4ferenzen anzuzeigen.<\/li>\n<\/ul>\n<h3><strong>Die Beh\u00f6rde unterscheidet die oben genannten Verpflichtungen anhand der Art der verwendeten Cookies:<\/strong><\/h3>\n<ul>\n<li>Technische Cookies, mit denen auch Navigationscookies, Analyse-Cookies und Funktionalit\u00e4tscookies gleichgesetzt werden, f\u00fcr die keine Zustimmung erforderlich ist, ohne dass die Verpflichtung, \u00fcber deren Nutzung zu informieren, beeintr\u00e4chtigt ist;<\/li>\n<li>Profiling-Cookies. F\u00fcr diese Art von Cookie ist zus\u00e4tzlich zu den Informationen die Zustimmung des Nutzers f\u00fcr die Installation erforderlich. Bez\u00fcglich der Profiling-Cookies m\u00fcssen die &#8220;Publisher&#8221; den Nutzern beim Zugriff auf die Startseite oder andere Seite der Seite eine kurze Information zur Nutzung von Profiling-Cookies zur Verf\u00fcgung stellen, die einen Link enthalten, der den Zugang zu detaillierteren Informationen erm\u00f6glicht, einschlie\u00dflich, falls vorhanden, auch Informationen zu Cookies von Drittanbietern. Aus dem Text der Mitteilung muss klar hervorgehen, dass die Fortsetzung der Navigation eine Zustimmung zur Verwendung von Cookies darstellt.   <\/li>\n<\/ul>\n<h3><strong>Welche Cookies werden auf der Seite verwendet?<\/strong><\/h3>\n<ul>\n<li>Die Seite <strong>verwendet technische Cookies<\/strong> , die f\u00fcr die Funktionalit\u00e4t der Seite selbst unerl\u00e4sslich sind. Diese Cookies werden nicht auf dem Computer des Nutzers gespeichert, sondern bleiben nur f\u00fcr die Zeit der Browsing-Sitzung auf der Seite im Speicher des Browsers. <\/li>\n<li>Die Seite enth\u00e4lt externe Komponenten wie Karten, Statistiken, soziale Symbole und daher k\u00f6nnen Cookies von Drittanbietern verwendet werden; Links zu den entsprechenden Richtlinien sind unten angegeben. Diese Seite hat keine Kontrolle \u00fcber die von Dritten verwendeten Cookies, die ihre eigene Datenschutzrichtlinie haben, die sich von der von dieser Seite \u00fcbernommenen unterscheiden kann. <\/li>\n<\/ul>\n<h3><strong>Unten ist es m\u00f6glich, die Datenschutzrichtlinien dieser auf der Seite vorhandenen Drittanbieter einzusehen.<\/strong><\/h3>\n<ul>\n<li>Die Seite verwendet <strong>Google Analytics<\/strong> <a href=\"https:\/\/www.google.it\/intl\/it\/policies\/technologies\/cookies\/\" target=\"_blank\" rel=\"noopener noreferrer\">Statistiken:<\/a> <a href=\"https:\/\/www.google.com\/analytics\/learn\/privacy.html?hl=it\" target=\"_blank\" rel=\"noopener noreferrer\">Datenschutzrichtlinie<\/a> \u2013 <a href=\"https:\/\/www.google.it\/policies\/privacy\/partners\/\" target=\"_blank\" rel=\"noopener noreferrer\">Partner-Datenschutzrichtlinie<\/a> \u2013 Cookie-Richtlinie;<\/li>\n<li>Es ist m\u00f6glich, die Aktion von Google Analytics selektiv zu deaktivieren, indem Sie die <a href=\"https:\/\/tools.google.com\/dlpage\/gaoptout\/\" target=\"_blank\" rel=\"noopener noreferrer\">von Google bereitgestellte Opt-out-Komponente<\/a> in Ihrem Browser installieren;<\/li>\n<li>Die Seite verwendet ein <strong>Addthis-Skript<\/strong> , um den Inhalt der Seite per E-Mail oder \u00fcber soziale Netzwerke auszudrucken oder zu teilen. <a href=\"http:\/\/www.addthis.com\/privacy?utm_source=mf&amp;utm_medium=link&amp;utm_content=AT_privacy_MF15PC&amp;utm_campaign=AT_privacy\" target=\"_blank\" rel=\"noopener noreferrer\">Datenschutzerkl\u00e4rung<\/a>.<\/li>\n<\/ul>\n<h3><strong>Weitere Verlinkungs- und Badge-Richtlinien auf der Seite<\/strong><\/h3>\n<ul>\n<li>Google+ (<a href=\"http:\/\/www.google.com\/intl\/it_it\/policies\/technologies\/types\/\" target=\"_blank\" rel=\"noopener noreferrer\">Offenlegung<\/a>)<\/li>\n<li>Google Maps (<a href=\"https:\/\/www.google.it\/intl\/it\/policies\/technologies\/cookies\/\" target=\"_blank\" rel=\"noopener noreferrer\">Offenlegung<\/a>)<\/li>\n<li>Facebook (<a href=\"https:\/\/www.facebook.com\/help\/cookies\/\" target=\"_blank\" rel=\"noopener noreferrer\">Offenlegung<\/a>)<\/li>\n<li>Twitter (<a href=\"https:\/\/support.twitter.com\/articles\/20170519-uso-dei-cookie-e-di-altre-tecnologie-simili-da-parte-di-twitter\" target=\"_blank\" rel=\"noopener noreferrer\">Offenlegung<\/a>)<\/li>\n<li>LinkedIn (<a href=\"https:\/\/www.linkedin.com\/legal\/cookie-policy\" target=\"_blank\" rel=\"noopener noreferrer\">Offenlegung<\/a>)<\/li>\n<li>YouTube (<a href=\"https:\/\/www.youtube.com\/static?template=privacy_guidelines&amp;gl=IT\" target=\"_blank\" rel=\"noopener noreferrer\">Offenlegung<\/a>)<\/li>\n<\/ul>\n<p><strong>Wenn Sie die Seite weiter besuchen, akzeptieren Sie die Verwendung der angegebenen Cookies<\/strong><\/p>\n<h3><strong>Wie kann ich meine Cookie-Einstellungen \u00e4ndern?<\/strong><\/h3>\n<p>Die meisten Browsing-Software\/Browser erlauben es, Cookies auf der Festplatte Ihres Computers zu l\u00f6schen oder sogar die Einstellungen zu \u00e4ndern, selbst wenn die M\u00f6glichkeit besteht, die Akzeptanz von Cookies zu blockieren, <strong>jedoch weisen wir darauf hin, dass mit zu einschr\u00e4nkenden Einstellungen die meisten modernen Seiten nicht richtig funktionieren k\u00f6nnen<\/strong>.<\/p>\n<h3><strong>Wie man Einstellungen \u00e4ndert f\u00fcr:<\/strong><\/h3>\n<ul>\n<li><a href=\"http:\/\/www.google.com\/policies\/technologies\/managing\/\" target=\"http:\/\/www.google.com\/policies\/technologies\/managing\/\">Google Chrome<\/a><\/li>\n<li><a href=\"https:\/\/support.mozilla.org\/it\/kb\/Attivare%20e%20disattivare%20i%20cookie\" target=\"_blank\" rel=\"noopener noreferrer\">Mozilla Firefox<\/a><\/li>\n<li><a href=\"http:\/\/windows.microsoft.com\/it-it\/internet-explorer\/delete-manage-cookies#ie=ie-11\" target=\"_blank\" rel=\"noopener noreferrer\">Internet Explorer<\/a><\/li>\n<li><a href=\"https:\/\/support.apple.com\/it-it\/HT201265\" target=\"_blank\" rel=\"noopener noreferrer\">Safari<\/a><\/li>\n<li><a href=\"http:\/\/help.opera.com\/Mac\/12.10\/it\/cookies.html\" target=\"_blank\" rel=\"noopener noreferrer\">Oper<\/a><\/li>\n<\/ul>\n<p>Diese Seite ist jederzeit \u00fcber den <strong>Link zur Cookie-Richtlinie<\/strong> am unteren Rand aller Seiten der Seite erreichbar.<\/p>\n","protected":false},"excerpt":{"rendered":"<p>Erweiterte Cookie-Richtlinie Am 3. Juni 2014 ver\u00f6ffentlichte die Italienische Datenschutzbeh\u00f6rde im Amtsblatt die Bestimmung zur Identifizierung vereinfachter Verfahren zur Information und zur Einholung der Zustimmung zur Verwendung von Cookies und identifizierte zudem die Verantwortlichkeiten von &#8220;Herausgebern&#8221; und &#8220;Dritten&#8221; in Bezug auf diese Verpflichtungen (Bestimmung Nr. 229 vom 8. Mai 2014). Was sind Kekse? Ein &#8220;Cookie&#8221; [&hellip;]<\/p>\n","protected":false},"author":1,"featured_media":0,"parent":0,"menu_order":0,"comment_status":"closed","ping_status":"closed","template":"","meta":{"footnotes":""},"class_list":["post-9043","page","type-page","status-publish","hentry"],"_links":{"self":[{"href":"https:\/\/www.pitturiamo.shop\/de\/wp-json\/wp\/v2\/pages\/9043","targetHints":{"allow":["GET"]}}],"collection":[{"href":"https:\/\/www.pitturiamo.shop\/de\/wp-json\/wp\/v2\/pages"}],"about":[{"href":"https:\/\/www.pitturiamo.shop\/de\/wp-json\/wp\/v2\/types\/page"}],"author":[{"embeddable":true,"href":"https:\/\/www.pitturiamo.shop\/de\/wp-json\/wp\/v2\/users\/1"}],"replies":[{"embeddable":true,"href":"https:\/\/www.pitturiamo.shop\/de\/wp-json\/wp\/v2\/comments?post=9043"}],"version-history":[{"count":0,"href":"https:\/\/www.pitturiamo.shop\/de\/wp-json\/wp\/v2\/pages\/9043\/revisions"}],"wp:attachment":[{"href":"https:\/\/www.pitturiamo.shop\/de\/wp-json\/wp\/v2\/media?parent=9043"}],"curies":[{"name":"wp","href":"https:\/\/api.w.org\/{rel}","templated":true}]}}